{"id":4595,"date":"2026-01-20T18:38:33","date_gmt":"2026-01-20T17:38:33","guid":{"rendered":"https:\/\/www.casasusa.nl\/termos-de-utilizacao\/"},"modified":"2026-05-01T11:46:08","modified_gmt":"2026-05-01T10:46:08","slug":"termos-de-utilizacao","status":"publish","type":"page","link":"https:\/\/www.casasusa.nl\/pt-pt\/termos-de-utilizacao\/","title":{"rendered":"Termos de Utiliza\u00e7\u00e3o"},"content":{"rendered":"\t\t<div data-elementor-type=\"wp-page\" data-elementor-id=\"4595\" class=\"elementor elementor-4595 elementor-3063\">\n\t\t\t\t\t\t<section class=\"elementor-section elementor-top-section elementor-element elementor-element-13460a6d elementor-section-content-middle elementor-section-full_width elementor-section-height-default elementor-section-height-default\" data-id=\"13460a6d\" data-element_type=\"section\" data-e-type=\"section\" data-settings=\"{&quot;background_background&quot;:&quot;classic&quot;}\">\n\t\t\t\t\t\t<div class=\"elementor-container elementor-column-gap-no\">\n\t\t\t\t\t<div class=\"elementor-column elementor-col-50 elementor-top-column elementor-element elementor-element-3de612c\" data-id=\"3de612c\" data-element_type=\"column\" data-e-type=\"column\" data-settings=\"{&quot;background_background&quot;:&quot;classic&quot;}\">\n\t\t\t<div class=\"elementor-widget-wrap elementor-element-populated\">\n\t\t\t\t\t\t<div class=\"elementor-element elementor-element-73768c05 elementor-widget elementor-widget-spacer\" data-id=\"73768c05\" data-element_type=\"widget\" data-e-type=\"widget\" data-widget_type=\"spacer.default\">\n\t\t\t\t<div class=\"elementor-widget-container\">\n\t\t\t\t\t\t\t<div class=\"elementor-spacer\">\n\t\t\t<div class=\"elementor-spacer-inner\"><\/div>\n\t\t<\/div>\n\t\t\t\t\t\t<\/div>\n\t\t\t\t<\/div>\n\t\t\t\t\t<\/div>\n\t\t<\/div>\n\t\t\t\t<div class=\"elementor-column elementor-col-50 elementor-top-column elementor-element elementor-element-6decf0c0\" data-id=\"6decf0c0\" data-element_type=\"column\" data-e-type=\"column\">\n\t\t\t<div class=\"elementor-widget-wrap elementor-element-populated\">\n\t\t\t\t\t\t<div class=\"elementor-element elementor-element-5c5a4d1a elementor-widget elementor-widget-cs_title\" data-id=\"5c5a4d1a\" data-element_type=\"widget\" data-e-type=\"widget\" data-widget_type=\"cs_title.default\">\n\t\t\t\t<div class=\"elementor-widget-container\">\n\t\t\t\t\t\n        <div class=\"cs-title-wrap text-center-mobile\">\t            <h6 class=\"cs-title\">\n\t                Termos e Condi\u00e7\u00f5es Gerais e Regras da Casa\t            <\/h6>\t            <div class=\"cs-title-text\">\n\t                <h5 data-start=\"379\" data-end=\"409\">1. Reserva e pagamento<\/h5><ul data-start=\"410\" data-end=\"651\"><li data-start=\"410\" data-end=\"474\"><h5 data-start=\"412\" data-end=\"474\">Uma reserva \u00e9 definitiva ap\u00f3s a confirma\u00e7\u00e3o e o pagamento (ou sinal).<\/h5><\/li><li data-start=\"410\" data-end=\"474\"><h5 data-start=\"412\" data-end=\"474\">O valor total do aluguer deve ser liquidado antes da chegada, salvo acordo em contr\u00e1rio.<\/h5><\/li><li data-start=\"562\" data-end=\"651\"><h5 data-start=\"564\" data-end=\"651\">Eventuais custos adicionais (como cau\u00e7\u00e3o ou limpeza) ser\u00e3o claramente mencionados com anteced\u00eancia.<\/h5><\/li><\/ul><h5 data-start=\"653\" data-end=\"677\">2. Idade m\u00ednima<\/h5><ul data-start=\"678\" data-end=\"810\"><li data-start=\"678\" data-end=\"739\"><h5 data-start=\"680\" data-end=\"739\">A <strong data-start=\"683\" data-end=\"738\">idade m\u00ednima para reservar a habita\u00e7\u00e3o \u00e9 de 21 anos<\/strong>.<\/h5><\/li><li data-start=\"740\" data-end=\"810\"><h5 data-start=\"742\" data-end=\"810\">O titular da reserva deve estar presente durante toda a estadia.<\/h5><\/li><\/ul><h5 data-start=\"812\" data-end=\"838\">3. Chegada e partida<\/h5><ul data-start=\"839\" data-end=\"1014\"><li data-start=\"839\" data-end=\"893\"><h5 data-start=\"841\" data-end=\"893\">O check-in \u00e9 poss\u00edvel a partir da hora acordada.<\/h5><\/li><li data-start=\"894\" data-end=\"967\"><h5 data-start=\"896\" data-end=\"967\">O check-out deve ser efetuado, o mais tardar, at\u00e9 \u00e0 hora acordada.<\/h5><\/li><li data-start=\"968\" data-end=\"1014\"><h5 data-start=\"970\" data-end=\"1014\">Quaisquer desvios s\u00f3 ser\u00e3o poss\u00edveis mediante consulta pr\u00e9via.<\/h5><\/li><\/ul><h5 data-start=\"1016\" data-end=\"1044\">4. Utiliza\u00e7\u00e3o da habita\u00e7\u00e3o<\/h5><ul data-start=\"1045\" data-end=\"1270\"><li data-start=\"1045\" data-end=\"1146\"><h5 data-start=\"1047\" data-end=\"1146\">A habita\u00e7\u00e3o s\u00f3 pode ser utilizada pelo n\u00famero de pessoas indicado na reserva.<\/h5><\/li><li data-start=\"1147\" data-end=\"1219\"><h5 data-start=\"1149\" data-end=\"1219\">Festas, eventos e atividades comerciais n\u00e3o s\u00e3o permitidos.<\/h5><\/li><li data-start=\"1220\" data-end=\"1270\"><h5 data-start=\"1222\" data-end=\"1270\">Utilize a habita\u00e7\u00e3o e o respetivo recheio com cuidado.<\/h5><\/li><\/ul><h5 data-start=\"1272\" data-end=\"1289\">5. Animais de estima\u00e7\u00e3o<\/h5><ul data-start=\"1290\" data-end=\"1358\"><li data-start=\"1290\" data-end=\"1358\"><h5 data-start=\"1292\" data-end=\"1358\"><strong data-start=\"1292\" data-end=\"1344\">C\u00e3es e outros animais de estima\u00e7\u00e3o n\u00e3o s\u00e3o permitidos<\/strong> na habita\u00e7\u00e3o.<\/h5><\/li><\/ul><h5 data-start=\"1360\" data-end=\"1372\">6. Fumar<\/h5><ul data-start=\"1373\" data-end=\"1510\"><li data-start=\"1373\" data-end=\"1441\"><h5 data-start=\"1375\" data-end=\"1441\"><strong data-start=\"1375\" data-end=\"1416\">N\u00e3o \u00e9 permitido fumar na habita\u00e7\u00e3o<\/strong>, incluindo cigarros eletr\u00f3nicos.<\/h5><\/li><li data-start=\"1442\" data-end=\"1510\"><h5 data-start=\"1444\" data-end=\"1510\">\u00c9 permitido fumar no exterior, desde que as janelas e portas permane\u00e7am fechadas.<\/h5><\/li><\/ul><h5 data-start=\"1512\" data-end=\"1535\">7. Sossego e vizinhan\u00e7a<\/h5><ul data-start=\"1536\" data-end=\"1628\"><li data-start=\"1536\" data-end=\"1567\"><h5 data-start=\"1538\" data-end=\"1567\">Tenha em considera\u00e7\u00e3o os vizinhos.<\/h5><\/li><li data-start=\"1568\" data-end=\"1628\"><h5 data-start=\"1570\" data-end=\"1628\">N\u00e3o \u00e9 permitido causar transtorno atrav\u00e9s de ru\u00eddo, m\u00fasica ou comportamento inadequado.<\/h5><\/li><\/ul><h5 data-start=\"1630\" data-end=\"1651\">8. Danos e cau\u00e7\u00e3o<\/h5><ul data-start=\"1652\" data-end=\"1781\"><li data-start=\"1652\" data-end=\"1701\"><h5 data-start=\"1654\" data-end=\"1701\">Eventuais danos devem ser comunicados de imediato.<\/h5><\/li><li data-start=\"1702\" data-end=\"1781\"><h5 data-start=\"1704\" data-end=\"1781\">Se aplic\u00e1vel, o valor dos danos ou da limpeza extra ser\u00e1 deduzido da cau\u00e7\u00e3o.<\/h5><\/li><\/ul><h5 data-start=\"1783\" data-end=\"1807\">9. Responsabilidade<\/h5><ul data-start=\"1808\" data-end=\"2005\"><li data-start=\"1808\" data-end=\"1933\"><h5 data-start=\"1810\" data-end=\"1933\">O propriet\u00e1rio n\u00e3o se responsabiliza por perda, roubo, danos ou ferimentos em pessoas ou bens durante a estadia.<\/h5><\/li><li data-start=\"1934\" data-end=\"2005\"><h5 data-start=\"1936\" data-end=\"2005\">A estadia e a utiliza\u00e7\u00e3o da habita\u00e7\u00e3o e das suas instala\u00e7\u00f5es s\u00e3o por conta e risco do utilizador.<\/h5><\/li><\/ul><h5 data-start=\"2007\" data-end=\"2038\">10. Cancelamento pelo locat\u00e1rio<\/h5><ul data-start=\"2039\" data-end=\"2227\"><li data-start=\"2039\" data-end=\"2083\"><h5 data-start=\"2041\" data-end=\"2083\">O cancelamento deve ser feito por escrito.<\/h5><\/li><li data-start=\"2084\" data-end=\"2160\"><h5 data-start=\"2086\" data-end=\"2160\">Eventuais custos de cancelamento dependem do momento em que o mesmo \u00e9 efetuado.<\/h5><\/li><li data-start=\"2161\" data-end=\"2227\"><h5 data-start=\"2163\" data-end=\"2227\">Recomendamos a subscri\u00e7\u00e3o de um seguro de viagem e de cancelamento.<\/h5><\/li><\/ul><h5 data-start=\"2229\" data-end=\"2263\">11. Cancelamento pelo propriet\u00e1rio<\/h5><ul data-start=\"2264\" data-end=\"2460\"><li data-start=\"2264\" data-end=\"2353\"><h5 data-start=\"2266\" data-end=\"2353\">Em caso de for\u00e7a maior ou circunst\u00e2ncias imprevistas, o propriet\u00e1rio poder\u00e1 cancelar a reserva.<\/h5><\/li><li data-start=\"2354\" data-end=\"2460\"><h5 data-start=\"2356\" data-end=\"2460\">Nesse caso, o montante j\u00e1 pago ser\u00e1 totalmente reembolsado. Est\u00e3o exclu\u00eddas quaisquer outras reclama\u00e7\u00f5es. <\/h5><\/li><\/ul><h5 data-start=\"2462\" data-end=\"2478\">12. Reclama\u00e7\u00f5es<\/h5><ul data-start=\"2479\" data-end=\"2595\"><li data-start=\"2479\" data-end=\"2595\"><h5 data-start=\"2481\" data-end=\"2595\">Agradecemos que comunique eventuais reclama\u00e7\u00f5es o mais rapidamente poss\u00edvel durante a estadia, para que possamos tentar resolv\u00ea-las.<\/h5><\/li><\/ul><h5 data-start=\"2597\" data-end=\"2618\">13. Incumprimento<\/h5><ul data-start=\"2619\" data-end=\"2769\"><li data-start=\"2619\" data-end=\"2769\"><h5 data-start=\"2621\" data-end=\"2769\">Em caso de incumprimento destes termos e regras da casa, reservamo-nos o direito de terminar a estadia antecipadamente <strong data-start=\"2747\" data-end=\"2768\">sem direito a reembolso<\/strong>.<\/h5><\/li><\/ul><h5 data-start=\"2771\" data-end=\"2797\">14. Lei aplic\u00e1vel<\/h5><ul data-start=\"2798\" data-end=\"2897\"><li data-start=\"2798\" data-end=\"2897\"><h5 data-start=\"2800\" data-end=\"2897\">A estes termos aplica-se a lei do pa\u00eds onde a casa de f\u00e9rias est\u00e1 localizada.<\/h5><\/li><\/ul><hr data-start=\"2899\" data-end=\"2902\"><h5 data-start=\"2904\" data-end=\"2996\">Obrigado por respeitar a nossa casa. Desejamos-lhe uma excelente estadia! <\/h5>\t            <\/div>        <\/div>\t\t\t\t<\/div>\n\t\t\t\t<\/div>\n\t\t\t\t\t<\/div>\n\t\t<\/div>\n\t\t\t\t\t<\/div>\n\t\t<\/section>\n\t\t\t\t<\/div>\n\t\t","protected":false},"excerpt":{"rendered":"<p>Termos e Condi\u00e7\u00f5es Gerais e Regras da Casa 1. Reserva e pagamento Uma reserva \u00e9 definitiva ap\u00f3s a confirma\u00e7\u00e3o e o pagamento (ou sinal). O valor total do aluguer deve ser liquidado antes da chegada, salvo acordo em contr\u00e1rio. Eventuais custos adicionais (como cau\u00e7\u00e3o ou limpeza) ser\u00e3o claramente mencionados com anteced\u00eancia. 2. Idade m\u00ednima A &#8230;<\/p>\n","protected":false},"author":1,"featured_media":0,"parent":0,"menu_order":0,"comment_status":"closed","ping_status":"closed","template":"elementor_header_footer","meta":{"cozystay_single_page_hide_site_header":"","cozystay_single_page_site_header_source":"","cozystay_single_page_custom_site_header":"0","cozystay_single_page_custom_sticky_site_header":"0","cozystay_single_page_hide_page_title":"","cozystay_single_page_header_section_size":"","cozystay_single_page_header_background_color":"","cozystay_single_page_header_background_position_x":"center","cozystay_single_page_header_background_position_y":"center","cozystay_single_page_header_background_size":"cover","cozystay_single_page_header_background_repeat":"off","cozystay_single_page_header_background_scroll":"on","cozystay_single_page_header_text_color":"","cozystay_single_page_header_show_breadcrumb":"","cozystay_single_page_site_footer_hide_main":"","cozystay_single_custom_site_footer_main_source":"","cozystay_single_custom_site_footer_main":"0","cozystay_single_page_site_footer_hide_above":"","cozystay_single_custom_site_footer_above_source":"","cozystay_single_custom_site_footer_above":"0","cozystay_single_page_site_footer_hide_instagram":"","cozystay_single_page_site_footer_hide_bottom":"","cozystay_single_custom_mobile_menu_source":"","cozystay_single_custom_mobile_menu":"0","cozystay_single_custom_mobile_menu_animation":"","cozystay_single_custom_mobile_menu_width":"","cozystay_single_custom_mobile_menu_custom_width":375,"footnotes":""},"class_list":["post-4595","page","type-page","status-publish","hentry"],"yoast_head":"<!-- This site is optimized with the Yoast SEO plugin v27.5 - https:\/\/yoast.com\/product\/yoast-seo-wordpress\/ -->\n<title>Termos de Utiliza\u00e7\u00e3o - CasaSusa<\/title>\n<meta name=\"description\" content=\"Termos e Condi\u00e7\u00f5es Gerais e Regras da Casa aplic\u00e1veis a todas as reservas e estadias na nossa casa de f\u00e9rias.\" \/>\n<meta name=\"robots\" content=\"index, follow, max-snippet:-1, max-image-preview:large, max-video-preview:-1\" \/>\n<link rel=\"canonical\" href=\"https:\/\/www.casasusa.nl\/pt-pt\/termos-de-utilizacao\/\" \/>\n<meta property=\"og:locale\" content=\"pt_PT\" \/>\n<meta property=\"og:type\" content=\"article\" \/>\n<meta property=\"og:title\" content=\"Termos de Utiliza\u00e7\u00e3o - CasaSusa\" \/>\n<meta property=\"og:description\" content=\"Termos e Condi\u00e7\u00f5es Gerais e Regras da Casa aplic\u00e1veis a todas as reservas e estadias na nossa casa de f\u00e9rias.\" \/>\n<meta property=\"og:url\" content=\"https:\/\/www.casasusa.nl\/pt-pt\/termos-de-utilizacao\/\" \/>\n<meta property=\"og:site_name\" content=\"CasaSusa\" \/>\n<meta property=\"article:publisher\" content=\"https:\/\/www.facebook.com\/people\/Casa-Susa\/61575870086034\/\" \/>\n<meta property=\"article:modified_time\" content=\"2026-05-01T10:46:08+00:00\" \/>\n<meta name=\"twitter:card\" content=\"summary_large_image\" \/>\n<meta name=\"twitter:label1\" content=\"Tempo estimado de leitura\" \/>\n\t<meta name=\"twitter:data1\" content=\"2 minutos\" \/>\n<script type=\"application\/ld+json\" class=\"yoast-schema-graph\">{\"@context\":\"https:\\\/\\\/schema.org\",\"@graph\":[{\"@type\":\"WebPage\",\"@id\":\"https:\\\/\\\/www.casasusa.nl\\\/pt-pt\\\/termos-de-utilizacao\\\/\",\"url\":\"https:\\\/\\\/www.casasusa.nl\\\/pt-pt\\\/termos-de-utilizacao\\\/\",\"name\":\"Termos de Utiliza\u00e7\u00e3o - CasaSusa\",\"isPartOf\":{\"@id\":\"https:\\\/\\\/www.casasusa.nl\\\/pt-pt\\\/#website\"},\"datePublished\":\"2026-01-20T17:38:33+00:00\",\"dateModified\":\"2026-05-01T10:46:08+00:00\",\"description\":\"Termos e Condi\u00e7\u00f5es Gerais e Regras da Casa aplic\u00e1veis a todas as reservas e estadias na nossa casa de f\u00e9rias.\",\"breadcrumb\":{\"@id\":\"https:\\\/\\\/www.casasusa.nl\\\/pt-pt\\\/termos-de-utilizacao\\\/#breadcrumb\"},\"inLanguage\":\"pt-PT\",\"potentialAction\":[{\"@type\":\"ReadAction\",\"target\":[\"https:\\\/\\\/www.casasusa.nl\\\/pt-pt\\\/termos-de-utilizacao\\\/\"]}]},{\"@type\":\"BreadcrumbList\",\"@id\":\"https:\\\/\\\/www.casasusa.nl\\\/pt-pt\\\/termos-de-utilizacao\\\/#breadcrumb\",\"itemListElement\":[{\"@type\":\"ListItem\",\"position\":1,\"name\":\"Home\",\"item\":\"https:\\\/\\\/www.casasusa.nl\\\/pt-pt\\\/inicio\\\/\"},{\"@type\":\"ListItem\",\"position\":2,\"name\":\"Termos de Utiliza\u00e7\u00e3o\"}]},{\"@type\":\"WebSite\",\"@id\":\"https:\\\/\\\/www.casasusa.nl\\\/pt-pt\\\/#website\",\"url\":\"https:\\\/\\\/www.casasusa.nl\\\/pt-pt\\\/\",\"name\":\"Welkom bij CasaSusa\",\"description\":\"Schitterende woning in het centrum van historisch Silves\",\"potentialAction\":[{\"@type\":\"SearchAction\",\"target\":{\"@type\":\"EntryPoint\",\"urlTemplate\":\"https:\\\/\\\/www.casasusa.nl\\\/pt-pt\\\/?s={search_term_string}\"},\"query-input\":{\"@type\":\"PropertyValueSpecification\",\"valueRequired\":true,\"valueName\":\"search_term_string\"}}],\"inLanguage\":\"pt-PT\"}]}<\/script>\n<!-- \/ Yoast SEO plugin. -->","yoast_head_json":{"title":"Termos de Utiliza\u00e7\u00e3o - CasaSusa","description":"Termos e Condi\u00e7\u00f5es Gerais e Regras da Casa aplic\u00e1veis a todas as reservas e estadias na nossa casa de f\u00e9rias.","robots":{"index":"index","follow":"follow","max-snippet":"max-snippet:-1","max-image-preview":"max-image-preview:large","max-video-preview":"max-video-preview:-1"},"canonical":"https:\/\/www.casasusa.nl\/pt-pt\/termos-de-utilizacao\/","og_locale":"pt_PT","og_type":"article","og_title":"Termos de Utiliza\u00e7\u00e3o - CasaSusa","og_description":"Termos e Condi\u00e7\u00f5es Gerais e Regras da Casa aplic\u00e1veis a todas as reservas e estadias na nossa casa de f\u00e9rias.","og_url":"https:\/\/www.casasusa.nl\/pt-pt\/termos-de-utilizacao\/","og_site_name":"CasaSusa","article_publisher":"https:\/\/www.facebook.com\/people\/Casa-Susa\/61575870086034\/","article_modified_time":"2026-05-01T10:46:08+00:00","twitter_card":"summary_large_image","twitter_misc":{"Tempo estimado de leitura":"2 minutos"},"schema":{"@context":"https:\/\/schema.org","@graph":[{"@type":"WebPage","@id":"https:\/\/www.casasusa.nl\/pt-pt\/termos-de-utilizacao\/","url":"https:\/\/www.casasusa.nl\/pt-pt\/termos-de-utilizacao\/","name":"Termos de Utiliza\u00e7\u00e3o - CasaSusa","isPartOf":{"@id":"https:\/\/www.casasusa.nl\/pt-pt\/#website"},"datePublished":"2026-01-20T17:38:33+00:00","dateModified":"2026-05-01T10:46:08+00:00","description":"Termos e Condi\u00e7\u00f5es Gerais e Regras da Casa aplic\u00e1veis a todas as reservas e estadias na nossa casa de f\u00e9rias.","breadcrumb":{"@id":"https:\/\/www.casasusa.nl\/pt-pt\/termos-de-utilizacao\/#breadcrumb"},"inLanguage":"pt-PT","potentialAction":[{"@type":"ReadAction","target":["https:\/\/www.casasusa.nl\/pt-pt\/termos-de-utilizacao\/"]}]},{"@type":"BreadcrumbList","@id":"https:\/\/www.casasusa.nl\/pt-pt\/termos-de-utilizacao\/#breadcrumb","itemListElement":[{"@type":"ListItem","position":1,"name":"Home","item":"https:\/\/www.casasusa.nl\/pt-pt\/inicio\/"},{"@type":"ListItem","position":2,"name":"Termos de Utiliza\u00e7\u00e3o"}]},{"@type":"WebSite","@id":"https:\/\/www.casasusa.nl\/pt-pt\/#website","url":"https:\/\/www.casasusa.nl\/pt-pt\/","name":"Welkom bij CasaSusa","description":"Schitterende woning in het centrum van historisch Silves","potentialAction":[{"@type":"SearchAction","target":{"@type":"EntryPoint","urlTemplate":"https:\/\/www.casasusa.nl\/pt-pt\/?s={search_term_string}"},"query-input":{"@type":"PropertyValueSpecification","valueRequired":true,"valueName":"search_term_string"}}],"inLanguage":"pt-PT"}]}},"_links":{"self":[{"href":"https:\/\/www.casasusa.nl\/pt-pt\/wp-json\/wp\/v2\/pages\/4595","targetHints":{"allow":["GET"]}}],"collection":[{"href":"https:\/\/www.casasusa.nl\/pt-pt\/wp-json\/wp\/v2\/pages"}],"about":[{"href":"https:\/\/www.casasusa.nl\/pt-pt\/wp-json\/wp\/v2\/types\/page"}],"author":[{"embeddable":true,"href":"https:\/\/www.casasusa.nl\/pt-pt\/wp-json\/wp\/v2\/users\/1"}],"replies":[{"embeddable":true,"href":"https:\/\/www.casasusa.nl\/pt-pt\/wp-json\/wp\/v2\/comments?post=4595"}],"version-history":[{"count":1,"href":"https:\/\/www.casasusa.nl\/pt-pt\/wp-json\/wp\/v2\/pages\/4595\/revisions"}],"predecessor-version":[{"id":4597,"href":"https:\/\/www.casasusa.nl\/pt-pt\/wp-json\/wp\/v2\/pages\/4595\/revisions\/4597"}],"wp:attachment":[{"href":"https:\/\/www.casasusa.nl\/pt-pt\/wp-json\/wp\/v2\/media?parent=4595"}],"curies":[{"name":"wp","href":"https:\/\/api.w.org\/{rel}","templated":true}]}}