{"id":4587,"date":"2026-01-20T17:18:16","date_gmt":"2026-01-20T16:18:16","guid":{"rendered":"https:\/\/www.casasusa.nl\/huisregels\/"},"modified":"2026-05-01T11:45:54","modified_gmt":"2026-05-01T10:45:54","slug":"huisregels","status":"publish","type":"page","link":"https:\/\/www.casasusa.nl\/pt-pt\/huisregels\/","title":{"rendered":"Huisregels"},"content":{"rendered":"\t\t<div data-elementor-type=\"wp-page\" data-elementor-id=\"4587\" class=\"elementor elementor-4587 elementor-3042\">\n\t\t\t\t\t\t<section class=\"elementor-section elementor-top-section elementor-element elementor-element-275f475 elementor-section-content-middle elementor-section-full_width elementor-section-height-default elementor-section-height-default\" data-id=\"275f475\" data-element_type=\"section\" data-e-type=\"section\" data-settings=\"{&quot;background_background&quot;:&quot;classic&quot;}\">\n\t\t\t\t\t\t<div class=\"elementor-container elementor-column-gap-no\">\n\t\t\t\t\t<div class=\"elementor-column elementor-col-50 elementor-top-column elementor-element elementor-element-d91761\" data-id=\"d91761\" data-element_type=\"column\" data-e-type=\"column\" data-settings=\"{&quot;background_background&quot;:&quot;classic&quot;}\">\n\t\t\t<div class=\"elementor-widget-wrap elementor-element-populated\">\n\t\t\t\t\t\t<div class=\"elementor-element elementor-element-689d94de elementor-widget elementor-widget-spacer\" data-id=\"689d94de\" data-element_type=\"widget\" data-e-type=\"widget\" data-widget_type=\"spacer.default\">\n\t\t\t\t<div class=\"elementor-widget-container\">\n\t\t\t\t\t\t\t<div class=\"elementor-spacer\">\n\t\t\t<div class=\"elementor-spacer-inner\"><\/div>\n\t\t<\/div>\n\t\t\t\t\t\t<\/div>\n\t\t\t\t<\/div>\n\t\t\t\t\t<\/div>\n\t\t<\/div>\n\t\t\t\t<div class=\"elementor-column elementor-col-50 elementor-top-column elementor-element elementor-element-6847c8d0\" data-id=\"6847c8d0\" data-element_type=\"column\" data-e-type=\"column\">\n\t\t\t<div class=\"elementor-widget-wrap elementor-element-populated\">\n\t\t\t\t\t\t<div class=\"elementor-element elementor-element-6513c0c6 elementor-widget elementor-widget-cs_title\" data-id=\"6513c0c6\" data-element_type=\"widget\" data-e-type=\"widget\" data-widget_type=\"cs_title.default\">\n\t\t\t\t<div class=\"elementor-widget-container\">\n\t\t\t\t\t\n        <div class=\"cs-title-wrap text-center-mobile\">\t            <h6 class=\"cs-title\">\n\t                Bem-vindo &amp; Regras da Casa\t            <\/h6>\t            <div class=\"cs-title-text\">\n\t                <p>\u00c9 um prazer receb\u00ea-lo connosco! Para manter o ambiente agrad\u00e1vel e confort\u00e1vel para todos, temos algumas regras da casa simples: <\/p><ul data-start=\"242\" data-end=\"1055\"><li data-start=\"242\" data-end=\"378\"><h5><strong data-start=\"244\" data-end=\"256\">A regra de ouro.<br><\/strong><span class=\"HwtZe\" lang=\"nl\"><span class=\"jCAhz ChMk0b\"><span class=\"ryNqvb\">Trate esta casa como se fosse a sua. Tenha em aten\u00e7\u00e3o o espa\u00e7o, os vizinhos e a decora\u00e7\u00e3o.<\/span><\/span><\/span><\/h5><\/li><li><h5><strong data-start=\"244\" data-end=\"256\">Idade.<br><\/strong>A idade m\u00ednima para reservar a habita\u00e7\u00e3o \u00e9 de <strong>21 anos<\/strong>. O respons\u00e1vel pela reserva dever\u00e1 estar presente durante toda a estadia. <\/h5><\/li><li data-start=\"380\" data-end=\"502\"><h5 data-start=\"382\" data-end=\"502\"><strong data-start=\"382\" data-end=\"396\">Animais de estima\u00e7\u00e3o.<\/strong><br data-start=\"396\" data-end=\"399\">Adoramos animais, mas infelizmente <strong data-start=\"429\" data-end=\"488\">c\u00e3es e outros animais de estima\u00e7\u00e3o <\/strong><strong data-start=\"429\" data-end=\"488\">n\u00e3o s\u00e3o permitidos<\/strong> na habita\u00e7\u00e3o.<\/h5><\/li><li data-start=\"504\" data-end=\"640\"><h5 data-start=\"506\" data-end=\"640\"><strong data-start=\"506\" data-end=\"515\">N\u00e3o Fumar.<\/strong><br data-start=\"515\" data-end=\"518\"><span class=\"HwtZe\" lang=\"nl\"><span class=\"jCAhz ChMk0b\"><span class=\"ryNqvb\">Esta \u00e9 uma habita\u00e7\u00e3o estritamente para n\u00e3o fumadores.<\/span><\/span> <span class=\"jCAhz ChMk0b\"><span class=\"ryNqvb\">Por favor, n\u00e3o fume nem utilize cigarros eletr\u00f3nicos nesta casa. Se fumar no exterior, elimine as beatas de forma segura e asseada.<\/span><\/span><\/span><\/h5><\/li><li data-start=\"504\" data-end=\"640\"><h5 align=\"left\"><b>Horas de sil\u00eancio<\/b>. <br><span class=\"HwtZe\" lang=\"nl\"><span class=\"jCAhz ChMk0b\"><span class=\"ryNqvb\">Por respeito aos nossos vizinhos, vigora um per\u00edodo de repouso entre as<strong> 22:00 e as 08:00.<\/strong><\/span><\/span> <span class=\"jCAhz ChMk0b\"><span class=\"ryNqvb\">Por favor, mantenha a m\u00fasica e as vozes num volume aceit\u00e1vel durante este per\u00edodo.<\/span><\/span><\/span><\/h5><\/li><li data-start=\"642\" data-end=\"813\"><h5 data-start=\"644\" data-end=\"813\"><strong data-start=\"644\" data-end=\"672\">P<span class=\"HwtZe\" lang=\"nl\"><span class=\"jCAhz ChMk0b\"><span class=\"ryNqvb\">roibi\u00e7\u00e3o de festas ou eventos<\/span><\/span><\/span>.<\/strong><br data-start=\"672\" data-end=\"675\"><span class=\"HwtZe\" lang=\"nl\"><span class=\"jCAhz ChMk0b\"><span class=\"ryNqvb\">A nossa casa \u00e9 um local para relaxar.<\/span><\/span> <span class=\"jCAhz ChMk0b\"><span class=\"ryNqvb\">Festas, grandes reuni\u00f5es e h\u00f3spedes n\u00e3o registados (a ocupa\u00e7\u00e3o m\u00e1xima \u00e9 de 6 pessoas) s\u00e3o estritamente proibidos.<\/span><\/span><\/span><\/h5><\/li><li data-start=\"815\" data-end=\"910\"><h5 data-start=\"817\" data-end=\"910\"><strong data-start=\"817\" data-end=\"827\">Danos.<\/strong><br data-start=\"827\" data-end=\"830\">Caso algo se parta, por favor informe-nos. S\u00e3o situa\u00e7\u00f5es que podem sempre acontecer. <\/h5><\/li><li data-start=\"912\" data-end=\"1055\"><h5 data-start=\"914\" data-end=\"1055\"><strong data-start=\"914\" data-end=\"934\">Em caso de incumprimento.<\/strong><br data-start=\"934\" data-end=\"937\">Se as regras da casa n\u00e3o forem cumpridas, poderemos ser obrigados a terminar a estadia sem direito a reembolso.<\/h5><\/li><\/ul><h5 data-start=\"1057\" data-end=\"1139\">Agradecemos a sua compreens\u00e3o e colabora\u00e7\u00e3o \u2014 desejamos-lhe uma excelente estadia!<\/h5>\t            <\/div>        <\/div>\t\t\t\t<\/div>\n\t\t\t\t<\/div>\n\t\t\t\t\t<\/div>\n\t\t<\/div>\n\t\t\t\t\t<\/div>\n\t\t<\/section>\n\t\t\t\t<\/div>\n\t\t","protected":false},"excerpt":{"rendered":"<p>Bem-vindo &amp; Regras da Casa \u00c9 um prazer receb\u00ea-lo connosco! Para manter o ambiente agrad\u00e1vel e confort\u00e1vel para todos, temos algumas regras da casa simples: A regra de ouro.Trate esta casa como se fosse a sua. Tenha em aten\u00e7\u00e3o o espa\u00e7o, os vizinhos e a decora\u00e7\u00e3o. Idade.A idade m\u00ednima para reservar a habita\u00e7\u00e3o \u00e9 de &#8230;<\/p>\n","protected":false},"author":1,"featured_media":0,"parent":0,"menu_order":0,"comment_status":"closed","ping_status":"closed","template":"elementor_header_footer","meta":{"cozystay_single_page_hide_site_header":"","cozystay_single_page_site_header_source":"","cozystay_single_page_custom_site_header":"0","cozystay_single_page_custom_sticky_site_header":"0","cozystay_single_page_hide_page_title":"","cozystay_single_page_header_section_size":"","cozystay_single_page_header_background_color":"","cozystay_single_page_header_background_position_x":"center","cozystay_single_page_header_background_position_y":"center","cozystay_single_page_header_background_size":"cover","cozystay_single_page_header_background_repeat":"off","cozystay_single_page_header_background_scroll":"on","cozystay_single_page_header_text_color":"","cozystay_single_page_header_show_breadcrumb":"","cozystay_single_page_site_footer_hide_main":"","cozystay_single_custom_site_footer_main_source":"","cozystay_single_custom_site_footer_main":"0","cozystay_single_page_site_footer_hide_above":"","cozystay_single_custom_site_footer_above_source":"","cozystay_single_custom_site_footer_above":"0","cozystay_single_page_site_footer_hide_instagram":"","cozystay_single_page_site_footer_hide_bottom":"","cozystay_single_custom_mobile_menu_source":"","cozystay_single_custom_mobile_menu":"0","cozystay_single_custom_mobile_menu_animation":"","cozystay_single_custom_mobile_menu_width":"","cozystay_single_custom_mobile_menu_custom_width":375,"footnotes":""},"class_list":["post-4587","page","type-page","status-publish","hentry"],"yoast_head":"<!-- This site is optimized with the Yoast SEO plugin v27.5 - https:\/\/yoast.com\/product\/yoast-seo-wordpress\/ -->\n<title>Huisregels - CasaSusa<\/title>\n<meta name=\"description\" content=\"\u00c9 um prazer receb\u00ea-lo connosco! Para manter o ambiente agrad\u00e1vel e confort\u00e1vel para todos, temos algumas regras da casa simples:\" \/>\n<meta name=\"robots\" content=\"index, follow, max-snippet:-1, max-image-preview:large, max-video-preview:-1\" \/>\n<link rel=\"canonical\" href=\"https:\/\/www.casasusa.nl\/pt-pt\/huisregels\/\" \/>\n<meta property=\"og:locale\" content=\"pt_PT\" \/>\n<meta property=\"og:type\" content=\"article\" \/>\n<meta property=\"og:title\" content=\"Huisregels - CasaSusa\" \/>\n<meta property=\"og:description\" content=\"\u00c9 um prazer receb\u00ea-lo connosco! Para manter o ambiente agrad\u00e1vel e confort\u00e1vel para todos, temos algumas regras da casa simples:\" \/>\n<meta property=\"og:url\" content=\"https:\/\/www.casasusa.nl\/pt-pt\/huisregels\/\" \/>\n<meta property=\"og:site_name\" content=\"CasaSusa\" \/>\n<meta property=\"article:publisher\" content=\"https:\/\/www.facebook.com\/people\/Casa-Susa\/61575870086034\/\" \/>\n<meta property=\"article:modified_time\" content=\"2026-05-01T10:45:54+00:00\" \/>\n<meta name=\"twitter:card\" content=\"summary_large_image\" \/>\n<meta name=\"twitter:label1\" content=\"Tempo estimado de leitura\" \/>\n\t<meta name=\"twitter:data1\" content=\"1 minuto\" \/>\n<script type=\"application\/ld+json\" class=\"yoast-schema-graph\">{\"@context\":\"https:\\\/\\\/schema.org\",\"@graph\":[{\"@type\":\"WebPage\",\"@id\":\"https:\\\/\\\/www.casasusa.nl\\\/pt-pt\\\/huisregels\\\/\",\"url\":\"https:\\\/\\\/www.casasusa.nl\\\/pt-pt\\\/huisregels\\\/\",\"name\":\"Huisregels - CasaSusa\",\"isPartOf\":{\"@id\":\"https:\\\/\\\/www.casasusa.nl\\\/pt-pt\\\/#website\"},\"datePublished\":\"2026-01-20T16:18:16+00:00\",\"dateModified\":\"2026-05-01T10:45:54+00:00\",\"description\":\"\u00c9 um prazer receb\u00ea-lo connosco! Para manter o ambiente agrad\u00e1vel e confort\u00e1vel para todos, temos algumas regras da casa simples:\",\"breadcrumb\":{\"@id\":\"https:\\\/\\\/www.casasusa.nl\\\/pt-pt\\\/huisregels\\\/#breadcrumb\"},\"inLanguage\":\"pt-PT\",\"potentialAction\":[{\"@type\":\"ReadAction\",\"target\":[\"https:\\\/\\\/www.casasusa.nl\\\/pt-pt\\\/huisregels\\\/\"]}]},{\"@type\":\"BreadcrumbList\",\"@id\":\"https:\\\/\\\/www.casasusa.nl\\\/pt-pt\\\/huisregels\\\/#breadcrumb\",\"itemListElement\":[{\"@type\":\"ListItem\",\"position\":1,\"name\":\"Home\",\"item\":\"https:\\\/\\\/www.casasusa.nl\\\/pt-pt\\\/inicio\\\/\"},{\"@type\":\"ListItem\",\"position\":2,\"name\":\"Huisregels\"}]},{\"@type\":\"WebSite\",\"@id\":\"https:\\\/\\\/www.casasusa.nl\\\/pt-pt\\\/#website\",\"url\":\"https:\\\/\\\/www.casasusa.nl\\\/pt-pt\\\/\",\"name\":\"Welkom bij CasaSusa\",\"description\":\"Schitterende woning in het centrum van historisch Silves\",\"potentialAction\":[{\"@type\":\"SearchAction\",\"target\":{\"@type\":\"EntryPoint\",\"urlTemplate\":\"https:\\\/\\\/www.casasusa.nl\\\/pt-pt\\\/?s={search_term_string}\"},\"query-input\":{\"@type\":\"PropertyValueSpecification\",\"valueRequired\":true,\"valueName\":\"search_term_string\"}}],\"inLanguage\":\"pt-PT\"}]}<\/script>\n<!-- \/ Yoast SEO plugin. -->","yoast_head_json":{"title":"Huisregels - CasaSusa","description":"\u00c9 um prazer receb\u00ea-lo connosco! Para manter o ambiente agrad\u00e1vel e confort\u00e1vel para todos, temos algumas regras da casa simples:","robots":{"index":"index","follow":"follow","max-snippet":"max-snippet:-1","max-image-preview":"max-image-preview:large","max-video-preview":"max-video-preview:-1"},"canonical":"https:\/\/www.casasusa.nl\/pt-pt\/huisregels\/","og_locale":"pt_PT","og_type":"article","og_title":"Huisregels - CasaSusa","og_description":"\u00c9 um prazer receb\u00ea-lo connosco! Para manter o ambiente agrad\u00e1vel e confort\u00e1vel para todos, temos algumas regras da casa simples:","og_url":"https:\/\/www.casasusa.nl\/pt-pt\/huisregels\/","og_site_name":"CasaSusa","article_publisher":"https:\/\/www.facebook.com\/people\/Casa-Susa\/61575870086034\/","article_modified_time":"2026-05-01T10:45:54+00:00","twitter_card":"summary_large_image","twitter_misc":{"Tempo estimado de leitura":"1 minuto"},"schema":{"@context":"https:\/\/schema.org","@graph":[{"@type":"WebPage","@id":"https:\/\/www.casasusa.nl\/pt-pt\/huisregels\/","url":"https:\/\/www.casasusa.nl\/pt-pt\/huisregels\/","name":"Huisregels - CasaSusa","isPartOf":{"@id":"https:\/\/www.casasusa.nl\/pt-pt\/#website"},"datePublished":"2026-01-20T16:18:16+00:00","dateModified":"2026-05-01T10:45:54+00:00","description":"\u00c9 um prazer receb\u00ea-lo connosco! Para manter o ambiente agrad\u00e1vel e confort\u00e1vel para todos, temos algumas regras da casa simples:","breadcrumb":{"@id":"https:\/\/www.casasusa.nl\/pt-pt\/huisregels\/#breadcrumb"},"inLanguage":"pt-PT","potentialAction":[{"@type":"ReadAction","target":["https:\/\/www.casasusa.nl\/pt-pt\/huisregels\/"]}]},{"@type":"BreadcrumbList","@id":"https:\/\/www.casasusa.nl\/pt-pt\/huisregels\/#breadcrumb","itemListElement":[{"@type":"ListItem","position":1,"name":"Home","item":"https:\/\/www.casasusa.nl\/pt-pt\/inicio\/"},{"@type":"ListItem","position":2,"name":"Huisregels"}]},{"@type":"WebSite","@id":"https:\/\/www.casasusa.nl\/pt-pt\/#website","url":"https:\/\/www.casasusa.nl\/pt-pt\/","name":"Welkom bij CasaSusa","description":"Schitterende woning in het centrum van historisch Silves","potentialAction":[{"@type":"SearchAction","target":{"@type":"EntryPoint","urlTemplate":"https:\/\/www.casasusa.nl\/pt-pt\/?s={search_term_string}"},"query-input":{"@type":"PropertyValueSpecification","valueRequired":true,"valueName":"search_term_string"}}],"inLanguage":"pt-PT"}]}},"_links":{"self":[{"href":"https:\/\/www.casasusa.nl\/pt-pt\/wp-json\/wp\/v2\/pages\/4587","targetHints":{"allow":["GET"]}}],"collection":[{"href":"https:\/\/www.casasusa.nl\/pt-pt\/wp-json\/wp\/v2\/pages"}],"about":[{"href":"https:\/\/www.casasusa.nl\/pt-pt\/wp-json\/wp\/v2\/types\/page"}],"author":[{"embeddable":true,"href":"https:\/\/www.casasusa.nl\/pt-pt\/wp-json\/wp\/v2\/users\/1"}],"replies":[{"embeddable":true,"href":"https:\/\/www.casasusa.nl\/pt-pt\/wp-json\/wp\/v2\/comments?post=4587"}],"version-history":[{"count":1,"href":"https:\/\/www.casasusa.nl\/pt-pt\/wp-json\/wp\/v2\/pages\/4587\/revisions"}],"predecessor-version":[{"id":4589,"href":"https:\/\/www.casasusa.nl\/pt-pt\/wp-json\/wp\/v2\/pages\/4587\/revisions\/4589"}],"wp:attachment":[{"href":"https:\/\/www.casasusa.nl\/pt-pt\/wp-json\/wp\/v2\/media?parent=4587"}],"curies":[{"name":"wp","href":"https:\/\/api.w.org\/{rel}","templated":true}]}}