{"id":4535,"date":"2026-01-20T18:08:13","date_gmt":"2026-01-20T17:08:13","guid":{"rendered":"https:\/\/www.casasusa.nl\/chegada\/"},"modified":"2026-05-01T11:39:52","modified_gmt":"2026-05-01T10:39:52","slug":"chegada","status":"publish","type":"page","link":"https:\/\/www.casasusa.nl\/pt-pt\/chegada\/","title":{"rendered":"Chegada"},"content":{"rendered":"\t\t<div data-elementor-type=\"wp-page\" data-elementor-id=\"4535\" class=\"elementor elementor-4535 elementor-3054\">\n\t\t\t\t\t\t<section class=\"elementor-section elementor-top-section elementor-element elementor-element-3bf63ee9 elementor-section-content-middle elementor-section-full_width elementor-section-height-default elementor-section-height-default\" data-id=\"3bf63ee9\" data-element_type=\"section\" data-e-type=\"section\" data-settings=\"{&quot;background_background&quot;:&quot;classic&quot;}\">\n\t\t\t\t\t\t<div class=\"elementor-container elementor-column-gap-no\">\n\t\t\t\t\t<div class=\"elementor-column elementor-col-50 elementor-top-column elementor-element elementor-element-490ab9\" data-id=\"490ab9\" data-element_type=\"column\" data-e-type=\"column\" data-settings=\"{&quot;background_background&quot;:&quot;classic&quot;}\">\n\t\t\t<div class=\"elementor-widget-wrap elementor-element-populated\">\n\t\t\t\t\t\t<div class=\"elementor-element elementor-element-25fa4654 elementor-widget elementor-widget-spacer\" data-id=\"25fa4654\" data-element_type=\"widget\" data-e-type=\"widget\" data-widget_type=\"spacer.default\">\n\t\t\t\t<div class=\"elementor-widget-container\">\n\t\t\t\t\t\t\t<div class=\"elementor-spacer\">\n\t\t\t<div class=\"elementor-spacer-inner\"><\/div>\n\t\t<\/div>\n\t\t\t\t\t\t<\/div>\n\t\t\t\t<\/div>\n\t\t\t\t\t<\/div>\n\t\t<\/div>\n\t\t\t\t<div class=\"elementor-column elementor-col-50 elementor-top-column elementor-element elementor-element-5f2bb7e9\" data-id=\"5f2bb7e9\" data-element_type=\"column\" data-e-type=\"column\">\n\t\t\t<div class=\"elementor-widget-wrap elementor-element-populated\">\n\t\t\t\t\t\t<div class=\"elementor-element elementor-element-35a8779 elementor-widget elementor-widget-cs_title\" data-id=\"35a8779\" data-element_type=\"widget\" data-e-type=\"widget\" data-widget_type=\"cs_title.default\">\n\t\t\t\t<div class=\"elementor-widget-container\">\n\t\t\t\t\t\n        <div class=\"cs-title-wrap text-center-mobile\">\t            <h6 class=\"cs-title\">\n\t                Chegada \u00e0 casa de f\u00e9rias\t            <\/h6>\t            <div class=\"cs-title-text\">\n\t                <h5 data-start=\"149\" data-end=\"287\">Bem-vindos a Silves! Estamos ansiosos por receb\u00ea-los<br data-start=\"210\" data-end=\"213\">Abaixo, encontrar\u00e3o algumas informa\u00e7\u00f5es pr\u00e1ticas para uma chegada agrad\u00e1vel. <br><br><\/h5><h5 data-start=\"289\" data-end=\"328\">Acesso com Nuki (entrada sem chave)<\/h5><ul data-start=\"329\" data-end=\"565\"><li data-start=\"329\" data-end=\"385\"><h5 data-start=\"331\" data-end=\"385\">A porta principal est\u00e1 equipada com uma <strong data-start=\"363\" data-end=\"382\">Nuki smart lock<\/strong>.<\/h5><\/li><li data-start=\"386\" data-end=\"492\"><h5 data-start=\"388\" data-end=\"492\">No dia da chegada, receber\u00e3o <strong data-start=\"428\" data-end=\"448\">acesso digital<\/strong> (atrav\u00e9s da aplica\u00e7\u00e3o Nuki ou de um c\u00f3digo pessoal).<\/h5><\/li><li data-start=\"493\" data-end=\"565\"><h5 data-start=\"495\" data-end=\"565\">A porta pode ser facilmente aberta e trancada <strong data-start=\"517\" data-end=\"535\">sem chave<\/strong>.<\/h5><\/li><\/ul><h5 data-start=\"567\" data-end=\"588\">Campainha inteligente<\/h5><ul data-start=\"589\" data-end=\"739\"><li data-start=\"589\" data-end=\"658\"><h5 data-start=\"591\" data-end=\"658\">Junto \u00e0 porta principal encontra-se uma <strong data-start=\"617\" data-end=\"635\">campainha inteligente<\/strong> para maior seguran\u00e7a.<\/h5><\/li><li data-start=\"659\" data-end=\"739\"><h5 data-start=\"661\" data-end=\"739\">\u00c0 chegada, podem simplesmente tocar \u00e0 campainha ou abrir diretamente a porta atrav\u00e9s da Nuki.<\/h5><\/li><\/ul><h5 data-start=\"741\" data-end=\"756\">Estacionamento<\/h5><ul data-start=\"757\" data-end=\"882\"><li data-start=\"757\" data-end=\"854\"><h5 data-start=\"759\" data-end=\"854\"><strong data-start=\"759\" data-end=\"794\">Lugares de estacionamento p\u00fablico gratuitos<\/strong> est\u00e3o dispon\u00edveis <strong data-start=\"812\" data-end=\"853\">nas proximidades e diretamente \u00e0 porta<\/strong>.<\/h5><\/li><li data-start=\"855\" data-end=\"882\"><h5 data-start=\"857\" data-end=\"882\">N\u00e3o \u00e9 necess\u00e1ria reserva.<\/h5><\/li><\/ul><h5 data-start=\"884\" data-end=\"906\">Internet e Wi-Fi<\/h5><ul data-start=\"907\" data-end=\"965\"><li data-start=\"907\" data-end=\"965\"><h5 data-start=\"909\" data-end=\"965\">Na casa, est\u00e3o dispon\u00edveis <strong data-start=\"925\" data-end=\"952\">internet e Wi-Fi gratuito<\/strong>.<\/h5><\/li><\/ul><h5 data-start=\"967\" data-end=\"982\">Pasta de informa\u00e7\u00f5es<\/h5><ul data-start=\"983\" data-end=\"1103\"><li data-start=\"983\" data-end=\"1103\"><h5 data-start=\"985\" data-end=\"1103\">Na casa, encontrar\u00e1 uma <strong data-start=\"1007\" data-end=\"1019\">pasta de informa\u00e7\u00f5es<\/strong> com detalhes adicionais sobre a habita\u00e7\u00e3o, Wi-Fi, regras da casa e dicas \u00fateis sobre a regi\u00e3o.<\/h5><\/li><\/ul><h5 data-start=\"1105\" data-end=\"1119\">Check-in<\/h5><ul data-start=\"1120\" data-end=\"1236\"><li data-start=\"1120\" data-end=\"1167\"><h5 data-start=\"1122\" data-end=\"1167\">O check-in pode ser efetuado a partir da hora combinada.<\/h5><\/li><li data-start=\"1168\" data-end=\"1236\"><h5 data-start=\"1170\" data-end=\"1236\">Preveem chegar mais tarde? Por favor, informem-nos. <\/h5><\/li><\/ul><h5 data-start=\"1238\" data-end=\"1252\">D\u00favidas?<\/h5><h5 data-start=\"1253\" data-end=\"1365\">Caso surja algum problema \u00e0 chegada ou se tiverem d\u00favidas, n\u00e3o hesitem em contactar-nos. Teremos todo o gosto em ajudar! <\/h5><h5 data-start=\"1367\" data-end=\"1438\"><br>Desejamos-vos uma <strong data-start=\"1388\" data-end=\"1423\">estadia maravilhosa e relaxante<\/strong> em Silves<\/h5>\t            <\/div>        <\/div>\t\t\t\t<\/div>\n\t\t\t\t<\/div>\n\t\t\t\t\t<\/div>\n\t\t<\/div>\n\t\t\t\t\t<\/div>\n\t\t<\/section>\n\t\t\t\t<\/div>\n\t\t","protected":false},"excerpt":{"rendered":"<p>Chegada \u00e0 casa de f\u00e9rias Bem-vindos a Silves! Estamos ansiosos por receb\u00ea-losAbaixo, encontrar\u00e3o algumas informa\u00e7\u00f5es pr\u00e1ticas para uma chegada agrad\u00e1vel. Acesso com Nuki (entrada sem chave) A porta principal est\u00e1 equipada com uma Nuki smart lock. No dia da chegada, receber\u00e3o acesso digital (atrav\u00e9s da aplica\u00e7\u00e3o Nuki ou de um c\u00f3digo pessoal). A porta pode &#8230;<\/p>\n","protected":false},"author":1,"featured_media":0,"parent":0,"menu_order":0,"comment_status":"closed","ping_status":"closed","template":"elementor_header_footer","meta":{"cozystay_single_page_hide_site_header":"","cozystay_single_page_site_header_source":"","cozystay_single_page_custom_site_header":"0","cozystay_single_page_custom_sticky_site_header":"0","cozystay_single_page_hide_page_title":"","cozystay_single_page_header_section_size":"","cozystay_single_page_header_background_color":"","cozystay_single_page_header_background_position_x":"center","cozystay_single_page_header_background_position_y":"center","cozystay_single_page_header_background_size":"cover","cozystay_single_page_header_background_repeat":"off","cozystay_single_page_header_background_scroll":"on","cozystay_single_page_header_text_color":"","cozystay_single_page_header_show_breadcrumb":"","cozystay_single_page_site_footer_hide_main":"","cozystay_single_custom_site_footer_main_source":"","cozystay_single_custom_site_footer_main":"0","cozystay_single_page_site_footer_hide_above":"","cozystay_single_custom_site_footer_above_source":"","cozystay_single_custom_site_footer_above":"0","cozystay_single_page_site_footer_hide_instagram":"","cozystay_single_page_site_footer_hide_bottom":"","cozystay_single_custom_mobile_menu_source":"","cozystay_single_custom_mobile_menu":"0","cozystay_single_custom_mobile_menu_animation":"","cozystay_single_custom_mobile_menu_width":"","cozystay_single_custom_mobile_menu_custom_width":375,"footnotes":""},"class_list":["post-4535","page","type-page","status-publish","hentry"],"yoast_head":"<!-- This site is optimized with the Yoast SEO plugin v27.5 - https:\/\/yoast.com\/product\/yoast-seo-wordpress\/ -->\n<title>Chegada - CasaSusa<\/title>\n<meta name=\"description\" content=\"Bem-vindos a Silves! Estamos ansiosos por receb\u00ea-los. Abaixo, encontrar\u00e3o algumas informa\u00e7\u00f5es pr\u00e1ticas para uma chegada agrad\u00e1vel\" \/>\n<meta name=\"robots\" content=\"index, follow, max-snippet:-1, max-image-preview:large, max-video-preview:-1\" \/>\n<link rel=\"canonical\" href=\"https:\/\/www.casasusa.nl\/pt-pt\/chegada\/\" \/>\n<meta property=\"og:locale\" content=\"pt_PT\" \/>\n<meta property=\"og:type\" content=\"article\" \/>\n<meta property=\"og:title\" content=\"Chegada - CasaSusa\" \/>\n<meta property=\"og:description\" content=\"Bem-vindos a Silves! Estamos ansiosos por receb\u00ea-los. Abaixo, encontrar\u00e3o algumas informa\u00e7\u00f5es pr\u00e1ticas para uma chegada agrad\u00e1vel\" \/>\n<meta property=\"og:url\" content=\"https:\/\/www.casasusa.nl\/pt-pt\/chegada\/\" \/>\n<meta property=\"og:site_name\" content=\"CasaSusa\" \/>\n<meta property=\"article:publisher\" content=\"https:\/\/www.facebook.com\/people\/Casa-Susa\/61575870086034\/\" \/>\n<meta property=\"article:modified_time\" content=\"2026-05-01T10:39:52+00:00\" \/>\n<meta name=\"twitter:card\" content=\"summary_large_image\" \/>\n<meta name=\"twitter:label1\" content=\"Tempo estimado de leitura\" \/>\n\t<meta name=\"twitter:data1\" content=\"1 minuto\" \/>\n<script type=\"application\/ld+json\" class=\"yoast-schema-graph\">{\"@context\":\"https:\\\/\\\/schema.org\",\"@graph\":[{\"@type\":\"WebPage\",\"@id\":\"https:\\\/\\\/www.casasusa.nl\\\/pt-pt\\\/chegada\\\/\",\"url\":\"https:\\\/\\\/www.casasusa.nl\\\/pt-pt\\\/chegada\\\/\",\"name\":\"Chegada - CasaSusa\",\"isPartOf\":{\"@id\":\"https:\\\/\\\/www.casasusa.nl\\\/pt-pt\\\/#website\"},\"datePublished\":\"2026-01-20T17:08:13+00:00\",\"dateModified\":\"2026-05-01T10:39:52+00:00\",\"description\":\"Bem-vindos a Silves! Estamos ansiosos por receb\u00ea-los. Abaixo, encontrar\u00e3o algumas informa\u00e7\u00f5es pr\u00e1ticas para uma chegada agrad\u00e1vel\",\"breadcrumb\":{\"@id\":\"https:\\\/\\\/www.casasusa.nl\\\/pt-pt\\\/chegada\\\/#breadcrumb\"},\"inLanguage\":\"pt-PT\",\"potentialAction\":[{\"@type\":\"ReadAction\",\"target\":[\"https:\\\/\\\/www.casasusa.nl\\\/pt-pt\\\/chegada\\\/\"]}]},{\"@type\":\"BreadcrumbList\",\"@id\":\"https:\\\/\\\/www.casasusa.nl\\\/pt-pt\\\/chegada\\\/#breadcrumb\",\"itemListElement\":[{\"@type\":\"ListItem\",\"position\":1,\"name\":\"Home\",\"item\":\"https:\\\/\\\/www.casasusa.nl\\\/pt-pt\\\/inicio\\\/\"},{\"@type\":\"ListItem\",\"position\":2,\"name\":\"Chegada\"}]},{\"@type\":\"WebSite\",\"@id\":\"https:\\\/\\\/www.casasusa.nl\\\/pt-pt\\\/#website\",\"url\":\"https:\\\/\\\/www.casasusa.nl\\\/pt-pt\\\/\",\"name\":\"Welkom bij CasaSusa\",\"description\":\"Schitterende woning in het centrum van historisch Silves\",\"potentialAction\":[{\"@type\":\"SearchAction\",\"target\":{\"@type\":\"EntryPoint\",\"urlTemplate\":\"https:\\\/\\\/www.casasusa.nl\\\/pt-pt\\\/?s={search_term_string}\"},\"query-input\":{\"@type\":\"PropertyValueSpecification\",\"valueRequired\":true,\"valueName\":\"search_term_string\"}}],\"inLanguage\":\"pt-PT\"}]}<\/script>\n<!-- \/ Yoast SEO plugin. -->","yoast_head_json":{"title":"Chegada - CasaSusa","description":"Bem-vindos a Silves! Estamos ansiosos por receb\u00ea-los. Abaixo, encontrar\u00e3o algumas informa\u00e7\u00f5es pr\u00e1ticas para uma chegada agrad\u00e1vel","robots":{"index":"index","follow":"follow","max-snippet":"max-snippet:-1","max-image-preview":"max-image-preview:large","max-video-preview":"max-video-preview:-1"},"canonical":"https:\/\/www.casasusa.nl\/pt-pt\/chegada\/","og_locale":"pt_PT","og_type":"article","og_title":"Chegada - CasaSusa","og_description":"Bem-vindos a Silves! Estamos ansiosos por receb\u00ea-los. Abaixo, encontrar\u00e3o algumas informa\u00e7\u00f5es pr\u00e1ticas para uma chegada agrad\u00e1vel","og_url":"https:\/\/www.casasusa.nl\/pt-pt\/chegada\/","og_site_name":"CasaSusa","article_publisher":"https:\/\/www.facebook.com\/people\/Casa-Susa\/61575870086034\/","article_modified_time":"2026-05-01T10:39:52+00:00","twitter_card":"summary_large_image","twitter_misc":{"Tempo estimado de leitura":"1 minuto"},"schema":{"@context":"https:\/\/schema.org","@graph":[{"@type":"WebPage","@id":"https:\/\/www.casasusa.nl\/pt-pt\/chegada\/","url":"https:\/\/www.casasusa.nl\/pt-pt\/chegada\/","name":"Chegada - CasaSusa","isPartOf":{"@id":"https:\/\/www.casasusa.nl\/pt-pt\/#website"},"datePublished":"2026-01-20T17:08:13+00:00","dateModified":"2026-05-01T10:39:52+00:00","description":"Bem-vindos a Silves! Estamos ansiosos por receb\u00ea-los. Abaixo, encontrar\u00e3o algumas informa\u00e7\u00f5es pr\u00e1ticas para uma chegada agrad\u00e1vel","breadcrumb":{"@id":"https:\/\/www.casasusa.nl\/pt-pt\/chegada\/#breadcrumb"},"inLanguage":"pt-PT","potentialAction":[{"@type":"ReadAction","target":["https:\/\/www.casasusa.nl\/pt-pt\/chegada\/"]}]},{"@type":"BreadcrumbList","@id":"https:\/\/www.casasusa.nl\/pt-pt\/chegada\/#breadcrumb","itemListElement":[{"@type":"ListItem","position":1,"name":"Home","item":"https:\/\/www.casasusa.nl\/pt-pt\/inicio\/"},{"@type":"ListItem","position":2,"name":"Chegada"}]},{"@type":"WebSite","@id":"https:\/\/www.casasusa.nl\/pt-pt\/#website","url":"https:\/\/www.casasusa.nl\/pt-pt\/","name":"Welkom bij CasaSusa","description":"Schitterende woning in het centrum van historisch Silves","potentialAction":[{"@type":"SearchAction","target":{"@type":"EntryPoint","urlTemplate":"https:\/\/www.casasusa.nl\/pt-pt\/?s={search_term_string}"},"query-input":{"@type":"PropertyValueSpecification","valueRequired":true,"valueName":"search_term_string"}}],"inLanguage":"pt-PT"}]}},"_links":{"self":[{"href":"https:\/\/www.casasusa.nl\/pt-pt\/wp-json\/wp\/v2\/pages\/4535","targetHints":{"allow":["GET"]}}],"collection":[{"href":"https:\/\/www.casasusa.nl\/pt-pt\/wp-json\/wp\/v2\/pages"}],"about":[{"href":"https:\/\/www.casasusa.nl\/pt-pt\/wp-json\/wp\/v2\/types\/page"}],"author":[{"embeddable":true,"href":"https:\/\/www.casasusa.nl\/pt-pt\/wp-json\/wp\/v2\/users\/1"}],"replies":[{"embeddable":true,"href":"https:\/\/www.casasusa.nl\/pt-pt\/wp-json\/wp\/v2\/comments?post=4535"}],"version-history":[{"count":1,"href":"https:\/\/www.casasusa.nl\/pt-pt\/wp-json\/wp\/v2\/pages\/4535\/revisions"}],"predecessor-version":[{"id":4537,"href":"https:\/\/www.casasusa.nl\/pt-pt\/wp-json\/wp\/v2\/pages\/4535\/revisions\/4537"}],"wp:attachment":[{"href":"https:\/\/www.casasusa.nl\/pt-pt\/wp-json\/wp\/v2\/media?parent=4535"}],"curies":[{"name":"wp","href":"https:\/\/api.w.org\/{rel}","templated":true}]}}