{"id":4104,"date":"2026-01-18T06:54:08","date_gmt":"2026-01-18T05:54:08","guid":{"rendered":"https:\/\/www.casasusa.nl\/castelo-mouro-de-silves\/"},"modified":"2026-04-23T17:29:43","modified_gmt":"2026-04-23T16:29:43","slug":"castelo-mouro-de-silves","status":"publish","type":"page","link":"https:\/\/www.casasusa.nl\/pt-pt\/castelo-mouro-de-silves\/","title":{"rendered":"Castelo Mouro de Silves"},"content":{"rendered":"\t\t<div data-elementor-type=\"wp-page\" data-elementor-id=\"4104\" class=\"elementor elementor-4104 elementor-69\">\n\t\t\t\t\t\t<section class=\"elementor-section elementor-top-section elementor-element elementor-element-2b1b5e9c elementor-section-full_width elementor-section-height-default elementor-section-height-default\" data-id=\"2b1b5e9c\" data-element_type=\"section\" data-e-type=\"section\" data-settings=\"{&quot;background_background&quot;:&quot;classic&quot;}\">\n\t\t\t\t\t\t<div class=\"elementor-container elementor-column-gap-no\">\n\t\t\t\t\t<div class=\"elementor-column elementor-col-50 elementor-top-column elementor-element elementor-element-20a302cb\" data-id=\"20a302cb\" data-element_type=\"column\" data-e-type=\"column\" data-settings=\"{&quot;background_background&quot;:&quot;slideshow&quot;,&quot;background_slideshow_gallery&quot;:[{&quot;id&quot;:2750,&quot;url&quot;:&quot;https:\\\/\\\/www.casasusa.nl\\\/wp-content\\\/uploads\\\/2026\\\/01\\\/Kasteel-4-1.jpg&quot;},{&quot;id&quot;:2751,&quot;url&quot;:&quot;https:\\\/\\\/www.casasusa.nl\\\/wp-content\\\/uploads\\\/2026\\\/01\\\/Kasteel-3.jpg&quot;},{&quot;id&quot;:2527,&quot;url&quot;:&quot;https:\\\/\\\/www.casasusa.nl\\\/wp-content\\\/uploads\\\/2026\\\/01\\\/Kasteel-2.jpg&quot;}],&quot;background_slideshow_ken_burns&quot;:&quot;yes&quot;,&quot;background_slideshow_loop&quot;:&quot;yes&quot;,&quot;background_slideshow_slide_duration&quot;:5000,&quot;background_slideshow_slide_transition&quot;:&quot;fade&quot;,&quot;background_slideshow_transition_duration&quot;:500,&quot;background_slideshow_ken_burns_zoom_direction&quot;:&quot;in&quot;}\">\n\t\t\t<div class=\"elementor-widget-wrap elementor-element-populated\">\n\t\t\t\t\t\t<div class=\"elementor-element elementor-element-6130f4d5 elementor-widget elementor-widget-spacer\" data-id=\"6130f4d5\" data-element_type=\"widget\" data-e-type=\"widget\" data-widget_type=\"spacer.default\">\n\t\t\t\t<div class=\"elementor-widget-container\">\n\t\t\t\t\t\t\t<div class=\"elementor-spacer\">\n\t\t\t<div class=\"elementor-spacer-inner\"><\/div>\n\t\t<\/div>\n\t\t\t\t\t\t<\/div>\n\t\t\t\t<\/div>\n\t\t\t\t\t<\/div>\n\t\t<\/div>\n\t\t\t\t<div class=\"elementor-column elementor-col-50 elementor-top-column elementor-element elementor-element-1f8e550a dark-color\" data-id=\"1f8e550a\" data-element_type=\"column\" data-e-type=\"column\">\n\t\t\t<div class=\"elementor-widget-wrap elementor-element-populated\">\n\t\t\t\t\t\t<div class=\"elementor-element elementor-element-244c4143 elementor-widget elementor-widget-cs_title\" data-id=\"244c4143\" data-element_type=\"widget\" data-e-type=\"widget\" data-widget_type=\"cs_title.default\">\n\t\t\t\t<div class=\"elementor-widget-container\">\n\t\t\t\t\t\n        <div class=\"cs-title-wrap\">\t            <div class=\"cs-subtitle-wrap\"><span class=\"cs-subtitle color-white\">Castelo dos Mouros<\/span><\/div>\t            <h4 class=\"cs-title\">\n\t                Castelo Mouro em Silves\t            <\/h4>\t            <div class=\"cs-title-text\">\n\t                <h5 data-start=\"118\" data-end=\"174\">O Castelo Mouro de Silves \u2013 uma viagem no tempo<\/h5><p data-start=\"176\" data-end=\"472\">No topo da charmosa cidade de Silves ergue-se o impressionante castelo mouro, um dos mais belos e bem preservados castelos do Algarve. Com as suas muralhas avermelhadas, torres robustas e vistas deslumbrantes, este monumento hist\u00f3rico \u00e9 uma visita obrigat\u00f3ria durante a sua estadia no sul de Portugal. <\/p><p data-start=\"474\" data-end=\"824\">O castelo foi constru\u00eddo pelos mouros entre os s\u00e9culos VIII e XIII, numa \u00e9poca em que Silves \u2013 ent\u00e3o chamada <em data-start=\"572\" data-end=\"578\">Xelb<\/em> \u2013 era uma cidade pr\u00f3spera e florescente. Gra\u00e7as \u00e0 sua localiza\u00e7\u00e3o estrat\u00e9gica, a fortaleza oferecia prote\u00e7\u00e3o contra ataques e controlo sobre a regi\u00e3o circundante. As robustas muralhas de gr\u00e9s vermelho conferem ao castelo o seu aspeto \u00fanico e reconhec\u00edvel.  <\/p><p data-start=\"826\" data-end=\"1180\">Hoje em dia, pode caminhar livremente pelas muralhas, subir \u00e0s torres e desfrutar de um panorama magn\u00edfico sobre a cidade, o rio Arade e o interior verdejante do Algarve. No interior das muralhas, descobrir\u00e1 antigas cisternas, vest\u00edgios arqueol\u00f3gicos e p\u00e1tios tranquilos que pintam um quadro v\u00edvido da vida na \u00e9poca mourisca. <\/p><p data-start=\"1182\" data-end=\"1436\">O castelo mouro de Silves combina hist\u00f3ria, cultura e vistas deslumbrantes numa \u00fanica visita. Quer aprecie cultura, fotografia ou queira simplesmente descobrir um local especial: este castelo n\u00e3o pode faltar no seu itiner\u00e1rio pelo Algarve. <\/p>\t            <\/div>        <\/div>\t\t\t\t<\/div>\n\t\t\t\t<\/div>\n\t\t\t\t\t<\/div>\n\t\t<\/div>\n\t\t\t\t\t<\/div>\n\t\t<\/section>\n\t\t\t\t<\/div>\n\t\t","protected":false},"excerpt":{"rendered":"<p>Castelo dos Mouros Castelo Mouro em Silves O Castelo Mouro de Silves \u2013 uma viagem no tempo No topo da charmosa cidade de Silves ergue-se o impressionante castelo mouro, um dos mais belos e bem preservados castelos do Algarve. Com as suas muralhas avermelhadas, torres robustas e vistas deslumbrantes, este monumento hist\u00f3rico \u00e9 uma visita &#8230;<\/p>\n","protected":false},"author":1,"featured_media":0,"parent":0,"menu_order":0,"comment_status":"closed","ping_status":"closed","template":"template-wide-content.php","meta":{"cozystay_single_page_hide_site_header":"","cozystay_single_page_site_header_source":"","cozystay_single_page_custom_site_header":"0","cozystay_single_page_custom_sticky_site_header":"0","cozystay_single_page_hide_page_title":"","cozystay_single_page_header_section_size":"","cozystay_single_page_header_background_color":"","cozystay_single_page_header_background_position_x":"center","cozystay_single_page_header_background_position_y":"center","cozystay_single_page_header_background_size":"cover","cozystay_single_page_header_background_repeat":"off","cozystay_single_page_header_background_scroll":"on","cozystay_single_page_header_text_color":"","cozystay_single_page_header_show_breadcrumb":"","cozystay_single_page_site_footer_hide_main":"","cozystay_single_custom_site_footer_main_source":"","cozystay_single_custom_site_footer_main":"0","cozystay_single_page_site_footer_hide_above":"","cozystay_single_custom_site_footer_above_source":"","cozystay_single_custom_site_footer_above":"0","cozystay_single_page_site_footer_hide_instagram":"","cozystay_single_page_site_footer_hide_bottom":"","cozystay_single_custom_mobile_menu_source":"","cozystay_single_custom_mobile_menu":"0","cozystay_single_custom_mobile_menu_animation":"","cozystay_single_custom_mobile_menu_width":"","cozystay_single_custom_mobile_menu_custom_width":375,"footnotes":""},"class_list":["post-4104","page","type-page","status-publish","hentry"],"yoast_head":"<!-- This site is optimized with the Yoast SEO plugin v27.4 - https:\/\/yoast.com\/product\/yoast-seo-wordpress\/ -->\n<title>Castelo Mouro de Silves - CasaSusa<\/title>\n<meta name=\"description\" content=\"Charmosa cidade medieval de Silves, com casas tradicionais e um ambiente aut\u00eantico. O impressionante castelo vermelho de Silves \u00e9 uma visita obrigat\u00f3ria\" \/>\n<meta name=\"robots\" content=\"index, follow, max-snippet:-1, max-image-preview:large, max-video-preview:-1\" \/>\n<link rel=\"canonical\" href=\"https:\/\/www.casasusa.nl\/pt-pt\/castelo-mouro-de-silves\/\" \/>\n<meta property=\"og:locale\" content=\"pt_PT\" \/>\n<meta property=\"og:type\" content=\"article\" \/>\n<meta property=\"og:title\" content=\"Castelo Mouro de Silves - CasaSusa\" \/>\n<meta property=\"og:description\" content=\"Charmosa cidade medieval de Silves, com casas tradicionais e um ambiente aut\u00eantico. O impressionante castelo vermelho de Silves \u00e9 uma visita obrigat\u00f3ria\" \/>\n<meta property=\"og:url\" content=\"https:\/\/www.casasusa.nl\/pt-pt\/castelo-mouro-de-silves\/\" \/>\n<meta property=\"og:site_name\" content=\"CasaSusa\" \/>\n<meta property=\"article:publisher\" content=\"https:\/\/www.facebook.com\/people\/Casa-Susa\/61575870086034\/\" \/>\n<meta property=\"article:modified_time\" content=\"2026-04-23T16:29:43+00:00\" \/>\n<meta name=\"twitter:card\" content=\"summary_large_image\" \/>\n<meta name=\"twitter:label1\" content=\"Tempo estimado de leitura\" \/>\n\t<meta name=\"twitter:data1\" content=\"1 minuto\" \/>\n<script type=\"application\/ld+json\" class=\"yoast-schema-graph\">{\"@context\":\"https:\\\/\\\/schema.org\",\"@graph\":[{\"@type\":\"WebPage\",\"@id\":\"https:\\\/\\\/www.casasusa.nl\\\/pt-pt\\\/castelo-mouro-de-silves\\\/\",\"url\":\"https:\\\/\\\/www.casasusa.nl\\\/pt-pt\\\/castelo-mouro-de-silves\\\/\",\"name\":\"Castelo Mouro de Silves - CasaSusa\",\"isPartOf\":{\"@id\":\"https:\\\/\\\/www.casasusa.nl\\\/pt-pt\\\/#website\"},\"datePublished\":\"2026-01-18T05:54:08+00:00\",\"dateModified\":\"2026-04-23T16:29:43+00:00\",\"description\":\"Charmosa cidade medieval de Silves, com casas tradicionais e um ambiente aut\u00eantico. O impressionante castelo vermelho de Silves \u00e9 uma visita obrigat\u00f3ria\",\"breadcrumb\":{\"@id\":\"https:\\\/\\\/www.casasusa.nl\\\/pt-pt\\\/castelo-mouro-de-silves\\\/#breadcrumb\"},\"inLanguage\":\"pt-PT\",\"potentialAction\":[{\"@type\":\"ReadAction\",\"target\":[\"https:\\\/\\\/www.casasusa.nl\\\/pt-pt\\\/castelo-mouro-de-silves\\\/\"]}]},{\"@type\":\"BreadcrumbList\",\"@id\":\"https:\\\/\\\/www.casasusa.nl\\\/pt-pt\\\/castelo-mouro-de-silves\\\/#breadcrumb\",\"itemListElement\":[{\"@type\":\"ListItem\",\"position\":1,\"name\":\"Home\",\"item\":\"https:\\\/\\\/www.casasusa.nl\\\/pt-pt\\\/inicio\\\/\"},{\"@type\":\"ListItem\",\"position\":2,\"name\":\"Castelo Mouro de Silves\"}]},{\"@type\":\"WebSite\",\"@id\":\"https:\\\/\\\/www.casasusa.nl\\\/pt-pt\\\/#website\",\"url\":\"https:\\\/\\\/www.casasusa.nl\\\/pt-pt\\\/\",\"name\":\"Welkom bij CasaSusa\",\"description\":\"Schitterende woning in het centrum van historisch Silves\",\"potentialAction\":[{\"@type\":\"SearchAction\",\"target\":{\"@type\":\"EntryPoint\",\"urlTemplate\":\"https:\\\/\\\/www.casasusa.nl\\\/pt-pt\\\/?s={search_term_string}\"},\"query-input\":{\"@type\":\"PropertyValueSpecification\",\"valueRequired\":true,\"valueName\":\"search_term_string\"}}],\"inLanguage\":\"pt-PT\"}]}<\/script>\n<!-- \/ Yoast SEO plugin. -->","yoast_head_json":{"title":"Castelo Mouro de Silves - CasaSusa","description":"Charmosa cidade medieval de Silves, com casas tradicionais e um ambiente aut\u00eantico. O impressionante castelo vermelho de Silves \u00e9 uma visita obrigat\u00f3ria","robots":{"index":"index","follow":"follow","max-snippet":"max-snippet:-1","max-image-preview":"max-image-preview:large","max-video-preview":"max-video-preview:-1"},"canonical":"https:\/\/www.casasusa.nl\/pt-pt\/castelo-mouro-de-silves\/","og_locale":"pt_PT","og_type":"article","og_title":"Castelo Mouro de Silves - CasaSusa","og_description":"Charmosa cidade medieval de Silves, com casas tradicionais e um ambiente aut\u00eantico. O impressionante castelo vermelho de Silves \u00e9 uma visita obrigat\u00f3ria","og_url":"https:\/\/www.casasusa.nl\/pt-pt\/castelo-mouro-de-silves\/","og_site_name":"CasaSusa","article_publisher":"https:\/\/www.facebook.com\/people\/Casa-Susa\/61575870086034\/","article_modified_time":"2026-04-23T16:29:43+00:00","twitter_card":"summary_large_image","twitter_misc":{"Tempo estimado de leitura":"1 minuto"},"schema":{"@context":"https:\/\/schema.org","@graph":[{"@type":"WebPage","@id":"https:\/\/www.casasusa.nl\/pt-pt\/castelo-mouro-de-silves\/","url":"https:\/\/www.casasusa.nl\/pt-pt\/castelo-mouro-de-silves\/","name":"Castelo Mouro de Silves - CasaSusa","isPartOf":{"@id":"https:\/\/www.casasusa.nl\/pt-pt\/#website"},"datePublished":"2026-01-18T05:54:08+00:00","dateModified":"2026-04-23T16:29:43+00:00","description":"Charmosa cidade medieval de Silves, com casas tradicionais e um ambiente aut\u00eantico. O impressionante castelo vermelho de Silves \u00e9 uma visita obrigat\u00f3ria","breadcrumb":{"@id":"https:\/\/www.casasusa.nl\/pt-pt\/castelo-mouro-de-silves\/#breadcrumb"},"inLanguage":"pt-PT","potentialAction":[{"@type":"ReadAction","target":["https:\/\/www.casasusa.nl\/pt-pt\/castelo-mouro-de-silves\/"]}]},{"@type":"BreadcrumbList","@id":"https:\/\/www.casasusa.nl\/pt-pt\/castelo-mouro-de-silves\/#breadcrumb","itemListElement":[{"@type":"ListItem","position":1,"name":"Home","item":"https:\/\/www.casasusa.nl\/pt-pt\/inicio\/"},{"@type":"ListItem","position":2,"name":"Castelo Mouro de Silves"}]},{"@type":"WebSite","@id":"https:\/\/www.casasusa.nl\/pt-pt\/#website","url":"https:\/\/www.casasusa.nl\/pt-pt\/","name":"Welkom bij CasaSusa","description":"Schitterende woning in het centrum van historisch Silves","potentialAction":[{"@type":"SearchAction","target":{"@type":"EntryPoint","urlTemplate":"https:\/\/www.casasusa.nl\/pt-pt\/?s={search_term_string}"},"query-input":{"@type":"PropertyValueSpecification","valueRequired":true,"valueName":"search_term_string"}}],"inLanguage":"pt-PT"}]}},"_links":{"self":[{"href":"https:\/\/www.casasusa.nl\/pt-pt\/wp-json\/wp\/v2\/pages\/4104","targetHints":{"allow":["GET"]}}],"collection":[{"href":"https:\/\/www.casasusa.nl\/pt-pt\/wp-json\/wp\/v2\/pages"}],"about":[{"href":"https:\/\/www.casasusa.nl\/pt-pt\/wp-json\/wp\/v2\/types\/page"}],"author":[{"embeddable":true,"href":"https:\/\/www.casasusa.nl\/pt-pt\/wp-json\/wp\/v2\/users\/1"}],"replies":[{"embeddable":true,"href":"https:\/\/www.casasusa.nl\/pt-pt\/wp-json\/wp\/v2\/comments?post=4104"}],"version-history":[{"count":1,"href":"https:\/\/www.casasusa.nl\/pt-pt\/wp-json\/wp\/v2\/pages\/4104\/revisions"}],"predecessor-version":[{"id":4121,"href":"https:\/\/www.casasusa.nl\/pt-pt\/wp-json\/wp\/v2\/pages\/4104\/revisions\/4121"}],"wp:attachment":[{"href":"https:\/\/www.casasusa.nl\/pt-pt\/wp-json\/wp\/v2\/media?parent=4104"}],"curies":[{"name":"wp","href":"https:\/\/api.w.org\/{rel}","templated":true}]}}