{"id":4603,"date":"2026-01-20T21:01:42","date_gmt":"2026-01-20T20:01:42","guid":{"rendered":"https:\/\/www.casasusa.nl\/preguntas-frecuentes\/"},"modified":"2026-05-01T11:46:35","modified_gmt":"2026-05-01T10:46:35","slug":"preguntas-frecuentes","status":"publish","type":"page","link":"https:\/\/www.casasusa.nl\/es\/preguntas-frecuentes\/","title":{"rendered":"Preguntas frecuentes"},"content":{"rendered":"\t\t<div data-elementor-type=\"wp-page\" data-elementor-id=\"4603\" class=\"elementor elementor-4603 elementor-3117\">\n\t\t\t\t\t\t<section class=\"elementor-section elementor-top-section elementor-element elementor-element-63b9756b elementor-section-content-middle elementor-section-full_width elementor-section-height-default elementor-section-height-default\" data-id=\"63b9756b\" data-element_type=\"section\" data-e-type=\"section\" data-settings=\"{&quot;background_background&quot;:&quot;classic&quot;}\">\n\t\t\t\t\t\t<div class=\"elementor-container elementor-column-gap-no\">\n\t\t\t\t\t<div class=\"elementor-column elementor-col-50 elementor-top-column elementor-element elementor-element-6757bbd4\" data-id=\"6757bbd4\" data-element_type=\"column\" data-e-type=\"column\" data-settings=\"{&quot;background_background&quot;:&quot;classic&quot;}\">\n\t\t\t<div class=\"elementor-widget-wrap elementor-element-populated\">\n\t\t\t\t\t\t<div class=\"elementor-element elementor-element-1828d971 elementor-widget elementor-widget-spacer\" data-id=\"1828d971\" data-element_type=\"widget\" data-e-type=\"widget\" data-widget_type=\"spacer.default\">\n\t\t\t\t<div class=\"elementor-widget-container\">\n\t\t\t\t\t\t\t<div class=\"elementor-spacer\">\n\t\t\t<div class=\"elementor-spacer-inner\"><\/div>\n\t\t<\/div>\n\t\t\t\t\t\t<\/div>\n\t\t\t\t<\/div>\n\t\t\t\t\t<\/div>\n\t\t<\/div>\n\t\t\t\t<div class=\"elementor-column elementor-col-50 elementor-top-column elementor-element elementor-element-2ffc14c5\" data-id=\"2ffc14c5\" data-element_type=\"column\" data-e-type=\"column\">\n\t\t\t<div class=\"elementor-widget-wrap elementor-element-populated\">\n\t\t\t\t\t\t<div class=\"elementor-element elementor-element-7395f9a9 elementor-widget elementor-widget-cs_title\" data-id=\"7395f9a9\" data-element_type=\"widget\" data-e-type=\"widget\" data-widget_type=\"cs_title.default\">\n\t\t\t\t<div class=\"elementor-widget-container\">\n\t\t\t\t\t\n        <div class=\"cs-title-wrap text-center-mobile\">\t            <h6 class=\"cs-title\">\n\t                Preguntas frecuentes\t            <\/h6>\t            <div class=\"cs-title-text\">\n\t                <h5 data-start=\"343\" data-end=\"357\"><strong data-start=\"358\" data-end=\"382\">\u00bfD\u00f3nde se encuentra la vivienda?<\/strong><br data-start=\"382\" data-end=\"385\">Nuestra casa de vacaciones est\u00e1 situada en la tranquila y aut\u00e9ntica <strong data-start=\"440\" data-end=\"450\">Silves<\/strong>, en el centro del Algarve. El casco hist\u00f3rico, los restaurantes y las tiendas est\u00e1n a poca distancia a pie, y las playas del Algarve se encuentran a menos de 20 minutos en coche. <br><br><strong data-start=\"628\" data-end=\"679\">\u00bfLa vivienda es adecuada para familias o parejas?<\/strong><br data-start=\"679\" data-end=\"682\">La casa es ideal para parejas, familias o amigos que quieran disfrutar de unas vacaciones relajadas en un entorno tranquilo.<br><br><strong data-start=\"854\" data-end=\"880\">\u00bfC\u00f3mo funciona el registro de entrada?<\/strong><br data-start=\"880\" data-end=\"883\">La vivienda cuenta con un sistema de <strong data-start=\"903\" data-end=\"925\">entrada sin llave Nuki<\/strong>. El d\u00eda de tu llegada recibir\u00e1s un c\u00f3digo de acceso personal a trav\u00e9s de la aplicaci\u00f3n Nuki o por SMS, para que puedas hacer el registro de entrada de forma aut\u00f3noma. <br><br><strong data-start=\"1056\" data-end=\"1115\">\u00bfA partir de qu\u00e9 hora puedo entrar y hasta qu\u00e9 hora debo salir?<\/strong><\/h5><h5 data-start=\"1120\" data-end=\"1196\">Entrada: a partir de la hora acordada (se indicar\u00e1 en la confirmaci\u00f3n)<br>Salida: como m\u00e1ximo a la hora acordada<br>Es posible acordar otros horarios previa consulta.<br><br><strong data-start=\"1288\" data-end=\"1337\">\u00bfHay alguien disponible durante la estancia?<\/strong><br data-start=\"1337\" data-end=\"1340\">S\u00ed, siempre estamos disponibles para cualquier pregunta o ayuda que necesites.<br><br><strong data-start=\"1431\" data-end=\"1460\">\u00bfHay aparcamiento?<\/strong><br data-start=\"1460\" data-end=\"1463\">\u00a1S\u00ed! Hay <strong data-start=\"1475\" data-end=\"1510\">plazas de aparcamiento p\u00fablicas gratuitas<\/strong> disponibles en las inmediaciones de la casa y <strong data-start=\"1563\" data-end=\"1579\">delante de la puerta<\/strong>.  No es necesario reservar.<br><br><strong data-start=\"1610\" data-end=\"1636\">\u00bfNecesito un coche?<\/strong><br data-start=\"1636\" data-end=\"1639\">Un coche es \u00fatil para explorar el Algarve, pero para visitar el centro hist\u00f3rico de Silves puedes ir perfectamente a pie.<br><br><strong data-start=\"1796\" data-end=\"1820\">\u00bfHay wifi\/internet?<\/strong><br data-start=\"1820\" data-end=\"1823\">S\u00ed, la casa tiene <strong data-start=\"1843\" data-end=\"1858\">wifi gratuito<\/strong>. Los datos de acceso se encuentran en la carpeta de informaci\u00f3n. <br><br><strong data-start=\"1902\" data-end=\"1952\">\u00bfHay informaci\u00f3n disponible sobre los alrededores?<\/strong><br data-start=\"1952\" data-end=\"1955\">\u00a1S\u00ed! En la casa encontrar\u00e1s una <strong data-start=\"1981\" data-end=\"1993\">carpeta de informaci\u00f3n<\/strong> con consejos pr\u00e1cticos, normas de la casa, restaurantes, excursiones y lugares de inter\u00e9s local. <br><br><strong data-start=\"2106\" data-end=\"2151\">\u00bfCu\u00e1l es la edad m\u00ednima para reservar?<\/strong><br data-start=\"2151\" data-end=\"2154\">La edad m\u00ednima es de <strong data-start=\"2178\" data-end=\"2189\">21 a\u00f1os<\/strong>. La persona que realiza la reserva debe estar presente durante la estancia. <br><br><strong data-start=\"2254\" data-end=\"2285\">\u00bfSe admiten mascotas?<\/strong><br data-start=\"2285\" data-end=\"2288\">No, no se admiten <strong data-start=\"2293\" data-end=\"2320\">mascotas (tampoco perros)<\/strong>.<br><br><strong data-start=\"2346\" data-end=\"2372\">\u00bfSe permite fumar?<\/strong><br data-start=\"2372\" data-end=\"2375\">No est\u00e1 <strong data-start=\"2384\" data-end=\"2416\">permitido fumar dentro de la casa<\/strong>. Se permite fumar fuera, siempre que las ventanas y puertas permanezcan cerradas. <br><br><strong data-start=\"2488\" data-end=\"2531\">\u00bfSe permiten fiestas o eventos?<\/strong><br data-start=\"2531\" data-end=\"2534\">No, no se permiten fiestas, eventos ni ruidos molestos. Te pedimos que tengas en cuenta a los vecinos. <br><br><strong data-start=\"2671\" data-end=\"2698\">\u00bfEs segura la vivienda?<\/strong><br data-start=\"2698\" data-end=\"2701\">S\u00ed, la casa cuenta con varias medidas de seguridad:<br><strong data-start=\"2760\" data-end=\"2778\">Timbre inteligente<\/strong> en la puerta principal<br><strong data-start=\"2799\" data-end=\"2838\">C\u00e1mara de seguridad en la terraza de la azotea<\/strong> (orientada al exterior, no a los espacios interiores)<br><strong data-start=\"2893\" data-end=\"2907\">Detector de humo<\/strong> y <strong data-start=\"2911\" data-end=\"2927\">extintor de incendios<br><br><\/strong><strong data-start=\"2929\" data-end=\"2968\">\u00bfSe utilizan c\u00e1maras en el interior?<\/strong><br data-start=\"2968\" data-end=\"2971\">No, <strong data-start=\"2984\" data-end=\"3007\">no hay c\u00e1maras en el interior<\/strong>. La privacidad de nuestros hu\u00e9spedes es lo primero. <br><br><strong data-start=\"3085\" data-end=\"3104\">\u00bfHay que pagar fianza?<\/strong><br data-start=\"3104\" data-end=\"3107\">En caso de que sea aplicable, la fianza se comunicar\u00e1 con antelaci\u00f3n. Se reembolsar\u00e1 despu\u00e9s de la salida, siempre que todo se haya dejado en orden y no haya da\u00f1os. <br><br><strong data-start=\"3263\" data-end=\"3302\">\u00bfCu\u00e1les son las condiciones de cancelaci\u00f3n?<\/strong><br data-start=\"3302\" data-end=\"3305\">La cancelaci\u00f3n debe realizarse por escrito. Los posibles gastos de cancelaci\u00f3n se comunicar\u00e1n al realizar la reserva. Recomendamos contratar un seguro de viaje y de cancelaci\u00f3n.  <br><br><strong data-start=\"3495\" data-end=\"3524\">\u00bfA qu\u00e9 distancia est\u00e1n las playas?<\/strong><br data-start=\"3524\" data-end=\"3527\">Las playas m\u00e1s bonitas del Algarve est\u00e1n a <strong data-start=\"3579\" data-end=\"3596\">20 minutos<\/strong> en coche. Playas populares como Praia da Rocha, Praia do Carvoeiro y Praia de Arma\u00e7\u00e3o de P\u00eara est\u00e1n muy cerca. <br><br><strong data-start=\"3713\" data-end=\"3760\">\u00bfHay restaurantes y tiendas cerca?<\/strong><br data-start=\"3760\" data-end=\"3763\">S\u00ed, el centro hist\u00f3rico de Silves cuenta con varios restaurantes, cafeter\u00edas y tiendas. Encontrar\u00e1s recomendaciones locales en la carpeta de informaci\u00f3n. <br><br><strong data-start=\"3890\" data-end=\"3898\">Consejo:<\/strong> \u00a1La carpeta de informaci\u00f3n de la casa tambi\u00e9n incluye mapas, bonitas rutas de senderismo y consejos personales sobre excursiones y restaurantes que la mayor\u00eda de los turistas se pierden!<\/h5>\t            <\/div>        <\/div>\t\t\t\t<\/div>\n\t\t\t\t<\/div>\n\t\t\t\t\t<\/div>\n\t\t<\/div>\n\t\t\t\t\t<\/div>\n\t\t<\/section>\n\t\t\t\t<\/div>\n\t\t","protected":false},"excerpt":{"rendered":"<p>Preguntas frecuentes \u00bfD\u00f3nde se encuentra la vivienda?Nuestra casa de vacaciones est\u00e1 situada en la tranquila y aut\u00e9ntica Silves, en el centro del Algarve. El casco hist\u00f3rico, los restaurantes y las tiendas est\u00e1n a poca distancia a pie, y las playas del Algarve se encuentran a menos de 20 minutos en coche. \u00bfLa vivienda es adecuada &#8230;<\/p>\n","protected":false},"author":1,"featured_media":0,"parent":0,"menu_order":0,"comment_status":"closed","ping_status":"closed","template":"elementor_header_footer","meta":{"cozystay_single_page_hide_site_header":"","cozystay_single_page_site_header_source":"","cozystay_single_page_custom_site_header":"0","cozystay_single_page_custom_sticky_site_header":"0","cozystay_single_page_hide_page_title":"","cozystay_single_page_header_section_size":"","cozystay_single_page_header_background_color":"","cozystay_single_page_header_background_position_x":"center","cozystay_single_page_header_background_position_y":"center","cozystay_single_page_header_background_size":"cover","cozystay_single_page_header_background_repeat":"off","cozystay_single_page_header_background_scroll":"on","cozystay_single_page_header_text_color":"","cozystay_single_page_header_show_breadcrumb":"","cozystay_single_page_site_footer_hide_main":"","cozystay_single_custom_site_footer_main_source":"","cozystay_single_custom_site_footer_main":"0","cozystay_single_page_site_footer_hide_above":"","cozystay_single_custom_site_footer_above_source":"","cozystay_single_custom_site_footer_above":"0","cozystay_single_page_site_footer_hide_instagram":"","cozystay_single_page_site_footer_hide_bottom":"","cozystay_single_custom_mobile_menu_source":"","cozystay_single_custom_mobile_menu":"0","cozystay_single_custom_mobile_menu_animation":"","cozystay_single_custom_mobile_menu_width":"","cozystay_single_custom_mobile_menu_custom_width":375,"footnotes":""},"class_list":["post-4603","page","type-page","status-publish","hentry"],"yoast_head":"<!-- This site is optimized with the Yoast SEO plugin v27.5 - https:\/\/yoast.com\/product\/yoast-seo-wordpress\/ -->\n<title>Preguntas frecuentes - CasaSusa<\/title>\n<meta name=\"description\" content=\"Una de las preguntas que m\u00e1s nos hacen es si hay internet y wifi disponible; por supuesto, el aire acondicionado tampoco puede faltar.\" \/>\n<meta name=\"robots\" content=\"index, follow, max-snippet:-1, max-image-preview:large, max-video-preview:-1\" \/>\n<link rel=\"canonical\" href=\"https:\/\/www.casasusa.nl\/es\/preguntas-frecuentes\/\" \/>\n<meta property=\"og:locale\" content=\"es_ES\" \/>\n<meta property=\"og:type\" content=\"article\" \/>\n<meta property=\"og:title\" content=\"Preguntas frecuentes - CasaSusa\" \/>\n<meta property=\"og:description\" content=\"Una de las preguntas que m\u00e1s nos hacen es si hay internet y wifi disponible; por supuesto, el aire acondicionado tampoco puede faltar.\" \/>\n<meta property=\"og:url\" content=\"https:\/\/www.casasusa.nl\/es\/preguntas-frecuentes\/\" \/>\n<meta property=\"og:site_name\" content=\"CasaSusa\" \/>\n<meta property=\"article:publisher\" content=\"https:\/\/www.facebook.com\/people\/Casa-Susa\/61575870086034\/\" \/>\n<meta property=\"article:modified_time\" content=\"2026-05-01T10:46:35+00:00\" \/>\n<meta name=\"twitter:card\" content=\"summary_large_image\" \/>\n<meta name=\"twitter:label1\" content=\"Tiempo de lectura\" \/>\n\t<meta name=\"twitter:data1\" content=\"3 minutos\" \/>\n<script type=\"application\/ld+json\" class=\"yoast-schema-graph\">{\"@context\":\"https:\\\/\\\/schema.org\",\"@graph\":[{\"@type\":\"WebPage\",\"@id\":\"https:\\\/\\\/www.casasusa.nl\\\/es\\\/preguntas-frecuentes\\\/\",\"url\":\"https:\\\/\\\/www.casasusa.nl\\\/es\\\/preguntas-frecuentes\\\/\",\"name\":\"Preguntas frecuentes - CasaSusa\",\"isPartOf\":{\"@id\":\"https:\\\/\\\/www.casasusa.nl\\\/es\\\/#website\"},\"datePublished\":\"2026-01-20T20:01:42+00:00\",\"dateModified\":\"2026-05-01T10:46:35+00:00\",\"description\":\"Una de las preguntas que m\u00e1s nos hacen es si hay internet y wifi disponible; por supuesto, el aire acondicionado tampoco puede faltar.\",\"breadcrumb\":{\"@id\":\"https:\\\/\\\/www.casasusa.nl\\\/es\\\/preguntas-frecuentes\\\/#breadcrumb\"},\"inLanguage\":\"es\",\"potentialAction\":[{\"@type\":\"ReadAction\",\"target\":[\"https:\\\/\\\/www.casasusa.nl\\\/es\\\/preguntas-frecuentes\\\/\"]}]},{\"@type\":\"BreadcrumbList\",\"@id\":\"https:\\\/\\\/www.casasusa.nl\\\/es\\\/preguntas-frecuentes\\\/#breadcrumb\",\"itemListElement\":[{\"@type\":\"ListItem\",\"position\":1,\"name\":\"Home\",\"item\":\"https:\\\/\\\/www.casasusa.nl\\\/es\\\/inicio\\\/\"},{\"@type\":\"ListItem\",\"position\":2,\"name\":\"Preguntas frecuentes\"}]},{\"@type\":\"WebSite\",\"@id\":\"https:\\\/\\\/www.casasusa.nl\\\/es\\\/#website\",\"url\":\"https:\\\/\\\/www.casasusa.nl\\\/es\\\/\",\"name\":\"Welkom bij CasaSusa\",\"description\":\"Schitterende woning in het centrum van historisch Silves\",\"potentialAction\":[{\"@type\":\"SearchAction\",\"target\":{\"@type\":\"EntryPoint\",\"urlTemplate\":\"https:\\\/\\\/www.casasusa.nl\\\/es\\\/?s={search_term_string}\"},\"query-input\":{\"@type\":\"PropertyValueSpecification\",\"valueRequired\":true,\"valueName\":\"search_term_string\"}}],\"inLanguage\":\"es\"}]}<\/script>\n<!-- \/ Yoast SEO plugin. -->","yoast_head_json":{"title":"Preguntas frecuentes - CasaSusa","description":"Una de las preguntas que m\u00e1s nos hacen es si hay internet y wifi disponible; por supuesto, el aire acondicionado tampoco puede faltar.","robots":{"index":"index","follow":"follow","max-snippet":"max-snippet:-1","max-image-preview":"max-image-preview:large","max-video-preview":"max-video-preview:-1"},"canonical":"https:\/\/www.casasusa.nl\/es\/preguntas-frecuentes\/","og_locale":"es_ES","og_type":"article","og_title":"Preguntas frecuentes - CasaSusa","og_description":"Una de las preguntas que m\u00e1s nos hacen es si hay internet y wifi disponible; por supuesto, el aire acondicionado tampoco puede faltar.","og_url":"https:\/\/www.casasusa.nl\/es\/preguntas-frecuentes\/","og_site_name":"CasaSusa","article_publisher":"https:\/\/www.facebook.com\/people\/Casa-Susa\/61575870086034\/","article_modified_time":"2026-05-01T10:46:35+00:00","twitter_card":"summary_large_image","twitter_misc":{"Tiempo de lectura":"3 minutos"},"schema":{"@context":"https:\/\/schema.org","@graph":[{"@type":"WebPage","@id":"https:\/\/www.casasusa.nl\/es\/preguntas-frecuentes\/","url":"https:\/\/www.casasusa.nl\/es\/preguntas-frecuentes\/","name":"Preguntas frecuentes - CasaSusa","isPartOf":{"@id":"https:\/\/www.casasusa.nl\/es\/#website"},"datePublished":"2026-01-20T20:01:42+00:00","dateModified":"2026-05-01T10:46:35+00:00","description":"Una de las preguntas que m\u00e1s nos hacen es si hay internet y wifi disponible; por supuesto, el aire acondicionado tampoco puede faltar.","breadcrumb":{"@id":"https:\/\/www.casasusa.nl\/es\/preguntas-frecuentes\/#breadcrumb"},"inLanguage":"es","potentialAction":[{"@type":"ReadAction","target":["https:\/\/www.casasusa.nl\/es\/preguntas-frecuentes\/"]}]},{"@type":"BreadcrumbList","@id":"https:\/\/www.casasusa.nl\/es\/preguntas-frecuentes\/#breadcrumb","itemListElement":[{"@type":"ListItem","position":1,"name":"Home","item":"https:\/\/www.casasusa.nl\/es\/inicio\/"},{"@type":"ListItem","position":2,"name":"Preguntas frecuentes"}]},{"@type":"WebSite","@id":"https:\/\/www.casasusa.nl\/es\/#website","url":"https:\/\/www.casasusa.nl\/es\/","name":"Welkom bij CasaSusa","description":"Schitterende woning in het centrum van historisch Silves","potentialAction":[{"@type":"SearchAction","target":{"@type":"EntryPoint","urlTemplate":"https:\/\/www.casasusa.nl\/es\/?s={search_term_string}"},"query-input":{"@type":"PropertyValueSpecification","valueRequired":true,"valueName":"search_term_string"}}],"inLanguage":"es"}]}},"_links":{"self":[{"href":"https:\/\/www.casasusa.nl\/es\/wp-json\/wp\/v2\/pages\/4603","targetHints":{"allow":["GET"]}}],"collection":[{"href":"https:\/\/www.casasusa.nl\/es\/wp-json\/wp\/v2\/pages"}],"about":[{"href":"https:\/\/www.casasusa.nl\/es\/wp-json\/wp\/v2\/types\/page"}],"author":[{"embeddable":true,"href":"https:\/\/www.casasusa.nl\/es\/wp-json\/wp\/v2\/users\/1"}],"replies":[{"embeddable":true,"href":"https:\/\/www.casasusa.nl\/es\/wp-json\/wp\/v2\/comments?post=4603"}],"version-history":[{"count":1,"href":"https:\/\/www.casasusa.nl\/es\/wp-json\/wp\/v2\/pages\/4603\/revisions"}],"predecessor-version":[{"id":4606,"href":"https:\/\/www.casasusa.nl\/es\/wp-json\/wp\/v2\/pages\/4603\/revisions\/4606"}],"wp:attachment":[{"href":"https:\/\/www.casasusa.nl\/es\/wp-json\/wp\/v2\/media?parent=4603"}],"curies":[{"name":"wp","href":"https:\/\/api.w.org\/{rel}","templated":true}]}}