{"id":4579,"date":"2026-01-20T19:35:54","date_gmt":"2026-01-20T18:35:54","guid":{"rendered":"https:\/\/www.casasusa.nl\/seguridad-y-privacidad\/"},"modified":"2026-05-01T11:45:54","modified_gmt":"2026-05-01T10:45:54","slug":"seguridad-y-privacidad","status":"publish","type":"page","link":"https:\/\/www.casasusa.nl\/es\/seguridad-y-privacidad\/","title":{"rendered":"Seguridad y privacidad"},"content":{"rendered":"\t\t<div data-elementor-type=\"wp-page\" data-elementor-id=\"4579\" class=\"elementor elementor-4579 elementor-3094\">\n\t\t\t\t\t\t<section class=\"elementor-section elementor-top-section elementor-element elementor-element-683ab55 elementor-section-content-middle elementor-section-full_width elementor-section-height-default elementor-section-height-default\" data-id=\"683ab55\" data-element_type=\"section\" data-e-type=\"section\" data-settings=\"{&quot;background_background&quot;:&quot;classic&quot;}\">\n\t\t\t\t\t\t<div class=\"elementor-container elementor-column-gap-no\">\n\t\t\t\t\t<div class=\"elementor-column elementor-col-50 elementor-top-column elementor-element elementor-element-3e63cd63\" data-id=\"3e63cd63\" data-element_type=\"column\" data-e-type=\"column\" data-settings=\"{&quot;background_background&quot;:&quot;classic&quot;}\">\n\t\t\t<div class=\"elementor-widget-wrap elementor-element-populated\">\n\t\t\t\t\t\t<div class=\"elementor-element elementor-element-6b3b7a9b elementor-widget elementor-widget-spacer\" data-id=\"6b3b7a9b\" data-element_type=\"widget\" data-e-type=\"widget\" data-widget_type=\"spacer.default\">\n\t\t\t\t<div class=\"elementor-widget-container\">\n\t\t\t\t\t\t\t<div class=\"elementor-spacer\">\n\t\t\t<div class=\"elementor-spacer-inner\"><\/div>\n\t\t<\/div>\n\t\t\t\t\t\t<\/div>\n\t\t\t\t<\/div>\n\t\t\t\t\t<\/div>\n\t\t<\/div>\n\t\t\t\t<div class=\"elementor-column elementor-col-50 elementor-top-column elementor-element elementor-element-43177026\" data-id=\"43177026\" data-element_type=\"column\" data-e-type=\"column\">\n\t\t\t<div class=\"elementor-widget-wrap elementor-element-populated\">\n\t\t\t\t\t\t<div class=\"elementor-element elementor-element-2bb8a7a3 elementor-widget elementor-widget-cs_title\" data-id=\"2bb8a7a3\" data-element_type=\"widget\" data-e-type=\"widget\" data-widget_type=\"cs_title.default\">\n\t\t\t\t<div class=\"elementor-widget-container\">\n\t\t\t\t\t\n        <div class=\"cs-title-wrap text-center-mobile\">\t            <h6 class=\"cs-title\">\n\t                Privacidad y seguridad\t            <\/h6>\t            <div class=\"cs-title-text\">\n\t                <h5 data-start=\"288\" data-end=\"492\">Valoramos mucho tu privacidad y seguridad. A continuaci\u00f3n, explicamos de forma transparente qu\u00e9 medidas de seguridad se utilizan en la casa de vacaciones y sus alrededores, y c\u00f3mo tratamos los datos personales. <\/h5><h5 data-start=\"494\" data-end=\"515\">Timbre inteligente<\/h5><ul data-start=\"516\" data-end=\"837\"><li data-start=\"516\" data-end=\"585\"><h5 data-start=\"518\" data-end=\"585\">En la puerta principal hay instalado un timbre inteligente con c\u00e1mara.<\/h5><\/li><li data-start=\"586\" data-end=\"661\"><h5 data-start=\"588\" data-end=\"661\">Este se utiliza exclusivamente para la seguridad y el control de acceso.<\/h5><\/li><li data-start=\"662\" data-end=\"737\"><h5 data-start=\"664\" data-end=\"737\">El timbre inteligente est\u00e1 orientado hacia la puerta principal y no hacia los espacios interiores.<\/h5><\/li><li data-start=\"738\" data-end=\"837\"><h5 data-start=\"740\" data-end=\"837\">Las im\u00e1genes <strong data-start=\"755\" data-end=\"782\">no <\/strong>se monitorizan continuamente y solo se revisan en caso de incidentes o dudas sobre la seguridad.<\/h5><\/li><\/ul><h5 data-start=\"839\" data-end=\"874\">C\u00e1mara de seguridad en la terraza de la azotea<\/h5><ul data-start=\"875\" data-end=\"1114\"><li data-start=\"875\" data-end=\"938\"><h5 data-start=\"877\" data-end=\"938\">En la terraza de la azotea se ha instalado una <strong>c\u00e1mara de seguridad<\/strong>.<\/h5><\/li><li data-start=\"939\" data-end=\"1037\"><h5 data-start=\"941\" data-end=\"1037\">La c\u00e1mara est\u00e1 orientada exclusivamente al <strong data-start=\"981\" data-end=\"998\">exterior<\/strong> y <strong data-start=\"1014\" data-end=\"1036\">no registra espacios interiores<\/strong>.<\/h5><\/li><li data-start=\"1038\" data-end=\"1114\"><h5 data-start=\"1040\" data-end=\"1114\">La c\u00e1mara est\u00e1 destinada a la protecci\u00f3n de los hu\u00e9spedes, de la propiedad y de la vivienda.<\/h5><\/li><\/ul><h5 data-start=\"1116\" data-end=\"1138\">Seguridad contra incendios<\/h5><ul data-start=\"1139\" data-end=\"1311\"><li data-start=\"1139\" data-end=\"1199\"><h5 data-start=\"1141\" data-end=\"1199\">La vivienda est\u00e1 equipada con un <strong data-start=\"1171\" data-end=\"1198\">detector de humo <\/strong>(alarma de incendios).<\/h5><\/li><li data-start=\"1200\" data-end=\"1256\"><h5 data-start=\"1202\" data-end=\"1256\">Hay un <strong data-start=\"1212\" data-end=\"1228\">extintor<\/strong> disponible para emergencias.<\/h5><\/li><li data-start=\"1257\" data-end=\"1311\"><h5 data-start=\"1259\" data-end=\"1311\">Estos dispositivos <strong data-start=\"1285\" data-end=\"1310\">no recopilan datos personales<\/strong>.<\/h5><\/li><\/ul><h5 data-start=\"1313\" data-end=\"1355\">Almacenamiento y uso de im\u00e1genes de c\u00e1mara<\/h5><ul data-start=\"1356\" data-end=\"1638\"><li data-start=\"1356\" data-end=\"1467\"><h5 data-start=\"1358\" data-end=\"1467\">Las im\u00e1genes de las c\u00e1maras se <strong data-start=\"1379\" data-end=\"1400\">almacenan de forma segura<\/strong> y <strong data-start=\"1404\" data-end=\"1431\">no <\/strong>se comparten con terceros, a menos que sea obligatorio por ley.<\/h5><\/li><li data-start=\"1468\" data-end=\"1567\"><h5 data-start=\"1470\" data-end=\"1567\">Las im\u00e1genes <strong data-start=\"1485\" data-end=\"1525\">no<\/strong> se conservan m\u00e1s tiempo del necesario para el fin con el que fueron grabadas.<\/h5><\/li><li data-start=\"1568\" data-end=\"1638\"><h5 data-start=\"1570\" data-end=\"1638\">Las im\u00e1genes de las c\u00e1maras <strong data-start=\"1591\" data-end=\"1637\">nunca <\/strong>se utilizan para fines comerciales.<\/h5><\/li><\/ul><h5 data-start=\"1640\" data-end=\"1667\">Base legal<\/h5><ul data-start=\"1668\" data-end=\"1888\"><li data-start=\"1668\" data-end=\"1805\"><h5 data-start=\"1670\" data-end=\"1805\">El uso de c\u00e1maras se basa en el <strong data-start=\"1715\" data-end=\"1741\">inter\u00e9s leg\u00edtimo<\/strong> de seguridad y protecci\u00f3n de la propiedad (RGPD art. 6, apartado 1f).<\/h5><\/li><li data-start=\"1806\" data-end=\"1888\"><h5 data-start=\"1808\" data-end=\"1888\">Al acceder a la propiedad, aceptas estas medidas de seguridad.<\/h5><\/li><\/ul><h5 data-start=\"1890\" data-end=\"1906\">Importante<\/h5><ul data-start=\"1907\" data-end=\"2077\"><li data-start=\"1907\" data-end=\"1997\"><h5 data-start=\"1909\" data-end=\"1997\">No est\u00e1 permitido desconectar, cubrir o manipular los equipos de seguridad.<\/h5><\/li><li data-start=\"1998\" data-end=\"2077\"><h5 data-start=\"2000\" data-end=\"2077\">Si tienes preguntas sobre la privacidad o el acceso a los datos, puedes ponerte en contacto con nosotros.<\/h5><\/li><\/ul><hr data-start=\"2079\" data-end=\"2082\"><h5 data-start=\"2084\" data-end=\"2210\">Esta informaci\u00f3n cumple con las directrices del RGPD\/GDPR y tiene como objetivo ser totalmente transparente con nuestros hu\u00e9spedes.<\/h5>\t            <\/div>        <\/div>\t\t\t\t<\/div>\n\t\t\t\t<\/div>\n\t\t\t\t\t<\/div>\n\t\t<\/div>\n\t\t\t\t\t<\/div>\n\t\t<\/section>\n\t\t\t\t<\/div>\n\t\t","protected":false},"excerpt":{"rendered":"<p>Privacidad y seguridad Valoramos mucho tu privacidad y seguridad. A continuaci\u00f3n, explicamos de forma transparente qu\u00e9 medidas de seguridad se utilizan en la casa de vacaciones y sus alrededores, y c\u00f3mo tratamos los datos personales. Timbre inteligente En la puerta principal hay instalado un timbre inteligente con c\u00e1mara. Este se utiliza exclusivamente para la seguridad &#8230;<\/p>\n","protected":false},"author":1,"featured_media":0,"parent":0,"menu_order":0,"comment_status":"closed","ping_status":"closed","template":"elementor_header_footer","meta":{"cozystay_single_page_hide_site_header":"","cozystay_single_page_site_header_source":"","cozystay_single_page_custom_site_header":"0","cozystay_single_page_custom_sticky_site_header":"0","cozystay_single_page_hide_page_title":"","cozystay_single_page_header_section_size":"","cozystay_single_page_header_background_color":"","cozystay_single_page_header_background_position_x":"center","cozystay_single_page_header_background_position_y":"center","cozystay_single_page_header_background_size":"cover","cozystay_single_page_header_background_repeat":"off","cozystay_single_page_header_background_scroll":"on","cozystay_single_page_header_text_color":"","cozystay_single_page_header_show_breadcrumb":"","cozystay_single_page_site_footer_hide_main":"","cozystay_single_custom_site_footer_main_source":"","cozystay_single_custom_site_footer_main":"0","cozystay_single_page_site_footer_hide_above":"","cozystay_single_custom_site_footer_above_source":"","cozystay_single_custom_site_footer_above":"0","cozystay_single_page_site_footer_hide_instagram":"","cozystay_single_page_site_footer_hide_bottom":"","cozystay_single_custom_mobile_menu_source":"","cozystay_single_custom_mobile_menu":"0","cozystay_single_custom_mobile_menu_animation":"","cozystay_single_custom_mobile_menu_width":"","cozystay_single_custom_mobile_menu_custom_width":375,"footnotes":""},"class_list":["post-4579","page","type-page","status-publish","hentry"],"yoast_head":"<!-- This site is optimized with the Yoast SEO plugin v27.5 - https:\/\/yoast.com\/product\/yoast-seo-wordpress\/ -->\n<title>Seguridad y privacidad - CasaSusa<\/title>\n<meta name=\"description\" content=\"Valoramos mucho tu privacidad y seguridad. A continuaci\u00f3n, explicamos de forma transparente qu\u00e9 medidas de seguridad se utilizan.\" \/>\n<meta name=\"robots\" content=\"index, follow, max-snippet:-1, max-image-preview:large, max-video-preview:-1\" \/>\n<link rel=\"canonical\" href=\"https:\/\/www.casasusa.nl\/es\/seguridad-y-privacidad\/\" \/>\n<meta property=\"og:locale\" content=\"es_ES\" \/>\n<meta property=\"og:type\" content=\"article\" \/>\n<meta property=\"og:title\" content=\"Seguridad y privacidad - CasaSusa\" \/>\n<meta property=\"og:description\" content=\"Valoramos mucho tu privacidad y seguridad. A continuaci\u00f3n, explicamos de forma transparente qu\u00e9 medidas de seguridad se utilizan.\" \/>\n<meta property=\"og:url\" content=\"https:\/\/www.casasusa.nl\/es\/seguridad-y-privacidad\/\" \/>\n<meta property=\"og:site_name\" content=\"CasaSusa\" \/>\n<meta property=\"article:publisher\" content=\"https:\/\/www.facebook.com\/people\/Casa-Susa\/61575870086034\/\" \/>\n<meta property=\"article:modified_time\" content=\"2026-05-01T10:45:54+00:00\" \/>\n<meta name=\"twitter:card\" content=\"summary_large_image\" \/>\n<meta name=\"twitter:label1\" content=\"Tiempo de lectura\" \/>\n\t<meta name=\"twitter:data1\" content=\"2 minutos\" \/>\n<script type=\"application\/ld+json\" class=\"yoast-schema-graph\">{\"@context\":\"https:\\\/\\\/schema.org\",\"@graph\":[{\"@type\":\"WebPage\",\"@id\":\"https:\\\/\\\/www.casasusa.nl\\\/es\\\/seguridad-y-privacidad\\\/\",\"url\":\"https:\\\/\\\/www.casasusa.nl\\\/es\\\/seguridad-y-privacidad\\\/\",\"name\":\"Seguridad y privacidad - CasaSusa\",\"isPartOf\":{\"@id\":\"https:\\\/\\\/www.casasusa.nl\\\/es\\\/#website\"},\"datePublished\":\"2026-01-20T18:35:54+00:00\",\"dateModified\":\"2026-05-01T10:45:54+00:00\",\"description\":\"Valoramos mucho tu privacidad y seguridad. A continuaci\u00f3n, explicamos de forma transparente qu\u00e9 medidas de seguridad se utilizan.\",\"breadcrumb\":{\"@id\":\"https:\\\/\\\/www.casasusa.nl\\\/es\\\/seguridad-y-privacidad\\\/#breadcrumb\"},\"inLanguage\":\"es\",\"potentialAction\":[{\"@type\":\"ReadAction\",\"target\":[\"https:\\\/\\\/www.casasusa.nl\\\/es\\\/seguridad-y-privacidad\\\/\"]}]},{\"@type\":\"BreadcrumbList\",\"@id\":\"https:\\\/\\\/www.casasusa.nl\\\/es\\\/seguridad-y-privacidad\\\/#breadcrumb\",\"itemListElement\":[{\"@type\":\"ListItem\",\"position\":1,\"name\":\"Home\",\"item\":\"https:\\\/\\\/www.casasusa.nl\\\/es\\\/inicio\\\/\"},{\"@type\":\"ListItem\",\"position\":2,\"name\":\"Seguridad y privacidad\"}]},{\"@type\":\"WebSite\",\"@id\":\"https:\\\/\\\/www.casasusa.nl\\\/es\\\/#website\",\"url\":\"https:\\\/\\\/www.casasusa.nl\\\/es\\\/\",\"name\":\"Welkom bij CasaSusa\",\"description\":\"Schitterende woning in het centrum van historisch Silves\",\"potentialAction\":[{\"@type\":\"SearchAction\",\"target\":{\"@type\":\"EntryPoint\",\"urlTemplate\":\"https:\\\/\\\/www.casasusa.nl\\\/es\\\/?s={search_term_string}\"},\"query-input\":{\"@type\":\"PropertyValueSpecification\",\"valueRequired\":true,\"valueName\":\"search_term_string\"}}],\"inLanguage\":\"es\"}]}<\/script>\n<!-- \/ Yoast SEO plugin. -->","yoast_head_json":{"title":"Seguridad y privacidad - CasaSusa","description":"Valoramos mucho tu privacidad y seguridad. A continuaci\u00f3n, explicamos de forma transparente qu\u00e9 medidas de seguridad se utilizan.","robots":{"index":"index","follow":"follow","max-snippet":"max-snippet:-1","max-image-preview":"max-image-preview:large","max-video-preview":"max-video-preview:-1"},"canonical":"https:\/\/www.casasusa.nl\/es\/seguridad-y-privacidad\/","og_locale":"es_ES","og_type":"article","og_title":"Seguridad y privacidad - CasaSusa","og_description":"Valoramos mucho tu privacidad y seguridad. A continuaci\u00f3n, explicamos de forma transparente qu\u00e9 medidas de seguridad se utilizan.","og_url":"https:\/\/www.casasusa.nl\/es\/seguridad-y-privacidad\/","og_site_name":"CasaSusa","article_publisher":"https:\/\/www.facebook.com\/people\/Casa-Susa\/61575870086034\/","article_modified_time":"2026-05-01T10:45:54+00:00","twitter_card":"summary_large_image","twitter_misc":{"Tiempo de lectura":"2 minutos"},"schema":{"@context":"https:\/\/schema.org","@graph":[{"@type":"WebPage","@id":"https:\/\/www.casasusa.nl\/es\/seguridad-y-privacidad\/","url":"https:\/\/www.casasusa.nl\/es\/seguridad-y-privacidad\/","name":"Seguridad y privacidad - CasaSusa","isPartOf":{"@id":"https:\/\/www.casasusa.nl\/es\/#website"},"datePublished":"2026-01-20T18:35:54+00:00","dateModified":"2026-05-01T10:45:54+00:00","description":"Valoramos mucho tu privacidad y seguridad. A continuaci\u00f3n, explicamos de forma transparente qu\u00e9 medidas de seguridad se utilizan.","breadcrumb":{"@id":"https:\/\/www.casasusa.nl\/es\/seguridad-y-privacidad\/#breadcrumb"},"inLanguage":"es","potentialAction":[{"@type":"ReadAction","target":["https:\/\/www.casasusa.nl\/es\/seguridad-y-privacidad\/"]}]},{"@type":"BreadcrumbList","@id":"https:\/\/www.casasusa.nl\/es\/seguridad-y-privacidad\/#breadcrumb","itemListElement":[{"@type":"ListItem","position":1,"name":"Home","item":"https:\/\/www.casasusa.nl\/es\/inicio\/"},{"@type":"ListItem","position":2,"name":"Seguridad y privacidad"}]},{"@type":"WebSite","@id":"https:\/\/www.casasusa.nl\/es\/#website","url":"https:\/\/www.casasusa.nl\/es\/","name":"Welkom bij CasaSusa","description":"Schitterende woning in het centrum van historisch Silves","potentialAction":[{"@type":"SearchAction","target":{"@type":"EntryPoint","urlTemplate":"https:\/\/www.casasusa.nl\/es\/?s={search_term_string}"},"query-input":{"@type":"PropertyValueSpecification","valueRequired":true,"valueName":"search_term_string"}}],"inLanguage":"es"}]}},"_links":{"self":[{"href":"https:\/\/www.casasusa.nl\/es\/wp-json\/wp\/v2\/pages\/4579","targetHints":{"allow":["GET"]}}],"collection":[{"href":"https:\/\/www.casasusa.nl\/es\/wp-json\/wp\/v2\/pages"}],"about":[{"href":"https:\/\/www.casasusa.nl\/es\/wp-json\/wp\/v2\/types\/page"}],"author":[{"embeddable":true,"href":"https:\/\/www.casasusa.nl\/es\/wp-json\/wp\/v2\/users\/1"}],"replies":[{"embeddable":true,"href":"https:\/\/www.casasusa.nl\/es\/wp-json\/wp\/v2\/comments?post=4579"}],"version-history":[{"count":1,"href":"https:\/\/www.casasusa.nl\/es\/wp-json\/wp\/v2\/pages\/4579\/revisions"}],"predecessor-version":[{"id":4582,"href":"https:\/\/www.casasusa.nl\/es\/wp-json\/wp\/v2\/pages\/4579\/revisions\/4582"}],"wp:attachment":[{"href":"https:\/\/www.casasusa.nl\/es\/wp-json\/wp\/v2\/media?parent=4579"}],"curies":[{"name":"wp","href":"https:\/\/api.w.org\/{rel}","templated":true}]}}