{"id":4531,"date":"2026-01-20T18:08:13","date_gmt":"2026-01-20T17:08:13","guid":{"rendered":"https:\/\/www.casasusa.nl\/llegada\/"},"modified":"2026-05-01T11:37:57","modified_gmt":"2026-05-01T10:37:57","slug":"llegada","status":"publish","type":"page","link":"https:\/\/www.casasusa.nl\/es\/llegada\/","title":{"rendered":"Llegada"},"content":{"rendered":"\t\t<div data-elementor-type=\"wp-page\" data-elementor-id=\"4531\" class=\"elementor elementor-4531 elementor-3054\">\n\t\t\t\t\t\t<section class=\"elementor-section elementor-top-section elementor-element elementor-element-3bf63ee9 elementor-section-content-middle elementor-section-full_width elementor-section-height-default elementor-section-height-default\" data-id=\"3bf63ee9\" data-element_type=\"section\" data-e-type=\"section\" data-settings=\"{&quot;background_background&quot;:&quot;classic&quot;}\">\n\t\t\t\t\t\t<div class=\"elementor-container elementor-column-gap-no\">\n\t\t\t\t\t<div class=\"elementor-column elementor-col-50 elementor-top-column elementor-element elementor-element-490ab9\" data-id=\"490ab9\" data-element_type=\"column\" data-e-type=\"column\" data-settings=\"{&quot;background_background&quot;:&quot;classic&quot;}\">\n\t\t\t<div class=\"elementor-widget-wrap elementor-element-populated\">\n\t\t\t\t\t\t<div class=\"elementor-element elementor-element-25fa4654 elementor-widget elementor-widget-spacer\" data-id=\"25fa4654\" data-element_type=\"widget\" data-e-type=\"widget\" data-widget_type=\"spacer.default\">\n\t\t\t\t<div class=\"elementor-widget-container\">\n\t\t\t\t\t\t\t<div class=\"elementor-spacer\">\n\t\t\t<div class=\"elementor-spacer-inner\"><\/div>\n\t\t<\/div>\n\t\t\t\t\t\t<\/div>\n\t\t\t\t<\/div>\n\t\t\t\t\t<\/div>\n\t\t<\/div>\n\t\t\t\t<div class=\"elementor-column elementor-col-50 elementor-top-column elementor-element elementor-element-5f2bb7e9\" data-id=\"5f2bb7e9\" data-element_type=\"column\" data-e-type=\"column\">\n\t\t\t<div class=\"elementor-widget-wrap elementor-element-populated\">\n\t\t\t\t\t\t<div class=\"elementor-element elementor-element-35a8779 elementor-widget elementor-widget-cs_title\" data-id=\"35a8779\" data-element_type=\"widget\" data-e-type=\"widget\" data-widget_type=\"cs_title.default\">\n\t\t\t\t<div class=\"elementor-widget-container\">\n\t\t\t\t\t\n        <div class=\"cs-title-wrap text-center-mobile\">\t            <h6 class=\"cs-title\">\n\t                Llegada a la vivienda vacacional\t            <\/h6>\t            <div class=\"cs-title-text\">\n\t                <h5 data-start=\"149\" data-end=\"287\">\u00a1Bienvenidos a Silves! Estamos deseando recibiros<br data-start=\"210\" data-end=\"213\">A continuaci\u00f3n encontrar\u00e9is informaci\u00f3n pr\u00e1ctica para que vuestra llegada sea perfecta. <br><br><\/h5><h5 data-start=\"289\" data-end=\"328\">Acceso con Nuki (entrada sin llave)<\/h5><ul data-start=\"329\" data-end=\"565\"><li data-start=\"329\" data-end=\"385\"><h5 data-start=\"331\" data-end=\"385\">La puerta principal est\u00e1 equipada con una cerradura inteligente <strong data-start=\"363\" data-end=\"382\">Nuki smart lock<\/strong>.<\/h5><\/li><li data-start=\"386\" data-end=\"492\"><h5 data-start=\"388\" data-end=\"492\">El d\u00eda de vuestra llegada recibir\u00e9is el <strong data-start=\"428\" data-end=\"448\">acceso digital<\/strong> (a trav\u00e9s de la aplicaci\u00f3n Nuki o mediante un c\u00f3digo personal).<\/h5><\/li><li data-start=\"493\" data-end=\"565\"><h5 data-start=\"495\" data-end=\"565\">La puerta se puede abrir y cerrar f\u00e1cilmente <strong data-start=\"517\" data-end=\"535\">sin llave<\/strong>.<\/h5><\/li><\/ul><h5 data-start=\"567\" data-end=\"588\">Timbre inteligente<\/h5><ul data-start=\"589\" data-end=\"739\"><li data-start=\"589\" data-end=\"658\"><h5 data-start=\"591\" data-end=\"658\">En la puerta principal hay un <strong data-start=\"617\" data-end=\"635\">timbre inteligente<\/strong> para mayor seguridad.<\/h5><\/li><li data-start=\"659\" data-end=\"739\"><h5 data-start=\"661\" data-end=\"739\">Al llegar, pod\u00e9is simplemente llamar al timbre o abrir la puerta directamente a trav\u00e9s de Nuki.<\/h5><\/li><\/ul><h5 data-start=\"741\" data-end=\"756\">Aparcamiento<\/h5><ul data-start=\"757\" data-end=\"882\"><li data-start=\"757\" data-end=\"854\"><h5 data-start=\"759\" data-end=\"854\">Hay <strong data-start=\"759\" data-end=\"794\">plazas de aparcamiento p\u00fablicas gratuitas<\/strong> disponibles <strong data-start=\"812\" data-end=\"853\">en los alrededores y justo delante de la puerta<\/strong>.<\/h5><\/li><li data-start=\"855\" data-end=\"882\"><h5 data-start=\"857\" data-end=\"882\">No es necesario reservar.<\/h5><\/li><\/ul><h5 data-start=\"884\" data-end=\"906\">Internet y wifi<\/h5><ul data-start=\"907\" data-end=\"965\"><li data-start=\"907\" data-end=\"965\"><h5 data-start=\"909\" data-end=\"965\">En la vivienda hay <strong data-start=\"925\" data-end=\"952\">internet y wifi gratuito<\/strong> disponible.<\/h5><\/li><\/ul><h5 data-start=\"967\" data-end=\"982\">Carpeta de informaci\u00f3n<\/h5><ul data-start=\"983\" data-end=\"1103\"><li data-start=\"983\" data-end=\"1103\"><h5 data-start=\"985\" data-end=\"1103\">En la vivienda encontrar\u00e9is una <strong data-start=\"1007\" data-end=\"1019\">carpeta de informaci\u00f3n<\/strong> con detalles adicionales sobre la casa, el wifi, las normas de convivencia y consejos \u00fatiles sobre la zona.<\/h5><\/li><\/ul><h5 data-start=\"1105\" data-end=\"1119\">Check-in<\/h5><ul data-start=\"1120\" data-end=\"1236\"><li data-start=\"1120\" data-end=\"1167\"><h5 data-start=\"1122\" data-end=\"1167\">Pod\u00e9is realizar el registro de entrada a partir de la hora acordada.<\/h5><\/li><li data-start=\"1168\" data-end=\"1236\"><h5 data-start=\"1170\" data-end=\"1236\">\u00bfTen\u00e9is previsto llegar m\u00e1s tarde? Por favor, avisadnos. <\/h5><\/li><\/ul><h5 data-start=\"1238\" data-end=\"1252\">\u00bfPreguntas?<\/h5><h5 data-start=\"1253\" data-end=\"1365\">Si surge alg\u00fan problema a vuestra llegada o ten\u00e9is alguna duda, no dud\u00e9is en contactar con nosotros. \u00a1Estaremos encantados de ayudaros! <\/h5><h5 data-start=\"1367\" data-end=\"1438\"><br>Os deseamos una <strong data-start=\"1388\" data-end=\"1423\">estancia maravillosa y relajante<\/strong> en Silves<\/h5>\t            <\/div>        <\/div>\t\t\t\t<\/div>\n\t\t\t\t<\/div>\n\t\t\t\t\t<\/div>\n\t\t<\/div>\n\t\t\t\t\t<\/div>\n\t\t<\/section>\n\t\t\t\t<\/div>\n\t\t","protected":false},"excerpt":{"rendered":"<p>Llegada a la vivienda vacacional \u00a1Bienvenidos a Silves! Estamos deseando recibirosA continuaci\u00f3n encontrar\u00e9is informaci\u00f3n pr\u00e1ctica para que vuestra llegada sea perfecta. Acceso con Nuki (entrada sin llave) La puerta principal est\u00e1 equipada con una cerradura inteligente Nuki smart lock. El d\u00eda de vuestra llegada recibir\u00e9is el acceso digital (a trav\u00e9s de la aplicaci\u00f3n Nuki o &#8230;<\/p>\n","protected":false},"author":1,"featured_media":0,"parent":0,"menu_order":0,"comment_status":"closed","ping_status":"closed","template":"elementor_header_footer","meta":{"cozystay_single_page_hide_site_header":"","cozystay_single_page_site_header_source":"","cozystay_single_page_custom_site_header":"0","cozystay_single_page_custom_sticky_site_header":"0","cozystay_single_page_hide_page_title":"","cozystay_single_page_header_section_size":"","cozystay_single_page_header_background_color":"","cozystay_single_page_header_background_position_x":"center","cozystay_single_page_header_background_position_y":"center","cozystay_single_page_header_background_size":"cover","cozystay_single_page_header_background_repeat":"off","cozystay_single_page_header_background_scroll":"on","cozystay_single_page_header_text_color":"","cozystay_single_page_header_show_breadcrumb":"","cozystay_single_page_site_footer_hide_main":"","cozystay_single_custom_site_footer_main_source":"","cozystay_single_custom_site_footer_main":"0","cozystay_single_page_site_footer_hide_above":"","cozystay_single_custom_site_footer_above_source":"","cozystay_single_custom_site_footer_above":"0","cozystay_single_page_site_footer_hide_instagram":"","cozystay_single_page_site_footer_hide_bottom":"","cozystay_single_custom_mobile_menu_source":"","cozystay_single_custom_mobile_menu":"0","cozystay_single_custom_mobile_menu_animation":"","cozystay_single_custom_mobile_menu_width":"","cozystay_single_custom_mobile_menu_custom_width":375,"footnotes":""},"class_list":["post-4531","page","type-page","status-publish","hentry"],"yoast_head":"<!-- This site is optimized with the Yoast SEO plugin v27.5 - https:\/\/yoast.com\/product\/yoast-seo-wordpress\/ -->\n<title>Llegada - CasaSusa<\/title>\n<meta name=\"description\" content=\"\u00a1Bienvenidos a Silves! Estamos deseando recibiros. A continuaci\u00f3n encontrar\u00e9is informaci\u00f3n pr\u00e1ctica para que vuestra llegada sea perfecta.\" \/>\n<meta name=\"robots\" content=\"index, follow, max-snippet:-1, max-image-preview:large, max-video-preview:-1\" \/>\n<link rel=\"canonical\" href=\"https:\/\/www.casasusa.nl\/es\/llegada\/\" \/>\n<meta property=\"og:locale\" content=\"es_ES\" \/>\n<meta property=\"og:type\" content=\"article\" \/>\n<meta property=\"og:title\" content=\"Llegada - CasaSusa\" \/>\n<meta property=\"og:description\" content=\"\u00a1Bienvenidos a Silves! Estamos deseando recibiros. A continuaci\u00f3n encontrar\u00e9is informaci\u00f3n pr\u00e1ctica para que vuestra llegada sea perfecta.\" \/>\n<meta property=\"og:url\" content=\"https:\/\/www.casasusa.nl\/es\/llegada\/\" \/>\n<meta property=\"og:site_name\" content=\"CasaSusa\" \/>\n<meta property=\"article:publisher\" content=\"https:\/\/www.facebook.com\/people\/Casa-Susa\/61575870086034\/\" \/>\n<meta property=\"article:modified_time\" content=\"2026-05-01T10:37:57+00:00\" \/>\n<meta name=\"twitter:card\" content=\"summary_large_image\" \/>\n<meta name=\"twitter:label1\" content=\"Tiempo de lectura\" \/>\n\t<meta name=\"twitter:data1\" content=\"1 minuto\" \/>\n<script type=\"application\/ld+json\" class=\"yoast-schema-graph\">{\"@context\":\"https:\\\/\\\/schema.org\",\"@graph\":[{\"@type\":\"WebPage\",\"@id\":\"https:\\\/\\\/www.casasusa.nl\\\/es\\\/llegada\\\/\",\"url\":\"https:\\\/\\\/www.casasusa.nl\\\/es\\\/llegada\\\/\",\"name\":\"Llegada - CasaSusa\",\"isPartOf\":{\"@id\":\"https:\\\/\\\/www.casasusa.nl\\\/es\\\/#website\"},\"datePublished\":\"2026-01-20T17:08:13+00:00\",\"dateModified\":\"2026-05-01T10:37:57+00:00\",\"description\":\"\u00a1Bienvenidos a Silves! Estamos deseando recibiros. A continuaci\u00f3n encontrar\u00e9is informaci\u00f3n pr\u00e1ctica para que vuestra llegada sea perfecta.\",\"breadcrumb\":{\"@id\":\"https:\\\/\\\/www.casasusa.nl\\\/es\\\/llegada\\\/#breadcrumb\"},\"inLanguage\":\"es\",\"potentialAction\":[{\"@type\":\"ReadAction\",\"target\":[\"https:\\\/\\\/www.casasusa.nl\\\/es\\\/llegada\\\/\"]}]},{\"@type\":\"BreadcrumbList\",\"@id\":\"https:\\\/\\\/www.casasusa.nl\\\/es\\\/llegada\\\/#breadcrumb\",\"itemListElement\":[{\"@type\":\"ListItem\",\"position\":1,\"name\":\"Home\",\"item\":\"https:\\\/\\\/www.casasusa.nl\\\/es\\\/inicio\\\/\"},{\"@type\":\"ListItem\",\"position\":2,\"name\":\"Llegada\"}]},{\"@type\":\"WebSite\",\"@id\":\"https:\\\/\\\/www.casasusa.nl\\\/es\\\/#website\",\"url\":\"https:\\\/\\\/www.casasusa.nl\\\/es\\\/\",\"name\":\"Welkom bij CasaSusa\",\"description\":\"Schitterende woning in het centrum van historisch Silves\",\"potentialAction\":[{\"@type\":\"SearchAction\",\"target\":{\"@type\":\"EntryPoint\",\"urlTemplate\":\"https:\\\/\\\/www.casasusa.nl\\\/es\\\/?s={search_term_string}\"},\"query-input\":{\"@type\":\"PropertyValueSpecification\",\"valueRequired\":true,\"valueName\":\"search_term_string\"}}],\"inLanguage\":\"es\"}]}<\/script>\n<!-- \/ Yoast SEO plugin. -->","yoast_head_json":{"title":"Llegada - CasaSusa","description":"\u00a1Bienvenidos a Silves! Estamos deseando recibiros. A continuaci\u00f3n encontrar\u00e9is informaci\u00f3n pr\u00e1ctica para que vuestra llegada sea perfecta.","robots":{"index":"index","follow":"follow","max-snippet":"max-snippet:-1","max-image-preview":"max-image-preview:large","max-video-preview":"max-video-preview:-1"},"canonical":"https:\/\/www.casasusa.nl\/es\/llegada\/","og_locale":"es_ES","og_type":"article","og_title":"Llegada - CasaSusa","og_description":"\u00a1Bienvenidos a Silves! Estamos deseando recibiros. A continuaci\u00f3n encontrar\u00e9is informaci\u00f3n pr\u00e1ctica para que vuestra llegada sea perfecta.","og_url":"https:\/\/www.casasusa.nl\/es\/llegada\/","og_site_name":"CasaSusa","article_publisher":"https:\/\/www.facebook.com\/people\/Casa-Susa\/61575870086034\/","article_modified_time":"2026-05-01T10:37:57+00:00","twitter_card":"summary_large_image","twitter_misc":{"Tiempo de lectura":"1 minuto"},"schema":{"@context":"https:\/\/schema.org","@graph":[{"@type":"WebPage","@id":"https:\/\/www.casasusa.nl\/es\/llegada\/","url":"https:\/\/www.casasusa.nl\/es\/llegada\/","name":"Llegada - CasaSusa","isPartOf":{"@id":"https:\/\/www.casasusa.nl\/es\/#website"},"datePublished":"2026-01-20T17:08:13+00:00","dateModified":"2026-05-01T10:37:57+00:00","description":"\u00a1Bienvenidos a Silves! Estamos deseando recibiros. A continuaci\u00f3n encontrar\u00e9is informaci\u00f3n pr\u00e1ctica para que vuestra llegada sea perfecta.","breadcrumb":{"@id":"https:\/\/www.casasusa.nl\/es\/llegada\/#breadcrumb"},"inLanguage":"es","potentialAction":[{"@type":"ReadAction","target":["https:\/\/www.casasusa.nl\/es\/llegada\/"]}]},{"@type":"BreadcrumbList","@id":"https:\/\/www.casasusa.nl\/es\/llegada\/#breadcrumb","itemListElement":[{"@type":"ListItem","position":1,"name":"Home","item":"https:\/\/www.casasusa.nl\/es\/inicio\/"},{"@type":"ListItem","position":2,"name":"Llegada"}]},{"@type":"WebSite","@id":"https:\/\/www.casasusa.nl\/es\/#website","url":"https:\/\/www.casasusa.nl\/es\/","name":"Welkom bij CasaSusa","description":"Schitterende woning in het centrum van historisch Silves","potentialAction":[{"@type":"SearchAction","target":{"@type":"EntryPoint","urlTemplate":"https:\/\/www.casasusa.nl\/es\/?s={search_term_string}"},"query-input":{"@type":"PropertyValueSpecification","valueRequired":true,"valueName":"search_term_string"}}],"inLanguage":"es"}]}},"_links":{"self":[{"href":"https:\/\/www.casasusa.nl\/es\/wp-json\/wp\/v2\/pages\/4531","targetHints":{"allow":["GET"]}}],"collection":[{"href":"https:\/\/www.casasusa.nl\/es\/wp-json\/wp\/v2\/pages"}],"about":[{"href":"https:\/\/www.casasusa.nl\/es\/wp-json\/wp\/v2\/types\/page"}],"author":[{"embeddable":true,"href":"https:\/\/www.casasusa.nl\/es\/wp-json\/wp\/v2\/users\/1"}],"replies":[{"embeddable":true,"href":"https:\/\/www.casasusa.nl\/es\/wp-json\/wp\/v2\/comments?post=4531"}],"version-history":[{"count":1,"href":"https:\/\/www.casasusa.nl\/es\/wp-json\/wp\/v2\/pages\/4531\/revisions"}],"predecessor-version":[{"id":4533,"href":"https:\/\/www.casasusa.nl\/es\/wp-json\/wp\/v2\/pages\/4531\/revisions\/4533"}],"wp:attachment":[{"href":"https:\/\/www.casasusa.nl\/es\/wp-json\/wp\/v2\/media?parent=4531"}],"curies":[{"name":"wp","href":"https:\/\/api.w.org\/{rel}","templated":true}]}}