{"id":4317,"date":"2026-01-19T12:04:49","date_gmt":"2026-01-19T11:04:49","guid":{"rendered":"https:\/\/www.casasusa.nl\/actividades-en-silves\/"},"modified":"2026-04-28T16:48:02","modified_gmt":"2026-04-28T15:48:02","slug":"actividades-en-silves","status":"publish","type":"page","link":"https:\/\/www.casasusa.nl\/es\/actividades-en-silves\/","title":{"rendered":"Actividades en Silves"},"content":{"rendered":"\t\t<div data-elementor-type=\"wp-page\" data-elementor-id=\"4317\" class=\"elementor elementor-4317 elementor-2831\">\n\t\t\t\t\t\t<section class=\"elementor-section elementor-top-section elementor-element elementor-element-273a13e5 elementor-section-boxed elementor-section-height-default elementor-section-height-default\" data-id=\"273a13e5\" data-element_type=\"section\" data-e-type=\"section\" data-settings=\"{&quot;background_background&quot;:&quot;classic&quot;}\">\n\t\t\t\t\t\t<div class=\"elementor-container elementor-column-gap-no\">\n\t\t\t\t\t<div class=\"elementor-column elementor-col-50 elementor-top-column elementor-element elementor-element-3957e8c2\" data-id=\"3957e8c2\" data-element_type=\"column\" data-e-type=\"column\">\n\t\t\t<div class=\"elementor-widget-wrap elementor-element-populated\">\n\t\t\t\t\t\t<div class=\"elementor-element elementor-element-46dd54d1 elementor-widget elementor-widget-image\" data-id=\"46dd54d1\" data-element_type=\"widget\" data-e-type=\"widget\" data-widget_type=\"image.default\">\n\t\t\t\t<div class=\"elementor-widget-container\">\n\t\t\t\t\t\t\t\t\t\t\t\t<figure class=\"wp-caption\">\n\t\t\t\t\t\t\t\t\t\t<img fetchpriority=\"high\" decoding=\"async\" width=\"1006\" height=\"670\" src=\"https:\/\/www.casasusa.nl\/wp-content\/uploads\/2026\/01\/Pestana-Silves-Golf-Club.jpg\" class=\"attachment-large size-large wp-image-2856\" alt=\"Pestana Silves golf Silves\" srcset=\"https:\/\/www.casasusa.nl\/wp-content\/uploads\/2026\/01\/Pestana-Silves-Golf-Club.jpg 1006w, https:\/\/www.casasusa.nl\/wp-content\/uploads\/2026\/01\/Pestana-Silves-Golf-Club-300x200.jpg 300w, https:\/\/www.casasusa.nl\/wp-content\/uploads\/2026\/01\/Pestana-Silves-Golf-Club-768x511.jpg 768w, https:\/\/www.casasusa.nl\/wp-content\/uploads\/2026\/01\/Pestana-Silves-Golf-Club-780x519.jpg 780w, https:\/\/www.casasusa.nl\/wp-content\/uploads\/2026\/01\/Pestana-Silves-Golf-Club-600x400.jpg 600w, https:\/\/www.casasusa.nl\/wp-content\/uploads\/2026\/01\/Pestana-Silves-Golf-Club-550x366.jpg 550w, https:\/\/www.casasusa.nl\/wp-content\/uploads\/2026\/01\/Pestana-Silves-Golf-Club-370x246.jpg 370w, https:\/\/www.casasusa.nl\/wp-content\/uploads\/2026\/01\/Pestana-Silves-Golf-Club-255x170.jpg 255w, https:\/\/www.casasusa.nl\/wp-content\/uploads\/2026\/01\/Pestana-Silves-Golf-Club-150x100.jpg 150w\" sizes=\"(max-width: 1006px) 100vw, 1006px\" \/>\t\t\t\t\t\t\t\t\t\t\t<figcaption class=\"widget-image-caption wp-caption-text\">Pestana Golf Club Silves<\/figcaption>\n\t\t\t\t\t\t\t\t\t\t<\/figure>\n\t\t\t\t\t\t\t\t\t<\/div>\n\t\t\t\t<\/div>\n\t\t\t\t\t<\/div>\n\t\t<\/div>\n\t\t\t\t<div class=\"elementor-column elementor-col-50 elementor-top-column elementor-element elementor-element-3cbc4b9b\" data-id=\"3cbc4b9b\" data-element_type=\"column\" data-e-type=\"column\">\n\t\t\t<div class=\"elementor-widget-wrap elementor-element-populated\">\n\t\t\t\t\t\t<div class=\"elementor-element elementor-element-366d1487 elementor-widget elementor-widget-cs_title\" data-id=\"366d1487\" data-element_type=\"widget\" data-e-type=\"widget\" data-widget_type=\"cs_title.default\">\n\t\t\t\t<div class=\"elementor-widget-container\">\n\t\t\t\t\t\n        <div class=\"cs-title-wrap\">\t            <div class=\"cs-subtitle-wrap\"><span class=\"cs-subtitle\">Actividades en Silves<\/span><\/div>\t            <h3 class=\"cs-title\">\n\t                Actividades locales\t            <\/h3>\t            <div class=\"cs-title-text\">\n\t                <p>Descubre el encanto de Silves con una variada oferta de actividades locales para todas las edades. Desde eventos culturales y mercados artesanales hasta paseos por el casco hist\u00f3rico y talleres con creadores locales: siempre hay algo que hacer. D\u00e9jate sorprender por su rica historia, prueba las especialidades regionales y disfruta de la m\u00fasica, el arte y las tradiciones en un ambiente relajado. Las actividades locales en Silves re\u00fanen a residentes y visitantes, permiti\u00e9ndote experimentar la ciudad de una forma aut\u00e9ntica.   <\/p>\t            <\/div>                <div class=\"cs-title-btn\">\n                    <a class=\"button cs-btn-color-secondary\" role=\"button\">\n                        <span class=\"cs-btn-text\">Ver todas las actividades<\/span>                    <\/a>\n                <\/div>\n                    <\/div>\t\t\t\t<\/div>\n\t\t\t\t<\/div>\n\t\t\t\t\t<\/div>\n\t\t<\/div>\n\t\t\t\t\t<\/div>\n\t\t<\/section>\n\t\t\t\t<section class=\"elementor-section elementor-top-section elementor-element elementor-element-48e217ef elementor-section-boxed elementor-section-height-default elementor-section-height-default\" data-id=\"48e217ef\" data-element_type=\"section\" data-e-type=\"section\">\n\t\t\t\t\t\t<div class=\"elementor-container elementor-column-gap-no\">\n\t\t\t\t\t<div class=\"elementor-column elementor-col-33 elementor-top-column elementor-element elementor-element-aa5d244\" data-id=\"aa5d244\" data-element_type=\"column\" data-e-type=\"column\">\n\t\t\t<div class=\"elementor-widget-wrap elementor-element-populated\">\n\t\t\t\t\t\t<div class=\"elementor-element elementor-element-25e9bffb elementor-widget elementor-widget-cs_call_to_action\" data-id=\"25e9bffb\" data-element_type=\"widget\" data-e-type=\"widget\" data-widget_type=\"cs_call_to_action.default\">\n\t\t\t\t<div class=\"elementor-widget-container\">\n\t\t\t\t\t\n\t\t<div class=\"cs-cta cta-layout-text-normal img-offset-border text-center cta-hover-img-zoom\">\n            <div class=\"cs-cta-wrap\">\t\t                <div class=\"cs-cta-img-wrap\">\n\t\t\t\t\t        <div class=\"cs-cta-img\">\n\t\t\t\t\t            <img decoding=\"async\" width=\"600\" height=\"451\" src=\"https:\/\/www.casasusa.nl\/wp-content\/uploads\/2026\/01\/wijnproeverij-1-600x451.jpg\" class=\"attachment-cozystay_600x9999 size-cozystay_600x9999 wp-image-2848\" alt=\"wijnproeverij Silves\" srcset=\"https:\/\/www.casasusa.nl\/wp-content\/uploads\/2026\/01\/wijnproeverij-1-600x451.jpg 600w, https:\/\/www.casasusa.nl\/wp-content\/uploads\/2026\/01\/wijnproeverij-1-300x225.jpg 300w, https:\/\/www.casasusa.nl\/wp-content\/uploads\/2026\/01\/wijnproeverij-1-550x413.jpg 550w, https:\/\/www.casasusa.nl\/wp-content\/uploads\/2026\/01\/wijnproeverij-1-370x278.jpg 370w, https:\/\/www.casasusa.nl\/wp-content\/uploads\/2026\/01\/wijnproeverij-1-255x192.jpg 255w, https:\/\/www.casasusa.nl\/wp-content\/uploads\/2026\/01\/wijnproeverij-1-150x113.jpg 150w, https:\/\/www.casasusa.nl\/wp-content\/uploads\/2026\/01\/wijnproeverij-1.jpg 607w\" sizes=\"(max-width: 600px) 100vw, 600px\" \/>\t\t\t\t\t        <\/div>\n\t\t\t\t\t        <div class=\"cs-offset-border\"><\/div>\n\t\t\t\t\t\t<\/div>                <div class=\"cs-cta-overlay\"><\/div>\n                <div class=\"cs-cta-content\">\t\t            <h6 class=\"cs-cta-title cs-title\">\n\t\t                Vi\u00f1edos\t\t            <\/h6>\t\t            <div class=\"cs-cta-text\">\n\t\t                <p>Alrededor de la hist\u00f3rica ciudad de <strong data-start=\"269\" data-end=\"279\">Silves<\/strong>, en el coraz\u00f3n del Algarve, se extienden amplios vi\u00f1edos que se benefician de una combinaci\u00f3n \u00fanica de sol, mar y paisaje. Aqu\u00ed se cultiva vino desde la \u00e9poca morisca, y esa tradici\u00f3n milenaria perdura hoy en vinos modernos y con car\u00e1cter. <\/p>\t\t            <\/div>\t                <div class=\"cs-cta-btn\">\n\t                    <a class=\"button cs-btn-underline\" role=\"button\" href=\"#\">\n\t                        <span class=\"cs-btn-text\">M\u00e1s info<\/span>\t                    <\/a>\n\t                <\/div>\t\t\t<\/div>                <a class=\"cs-cta-link\" href=\"#\" aria-label=\"Call to Action Link\"><\/a>            <\/div>\n        <\/div>\t\t\t\t<\/div>\n\t\t\t\t<\/div>\n\t\t\t\t\t<\/div>\n\t\t<\/div>\n\t\t\t\t<div class=\"elementor-column elementor-col-33 elementor-top-column elementor-element elementor-element-7845e252\" data-id=\"7845e252\" data-element_type=\"column\" data-e-type=\"column\">\n\t\t\t<div class=\"elementor-widget-wrap elementor-element-populated\">\n\t\t\t\t\t\t<div class=\"elementor-element elementor-element-5f1c876b elementor-widget elementor-widget-cs_call_to_action\" data-id=\"5f1c876b\" data-element_type=\"widget\" data-e-type=\"widget\" data-widget_type=\"cs_call_to_action.default\">\n\t\t\t\t<div class=\"elementor-widget-container\">\n\t\t\t\t\t\n\t\t<div class=\"cs-cta cta-layout-text-normal img-offset-border text-center cta-hover-img-zoom\">\n            <div class=\"cs-cta-wrap\">\t\t                <div class=\"cs-cta-img-wrap\">\n\t\t\t\t\t        <div class=\"cs-cta-img\">\n\t\t\t\t\t            <img decoding=\"async\" width=\"600\" height=\"450\" src=\"https:\/\/www.casasusa.nl\/wp-content\/uploads\/2026\/01\/Kasteel-2-600x450.jpg\" class=\"attachment-cozystay_600x9999 size-cozystay_600x9999 wp-image-2527\" alt=\"Kasteel Silves\" srcset=\"https:\/\/www.casasusa.nl\/wp-content\/uploads\/2026\/01\/Kasteel-2-600x450.jpg 600w, https:\/\/www.casasusa.nl\/wp-content\/uploads\/2026\/01\/Kasteel-2-300x225.jpg 300w, https:\/\/www.casasusa.nl\/wp-content\/uploads\/2026\/01\/Kasteel-2-1024x767.jpg 1024w, https:\/\/www.casasusa.nl\/wp-content\/uploads\/2026\/01\/Kasteel-2-768x575.jpg 768w, https:\/\/www.casasusa.nl\/wp-content\/uploads\/2026\/01\/Kasteel-2-780x584.jpg 780w, https:\/\/www.casasusa.nl\/wp-content\/uploads\/2026\/01\/Kasteel-2-550x412.jpg 550w, https:\/\/www.casasusa.nl\/wp-content\/uploads\/2026\/01\/Kasteel-2-370x277.jpg 370w, https:\/\/www.casasusa.nl\/wp-content\/uploads\/2026\/01\/Kasteel-2-255x191.jpg 255w, https:\/\/www.casasusa.nl\/wp-content\/uploads\/2026\/01\/Kasteel-2-150x112.jpg 150w, https:\/\/www.casasusa.nl\/wp-content\/uploads\/2026\/01\/Kasteel-2.jpg 1200w\" sizes=\"(max-width: 600px) 100vw, 600px\" \/>\t\t\t\t\t        <\/div>\n\t\t\t\t\t        <div class=\"cs-offset-border\"><\/div>\n\t\t\t\t\t\t<\/div>                <div class=\"cs-cta-overlay\"><\/div>\n                <div class=\"cs-cta-content\">\t\t            <h6 class=\"cs-cta-title cs-title\">\n\t\t                Castillo de Silves\t\t            <\/h6>\t\t            <div class=\"cs-cta-text\">\n\t\t                <p>El castillo \u00e1rabe de Silves combina historia, cultura y unas vistas espectaculares en una sola visita. Tanto si te gusta la cultura como la fotograf\u00eda o si simplemente quieres descubrir un lugar especial: este castillo no puede faltar en tu ruta por el Algarve. <\/p>\t\t            <\/div>\t                <div class=\"cs-cta-btn\">\n\t                    <a class=\"button cs-btn-underline\" role=\"button\" href=\"https:\/\/www.cm-silves.pt\/pt\/menu\/106\/castelo-de-silves.aspx\">\n\t                        <span class=\"cs-btn-text\">M\u00e1s informaci\u00f3n<\/span>\t                    <\/a>\n\t                <\/div>\t\t\t<\/div>                <a class=\"cs-cta-link\" href=\"https:\/\/www.cm-silves.pt\/pt\/menu\/106\/castelo-de-silves.aspx\" aria-label=\"Call to Action Link\"><\/a>            <\/div>\n        <\/div>\t\t\t\t<\/div>\n\t\t\t\t<\/div>\n\t\t\t\t\t<\/div>\n\t\t<\/div>\n\t\t\t\t<div class=\"elementor-column elementor-col-33 elementor-top-column elementor-element elementor-element-562a4d6d\" data-id=\"562a4d6d\" data-element_type=\"column\" data-e-type=\"column\">\n\t\t\t<div class=\"elementor-widget-wrap elementor-element-populated\">\n\t\t\t\t\t\t<div class=\"elementor-element elementor-element-561bd156 elementor-widget elementor-widget-cs_call_to_action\" data-id=\"561bd156\" data-element_type=\"widget\" data-e-type=\"widget\" data-widget_type=\"cs_call_to_action.default\">\n\t\t\t\t<div class=\"elementor-widget-container\">\n\t\t\t\t\t\n\t\t<div class=\"cs-cta cta-layout-text-normal img-offset-border text-center cta-hover-img-zoom\">\n            <div class=\"cs-cta-wrap\">\t\t                <div class=\"cs-cta-img-wrap\">\n\t\t\t\t\t        <div class=\"cs-cta-img\">\n\t\t\t\t\t            <img loading=\"lazy\" decoding=\"async\" width=\"600\" height=\"450\" src=\"https:\/\/www.casasusa.nl\/wp-content\/uploads\/2026\/01\/Emotions-Tours-Buggy-Tour-Silves-600x450.jpg\" class=\"attachment-cozystay_600x9999 size-cozystay_600x9999 wp-image-2451\" alt=\"Silves buggy tour\" srcset=\"https:\/\/www.casasusa.nl\/wp-content\/uploads\/2026\/01\/Emotions-Tours-Buggy-Tour-Silves-600x450.jpg 600w, https:\/\/www.casasusa.nl\/wp-content\/uploads\/2026\/01\/Emotions-Tours-Buggy-Tour-Silves-300x225.jpg 300w, https:\/\/www.casasusa.nl\/wp-content\/uploads\/2026\/01\/Emotions-Tours-Buggy-Tour-Silves-1024x768.jpg 1024w, https:\/\/www.casasusa.nl\/wp-content\/uploads\/2026\/01\/Emotions-Tours-Buggy-Tour-Silves-768x576.jpg 768w, https:\/\/www.casasusa.nl\/wp-content\/uploads\/2026\/01\/Emotions-Tours-Buggy-Tour-Silves-1536x1151.jpg 1536w, https:\/\/www.casasusa.nl\/wp-content\/uploads\/2026\/01\/Emotions-Tours-Buggy-Tour-Silves-1920x1439.jpg 1920w, https:\/\/www.casasusa.nl\/wp-content\/uploads\/2026\/01\/Emotions-Tours-Buggy-Tour-Silves-1440x1079.jpg 1440w, https:\/\/www.casasusa.nl\/wp-content\/uploads\/2026\/01\/Emotions-Tours-Buggy-Tour-Silves-1200x899.jpg 1200w, https:\/\/www.casasusa.nl\/wp-content\/uploads\/2026\/01\/Emotions-Tours-Buggy-Tour-Silves-780x585.jpg 780w, https:\/\/www.casasusa.nl\/wp-content\/uploads\/2026\/01\/Emotions-Tours-Buggy-Tour-Silves-550x412.jpg 550w, https:\/\/www.casasusa.nl\/wp-content\/uploads\/2026\/01\/Emotions-Tours-Buggy-Tour-Silves-370x277.jpg 370w, https:\/\/www.casasusa.nl\/wp-content\/uploads\/2026\/01\/Emotions-Tours-Buggy-Tour-Silves-255x191.jpg 255w, https:\/\/www.casasusa.nl\/wp-content\/uploads\/2026\/01\/Emotions-Tours-Buggy-Tour-Silves-1320x989.jpg 1320w, https:\/\/www.casasusa.nl\/wp-content\/uploads\/2026\/01\/Emotions-Tours-Buggy-Tour-Silves-150x112.jpg 150w, https:\/\/www.casasusa.nl\/wp-content\/uploads\/2026\/01\/Emotions-Tours-Buggy-Tour-Silves.jpg 2048w\" sizes=\"(max-width: 600px) 100vw, 600px\" \/>\t\t\t\t\t        <\/div>\n\t\t\t\t\t        <div class=\"cs-offset-border\"><\/div>\n\t\t\t\t\t\t<\/div>                <div class=\"cs-cta-overlay\"><\/div>\n                <div class=\"cs-cta-content\">\t\t            <h6 class=\"cs-cta-title cs-title\">\n\t\t                Tour en Buggy por Silves\t\t            <\/h6>\t\t            <div class=\"cs-cta-text\">\n\t\t                <p data-start=\"317\" data-end=\"612\">Tour en buggy por Silves: \u00a1una aventura inolvidable en el Algarve!<br>Imag\u00ednatelo: paisajes dorados infinitos, el rugido de tu buggy y las impresionantes vistas de la hist\u00f3rica ciudad de Silves.<\/p>\t\t            <\/div>\t                <div class=\"cs-cta-btn\">\n\t                    <a class=\"button cs-btn-underline\" role=\"button\" href=\"https:\/\/www.emotions-tours.com\/tour-item\/buggy-silves-tour\/\">\n\t                        <span class=\"cs-btn-text\">M\u00e1s info<\/span>\t                    <\/a>\n\t                <\/div>\t\t\t<\/div>                <a class=\"cs-cta-link\" href=\"https:\/\/www.emotions-tours.com\/tour-item\/buggy-silves-tour\/\" aria-label=\"Call to Action Link\"><\/a>            <\/div>\n        <\/div>\t\t\t\t<\/div>\n\t\t\t\t<\/div>\n\t\t\t\t\t<\/div>\n\t\t<\/div>\n\t\t\t\t\t<\/div>\n\t\t<\/section>\n\t\t\t\t<\/div>\n\t\t","protected":false},"excerpt":{"rendered":"<p>Pestana Golf Club Silves Actividades en Silves Actividades locales Descubre el encanto de Silves con una variada oferta de actividades locales para todas las edades. Desde eventos culturales y mercados artesanales hasta paseos por el casco hist\u00f3rico y talleres con creadores locales: siempre hay algo que hacer. D\u00e9jate sorprender por su rica historia, prueba las &#8230;<\/p>\n","protected":false},"author":1,"featured_media":0,"parent":0,"menu_order":0,"comment_status":"closed","ping_status":"closed","template":"elementor_header_footer","meta":{"cozystay_single_page_hide_site_header":"","cozystay_single_page_site_header_source":"","cozystay_single_page_custom_site_header":"0","cozystay_single_page_custom_sticky_site_header":"0","cozystay_single_page_hide_page_title":"","cozystay_single_page_header_section_size":"","cozystay_single_page_header_background_color":"","cozystay_single_page_header_background_position_x":"center","cozystay_single_page_header_background_position_y":"center","cozystay_single_page_header_background_size":"cover","cozystay_single_page_header_background_repeat":"off","cozystay_single_page_header_background_scroll":"on","cozystay_single_page_header_text_color":"","cozystay_single_page_header_show_breadcrumb":"","cozystay_single_page_site_footer_hide_main":"","cozystay_single_custom_site_footer_main_source":"","cozystay_single_custom_site_footer_main":"0","cozystay_single_page_site_footer_hide_above":"","cozystay_single_custom_site_footer_above_source":"","cozystay_single_custom_site_footer_above":"0","cozystay_single_page_site_footer_hide_instagram":"","cozystay_single_page_site_footer_hide_bottom":"","cozystay_single_custom_mobile_menu_source":"","cozystay_single_custom_mobile_menu":"0","cozystay_single_custom_mobile_menu_animation":"","cozystay_single_custom_mobile_menu_width":"","cozystay_single_custom_mobile_menu_custom_width":375,"footnotes":""},"class_list":["post-4317","page","type-page","status-publish","hentry"],"yoast_head":"<!-- This site is optimized with the Yoast SEO plugin v27.5 - https:\/\/yoast.com\/product\/yoast-seo-wordpress\/ -->\n<title>Actividades en Silves - CasaSusa<\/title>\n<meta name=\"description\" content=\"Descubre el encanto de Silves con una variada oferta de actividades locales para todas las edades. Siempre hay algo que hacer.\" \/>\n<meta name=\"robots\" content=\"index, follow, max-snippet:-1, max-image-preview:large, max-video-preview:-1\" \/>\n<link rel=\"canonical\" href=\"https:\/\/www.casasusa.nl\/es\/actividades-en-silves\/\" \/>\n<meta property=\"og:locale\" content=\"es_ES\" \/>\n<meta property=\"og:type\" content=\"article\" \/>\n<meta property=\"og:title\" content=\"Actividades en Silves - CasaSusa\" \/>\n<meta property=\"og:description\" content=\"Descubre el encanto de Silves con una variada oferta de actividades locales para todas las edades. Siempre hay algo que hacer.\" \/>\n<meta property=\"og:url\" content=\"https:\/\/www.casasusa.nl\/es\/actividades-en-silves\/\" \/>\n<meta property=\"og:site_name\" content=\"CasaSusa\" \/>\n<meta property=\"article:publisher\" content=\"https:\/\/www.facebook.com\/people\/Casa-Susa\/61575870086034\/\" \/>\n<meta property=\"article:modified_time\" content=\"2026-04-28T15:48:02+00:00\" \/>\n<meta property=\"og:image\" content=\"https:\/\/www.casasusa.nl\/wp-content\/uploads\/2026\/01\/Pestana-Silves-Golf-Club.jpg\" \/>\n\t<meta property=\"og:image:width\" content=\"1006\" \/>\n\t<meta property=\"og:image:height\" content=\"670\" \/>\n\t<meta property=\"og:image:type\" content=\"image\/jpeg\" \/>\n<meta name=\"twitter:card\" content=\"summary_large_image\" \/>\n<meta name=\"twitter:label1\" content=\"Tiempo de lectura\" \/>\n\t<meta name=\"twitter:data1\" content=\"1 minuto\" \/>\n<script type=\"application\/ld+json\" class=\"yoast-schema-graph\">{\"@context\":\"https:\\\/\\\/schema.org\",\"@graph\":[{\"@type\":\"WebPage\",\"@id\":\"https:\\\/\\\/www.casasusa.nl\\\/es\\\/actividades-en-silves\\\/\",\"url\":\"https:\\\/\\\/www.casasusa.nl\\\/es\\\/actividades-en-silves\\\/\",\"name\":\"Actividades en Silves - CasaSusa\",\"isPartOf\":{\"@id\":\"https:\\\/\\\/www.casasusa.nl\\\/es\\\/#website\"},\"primaryImageOfPage\":{\"@id\":\"https:\\\/\\\/www.casasusa.nl\\\/es\\\/actividades-en-silves\\\/#primaryimage\"},\"image\":{\"@id\":\"https:\\\/\\\/www.casasusa.nl\\\/es\\\/actividades-en-silves\\\/#primaryimage\"},\"thumbnailUrl\":\"https:\\\/\\\/www.casasusa.nl\\\/wp-content\\\/uploads\\\/2026\\\/01\\\/Pestana-Silves-Golf-Club.jpg\",\"datePublished\":\"2026-01-19T11:04:49+00:00\",\"dateModified\":\"2026-04-28T15:48:02+00:00\",\"description\":\"Descubre el encanto de Silves con una variada oferta de actividades locales para todas las edades. Siempre hay algo que hacer.\",\"breadcrumb\":{\"@id\":\"https:\\\/\\\/www.casasusa.nl\\\/es\\\/actividades-en-silves\\\/#breadcrumb\"},\"inLanguage\":\"es\",\"potentialAction\":[{\"@type\":\"ReadAction\",\"target\":[\"https:\\\/\\\/www.casasusa.nl\\\/es\\\/actividades-en-silves\\\/\"]}]},{\"@type\":\"ImageObject\",\"inLanguage\":\"es\",\"@id\":\"https:\\\/\\\/www.casasusa.nl\\\/es\\\/actividades-en-silves\\\/#primaryimage\",\"url\":\"https:\\\/\\\/www.casasusa.nl\\\/wp-content\\\/uploads\\\/2026\\\/01\\\/Pestana-Silves-Golf-Club.jpg\",\"contentUrl\":\"https:\\\/\\\/www.casasusa.nl\\\/wp-content\\\/uploads\\\/2026\\\/01\\\/Pestana-Silves-Golf-Club.jpg\"},{\"@type\":\"BreadcrumbList\",\"@id\":\"https:\\\/\\\/www.casasusa.nl\\\/es\\\/actividades-en-silves\\\/#breadcrumb\",\"itemListElement\":[{\"@type\":\"ListItem\",\"position\":1,\"name\":\"Home\",\"item\":\"https:\\\/\\\/www.casasusa.nl\\\/es\\\/inicio\\\/\"},{\"@type\":\"ListItem\",\"position\":2,\"name\":\"Actividades en Silves\"}]},{\"@type\":\"WebSite\",\"@id\":\"https:\\\/\\\/www.casasusa.nl\\\/es\\\/#website\",\"url\":\"https:\\\/\\\/www.casasusa.nl\\\/es\\\/\",\"name\":\"Welkom bij CasaSusa\",\"description\":\"Schitterende woning in het centrum van historisch Silves\",\"potentialAction\":[{\"@type\":\"SearchAction\",\"target\":{\"@type\":\"EntryPoint\",\"urlTemplate\":\"https:\\\/\\\/www.casasusa.nl\\\/es\\\/?s={search_term_string}\"},\"query-input\":{\"@type\":\"PropertyValueSpecification\",\"valueRequired\":true,\"valueName\":\"search_term_string\"}}],\"inLanguage\":\"es\"}]}<\/script>\n<!-- \/ Yoast SEO plugin. -->","yoast_head_json":{"title":"Actividades en Silves - CasaSusa","description":"Descubre el encanto de Silves con una variada oferta de actividades locales para todas las edades. Siempre hay algo que hacer.","robots":{"index":"index","follow":"follow","max-snippet":"max-snippet:-1","max-image-preview":"max-image-preview:large","max-video-preview":"max-video-preview:-1"},"canonical":"https:\/\/www.casasusa.nl\/es\/actividades-en-silves\/","og_locale":"es_ES","og_type":"article","og_title":"Actividades en Silves - CasaSusa","og_description":"Descubre el encanto de Silves con una variada oferta de actividades locales para todas las edades. Siempre hay algo que hacer.","og_url":"https:\/\/www.casasusa.nl\/es\/actividades-en-silves\/","og_site_name":"CasaSusa","article_publisher":"https:\/\/www.facebook.com\/people\/Casa-Susa\/61575870086034\/","article_modified_time":"2026-04-28T15:48:02+00:00","og_image":[{"width":1006,"height":670,"url":"https:\/\/www.casasusa.nl\/wp-content\/uploads\/2026\/01\/Pestana-Silves-Golf-Club.jpg","type":"image\/jpeg"}],"twitter_card":"summary_large_image","twitter_misc":{"Tiempo de lectura":"1 minuto"},"schema":{"@context":"https:\/\/schema.org","@graph":[{"@type":"WebPage","@id":"https:\/\/www.casasusa.nl\/es\/actividades-en-silves\/","url":"https:\/\/www.casasusa.nl\/es\/actividades-en-silves\/","name":"Actividades en Silves - CasaSusa","isPartOf":{"@id":"https:\/\/www.casasusa.nl\/es\/#website"},"primaryImageOfPage":{"@id":"https:\/\/www.casasusa.nl\/es\/actividades-en-silves\/#primaryimage"},"image":{"@id":"https:\/\/www.casasusa.nl\/es\/actividades-en-silves\/#primaryimage"},"thumbnailUrl":"https:\/\/www.casasusa.nl\/wp-content\/uploads\/2026\/01\/Pestana-Silves-Golf-Club.jpg","datePublished":"2026-01-19T11:04:49+00:00","dateModified":"2026-04-28T15:48:02+00:00","description":"Descubre el encanto de Silves con una variada oferta de actividades locales para todas las edades. Siempre hay algo que hacer.","breadcrumb":{"@id":"https:\/\/www.casasusa.nl\/es\/actividades-en-silves\/#breadcrumb"},"inLanguage":"es","potentialAction":[{"@type":"ReadAction","target":["https:\/\/www.casasusa.nl\/es\/actividades-en-silves\/"]}]},{"@type":"ImageObject","inLanguage":"es","@id":"https:\/\/www.casasusa.nl\/es\/actividades-en-silves\/#primaryimage","url":"https:\/\/www.casasusa.nl\/wp-content\/uploads\/2026\/01\/Pestana-Silves-Golf-Club.jpg","contentUrl":"https:\/\/www.casasusa.nl\/wp-content\/uploads\/2026\/01\/Pestana-Silves-Golf-Club.jpg"},{"@type":"BreadcrumbList","@id":"https:\/\/www.casasusa.nl\/es\/actividades-en-silves\/#breadcrumb","itemListElement":[{"@type":"ListItem","position":1,"name":"Home","item":"https:\/\/www.casasusa.nl\/es\/inicio\/"},{"@type":"ListItem","position":2,"name":"Actividades en Silves"}]},{"@type":"WebSite","@id":"https:\/\/www.casasusa.nl\/es\/#website","url":"https:\/\/www.casasusa.nl\/es\/","name":"Welkom bij CasaSusa","description":"Schitterende woning in het centrum van historisch Silves","potentialAction":[{"@type":"SearchAction","target":{"@type":"EntryPoint","urlTemplate":"https:\/\/www.casasusa.nl\/es\/?s={search_term_string}"},"query-input":{"@type":"PropertyValueSpecification","valueRequired":true,"valueName":"search_term_string"}}],"inLanguage":"es"}]}},"_links":{"self":[{"href":"https:\/\/www.casasusa.nl\/es\/wp-json\/wp\/v2\/pages\/4317","targetHints":{"allow":["GET"]}}],"collection":[{"href":"https:\/\/www.casasusa.nl\/es\/wp-json\/wp\/v2\/pages"}],"about":[{"href":"https:\/\/www.casasusa.nl\/es\/wp-json\/wp\/v2\/types\/page"}],"author":[{"embeddable":true,"href":"https:\/\/www.casasusa.nl\/es\/wp-json\/wp\/v2\/users\/1"}],"replies":[{"embeddable":true,"href":"https:\/\/www.casasusa.nl\/es\/wp-json\/wp\/v2\/comments?post=4317"}],"version-history":[{"count":1,"href":"https:\/\/www.casasusa.nl\/es\/wp-json\/wp\/v2\/pages\/4317\/revisions"}],"predecessor-version":[{"id":4323,"href":"https:\/\/www.casasusa.nl\/es\/wp-json\/wp\/v2\/pages\/4317\/revisions\/4323"}],"wp:attachment":[{"href":"https:\/\/www.casasusa.nl\/es\/wp-json\/wp\/v2\/media?parent=4317"}],"curies":[{"name":"wp","href":"https:\/\/api.w.org\/{rel}","templated":true}]}}