{"id":4050,"date":"2026-01-18T06:54:08","date_gmt":"2026-01-18T05:54:08","guid":{"rendered":"https:\/\/www.casasusa.nl\/castillo-arabe-de-silves\/"},"modified":"2026-04-23T17:29:15","modified_gmt":"2026-04-23T16:29:15","slug":"castillo-arabe-de-silves","status":"publish","type":"page","link":"https:\/\/www.casasusa.nl\/es\/castillo-arabe-de-silves\/","title":{"rendered":"Castillo \u00e1rabe de Silves"},"content":{"rendered":"\t\t<div data-elementor-type=\"wp-page\" data-elementor-id=\"4050\" class=\"elementor elementor-4050 elementor-69\">\n\t\t\t\t\t\t<section class=\"elementor-section elementor-top-section elementor-element elementor-element-2b1b5e9c elementor-section-full_width elementor-section-height-default elementor-section-height-default\" data-id=\"2b1b5e9c\" data-element_type=\"section\" data-e-type=\"section\" data-settings=\"{&quot;background_background&quot;:&quot;classic&quot;}\">\n\t\t\t\t\t\t<div class=\"elementor-container elementor-column-gap-no\">\n\t\t\t\t\t<div class=\"elementor-column elementor-col-50 elementor-top-column elementor-element elementor-element-20a302cb\" data-id=\"20a302cb\" data-element_type=\"column\" data-e-type=\"column\" data-settings=\"{&quot;background_background&quot;:&quot;slideshow&quot;,&quot;background_slideshow_gallery&quot;:[{&quot;id&quot;:2750,&quot;url&quot;:&quot;https:\\\/\\\/www.casasusa.nl\\\/wp-content\\\/uploads\\\/2026\\\/01\\\/Kasteel-4-1.jpg&quot;},{&quot;id&quot;:2751,&quot;url&quot;:&quot;https:\\\/\\\/www.casasusa.nl\\\/wp-content\\\/uploads\\\/2026\\\/01\\\/Kasteel-3.jpg&quot;},{&quot;id&quot;:2527,&quot;url&quot;:&quot;https:\\\/\\\/www.casasusa.nl\\\/wp-content\\\/uploads\\\/2026\\\/01\\\/Kasteel-2.jpg&quot;}],&quot;background_slideshow_ken_burns&quot;:&quot;yes&quot;,&quot;background_slideshow_loop&quot;:&quot;yes&quot;,&quot;background_slideshow_slide_duration&quot;:5000,&quot;background_slideshow_slide_transition&quot;:&quot;fade&quot;,&quot;background_slideshow_transition_duration&quot;:500,&quot;background_slideshow_ken_burns_zoom_direction&quot;:&quot;in&quot;}\">\n\t\t\t<div class=\"elementor-widget-wrap elementor-element-populated\">\n\t\t\t\t\t\t<div class=\"elementor-element elementor-element-6130f4d5 elementor-widget elementor-widget-spacer\" data-id=\"6130f4d5\" data-element_type=\"widget\" data-e-type=\"widget\" data-widget_type=\"spacer.default\">\n\t\t\t\t<div class=\"elementor-widget-container\">\n\t\t\t\t\t\t\t<div class=\"elementor-spacer\">\n\t\t\t<div class=\"elementor-spacer-inner\"><\/div>\n\t\t<\/div>\n\t\t\t\t\t\t<\/div>\n\t\t\t\t<\/div>\n\t\t\t\t\t<\/div>\n\t\t<\/div>\n\t\t\t\t<div class=\"elementor-column elementor-col-50 elementor-top-column elementor-element elementor-element-1f8e550a dark-color\" data-id=\"1f8e550a\" data-element_type=\"column\" data-e-type=\"column\">\n\t\t\t<div class=\"elementor-widget-wrap elementor-element-populated\">\n\t\t\t\t\t\t<div class=\"elementor-element elementor-element-244c4143 elementor-widget elementor-widget-cs_title\" data-id=\"244c4143\" data-element_type=\"widget\" data-e-type=\"widget\" data-widget_type=\"cs_title.default\">\n\t\t\t\t<div class=\"elementor-widget-container\">\n\t\t\t\t\t\n        <div class=\"cs-title-wrap\">\t            <div class=\"cs-subtitle-wrap\"><span class=\"cs-subtitle color-white\">Castelo dos Mouros<\/span><\/div>\t            <h4 class=\"cs-title\">\n\t                Castillo \u00e1rabe en Silves\t            <\/h4>\t            <div class=\"cs-title-text\">\n\t                <h5 data-start=\"118\" data-end=\"174\">El Castillo \u00c1rabe de Silves: un viaje a trav\u00e9s del tiempo<\/h5><p data-start=\"176\" data-end=\"472\">En lo alto de la encantadora ciudad de Silves se alza el impresionante castillo \u00e1rabe, uno de los castillos m\u00e1s bonitos y mejor conservados del Algarve. Con sus murallas rojizas, robustas torres e impresionantes vistas, este monumento hist\u00f3rico es una visita obligada durante tu estancia en el sur de Portugal.<\/p><p data-start=\"474\" data-end=\"824\">El castillo fue construido por los \u00e1rabes entre los siglos VIII y XIII, en una \u00e9poca en la que Silves \u2014llamada entonces <em data-start=\"572\" data-end=\"578\">Xelb<\/em>\u2014 era una ciudad pr\u00f3spera y floreciente. Gracias a su ubicaci\u00f3n estrat\u00e9gica, la fortaleza ofrec\u00eda protecci\u00f3n contra ataques y control sobre los alrededores. Las robustas murallas de arenisca roja otorgan al castillo su aspecto \u00fanico y reconocible.<\/p><p data-start=\"826\" data-end=\"1180\">Hoy en d\u00eda puedes pasear libremente por las murallas, subir a las torres y disfrutar de un panorama magn\u00edfico de la ciudad, el r\u00edo Arade y el verde interior del Algarve. Dentro de las murallas descubrir\u00e1s antiguos aljibes, restos arqueol\u00f3gicos y patios tranquilos que pintan una imagen v\u00edvida de la vida en la \u00e9poca \u00e1rabe.<\/p><p data-start=\"1182\" data-end=\"1436\">El castillo \u00e1rabe de Silves combina historia, cultura y unas vistas espectaculares en una sola visita. Tanto si te gusta la cultura como la fotograf\u00eda o si simplemente quieres descubrir un lugar especial: este castillo no puede faltar en tu ruta por el Algarve.<\/p>\t            <\/div>        <\/div>\t\t\t\t<\/div>\n\t\t\t\t<\/div>\n\t\t\t\t\t<\/div>\n\t\t<\/div>\n\t\t\t\t\t<\/div>\n\t\t<\/section>\n\t\t\t\t<\/div>\n\t\t","protected":false},"excerpt":{"rendered":"<p>Castelo dos Mouros Castillo \u00e1rabe en Silves El Castillo \u00c1rabe de Silves: un viaje a trav\u00e9s del tiempo En lo alto de la encantadora ciudad de Silves se alza el impresionante castillo \u00e1rabe, uno de los castillos m\u00e1s bonitos y mejor conservados del Algarve. Con sus murallas rojizas, robustas torres e impresionantes vistas, este monumento &#8230;<\/p>\n","protected":false},"author":1,"featured_media":0,"parent":0,"menu_order":0,"comment_status":"closed","ping_status":"closed","template":"template-wide-content.php","meta":{"cozystay_single_page_hide_site_header":"","cozystay_single_page_site_header_source":"","cozystay_single_page_custom_site_header":"0","cozystay_single_page_custom_sticky_site_header":"0","cozystay_single_page_hide_page_title":"","cozystay_single_page_header_section_size":"","cozystay_single_page_header_background_color":"","cozystay_single_page_header_background_position_x":"center","cozystay_single_page_header_background_position_y":"center","cozystay_single_page_header_background_size":"cover","cozystay_single_page_header_background_repeat":"off","cozystay_single_page_header_background_scroll":"on","cozystay_single_page_header_text_color":"","cozystay_single_page_header_show_breadcrumb":"","cozystay_single_page_site_footer_hide_main":"","cozystay_single_custom_site_footer_main_source":"","cozystay_single_custom_site_footer_main":"0","cozystay_single_page_site_footer_hide_above":"","cozystay_single_custom_site_footer_above_source":"","cozystay_single_custom_site_footer_above":"0","cozystay_single_page_site_footer_hide_instagram":"","cozystay_single_page_site_footer_hide_bottom":"","cozystay_single_custom_mobile_menu_source":"","cozystay_single_custom_mobile_menu":"0","cozystay_single_custom_mobile_menu_animation":"","cozystay_single_custom_mobile_menu_width":"","cozystay_single_custom_mobile_menu_custom_width":375,"footnotes":""},"class_list":["post-4050","page","type-page","status-publish","hentry"],"yoast_head":"<!-- This site is optimized with the Yoast SEO plugin v27.4 - https:\/\/yoast.com\/product\/yoast-seo-wordpress\/ -->\n<title>Castillo \u00e1rabe de Silves - CasaSusa<\/title>\n<meta name=\"description\" content=\"Encantadora ciudad medieval de Silves con casas tradicionales y un ambiente aut\u00e9ntico. El impresionante castillo rojo de Silves es una visita obligada\" \/>\n<meta name=\"robots\" content=\"index, follow, max-snippet:-1, max-image-preview:large, max-video-preview:-1\" \/>\n<link rel=\"canonical\" href=\"https:\/\/www.casasusa.nl\/es\/castillo-arabe-de-silves\/\" \/>\n<meta property=\"og:locale\" content=\"es_ES\" \/>\n<meta property=\"og:type\" content=\"article\" \/>\n<meta property=\"og:title\" content=\"Castillo \u00e1rabe de Silves - CasaSusa\" \/>\n<meta property=\"og:description\" content=\"Encantadora ciudad medieval de Silves con casas tradicionales y un ambiente aut\u00e9ntico. El impresionante castillo rojo de Silves es una visita obligada\" \/>\n<meta property=\"og:url\" content=\"https:\/\/www.casasusa.nl\/es\/castillo-arabe-de-silves\/\" \/>\n<meta property=\"og:site_name\" content=\"CasaSusa\" \/>\n<meta property=\"article:publisher\" content=\"https:\/\/www.facebook.com\/people\/Casa-Susa\/61575870086034\/\" \/>\n<meta property=\"article:modified_time\" content=\"2026-04-23T16:29:15+00:00\" \/>\n<meta name=\"twitter:card\" content=\"summary_large_image\" \/>\n<meta name=\"twitter:label1\" content=\"Tiempo de lectura\" \/>\n\t<meta name=\"twitter:data1\" content=\"1 minuto\" \/>\n<script type=\"application\/ld+json\" class=\"yoast-schema-graph\">{\"@context\":\"https:\\\/\\\/schema.org\",\"@graph\":[{\"@type\":\"WebPage\",\"@id\":\"https:\\\/\\\/www.casasusa.nl\\\/es\\\/castillo-arabe-de-silves\\\/\",\"url\":\"https:\\\/\\\/www.casasusa.nl\\\/es\\\/castillo-arabe-de-silves\\\/\",\"name\":\"Castillo \u00e1rabe de Silves - CasaSusa\",\"isPartOf\":{\"@id\":\"https:\\\/\\\/www.casasusa.nl\\\/es\\\/#website\"},\"datePublished\":\"2026-01-18T05:54:08+00:00\",\"dateModified\":\"2026-04-23T16:29:15+00:00\",\"description\":\"Encantadora ciudad medieval de Silves con casas tradicionales y un ambiente aut\u00e9ntico. El impresionante castillo rojo de Silves es una visita obligada\",\"breadcrumb\":{\"@id\":\"https:\\\/\\\/www.casasusa.nl\\\/es\\\/castillo-arabe-de-silves\\\/#breadcrumb\"},\"inLanguage\":\"es\",\"potentialAction\":[{\"@type\":\"ReadAction\",\"target\":[\"https:\\\/\\\/www.casasusa.nl\\\/es\\\/castillo-arabe-de-silves\\\/\"]}]},{\"@type\":\"BreadcrumbList\",\"@id\":\"https:\\\/\\\/www.casasusa.nl\\\/es\\\/castillo-arabe-de-silves\\\/#breadcrumb\",\"itemListElement\":[{\"@type\":\"ListItem\",\"position\":1,\"name\":\"Home\",\"item\":\"https:\\\/\\\/www.casasusa.nl\\\/es\\\/inicio\\\/\"},{\"@type\":\"ListItem\",\"position\":2,\"name\":\"Castillo \u00e1rabe de Silves\"}]},{\"@type\":\"WebSite\",\"@id\":\"https:\\\/\\\/www.casasusa.nl\\\/es\\\/#website\",\"url\":\"https:\\\/\\\/www.casasusa.nl\\\/es\\\/\",\"name\":\"Welkom bij CasaSusa\",\"description\":\"Schitterende woning in het centrum van historisch Silves\",\"potentialAction\":[{\"@type\":\"SearchAction\",\"target\":{\"@type\":\"EntryPoint\",\"urlTemplate\":\"https:\\\/\\\/www.casasusa.nl\\\/es\\\/?s={search_term_string}\"},\"query-input\":{\"@type\":\"PropertyValueSpecification\",\"valueRequired\":true,\"valueName\":\"search_term_string\"}}],\"inLanguage\":\"es\"}]}<\/script>\n<!-- \/ Yoast SEO plugin. -->","yoast_head_json":{"title":"Castillo \u00e1rabe de Silves - CasaSusa","description":"Encantadora ciudad medieval de Silves con casas tradicionales y un ambiente aut\u00e9ntico. El impresionante castillo rojo de Silves es una visita obligada","robots":{"index":"index","follow":"follow","max-snippet":"max-snippet:-1","max-image-preview":"max-image-preview:large","max-video-preview":"max-video-preview:-1"},"canonical":"https:\/\/www.casasusa.nl\/es\/castillo-arabe-de-silves\/","og_locale":"es_ES","og_type":"article","og_title":"Castillo \u00e1rabe de Silves - CasaSusa","og_description":"Encantadora ciudad medieval de Silves con casas tradicionales y un ambiente aut\u00e9ntico. El impresionante castillo rojo de Silves es una visita obligada","og_url":"https:\/\/www.casasusa.nl\/es\/castillo-arabe-de-silves\/","og_site_name":"CasaSusa","article_publisher":"https:\/\/www.facebook.com\/people\/Casa-Susa\/61575870086034\/","article_modified_time":"2026-04-23T16:29:15+00:00","twitter_card":"summary_large_image","twitter_misc":{"Tiempo de lectura":"1 minuto"},"schema":{"@context":"https:\/\/schema.org","@graph":[{"@type":"WebPage","@id":"https:\/\/www.casasusa.nl\/es\/castillo-arabe-de-silves\/","url":"https:\/\/www.casasusa.nl\/es\/castillo-arabe-de-silves\/","name":"Castillo \u00e1rabe de Silves - CasaSusa","isPartOf":{"@id":"https:\/\/www.casasusa.nl\/es\/#website"},"datePublished":"2026-01-18T05:54:08+00:00","dateModified":"2026-04-23T16:29:15+00:00","description":"Encantadora ciudad medieval de Silves con casas tradicionales y un ambiente aut\u00e9ntico. El impresionante castillo rojo de Silves es una visita obligada","breadcrumb":{"@id":"https:\/\/www.casasusa.nl\/es\/castillo-arabe-de-silves\/#breadcrumb"},"inLanguage":"es","potentialAction":[{"@type":"ReadAction","target":["https:\/\/www.casasusa.nl\/es\/castillo-arabe-de-silves\/"]}]},{"@type":"BreadcrumbList","@id":"https:\/\/www.casasusa.nl\/es\/castillo-arabe-de-silves\/#breadcrumb","itemListElement":[{"@type":"ListItem","position":1,"name":"Home","item":"https:\/\/www.casasusa.nl\/es\/inicio\/"},{"@type":"ListItem","position":2,"name":"Castillo \u00e1rabe de Silves"}]},{"@type":"WebSite","@id":"https:\/\/www.casasusa.nl\/es\/#website","url":"https:\/\/www.casasusa.nl\/es\/","name":"Welkom bij CasaSusa","description":"Schitterende woning in het centrum van historisch Silves","potentialAction":[{"@type":"SearchAction","target":{"@type":"EntryPoint","urlTemplate":"https:\/\/www.casasusa.nl\/es\/?s={search_term_string}"},"query-input":{"@type":"PropertyValueSpecification","valueRequired":true,"valueName":"search_term_string"}}],"inLanguage":"es"}]}},"_links":{"self":[{"href":"https:\/\/www.casasusa.nl\/es\/wp-json\/wp\/v2\/pages\/4050","targetHints":{"allow":["GET"]}}],"collection":[{"href":"https:\/\/www.casasusa.nl\/es\/wp-json\/wp\/v2\/pages"}],"about":[{"href":"https:\/\/www.casasusa.nl\/es\/wp-json\/wp\/v2\/types\/page"}],"author":[{"embeddable":true,"href":"https:\/\/www.casasusa.nl\/es\/wp-json\/wp\/v2\/users\/1"}],"replies":[{"embeddable":true,"href":"https:\/\/www.casasusa.nl\/es\/wp-json\/wp\/v2\/comments?post=4050"}],"version-history":[{"count":1,"href":"https:\/\/www.casasusa.nl\/es\/wp-json\/wp\/v2\/pages\/4050\/revisions"}],"predecessor-version":[{"id":4067,"href":"https:\/\/www.casasusa.nl\/es\/wp-json\/wp\/v2\/pages\/4050\/revisions\/4067"}],"wp:attachment":[{"href":"https:\/\/www.casasusa.nl\/es\/wp-json\/wp\/v2\/media?parent=4050"}],"curies":[{"name":"wp","href":"https:\/\/api.w.org\/{rel}","templated":true}]}}