{"id":4214,"date":"2026-01-20T21:01:42","date_gmt":"2026-01-20T20:01:42","guid":{"rendered":"https:\/\/www.casasusa.nl\/frequently-asked-questions\/"},"modified":"2026-04-25T18:21:25","modified_gmt":"2026-04-25T17:21:25","slug":"frequently-asked-questions","status":"publish","type":"page","link":"https:\/\/www.casasusa.nl\/en\/frequently-asked-questions\/","title":{"rendered":"Frequently asked questions"},"content":{"rendered":"\t\t<div data-elementor-type=\"wp-page\" data-elementor-id=\"4214\" class=\"elementor elementor-4214 elementor-3117\">\n\t\t\t\t\t\t<section class=\"elementor-section elementor-top-section elementor-element elementor-element-63b9756b elementor-section-content-middle elementor-section-full_width elementor-section-height-default elementor-section-height-default\" data-id=\"63b9756b\" data-element_type=\"section\" data-e-type=\"section\" data-settings=\"{&quot;background_background&quot;:&quot;classic&quot;}\">\n\t\t\t\t\t\t<div class=\"elementor-container elementor-column-gap-no\">\n\t\t\t\t\t<div class=\"elementor-column elementor-col-50 elementor-top-column elementor-element elementor-element-6757bbd4\" data-id=\"6757bbd4\" data-element_type=\"column\" data-e-type=\"column\" data-settings=\"{&quot;background_background&quot;:&quot;classic&quot;}\">\n\t\t\t<div class=\"elementor-widget-wrap elementor-element-populated\">\n\t\t\t\t\t\t<div class=\"elementor-element elementor-element-1828d971 elementor-widget elementor-widget-spacer\" data-id=\"1828d971\" data-element_type=\"widget\" data-e-type=\"widget\" data-widget_type=\"spacer.default\">\n\t\t\t\t<div class=\"elementor-widget-container\">\n\t\t\t\t\t\t\t<div class=\"elementor-spacer\">\n\t\t\t<div class=\"elementor-spacer-inner\"><\/div>\n\t\t<\/div>\n\t\t\t\t\t\t<\/div>\n\t\t\t\t<\/div>\n\t\t\t\t\t<\/div>\n\t\t<\/div>\n\t\t\t\t<div class=\"elementor-column elementor-col-50 elementor-top-column elementor-element elementor-element-2ffc14c5\" data-id=\"2ffc14c5\" data-element_type=\"column\" data-e-type=\"column\">\n\t\t\t<div class=\"elementor-widget-wrap elementor-element-populated\">\n\t\t\t\t\t\t<div class=\"elementor-element elementor-element-7395f9a9 elementor-widget elementor-widget-cs_title\" data-id=\"7395f9a9\" data-element_type=\"widget\" data-e-type=\"widget\" data-widget_type=\"cs_title.default\">\n\t\t\t\t<div class=\"elementor-widget-container\">\n\t\t\t\t\t\n        <div class=\"cs-title-wrap text-center-mobile\">\t            <h6 class=\"cs-title\">\n\t                Frequently Asked Questions\t            <\/h6>\t            <div class=\"cs-title-text\">\n\t                <h5 data-start=\"343\" data-end=\"357\"><strong data-start=\"358\" data-end=\"382\">Where is the property located?<\/strong><br data-start=\"382\" data-end=\"385\">Our holiday home is located in the quiet and authentic <strong data-start=\"440\" data-end=\"450\">Silves<\/strong>, centrally located in the Algarve. The historic center, restaurants, and shops are within walking distance, and the Algarve beaches can be reached by car within 20 minutes. <br><br><strong data-start=\"628\" data-end=\"679\">Is the property suitable for families or couples?<\/strong><br data-start=\"679\" data-end=\"682\">The property is ideal for couples, families, or friends who want to enjoy a relaxing holiday in a peaceful environment.<br><br><strong data-start=\"854\" data-end=\"880\">How does check-in work?<\/strong><br data-start=\"880\" data-end=\"883\">The property features <strong data-start=\"903\" data-end=\"925\">Nuki keyless entry<\/strong>. On the day of arrival, you will receive a personal access code via the Nuki app or SMS, allowing you to check in independently. <br><br><strong data-start=\"1056\" data-end=\"1115\">What time can I check in and what time is check-out?<\/strong><\/h5><h5 data-start=\"1120\" data-end=\"1196\">Check-in: from the agreed time (stated in the confirmation)<br>Check-out: by the agreed time at the latest<br>Variations are possible upon request.<br><br><strong data-start=\"1288\" data-end=\"1337\">Is someone available during the stay?<\/strong><br data-start=\"1337\" data-end=\"1340\">Yes, we are always available for questions or assistance.<br><br><strong data-start=\"1431\" data-end=\"1460\">Is there parking available?<\/strong><br data-start=\"1460\" data-end=\"1463\">Yes! There are <strong data-start=\"1475\" data-end=\"1510\">free public parking spaces<\/strong> available in the immediate vicinity of the property and <strong data-start=\"1563\" data-end=\"1579\">right in front of the door<\/strong>.  Reservations are not necessary.<br><br><strong data-start=\"1610\" data-end=\"1636\">Do I need a car?<\/strong><br data-start=\"1636\" data-end=\"1639\">A car is useful for exploring the Algarve, but you can easily get around the historic center of Silves on foot.<br><br><strong data-start=\"1796\" data-end=\"1820\">Is there Wi-Fi\/internet?<\/strong><br data-start=\"1820\" data-end=\"1823\">Yes, the property has <strong data-start=\"1843\" data-end=\"1858\">free Wi-Fi<\/strong>. The login details are in the information folder. <br><br><strong data-start=\"1902\" data-end=\"1952\">Is there information available about the area?<\/strong><br data-start=\"1952\" data-end=\"1955\">Yes! In the property, you will find an <strong data-start=\"1981\" data-end=\"1993\">information folder<\/strong> with practical tips, house rules, restaurants, excursions, and local sights. <br><br><strong data-start=\"2106\" data-end=\"2151\">What is the minimum age for booking?<\/strong><br data-start=\"2151\" data-end=\"2154\">The minimum age is <strong data-start=\"2178\" data-end=\"2189\">21 years<\/strong>. The primary booker must be present during the stay. <br><br><strong data-start=\"2254\" data-end=\"2285\">Are pets allowed?<\/strong><br data-start=\"2285\" data-end=\"2288\">No, <strong data-start=\"2293\" data-end=\"2320\">pets (including dogs)<\/strong> are not allowed.<br><br><strong data-start=\"2346\" data-end=\"2372\">Is smoking permitted?<\/strong><br data-start=\"2372\" data-end=\"2375\">Smoking is <strong data-start=\"2384\" data-end=\"2416\">not allowed inside the property<\/strong>. Smoking outside is allowed, provided windows and doors remain closed.<br><br><strong data-start=\"2488\" data-end=\"2531\">Are parties or events allowed?<\/strong><br data-start=\"2531\" data-end=\"2534\">No, parties, events, and disturbances are not allowed. We ask you to be mindful of the neighbors. <br><br><strong data-start=\"2671\" data-end=\"2698\">Is the property secure?<\/strong><br data-start=\"2698\" data-end=\"2701\">Yes, the property has several security features:<br><strong data-start=\"2760\" data-end=\"2778\">Smart doorbell<\/strong> at the front door<br><strong data-start=\"2799\" data-end=\"2838\">Security camera on the roof terrace<\/strong> (aimed at the outdoor area, not at indoor spaces)<br><strong data-start=\"2893\" data-end=\"2907\">Smoke detector<\/strong> and <strong data-start=\"2911\" data-end=\"2927\">fire extinguisher<br><br><\/strong><strong data-start=\"2929\" data-end=\"2968\">Are cameras used inside?<\/strong><br data-start=\"2968\" data-end=\"2971\">No, there are <strong data-start=\"2984\" data-end=\"3007\">no indoor cameras<\/strong>. Our guests&#8217; privacy is our priority. <br><br><strong data-start=\"3085\" data-end=\"3104\">Is there a security deposit?<\/strong><br data-start=\"3104\" data-end=\"3107\">If applicable, the deposit will be communicated in advance. It will be refunded after departure, provided everything is left tidy and there is no damage. <br><br><strong data-start=\"3263\" data-end=\"3302\">What are the cancellation terms?<\/strong><br data-start=\"3302\" data-end=\"3305\">Cancellation must be made in writing. Any cancellation fees will be communicated at the time of booking. We recommend travel and cancellation insurance. <br><br><strong data-start=\"3495\" data-end=\"3524\">How far are the beaches?<\/strong><br data-start=\"3524\" data-end=\"3527\">The most beautiful beaches in the Algarve are a <strong data-start=\"3579\" data-end=\"3596\">20-minute<\/strong> drive away. Popular beaches such as Praia da Rocha, Praia do Carvoeiro, and Praia de Arma\u00e7\u00e3o de P\u00eara are nearby. <br><br><strong data-start=\"3713\" data-end=\"3760\">Are there restaurants and shops nearby?<\/strong><br data-start=\"3760\" data-end=\"3763\">Yes, the historic center of Silves has various restaurants, cafes, and shops. Local tips can be found in the information folder. <br><br><strong data-start=\"3890\" data-end=\"3898\">Tip:<\/strong> The information folder in the house also contains maps, great walking routes, and personal tips for excursions and restaurants that most tourists miss!<\/h5>\t            <\/div>        <\/div>\t\t\t\t<\/div>\n\t\t\t\t<\/div>\n\t\t\t\t\t<\/div>\n\t\t<\/div>\n\t\t\t\t\t<\/div>\n\t\t<\/section>\n\t\t\t\t<\/div>\n\t\t","protected":false},"excerpt":{"rendered":"<p>Frequently Asked Questions Where is the property located?Our holiday home is located in the quiet and authentic Silves, centrally located in the Algarve. The historic center, restaurants, and shops are within walking distance, and the Algarve beaches can be reached by car within 20 minutes. Is the property suitable for families or couples?The property is &#8230;<\/p>\n","protected":false},"author":1,"featured_media":0,"parent":0,"menu_order":0,"comment_status":"closed","ping_status":"closed","template":"elementor_header_footer","meta":{"cozystay_single_page_hide_site_header":"","cozystay_single_page_site_header_source":"","cozystay_single_page_custom_site_header":"0","cozystay_single_page_custom_sticky_site_header":"0","cozystay_single_page_hide_page_title":"","cozystay_single_page_header_section_size":"","cozystay_single_page_header_background_color":"","cozystay_single_page_header_background_position_x":"center","cozystay_single_page_header_background_position_y":"center","cozystay_single_page_header_background_size":"cover","cozystay_single_page_header_background_repeat":"off","cozystay_single_page_header_background_scroll":"on","cozystay_single_page_header_text_color":"","cozystay_single_page_header_show_breadcrumb":"","cozystay_single_page_site_footer_hide_main":"","cozystay_single_custom_site_footer_main_source":"","cozystay_single_custom_site_footer_main":"0","cozystay_single_page_site_footer_hide_above":"","cozystay_single_custom_site_footer_above_source":"","cozystay_single_custom_site_footer_above":"0","cozystay_single_page_site_footer_hide_instagram":"","cozystay_single_page_site_footer_hide_bottom":"","cozystay_single_custom_mobile_menu_source":"","cozystay_single_custom_mobile_menu":"0","cozystay_single_custom_mobile_menu_animation":"","cozystay_single_custom_mobile_menu_width":"","cozystay_single_custom_mobile_menu_custom_width":375,"footnotes":""},"class_list":["post-4214","page","type-page","status-publish","hentry"],"yoast_head":"<!-- This site is optimized with the Yoast SEO plugin v27.4 - https:\/\/yoast.com\/product\/yoast-seo-wordpress\/ -->\n<title>Frequently asked questions - CasaSusa<\/title>\n<meta name=\"description\" content=\"One of the most common questions we get is whether there is internet and Wi-Fi available. Of course, air conditioning is also a must.\" \/>\n<meta name=\"robots\" content=\"index, follow, max-snippet:-1, max-image-preview:large, max-video-preview:-1\" \/>\n<link rel=\"canonical\" href=\"https:\/\/www.casasusa.nl\/en\/frequently-asked-questions\/\" \/>\n<meta property=\"og:locale\" content=\"en_US\" \/>\n<meta property=\"og:type\" content=\"article\" \/>\n<meta property=\"og:title\" content=\"Frequently asked questions - CasaSusa\" \/>\n<meta property=\"og:description\" content=\"One of the most common questions we get is whether there is internet and Wi-Fi available. Of course, air conditioning is also a must.\" \/>\n<meta property=\"og:url\" content=\"https:\/\/www.casasusa.nl\/en\/frequently-asked-questions\/\" \/>\n<meta property=\"og:site_name\" content=\"CasaSusa\" \/>\n<meta property=\"article:publisher\" content=\"https:\/\/www.facebook.com\/people\/Casa-Susa\/61575870086034\/\" \/>\n<meta property=\"article:modified_time\" content=\"2026-04-25T17:21:25+00:00\" \/>\n<meta name=\"twitter:card\" content=\"summary_large_image\" \/>\n<meta name=\"twitter:label1\" content=\"Est. reading time\" \/>\n\t<meta name=\"twitter:data1\" content=\"3 minutes\" \/>\n<script type=\"application\/ld+json\" class=\"yoast-schema-graph\">{\"@context\":\"https:\\\/\\\/schema.org\",\"@graph\":[{\"@type\":\"WebPage\",\"@id\":\"https:\\\/\\\/www.casasusa.nl\\\/en\\\/frequently-asked-questions\\\/\",\"url\":\"https:\\\/\\\/www.casasusa.nl\\\/en\\\/frequently-asked-questions\\\/\",\"name\":\"Frequently asked questions - CasaSusa\",\"isPartOf\":{\"@id\":\"https:\\\/\\\/www.casasusa.nl\\\/en\\\/#website\"},\"datePublished\":\"2026-01-20T20:01:42+00:00\",\"dateModified\":\"2026-04-25T17:21:25+00:00\",\"description\":\"One of the most common questions we get is whether there is internet and Wi-Fi available. Of course, air conditioning is also a must.\",\"breadcrumb\":{\"@id\":\"https:\\\/\\\/www.casasusa.nl\\\/en\\\/frequently-asked-questions\\\/#breadcrumb\"},\"inLanguage\":\"en-US\",\"potentialAction\":[{\"@type\":\"ReadAction\",\"target\":[\"https:\\\/\\\/www.casasusa.nl\\\/en\\\/frequently-asked-questions\\\/\"]}]},{\"@type\":\"BreadcrumbList\",\"@id\":\"https:\\\/\\\/www.casasusa.nl\\\/en\\\/frequently-asked-questions\\\/#breadcrumb\",\"itemListElement\":[{\"@type\":\"ListItem\",\"position\":1,\"name\":\"Home\",\"item\":\"https:\\\/\\\/www.casasusa.nl\\\/en\\\/home\\\/\"},{\"@type\":\"ListItem\",\"position\":2,\"name\":\"Frequently asked questions\"}]},{\"@type\":\"WebSite\",\"@id\":\"https:\\\/\\\/www.casasusa.nl\\\/en\\\/#website\",\"url\":\"https:\\\/\\\/www.casasusa.nl\\\/en\\\/\",\"name\":\"Welkom bij CasaSusa\",\"description\":\"Schitterende woning in het centrum van historisch Silves\",\"potentialAction\":[{\"@type\":\"SearchAction\",\"target\":{\"@type\":\"EntryPoint\",\"urlTemplate\":\"https:\\\/\\\/www.casasusa.nl\\\/en\\\/?s={search_term_string}\"},\"query-input\":{\"@type\":\"PropertyValueSpecification\",\"valueRequired\":true,\"valueName\":\"search_term_string\"}}],\"inLanguage\":\"en-US\"}]}<\/script>\n<!-- \/ Yoast SEO plugin. -->","yoast_head_json":{"title":"Frequently asked questions - CasaSusa","description":"One of the most common questions we get is whether there is internet and Wi-Fi available. Of course, air conditioning is also a must.","robots":{"index":"index","follow":"follow","max-snippet":"max-snippet:-1","max-image-preview":"max-image-preview:large","max-video-preview":"max-video-preview:-1"},"canonical":"https:\/\/www.casasusa.nl\/en\/frequently-asked-questions\/","og_locale":"en_US","og_type":"article","og_title":"Frequently asked questions - CasaSusa","og_description":"One of the most common questions we get is whether there is internet and Wi-Fi available. Of course, air conditioning is also a must.","og_url":"https:\/\/www.casasusa.nl\/en\/frequently-asked-questions\/","og_site_name":"CasaSusa","article_publisher":"https:\/\/www.facebook.com\/people\/Casa-Susa\/61575870086034\/","article_modified_time":"2026-04-25T17:21:25+00:00","twitter_card":"summary_large_image","twitter_misc":{"Est. reading time":"3 minutes"},"schema":{"@context":"https:\/\/schema.org","@graph":[{"@type":"WebPage","@id":"https:\/\/www.casasusa.nl\/en\/frequently-asked-questions\/","url":"https:\/\/www.casasusa.nl\/en\/frequently-asked-questions\/","name":"Frequently asked questions - CasaSusa","isPartOf":{"@id":"https:\/\/www.casasusa.nl\/en\/#website"},"datePublished":"2026-01-20T20:01:42+00:00","dateModified":"2026-04-25T17:21:25+00:00","description":"One of the most common questions we get is whether there is internet and Wi-Fi available. Of course, air conditioning is also a must.","breadcrumb":{"@id":"https:\/\/www.casasusa.nl\/en\/frequently-asked-questions\/#breadcrumb"},"inLanguage":"en-US","potentialAction":[{"@type":"ReadAction","target":["https:\/\/www.casasusa.nl\/en\/frequently-asked-questions\/"]}]},{"@type":"BreadcrumbList","@id":"https:\/\/www.casasusa.nl\/en\/frequently-asked-questions\/#breadcrumb","itemListElement":[{"@type":"ListItem","position":1,"name":"Home","item":"https:\/\/www.casasusa.nl\/en\/home\/"},{"@type":"ListItem","position":2,"name":"Frequently asked questions"}]},{"@type":"WebSite","@id":"https:\/\/www.casasusa.nl\/en\/#website","url":"https:\/\/www.casasusa.nl\/en\/","name":"Welkom bij CasaSusa","description":"Schitterende woning in het centrum van historisch Silves","potentialAction":[{"@type":"SearchAction","target":{"@type":"EntryPoint","urlTemplate":"https:\/\/www.casasusa.nl\/en\/?s={search_term_string}"},"query-input":{"@type":"PropertyValueSpecification","valueRequired":true,"valueName":"search_term_string"}}],"inLanguage":"en-US"}]}},"_links":{"self":[{"href":"https:\/\/www.casasusa.nl\/en\/wp-json\/wp\/v2\/pages\/4214","targetHints":{"allow":["GET"]}}],"collection":[{"href":"https:\/\/www.casasusa.nl\/en\/wp-json\/wp\/v2\/pages"}],"about":[{"href":"https:\/\/www.casasusa.nl\/en\/wp-json\/wp\/v2\/types\/page"}],"author":[{"embeddable":true,"href":"https:\/\/www.casasusa.nl\/en\/wp-json\/wp\/v2\/users\/1"}],"replies":[{"embeddable":true,"href":"https:\/\/www.casasusa.nl\/en\/wp-json\/wp\/v2\/comments?post=4214"}],"version-history":[{"count":1,"href":"https:\/\/www.casasusa.nl\/en\/wp-json\/wp\/v2\/pages\/4214\/revisions"}],"predecessor-version":[{"id":4217,"href":"https:\/\/www.casasusa.nl\/en\/wp-json\/wp\/v2\/pages\/4214\/revisions\/4217"}],"wp:attachment":[{"href":"https:\/\/www.casasusa.nl\/en\/wp-json\/wp\/v2\/media?parent=4214"}],"curies":[{"name":"wp","href":"https:\/\/api.w.org\/{rel}","templated":true}]}}