{"id":4379,"date":"2026-01-20T21:01:42","date_gmt":"2026-01-20T20:01:42","guid":{"rendered":"https:\/\/www.casasusa.nl\/haeufig-gestellte-fragen\/"},"modified":"2026-04-28T18:16:35","modified_gmt":"2026-04-28T17:16:35","slug":"haeufig-gestellte-fragen","status":"publish","type":"page","link":"https:\/\/www.casasusa.nl\/de\/haeufig-gestellte-fragen\/","title":{"rendered":"H\u00e4ufig gestellte Fragen"},"content":{"rendered":"\t\t<div data-elementor-type=\"wp-page\" data-elementor-id=\"4379\" class=\"elementor elementor-4379 elementor-3117\">\n\t\t\t\t\t\t<section class=\"elementor-section elementor-top-section elementor-element elementor-element-63b9756b elementor-section-content-middle elementor-section-full_width elementor-section-height-default elementor-section-height-default\" data-id=\"63b9756b\" data-element_type=\"section\" data-e-type=\"section\" data-settings=\"{&quot;background_background&quot;:&quot;classic&quot;}\">\n\t\t\t\t\t\t<div class=\"elementor-container elementor-column-gap-no\">\n\t\t\t\t\t<div class=\"elementor-column elementor-col-50 elementor-top-column elementor-element elementor-element-6757bbd4\" data-id=\"6757bbd4\" data-element_type=\"column\" data-e-type=\"column\" data-settings=\"{&quot;background_background&quot;:&quot;classic&quot;}\">\n\t\t\t<div class=\"elementor-widget-wrap elementor-element-populated\">\n\t\t\t\t\t\t<div class=\"elementor-element elementor-element-1828d971 elementor-widget elementor-widget-spacer\" data-id=\"1828d971\" data-element_type=\"widget\" data-e-type=\"widget\" data-widget_type=\"spacer.default\">\n\t\t\t\t<div class=\"elementor-widget-container\">\n\t\t\t\t\t\t\t<div class=\"elementor-spacer\">\n\t\t\t<div class=\"elementor-spacer-inner\"><\/div>\n\t\t<\/div>\n\t\t\t\t\t\t<\/div>\n\t\t\t\t<\/div>\n\t\t\t\t\t<\/div>\n\t\t<\/div>\n\t\t\t\t<div class=\"elementor-column elementor-col-50 elementor-top-column elementor-element elementor-element-2ffc14c5\" data-id=\"2ffc14c5\" data-element_type=\"column\" data-e-type=\"column\">\n\t\t\t<div class=\"elementor-widget-wrap elementor-element-populated\">\n\t\t\t\t\t\t<div class=\"elementor-element elementor-element-7395f9a9 elementor-widget elementor-widget-cs_title\" data-id=\"7395f9a9\" data-element_type=\"widget\" data-e-type=\"widget\" data-widget_type=\"cs_title.default\">\n\t\t\t\t<div class=\"elementor-widget-container\">\n\t\t\t\t\t\n        <div class=\"cs-title-wrap text-center-mobile\">\t            <h6 class=\"cs-title\">\n\t                H\u00e4ufig gestellte Fragen\t            <\/h6>\t            <div class=\"cs-title-text\">\n\t                <h5 data-start=\"343\" data-end=\"357\"><strong data-start=\"358\" data-end=\"382\">Wo befindet sich die Unterkunft?<\/strong><br data-start=\"382\" data-end=\"385\">Unser Ferienhaus liegt im ruhigen und authentischen <strong data-start=\"440\" data-end=\"450\">Silves<\/strong>, zentral an der Algarve. Das historische Zentrum, Restaurants und Gesch\u00e4fte sind fu\u00dfl\u00e4ufig erreichbar, und die Str\u00e4nde der Algarve sind mit dem Auto innerhalb von 20 Minuten erreichbar. <br><br><strong data-start=\"628\" data-end=\"679\">Ist die Unterkunft f\u00fcr Familien oder Paare geeignet?<\/strong><br data-start=\"679\" data-end=\"682\">Die Unterkunft ist ideal f\u00fcr Paare, Familien oder Freunde, die einen entspannten Urlaub in einer ruhigen Umgebung genie\u00dfen m\u00f6chten.<br><br><strong data-start=\"854\" data-end=\"880\">Wie funktioniert der Check-in?<\/strong><br data-start=\"880\" data-end=\"883\">Die Unterkunft verf\u00fcgt \u00fcber einen <strong data-start=\"903\" data-end=\"925\">Nuki Keyless Entry<\/strong>. Sie erhalten am Anreisetag einen pers\u00f6nlichen Zugangscode \u00fcber die Nuki-App oder per SMS, sodass Sie selbstst\u00e4ndig einchecken k\u00f6nnen. <br><br><strong data-start=\"1056\" data-end=\"1115\">Ab wann kann ich einchecken und bis wann muss ich auschecken?<\/strong><\/h5><h5 data-start=\"1120\" data-end=\"1196\">Check-in: ab dem vereinbarten Zeitpunkt (wird in der Best\u00e4tigung angegeben)<br>Check-out: sp\u00e4testens zum vereinbarten Zeitpunkt<br>Abweichungen sind nach Absprache m\u00f6glich.<br><br><strong data-start=\"1288\" data-end=\"1337\">Ist w\u00e4hrend des Aufenthalts jemand erreichbar?<\/strong><br data-start=\"1337\" data-end=\"1340\">Ja, wir sind jederzeit f\u00fcr Fragen oder Hilfe erreichbar.<br><br><strong data-start=\"1431\" data-end=\"1460\">Gibt es Parkm\u00f6glichkeiten?<\/strong><br data-start=\"1460\" data-end=\"1463\">Ja! Es stehen <strong data-start=\"1475\" data-end=\"1510\">kostenlose \u00f6ffentliche Parkpl\u00e4tze<\/strong> in der direkten Umgebung der Unterkunft sowie <strong data-start=\"1563\" data-end=\"1579\">vor der T\u00fcr<\/strong> zur Verf\u00fcgung.  Eine Reservierung ist nicht erforderlich.<br><br><strong data-start=\"1610\" data-end=\"1636\">Ben\u00f6tige ich ein Auto?<\/strong><br data-start=\"1636\" data-end=\"1639\">Ein Auto ist praktisch, um die Algarve zu erkunden, aber das historische Zentrum von Silves k\u00f6nnen Sie problemlos zu Fu\u00df erreichen.<br><br><strong data-start=\"1796\" data-end=\"1820\">Gibt es WLAN\/Internet?<\/strong><br data-start=\"1820\" data-end=\"1823\">Ja, die Unterkunft verf\u00fcgt \u00fcber <strong data-start=\"1843\" data-end=\"1858\">kostenloses WLAN<\/strong>. Die Zugangsdaten finden Sie in der Infomappe. <br><br><strong data-start=\"1902\" data-end=\"1952\">Sind Informationen \u00fcber die Umgebung verf\u00fcgbar?<\/strong><br data-start=\"1952\" data-end=\"1955\">Ja! In der Unterkunft liegt eine <strong data-start=\"1981\" data-end=\"1993\">Infomappe<\/strong> mit praktischen Tipps, Hausregeln, Restaurants, Ausflugszielen und lokalen Sehensw\u00fcrdigkeiten bereit. <br><br><strong data-start=\"2106\" data-end=\"2151\">Was ist das Mindestalter f\u00fcr eine Buchung?<\/strong><br data-start=\"2151\" data-end=\"2154\">Das Mindestalter betr\u00e4gt <strong data-start=\"2178\" data-end=\"2189\">21 Jahre<\/strong>. Der Hauptbuchende muss w\u00e4hrend des Aufenthalts anwesend sein. <br><br><strong data-start=\"2254\" data-end=\"2285\">Sind Haustiere erlaubt?<\/strong><br data-start=\"2285\" data-end=\"2288\">Nein, <strong data-start=\"2293\" data-end=\"2320\">Haustiere (auch Hunde)<\/strong> sind nicht gestattet.<br><br><strong data-start=\"2346\" data-end=\"2372\">Darf geraucht werden?<\/strong><br data-start=\"2372\" data-end=\"2375\">Rauchen ist <strong data-start=\"2384\" data-end=\"2416\">in der Unterkunft nicht gestattet<\/strong>. Rauchen im Freien ist erlaubt, sofern Fenster und T\u00fcren geschlossen bleiben.<br><br><strong data-start=\"2488\" data-end=\"2531\">Sind Partys oder Veranstaltungen erlaubt?<\/strong><br data-start=\"2531\" data-end=\"2534\">Nein, Partys, Veranstaltungen und Ruhest\u00f6rungen sind nicht gestattet. Wir bitten Sie, R\u00fccksicht auf die Nachbarn zu nehmen. <br><br><strong data-start=\"2671\" data-end=\"2698\">Ist die Unterkunft gesichert?<\/strong><br data-start=\"2698\" data-end=\"2701\">Ja, die Unterkunft verf\u00fcgt \u00fcber mehrere Sicherheitseinrichtungen:<br><strong data-start=\"2760\" data-end=\"2778\">Smarte T\u00fcrklingel<\/strong> an der Haust\u00fcr<br><strong data-start=\"2799\" data-end=\"2838\">Sicherheitskamera auf der Dachterrasse<\/strong> (auf den Au\u00dfenbereich gerichtet, nicht auf Innenr\u00e4ume)<br><strong data-start=\"2893\" data-end=\"2907\">Rauchmelder<\/strong> und <strong data-start=\"2911\" data-end=\"2927\">Feuerl\u00f6scher<br><br><\/strong><strong data-start=\"2929\" data-end=\"2968\">Werden im Innenbereich Kameras eingesetzt?<\/strong><br data-start=\"2968\" data-end=\"2971\">Nein, es gibt <strong data-start=\"2984\" data-end=\"3007\">keine Innenkameras<\/strong>. Die Privatsph\u00e4re unserer G\u00e4ste steht an erster Stelle. <br><br><strong data-start=\"3085\" data-end=\"3104\">Gibt es eine Kaution?<\/strong><br data-start=\"3104\" data-end=\"3107\">Falls zutreffend, wird die Kaution vorab kommuniziert. Nach der Abreise wird diese zur\u00fcckerstattet, sofern alles ordnungsgem\u00e4\u00df hinterlassen wurde und keine Sch\u00e4den entstanden sind. <br><br><strong data-start=\"3263\" data-end=\"3302\">Wie lauten die Stornierungsbedingungen?<\/strong><br data-start=\"3302\" data-end=\"3305\">Stornierungen m\u00fcssen schriftlich erfolgen. Eventuelle Stornierungskosten werden bei der Buchung mitgeteilt. Wir empfehlen den Abschluss einer Reise- und Reiser\u00fccktrittsversicherung. <br><br><strong data-start=\"3495\" data-end=\"3524\">Wie weit ist es bis zu den Str\u00e4nden?<\/strong><br data-start=\"3524\" data-end=\"3527\">Die sch\u00f6nsten Str\u00e4nde der Algarve sind mit dem Auto in <strong data-start=\"3579\" data-end=\"3596\">20 Minuten<\/strong> erreichbar. Beliebte Str\u00e4nde wie Praia da Rocha, Praia do Carvoeiro und Praia de Arma\u00e7\u00e3o de P\u00eara liegen ganz in der N\u00e4he. <br><br><strong data-start=\"3713\" data-end=\"3760\">Gibt es Restaurants und Gesch\u00e4fte in der N\u00e4he?<\/strong><br data-start=\"3760\" data-end=\"3763\">Ja, das historische Zentrum von Silves bietet verschiedene Restaurants, Caf\u00e9s und Gesch\u00e4fte. Lokale Tipps finden Sie in der Infomappe. <br><br><strong data-start=\"3890\" data-end=\"3898\">Tipp:<\/strong> Die Infomappe in der Unterkunft enth\u00e4lt auch Karten, sch\u00f6ne Wanderrouten und pers\u00f6nliche Tipps f\u00fcr Ausfl\u00fcge und Restaurants, die die meisten Touristen verpassen!<\/h5>\t            <\/div>        <\/div>\t\t\t\t<\/div>\n\t\t\t\t<\/div>\n\t\t\t\t\t<\/div>\n\t\t<\/div>\n\t\t\t\t\t<\/div>\n\t\t<\/section>\n\t\t\t\t<\/div>\n\t\t","protected":false},"excerpt":{"rendered":"<p>H\u00e4ufig gestellte Fragen Wo befindet sich die Unterkunft?Unser Ferienhaus liegt im ruhigen und authentischen Silves, zentral an der Algarve. Das historische Zentrum, Restaurants und Gesch\u00e4fte sind fu\u00dfl\u00e4ufig erreichbar, und die Str\u00e4nde der Algarve sind mit dem Auto innerhalb von 20 Minuten erreichbar. Ist die Unterkunft f\u00fcr Familien oder Paare geeignet?Die Unterkunft ist ideal f\u00fcr Paare, &#8230;<\/p>\n","protected":false},"author":1,"featured_media":0,"parent":0,"menu_order":0,"comment_status":"closed","ping_status":"closed","template":"elementor_header_footer","meta":{"cozystay_single_page_hide_site_header":"","cozystay_single_page_site_header_source":"","cozystay_single_page_custom_site_header":"0","cozystay_single_page_custom_sticky_site_header":"0","cozystay_single_page_hide_page_title":"","cozystay_single_page_header_section_size":"","cozystay_single_page_header_background_color":"","cozystay_single_page_header_background_position_x":"center","cozystay_single_page_header_background_position_y":"center","cozystay_single_page_header_background_size":"cover","cozystay_single_page_header_background_repeat":"off","cozystay_single_page_header_background_scroll":"on","cozystay_single_page_header_text_color":"","cozystay_single_page_header_show_breadcrumb":"","cozystay_single_page_site_footer_hide_main":"","cozystay_single_custom_site_footer_main_source":"","cozystay_single_custom_site_footer_main":"0","cozystay_single_page_site_footer_hide_above":"","cozystay_single_custom_site_footer_above_source":"","cozystay_single_custom_site_footer_above":"0","cozystay_single_page_site_footer_hide_instagram":"","cozystay_single_page_site_footer_hide_bottom":"","cozystay_single_custom_mobile_menu_source":"","cozystay_single_custom_mobile_menu":"0","cozystay_single_custom_mobile_menu_animation":"","cozystay_single_custom_mobile_menu_width":"","cozystay_single_custom_mobile_menu_custom_width":375,"footnotes":""},"class_list":["post-4379","page","type-page","status-publish","hentry"],"yoast_head":"<!-- This site is optimized with the Yoast SEO plugin v27.5 - https:\/\/yoast.com\/product\/yoast-seo-wordpress\/ -->\n<title>H\u00e4ufig gestellte Fragen - CasaSusa<\/title>\n<meta name=\"description\" content=\"Eine der am h\u00e4ufigsten gestellten Fragen, die wir erhalten, ist, ob Internet &amp; WLAN vorhanden sind. Nat\u00fcrlich d\u00fcrfen auch Klimaanlagen nicht fehlen.\" \/>\n<meta name=\"robots\" content=\"index, follow, max-snippet:-1, max-image-preview:large, max-video-preview:-1\" \/>\n<link rel=\"canonical\" href=\"https:\/\/www.casasusa.nl\/de\/haeufig-gestellte-fragen\/\" \/>\n<meta property=\"og:locale\" content=\"de_DE\" \/>\n<meta property=\"og:type\" content=\"article\" \/>\n<meta property=\"og:title\" content=\"H\u00e4ufig gestellte Fragen - CasaSusa\" \/>\n<meta property=\"og:description\" content=\"Eine der am h\u00e4ufigsten gestellten Fragen, die wir erhalten, ist, ob Internet &amp; WLAN vorhanden sind. Nat\u00fcrlich d\u00fcrfen auch Klimaanlagen nicht fehlen.\" \/>\n<meta property=\"og:url\" content=\"https:\/\/www.casasusa.nl\/de\/haeufig-gestellte-fragen\/\" \/>\n<meta property=\"og:site_name\" content=\"CasaSusa\" \/>\n<meta property=\"article:publisher\" content=\"https:\/\/www.facebook.com\/people\/Casa-Susa\/61575870086034\/\" \/>\n<meta property=\"article:modified_time\" content=\"2026-04-28T17:16:35+00:00\" \/>\n<meta name=\"twitter:card\" content=\"summary_large_image\" \/>\n<meta name=\"twitter:label1\" content=\"Gesch\u00e4tzte Lesezeit\" \/>\n\t<meta name=\"twitter:data1\" content=\"3\u00a0Minuten\" \/>\n<script type=\"application\/ld+json\" class=\"yoast-schema-graph\">{\"@context\":\"https:\\\/\\\/schema.org\",\"@graph\":[{\"@type\":\"WebPage\",\"@id\":\"https:\\\/\\\/www.casasusa.nl\\\/de\\\/haeufig-gestellte-fragen\\\/\",\"url\":\"https:\\\/\\\/www.casasusa.nl\\\/de\\\/haeufig-gestellte-fragen\\\/\",\"name\":\"H\u00e4ufig gestellte Fragen - CasaSusa\",\"isPartOf\":{\"@id\":\"https:\\\/\\\/www.casasusa.nl\\\/de\\\/#website\"},\"datePublished\":\"2026-01-20T20:01:42+00:00\",\"dateModified\":\"2026-04-28T17:16:35+00:00\",\"description\":\"Eine der am h\u00e4ufigsten gestellten Fragen, die wir erhalten, ist, ob Internet & WLAN vorhanden sind. Nat\u00fcrlich d\u00fcrfen auch Klimaanlagen nicht fehlen.\",\"breadcrumb\":{\"@id\":\"https:\\\/\\\/www.casasusa.nl\\\/de\\\/haeufig-gestellte-fragen\\\/#breadcrumb\"},\"inLanguage\":\"de\",\"potentialAction\":[{\"@type\":\"ReadAction\",\"target\":[\"https:\\\/\\\/www.casasusa.nl\\\/de\\\/haeufig-gestellte-fragen\\\/\"]}]},{\"@type\":\"BreadcrumbList\",\"@id\":\"https:\\\/\\\/www.casasusa.nl\\\/de\\\/haeufig-gestellte-fragen\\\/#breadcrumb\",\"itemListElement\":[{\"@type\":\"ListItem\",\"position\":1,\"name\":\"Home\",\"item\":\"https:\\\/\\\/www.casasusa.nl\\\/de\\\/home\\\/\"},{\"@type\":\"ListItem\",\"position\":2,\"name\":\"H\u00e4ufig gestellte Fragen\"}]},{\"@type\":\"WebSite\",\"@id\":\"https:\\\/\\\/www.casasusa.nl\\\/de\\\/#website\",\"url\":\"https:\\\/\\\/www.casasusa.nl\\\/de\\\/\",\"name\":\"Welkom bij CasaSusa\",\"description\":\"Schitterende woning in het centrum van historisch Silves\",\"potentialAction\":[{\"@type\":\"SearchAction\",\"target\":{\"@type\":\"EntryPoint\",\"urlTemplate\":\"https:\\\/\\\/www.casasusa.nl\\\/de\\\/?s={search_term_string}\"},\"query-input\":{\"@type\":\"PropertyValueSpecification\",\"valueRequired\":true,\"valueName\":\"search_term_string\"}}],\"inLanguage\":\"de\"}]}<\/script>\n<!-- \/ Yoast SEO plugin. -->","yoast_head_json":{"title":"H\u00e4ufig gestellte Fragen - CasaSusa","description":"Eine der am h\u00e4ufigsten gestellten Fragen, die wir erhalten, ist, ob Internet & WLAN vorhanden sind. Nat\u00fcrlich d\u00fcrfen auch Klimaanlagen nicht fehlen.","robots":{"index":"index","follow":"follow","max-snippet":"max-snippet:-1","max-image-preview":"max-image-preview:large","max-video-preview":"max-video-preview:-1"},"canonical":"https:\/\/www.casasusa.nl\/de\/haeufig-gestellte-fragen\/","og_locale":"de_DE","og_type":"article","og_title":"H\u00e4ufig gestellte Fragen - CasaSusa","og_description":"Eine der am h\u00e4ufigsten gestellten Fragen, die wir erhalten, ist, ob Internet & WLAN vorhanden sind. Nat\u00fcrlich d\u00fcrfen auch Klimaanlagen nicht fehlen.","og_url":"https:\/\/www.casasusa.nl\/de\/haeufig-gestellte-fragen\/","og_site_name":"CasaSusa","article_publisher":"https:\/\/www.facebook.com\/people\/Casa-Susa\/61575870086034\/","article_modified_time":"2026-04-28T17:16:35+00:00","twitter_card":"summary_large_image","twitter_misc":{"Gesch\u00e4tzte Lesezeit":"3\u00a0Minuten"},"schema":{"@context":"https:\/\/schema.org","@graph":[{"@type":"WebPage","@id":"https:\/\/www.casasusa.nl\/de\/haeufig-gestellte-fragen\/","url":"https:\/\/www.casasusa.nl\/de\/haeufig-gestellte-fragen\/","name":"H\u00e4ufig gestellte Fragen - CasaSusa","isPartOf":{"@id":"https:\/\/www.casasusa.nl\/de\/#website"},"datePublished":"2026-01-20T20:01:42+00:00","dateModified":"2026-04-28T17:16:35+00:00","description":"Eine der am h\u00e4ufigsten gestellten Fragen, die wir erhalten, ist, ob Internet & WLAN vorhanden sind. Nat\u00fcrlich d\u00fcrfen auch Klimaanlagen nicht fehlen.","breadcrumb":{"@id":"https:\/\/www.casasusa.nl\/de\/haeufig-gestellte-fragen\/#breadcrumb"},"inLanguage":"de","potentialAction":[{"@type":"ReadAction","target":["https:\/\/www.casasusa.nl\/de\/haeufig-gestellte-fragen\/"]}]},{"@type":"BreadcrumbList","@id":"https:\/\/www.casasusa.nl\/de\/haeufig-gestellte-fragen\/#breadcrumb","itemListElement":[{"@type":"ListItem","position":1,"name":"Home","item":"https:\/\/www.casasusa.nl\/de\/home\/"},{"@type":"ListItem","position":2,"name":"H\u00e4ufig gestellte Fragen"}]},{"@type":"WebSite","@id":"https:\/\/www.casasusa.nl\/de\/#website","url":"https:\/\/www.casasusa.nl\/de\/","name":"Welkom bij CasaSusa","description":"Schitterende woning in het centrum van historisch Silves","potentialAction":[{"@type":"SearchAction","target":{"@type":"EntryPoint","urlTemplate":"https:\/\/www.casasusa.nl\/de\/?s={search_term_string}"},"query-input":{"@type":"PropertyValueSpecification","valueRequired":true,"valueName":"search_term_string"}}],"inLanguage":"de"}]}},"_links":{"self":[{"href":"https:\/\/www.casasusa.nl\/de\/wp-json\/wp\/v2\/pages\/4379","targetHints":{"allow":["GET"]}}],"collection":[{"href":"https:\/\/www.casasusa.nl\/de\/wp-json\/wp\/v2\/pages"}],"about":[{"href":"https:\/\/www.casasusa.nl\/de\/wp-json\/wp\/v2\/types\/page"}],"author":[{"embeddable":true,"href":"https:\/\/www.casasusa.nl\/de\/wp-json\/wp\/v2\/users\/1"}],"replies":[{"embeddable":true,"href":"https:\/\/www.casasusa.nl\/de\/wp-json\/wp\/v2\/comments?post=4379"}],"version-history":[{"count":1,"href":"https:\/\/www.casasusa.nl\/de\/wp-json\/wp\/v2\/pages\/4379\/revisions"}],"predecessor-version":[{"id":4385,"href":"https:\/\/www.casasusa.nl\/de\/wp-json\/wp\/v2\/pages\/4379\/revisions\/4385"}],"wp:attachment":[{"href":"https:\/\/www.casasusa.nl\/de\/wp-json\/wp\/v2\/media?parent=4379"}],"curies":[{"name":"wp","href":"https:\/\/api.w.org\/{rel}","templated":true}]}}