{"id":4363,"date":"2026-01-24T15:02:48","date_gmt":"2026-01-24T14:02:48","guid":{"rendered":"https:\/\/www.casasusa.nl\/goldgelbe-straende\/"},"modified":"2026-04-28T18:15:57","modified_gmt":"2026-04-28T17:15:57","slug":"goldgelbe-straende","status":"publish","type":"page","link":"https:\/\/www.casasusa.nl\/de\/goldgelbe-straende\/","title":{"rendered":"Goldgelbe Str\u00e4nde"},"content":{"rendered":"\t\t<div data-elementor-type=\"wp-page\" data-elementor-id=\"4363\" class=\"elementor elementor-4363 elementor-3305\">\n\t\t\t\t\t\t<section class=\"elementor-section elementor-top-section elementor-element elementor-element-5c20fdf8 cs-section-content-fullwidth elementor-section-content-middle elementor-section-boxed elementor-section-height-default elementor-section-height-default\" data-id=\"5c20fdf8\" data-element_type=\"section\" data-e-type=\"section\" data-settings=\"{&quot;background_background&quot;:&quot;classic&quot;}\">\n\t\t\t\t\t\t<div class=\"elementor-container elementor-column-gap-no\">\n\t\t\t\t\t<div class=\"elementor-column elementor-col-100 elementor-top-column elementor-element elementor-element-1d6b1a01\" data-id=\"1d6b1a01\" data-element_type=\"column\" data-e-type=\"column\">\n\t\t\t<div class=\"elementor-widget-wrap elementor-element-populated\">\n\t\t\t\t\t\t<div class=\"elementor-element elementor-element-6de97e34 elementor-widget elementor-widget-cs_title\" data-id=\"6de97e34\" data-element_type=\"widget\" data-e-type=\"widget\" data-widget_type=\"cs_title.default\">\n\t\t\t\t<div class=\"elementor-widget-container\">\n\t\t\t\t\t\n        <div class=\"cs-title-wrap text-center\">\t            <h3 class=\"cs-title\">\n\t                Die wundersch\u00f6nen Str\u00e4nde der Algarve\t            <\/h3>\t            <div class=\"cs-title-text\">\n\t                <p>Die Algarve, an der S\u00fcdk\u00fcste Portugals gelegen, ist weltweit f\u00fcr ihre atemberaubenden Str\u00e4nde bekannt. Entlang der K\u00fcstenlinie wechseln sich goldgelbe Sandstr\u00e4nde, beeindruckende Kalksteinklippen und verborgene Buchten ab. Das klare, blaue Wasser und das milde Klima machen die Algarve das ganze Jahr \u00fcber zu einem beliebten Reiseziel \u2013 und das alles nur 20 Minuten von unserem Ferienhaus CasaSusa entfernt.<\/p>\t            <\/div>        <\/div>\t\t\t\t<\/div>\n\t\t\t\t<\/div>\n\t\t\t\t\t<\/div>\n\t\t<\/div>\n\t\t\t\t\t<\/div>\n\t\t<\/section>\n\t\t\t\t<section class=\"elementor-section elementor-top-section elementor-element elementor-element-5d37b450 cs-section-content-fullwidth elementor-section-boxed elementor-section-height-default elementor-section-height-default\" data-id=\"5d37b450\" data-element_type=\"section\" data-e-type=\"section\">\n\t\t\t\t\t\t<div class=\"elementor-container elementor-column-gap-default\">\n\t\t\t\t\t<div class=\"elementor-column elementor-col-25 elementor-top-column elementor-element elementor-element-59cd0922\" data-id=\"59cd0922\" data-element_type=\"column\" data-e-type=\"column\">\n\t\t\t<div class=\"elementor-widget-wrap elementor-element-populated\">\n\t\t\t\t\t\t<div class=\"elementor-element elementor-element-43b14e2e elementor-widget elementor-widget-cs_call_to_action\" data-id=\"43b14e2e\" data-element_type=\"widget\" data-e-type=\"widget\" data-widget_type=\"cs_call_to_action.default\">\n\t\t\t\t<div class=\"elementor-widget-container\">\n\t\t\t\t\t\n\t\t<div class=\"cs-cta cta-layout-text-normal text-center cta-hover-img-zoom\">\n            <div class=\"cs-cta-wrap\">\t\t                <div class=\"cs-cta-img-wrap\">\n\t\t\t\t\t        <div class=\"cs-cta-img\">\n\t\t\t\t\t            <img fetchpriority=\"high\" decoding=\"async\" width=\"1200\" height=\"900\" src=\"https:\/\/www.casasusa.nl\/wp-content\/uploads\/2026\/01\/praia-da-rocha-2.jpg\" class=\"attachment-full size-full wp-image-3362\" alt=\"praia-da-rocha-2\" srcset=\"https:\/\/www.casasusa.nl\/wp-content\/uploads\/2026\/01\/praia-da-rocha-2.jpg 1200w, https:\/\/www.casasusa.nl\/wp-content\/uploads\/2026\/01\/praia-da-rocha-2-300x225.jpg 300w, https:\/\/www.casasusa.nl\/wp-content\/uploads\/2026\/01\/praia-da-rocha-2-1024x768.jpg 1024w, https:\/\/www.casasusa.nl\/wp-content\/uploads\/2026\/01\/praia-da-rocha-2-768x576.jpg 768w, https:\/\/www.casasusa.nl\/wp-content\/uploads\/2026\/01\/praia-da-rocha-2-780x585.jpg 780w, https:\/\/www.casasusa.nl\/wp-content\/uploads\/2026\/01\/praia-da-rocha-2-600x450.jpg 600w, https:\/\/www.casasusa.nl\/wp-content\/uploads\/2026\/01\/praia-da-rocha-2-550x413.jpg 550w, https:\/\/www.casasusa.nl\/wp-content\/uploads\/2026\/01\/praia-da-rocha-2-370x278.jpg 370w, https:\/\/www.casasusa.nl\/wp-content\/uploads\/2026\/01\/praia-da-rocha-2-255x191.jpg 255w, https:\/\/www.casasusa.nl\/wp-content\/uploads\/2026\/01\/praia-da-rocha-2-150x113.jpg 150w\" sizes=\"(max-width: 1200px) 100vw, 1200px\" \/>\t\t\t\t\t        <\/div>\n\t\t\t\t\t        <div class=\"cs-offset-border\"><\/div>\n\t\t\t\t\t\t<\/div>                <div class=\"cs-cta-overlay\"><\/div>\n                <div class=\"cs-cta-content\">\t\t            <h6 class=\"cs-cta-title cs-title\">\n\t\t                Praia da Rocha\t\t            <\/h6>\t\t            <div class=\"cs-cta-text\">\n\t\t                <p>Praia da Rocha ist einer der bekanntesten und beeindruckendsten Str\u00e4nde der Algarve. Dieser weitl\u00e4ufige Sandstrand liegt bei Portim\u00e3o und ist bekannt f\u00fcr seinen goldgelben Sand, das kristallblaue Meer und die ikonischen Felsformationen, die hoch \u00fcber dem Strand aufragen. Die Kombination aus Natur und Lebendigkeit macht Praia da Rocha bei Besuchern aller Altersgruppen beliebt.<\/p>\t\t            <\/div>\t\t\t<\/div>            <\/div>\n        <\/div>\t\t\t\t<\/div>\n\t\t\t\t<\/div>\n\t\t\t\t\t<\/div>\n\t\t<\/div>\n\t\t\t\t<div class=\"elementor-column elementor-col-25 elementor-top-column elementor-element elementor-element-5b7db69e\" data-id=\"5b7db69e\" data-element_type=\"column\" data-e-type=\"column\">\n\t\t\t<div class=\"elementor-widget-wrap elementor-element-populated\">\n\t\t\t\t\t\t<div class=\"elementor-element elementor-element-4c58c3ab elementor-widget elementor-widget-cs_call_to_action\" data-id=\"4c58c3ab\" data-element_type=\"widget\" data-e-type=\"widget\" data-widget_type=\"cs_call_to_action.default\">\n\t\t\t\t<div class=\"elementor-widget-container\">\n\t\t\t\t\t\n\t\t<div class=\"cs-cta cta-layout-text-normal text-center cta-hover-img-zoom\">\n            <div class=\"cs-cta-wrap\">\t\t                <div class=\"cs-cta-img-wrap\">\n\t\t\t\t\t        <div class=\"cs-cta-img\">\n\t\t\t\t\t            <img decoding=\"async\" width=\"1200\" height=\"900\" src=\"https:\/\/www.casasusa.nl\/wp-content\/uploads\/2026\/01\/Praia-da-Marinha_s.jpg\" class=\"attachment-full size-full wp-image-3368\" alt=\"Praia-da-Marinha\" srcset=\"https:\/\/www.casasusa.nl\/wp-content\/uploads\/2026\/01\/Praia-da-Marinha_s.jpg 1200w, https:\/\/www.casasusa.nl\/wp-content\/uploads\/2026\/01\/Praia-da-Marinha_s-300x225.jpg 300w, https:\/\/www.casasusa.nl\/wp-content\/uploads\/2026\/01\/Praia-da-Marinha_s-1024x768.jpg 1024w, https:\/\/www.casasusa.nl\/wp-content\/uploads\/2026\/01\/Praia-da-Marinha_s-768x576.jpg 768w, https:\/\/www.casasusa.nl\/wp-content\/uploads\/2026\/01\/Praia-da-Marinha_s-780x585.jpg 780w, https:\/\/www.casasusa.nl\/wp-content\/uploads\/2026\/01\/Praia-da-Marinha_s-600x450.jpg 600w, https:\/\/www.casasusa.nl\/wp-content\/uploads\/2026\/01\/Praia-da-Marinha_s-550x413.jpg 550w, https:\/\/www.casasusa.nl\/wp-content\/uploads\/2026\/01\/Praia-da-Marinha_s-370x278.jpg 370w, https:\/\/www.casasusa.nl\/wp-content\/uploads\/2026\/01\/Praia-da-Marinha_s-255x191.jpg 255w, https:\/\/www.casasusa.nl\/wp-content\/uploads\/2026\/01\/Praia-da-Marinha_s-150x113.jpg 150w\" sizes=\"(max-width: 1200px) 100vw, 1200px\" \/>\t\t\t\t\t        <\/div>\n\t\t\t\t\t        <div class=\"cs-offset-border\"><\/div>\n\t\t\t\t\t\t<\/div>                <div class=\"cs-cta-overlay\"><\/div>\n                <div class=\"cs-cta-content\">\t\t            <h6 class=\"cs-cta-title cs-title\">\n\t\t                Praia da Marinha\t\t            <\/h6>\t\t            <div class=\"cs-cta-text\">\n\t\t                <p>Praia da Marinha geh\u00f6rt zu den sch\u00f6nsten Str\u00e4nden Portugals und wird oft als eine der Perlen der Algarve bezeichnet. Dieser ikonische Strand ist bekannt f\u00fcr sein kristallklares Wasser, den goldfarbenen Sand und die beeindruckenden Kalksteinfelsformationen, die dem Strand eine fast m\u00e4rchenhafte Ausstrahlung verleihen.<\/p>\t\t            <\/div>\t\t\t<\/div>            <\/div>\n        <\/div>\t\t\t\t<\/div>\n\t\t\t\t<\/div>\n\t\t\t\t\t<\/div>\n\t\t<\/div>\n\t\t\t\t<div class=\"elementor-column elementor-col-25 elementor-top-column elementor-element elementor-element-62a9fc85\" data-id=\"62a9fc85\" data-element_type=\"column\" data-e-type=\"column\">\n\t\t\t<div class=\"elementor-widget-wrap elementor-element-populated\">\n\t\t\t\t\t\t<div class=\"elementor-element elementor-element-649285c7 elementor-widget elementor-widget-cs_call_to_action\" data-id=\"649285c7\" data-element_type=\"widget\" data-e-type=\"widget\" data-widget_type=\"cs_call_to_action.default\">\n\t\t\t\t<div class=\"elementor-widget-container\">\n\t\t\t\t\t\n\t\t<div class=\"cs-cta cta-layout-text-normal text-center cta-hover-img-zoom\">\n            <div class=\"cs-cta-wrap\">\t\t                <div class=\"cs-cta-img-wrap\">\n\t\t\t\t\t        <div class=\"cs-cta-img\">\n\t\t\t\t\t            <img decoding=\"async\" width=\"1200\" height=\"900\" src=\"https:\/\/www.casasusa.nl\/wp-content\/uploads\/2026\/01\/armacao-de-pera-s.jpg\" class=\"attachment-full size-full wp-image-3366\" alt=\"armacao de pera casasusa\" srcset=\"https:\/\/www.casasusa.nl\/wp-content\/uploads\/2026\/01\/armacao-de-pera-s.jpg 1200w, https:\/\/www.casasusa.nl\/wp-content\/uploads\/2026\/01\/armacao-de-pera-s-300x225.jpg 300w, https:\/\/www.casasusa.nl\/wp-content\/uploads\/2026\/01\/armacao-de-pera-s-1024x768.jpg 1024w, https:\/\/www.casasusa.nl\/wp-content\/uploads\/2026\/01\/armacao-de-pera-s-768x576.jpg 768w, https:\/\/www.casasusa.nl\/wp-content\/uploads\/2026\/01\/armacao-de-pera-s-780x585.jpg 780w, https:\/\/www.casasusa.nl\/wp-content\/uploads\/2026\/01\/armacao-de-pera-s-600x450.jpg 600w, https:\/\/www.casasusa.nl\/wp-content\/uploads\/2026\/01\/armacao-de-pera-s-550x413.jpg 550w, https:\/\/www.casasusa.nl\/wp-content\/uploads\/2026\/01\/armacao-de-pera-s-370x278.jpg 370w, https:\/\/www.casasusa.nl\/wp-content\/uploads\/2026\/01\/armacao-de-pera-s-255x191.jpg 255w, https:\/\/www.casasusa.nl\/wp-content\/uploads\/2026\/01\/armacao-de-pera-s-150x113.jpg 150w\" sizes=\"(max-width: 1200px) 100vw, 1200px\" \/>\t\t\t\t\t        <\/div>\n\t\t\t\t\t        <div class=\"cs-offset-border\"><\/div>\n\t\t\t\t\t\t<\/div>                <div class=\"cs-cta-overlay\"><\/div>\n                <div class=\"cs-cta-content\">\t\t            <h6 class=\"cs-cta-title cs-title\">\n\t\t                Arma\u00e7\u00e3o de P\u00eara\t\t            <\/h6>\t\t            <div class=\"cs-cta-text\">\n\t\t                <p>Arma\u00e7\u00e3o de P\u00eara ist bekannt f\u00fcr seine breiten Sandstr\u00e4nde und die authentische Fischeratmosph\u00e4re. Entlang der K\u00fcste liegen farbenfrohe Fischerboote am Strand \u2013 ein wundersch\u00f6ner Anblick, der an die reiche maritime Tradition dieses ehemaligen Fischerdorfes an der Algarve erinnert.<\/p>\t\t            <\/div>\t\t\t<\/div>            <\/div>\n        <\/div>\t\t\t\t<\/div>\n\t\t\t\t<\/div>\n\t\t\t\t\t<\/div>\n\t\t<\/div>\n\t\t\t\t<div class=\"elementor-column elementor-col-25 elementor-top-column elementor-element elementor-element-462526e9\" data-id=\"462526e9\" data-element_type=\"column\" data-e-type=\"column\">\n\t\t\t<div class=\"elementor-widget-wrap elementor-element-populated\">\n\t\t\t\t\t\t<div class=\"elementor-element elementor-element-100109c6 elementor-widget elementor-widget-cs_call_to_action\" data-id=\"100109c6\" data-element_type=\"widget\" data-e-type=\"widget\" data-widget_type=\"cs_call_to_action.default\">\n\t\t\t\t<div class=\"elementor-widget-container\">\n\t\t\t\t\t\n\t\t<div class=\"cs-cta cta-layout-text-normal text-center cta-hover-img-zoom\">\n            <div class=\"cs-cta-wrap\">\t\t                <div class=\"cs-cta-img-wrap\">\n\t\t\t\t\t        <div class=\"cs-cta-img\">\n\t\t\t\t\t            <img loading=\"lazy\" decoding=\"async\" width=\"1200\" height=\"900\" src=\"https:\/\/www.casasusa.nl\/wp-content\/uploads\/2026\/01\/Carvoeiro-strand.jpg\" class=\"attachment-full size-full wp-image-3358\" alt=\"Carvoeiro strand\" srcset=\"https:\/\/www.casasusa.nl\/wp-content\/uploads\/2026\/01\/Carvoeiro-strand.jpg 1200w, https:\/\/www.casasusa.nl\/wp-content\/uploads\/2026\/01\/Carvoeiro-strand-300x225.jpg 300w, https:\/\/www.casasusa.nl\/wp-content\/uploads\/2026\/01\/Carvoeiro-strand-1024x768.jpg 1024w, https:\/\/www.casasusa.nl\/wp-content\/uploads\/2026\/01\/Carvoeiro-strand-768x576.jpg 768w, https:\/\/www.casasusa.nl\/wp-content\/uploads\/2026\/01\/Carvoeiro-strand-780x585.jpg 780w, https:\/\/www.casasusa.nl\/wp-content\/uploads\/2026\/01\/Carvoeiro-strand-600x450.jpg 600w, https:\/\/www.casasusa.nl\/wp-content\/uploads\/2026\/01\/Carvoeiro-strand-550x413.jpg 550w, https:\/\/www.casasusa.nl\/wp-content\/uploads\/2026\/01\/Carvoeiro-strand-370x278.jpg 370w, https:\/\/www.casasusa.nl\/wp-content\/uploads\/2026\/01\/Carvoeiro-strand-255x191.jpg 255w, https:\/\/www.casasusa.nl\/wp-content\/uploads\/2026\/01\/Carvoeiro-strand-150x113.jpg 150w\" sizes=\"(max-width: 1200px) 100vw, 1200px\" \/>\t\t\t\t\t        <\/div>\n\t\t\t\t\t        <div class=\"cs-offset-border\"><\/div>\n\t\t\t\t\t\t<\/div>                <div class=\"cs-cta-overlay\"><\/div>\n                <div class=\"cs-cta-content\">\t\t            <h6 class=\"cs-cta-title cs-title\">\n\t\t                Praia do Carvoeiro\t\t            <\/h6>\t\t            <div class=\"cs-cta-text\">\n\t\t                <p>Praia do Carvoeiro ist ein charmanter Strand im Herzen des gleichnamigen Fischerdorfes an der Algarve. Umgeben von beeindruckenden Klippen und farbenfrohen H\u00e4usern bietet dieser Strand eine intime und stimmungsvolle Kulisse, die typisch f\u00fcr die portugiesische S\u00fcdk\u00fcste ist.<\/p>\t\t            <\/div>\t\t\t<\/div>            <\/div>\n        <\/div>\t\t\t\t<\/div>\n\t\t\t\t<\/div>\n\t\t\t\t\t<\/div>\n\t\t<\/div>\n\t\t\t\t\t<\/div>\n\t\t<\/section>\n\t\t\t\t<\/div>\n\t\t","protected":false},"excerpt":{"rendered":"<p>Die wundersch\u00f6nen Str\u00e4nde der Algarve Die Algarve, an der S\u00fcdk\u00fcste Portugals gelegen, ist weltweit f\u00fcr ihre atemberaubenden Str\u00e4nde bekannt. Entlang der K\u00fcstenlinie wechseln sich goldgelbe Sandstr\u00e4nde, beeindruckende Kalksteinklippen und verborgene Buchten ab. Das klare, blaue Wasser und das milde Klima machen die Algarve das ganze Jahr \u00fcber zu einem beliebten Reiseziel \u2013 und das alles &#8230;<\/p>\n","protected":false},"author":1,"featured_media":0,"parent":0,"menu_order":0,"comment_status":"closed","ping_status":"closed","template":"elementor_header_footer","meta":{"cozystay_single_page_hide_site_header":"","cozystay_single_page_site_header_source":"","cozystay_single_page_custom_site_header":"0","cozystay_single_page_custom_sticky_site_header":"0","cozystay_single_page_hide_page_title":"","cozystay_single_page_header_section_size":"","cozystay_single_page_header_background_color":"","cozystay_single_page_header_background_position_x":"center","cozystay_single_page_header_background_position_y":"center","cozystay_single_page_header_background_size":"cover","cozystay_single_page_header_background_repeat":"off","cozystay_single_page_header_background_scroll":"on","cozystay_single_page_header_text_color":"","cozystay_single_page_header_show_breadcrumb":"","cozystay_single_page_site_footer_hide_main":"","cozystay_single_custom_site_footer_main_source":"","cozystay_single_custom_site_footer_main":"0","cozystay_single_page_site_footer_hide_above":"","cozystay_single_custom_site_footer_above_source":"","cozystay_single_custom_site_footer_above":"0","cozystay_single_page_site_footer_hide_instagram":"","cozystay_single_page_site_footer_hide_bottom":"","cozystay_single_custom_mobile_menu_source":"","cozystay_single_custom_mobile_menu":"0","cozystay_single_custom_mobile_menu_animation":"","cozystay_single_custom_mobile_menu_width":"","cozystay_single_custom_mobile_menu_custom_width":375,"footnotes":""},"class_list":["post-4363","page","type-page","status-publish","hentry"],"yoast_head":"<!-- This site is optimized with the Yoast SEO plugin v27.5 - https:\/\/yoast.com\/product\/yoast-seo-wordpress\/ -->\n<title>Goldgelbe Str\u00e4nde - CasaSusa<\/title>\n<meta name=\"description\" content=\"Entdecken Sie die sch\u00f6nsten Str\u00e4nde der Algarve: goldgelbe Klippen, klares Wasser und idyllische Bucht f\u00fcr Entspannung und Abenteuer.\" \/>\n<meta name=\"robots\" content=\"index, follow, max-snippet:-1, max-image-preview:large, max-video-preview:-1\" \/>\n<link rel=\"canonical\" href=\"https:\/\/www.casasusa.nl\/de\/goldgelbe-straende\/\" \/>\n<meta property=\"og:locale\" content=\"de_DE\" \/>\n<meta property=\"og:type\" content=\"article\" \/>\n<meta property=\"og:title\" content=\"Goldgelbe Str\u00e4nde - CasaSusa\" \/>\n<meta property=\"og:description\" content=\"Entdecken Sie die sch\u00f6nsten Str\u00e4nde der Algarve: goldgelbe Klippen, klares Wasser und idyllische Bucht f\u00fcr Entspannung und Abenteuer.\" \/>\n<meta property=\"og:url\" content=\"https:\/\/www.casasusa.nl\/de\/goldgelbe-straende\/\" \/>\n<meta property=\"og:site_name\" content=\"CasaSusa\" \/>\n<meta property=\"article:publisher\" content=\"https:\/\/www.facebook.com\/people\/Casa-Susa\/61575870086034\/\" \/>\n<meta property=\"article:modified_time\" content=\"2026-04-28T17:15:57+00:00\" \/>\n<meta property=\"og:image\" content=\"https:\/\/www.casasusa.nl\/wp-content\/uploads\/2026\/01\/praia-da-rocha-2.jpg\" \/>\n\t<meta property=\"og:image:width\" content=\"1200\" \/>\n\t<meta property=\"og:image:height\" content=\"900\" \/>\n\t<meta property=\"og:image:type\" content=\"image\/jpeg\" \/>\n<meta name=\"twitter:card\" content=\"summary_large_image\" \/>\n<meta name=\"twitter:label1\" content=\"Gesch\u00e4tzte Lesezeit\" \/>\n\t<meta name=\"twitter:data1\" content=\"1\u00a0Minute\" \/>\n<script type=\"application\/ld+json\" class=\"yoast-schema-graph\">{\"@context\":\"https:\\\/\\\/schema.org\",\"@graph\":[{\"@type\":\"WebPage\",\"@id\":\"https:\\\/\\\/www.casasusa.nl\\\/de\\\/goldgelbe-straende\\\/\",\"url\":\"https:\\\/\\\/www.casasusa.nl\\\/de\\\/goldgelbe-straende\\\/\",\"name\":\"Goldgelbe Str\u00e4nde - CasaSusa\",\"isPartOf\":{\"@id\":\"https:\\\/\\\/www.casasusa.nl\\\/de\\\/#website\"},\"primaryImageOfPage\":{\"@id\":\"https:\\\/\\\/www.casasusa.nl\\\/de\\\/goldgelbe-straende\\\/#primaryimage\"},\"image\":{\"@id\":\"https:\\\/\\\/www.casasusa.nl\\\/de\\\/goldgelbe-straende\\\/#primaryimage\"},\"thumbnailUrl\":\"https:\\\/\\\/www.casasusa.nl\\\/wp-content\\\/uploads\\\/2026\\\/01\\\/praia-da-rocha-2.jpg\",\"datePublished\":\"2026-01-24T14:02:48+00:00\",\"dateModified\":\"2026-04-28T17:15:57+00:00\",\"description\":\"Entdecken Sie die sch\u00f6nsten Str\u00e4nde der Algarve: goldgelbe Klippen, klares Wasser und idyllische Bucht f\u00fcr Entspannung und Abenteuer.\",\"breadcrumb\":{\"@id\":\"https:\\\/\\\/www.casasusa.nl\\\/de\\\/goldgelbe-straende\\\/#breadcrumb\"},\"inLanguage\":\"de\",\"potentialAction\":[{\"@type\":\"ReadAction\",\"target\":[\"https:\\\/\\\/www.casasusa.nl\\\/de\\\/goldgelbe-straende\\\/\"]}]},{\"@type\":\"ImageObject\",\"inLanguage\":\"de\",\"@id\":\"https:\\\/\\\/www.casasusa.nl\\\/de\\\/goldgelbe-straende\\\/#primaryimage\",\"url\":\"https:\\\/\\\/www.casasusa.nl\\\/wp-content\\\/uploads\\\/2026\\\/01\\\/praia-da-rocha-2.jpg\",\"contentUrl\":\"https:\\\/\\\/www.casasusa.nl\\\/wp-content\\\/uploads\\\/2026\\\/01\\\/praia-da-rocha-2.jpg\"},{\"@type\":\"BreadcrumbList\",\"@id\":\"https:\\\/\\\/www.casasusa.nl\\\/de\\\/goldgelbe-straende\\\/#breadcrumb\",\"itemListElement\":[{\"@type\":\"ListItem\",\"position\":1,\"name\":\"Home\",\"item\":\"https:\\\/\\\/www.casasusa.nl\\\/de\\\/home\\\/\"},{\"@type\":\"ListItem\",\"position\":2,\"name\":\"Goldgelbe Str\u00e4nde\"}]},{\"@type\":\"WebSite\",\"@id\":\"https:\\\/\\\/www.casasusa.nl\\\/de\\\/#website\",\"url\":\"https:\\\/\\\/www.casasusa.nl\\\/de\\\/\",\"name\":\"Welkom bij CasaSusa\",\"description\":\"Schitterende woning in het centrum van historisch Silves\",\"potentialAction\":[{\"@type\":\"SearchAction\",\"target\":{\"@type\":\"EntryPoint\",\"urlTemplate\":\"https:\\\/\\\/www.casasusa.nl\\\/de\\\/?s={search_term_string}\"},\"query-input\":{\"@type\":\"PropertyValueSpecification\",\"valueRequired\":true,\"valueName\":\"search_term_string\"}}],\"inLanguage\":\"de\"}]}<\/script>\n<!-- \/ Yoast SEO plugin. -->","yoast_head_json":{"title":"Goldgelbe Str\u00e4nde - CasaSusa","description":"Entdecken Sie die sch\u00f6nsten Str\u00e4nde der Algarve: goldgelbe Klippen, klares Wasser und idyllische Bucht f\u00fcr Entspannung und Abenteuer.","robots":{"index":"index","follow":"follow","max-snippet":"max-snippet:-1","max-image-preview":"max-image-preview:large","max-video-preview":"max-video-preview:-1"},"canonical":"https:\/\/www.casasusa.nl\/de\/goldgelbe-straende\/","og_locale":"de_DE","og_type":"article","og_title":"Goldgelbe Str\u00e4nde - CasaSusa","og_description":"Entdecken Sie die sch\u00f6nsten Str\u00e4nde der Algarve: goldgelbe Klippen, klares Wasser und idyllische Bucht f\u00fcr Entspannung und Abenteuer.","og_url":"https:\/\/www.casasusa.nl\/de\/goldgelbe-straende\/","og_site_name":"CasaSusa","article_publisher":"https:\/\/www.facebook.com\/people\/Casa-Susa\/61575870086034\/","article_modified_time":"2026-04-28T17:15:57+00:00","og_image":[{"width":1200,"height":900,"url":"https:\/\/www.casasusa.nl\/wp-content\/uploads\/2026\/01\/praia-da-rocha-2.jpg","type":"image\/jpeg"}],"twitter_card":"summary_large_image","twitter_misc":{"Gesch\u00e4tzte Lesezeit":"1\u00a0Minute"},"schema":{"@context":"https:\/\/schema.org","@graph":[{"@type":"WebPage","@id":"https:\/\/www.casasusa.nl\/de\/goldgelbe-straende\/","url":"https:\/\/www.casasusa.nl\/de\/goldgelbe-straende\/","name":"Goldgelbe Str\u00e4nde - CasaSusa","isPartOf":{"@id":"https:\/\/www.casasusa.nl\/de\/#website"},"primaryImageOfPage":{"@id":"https:\/\/www.casasusa.nl\/de\/goldgelbe-straende\/#primaryimage"},"image":{"@id":"https:\/\/www.casasusa.nl\/de\/goldgelbe-straende\/#primaryimage"},"thumbnailUrl":"https:\/\/www.casasusa.nl\/wp-content\/uploads\/2026\/01\/praia-da-rocha-2.jpg","datePublished":"2026-01-24T14:02:48+00:00","dateModified":"2026-04-28T17:15:57+00:00","description":"Entdecken Sie die sch\u00f6nsten Str\u00e4nde der Algarve: goldgelbe Klippen, klares Wasser und idyllische Bucht f\u00fcr Entspannung und Abenteuer.","breadcrumb":{"@id":"https:\/\/www.casasusa.nl\/de\/goldgelbe-straende\/#breadcrumb"},"inLanguage":"de","potentialAction":[{"@type":"ReadAction","target":["https:\/\/www.casasusa.nl\/de\/goldgelbe-straende\/"]}]},{"@type":"ImageObject","inLanguage":"de","@id":"https:\/\/www.casasusa.nl\/de\/goldgelbe-straende\/#primaryimage","url":"https:\/\/www.casasusa.nl\/wp-content\/uploads\/2026\/01\/praia-da-rocha-2.jpg","contentUrl":"https:\/\/www.casasusa.nl\/wp-content\/uploads\/2026\/01\/praia-da-rocha-2.jpg"},{"@type":"BreadcrumbList","@id":"https:\/\/www.casasusa.nl\/de\/goldgelbe-straende\/#breadcrumb","itemListElement":[{"@type":"ListItem","position":1,"name":"Home","item":"https:\/\/www.casasusa.nl\/de\/home\/"},{"@type":"ListItem","position":2,"name":"Goldgelbe Str\u00e4nde"}]},{"@type":"WebSite","@id":"https:\/\/www.casasusa.nl\/de\/#website","url":"https:\/\/www.casasusa.nl\/de\/","name":"Welkom bij CasaSusa","description":"Schitterende woning in het centrum van historisch Silves","potentialAction":[{"@type":"SearchAction","target":{"@type":"EntryPoint","urlTemplate":"https:\/\/www.casasusa.nl\/de\/?s={search_term_string}"},"query-input":{"@type":"PropertyValueSpecification","valueRequired":true,"valueName":"search_term_string"}}],"inLanguage":"de"}]}},"_links":{"self":[{"href":"https:\/\/www.casasusa.nl\/de\/wp-json\/wp\/v2\/pages\/4363","targetHints":{"allow":["GET"]}}],"collection":[{"href":"https:\/\/www.casasusa.nl\/de\/wp-json\/wp\/v2\/pages"}],"about":[{"href":"https:\/\/www.casasusa.nl\/de\/wp-json\/wp\/v2\/types\/page"}],"author":[{"embeddable":true,"href":"https:\/\/www.casasusa.nl\/de\/wp-json\/wp\/v2\/users\/1"}],"replies":[{"embeddable":true,"href":"https:\/\/www.casasusa.nl\/de\/wp-json\/wp\/v2\/comments?post=4363"}],"version-history":[{"count":1,"href":"https:\/\/www.casasusa.nl\/de\/wp-json\/wp\/v2\/pages\/4363\/revisions"}],"predecessor-version":[{"id":4372,"href":"https:\/\/www.casasusa.nl\/de\/wp-json\/wp\/v2\/pages\/4363\/revisions\/4372"}],"wp:attachment":[{"href":"https:\/\/www.casasusa.nl\/de\/wp-json\/wp\/v2\/media?parent=4363"}],"curies":[{"name":"wp","href":"https:\/\/api.w.org\/{rel}","templated":true}]}}