{"id":4357,"date":"2026-01-20T18:08:13","date_gmt":"2026-01-20T17:08:13","guid":{"rendered":"https:\/\/www.casasusa.nl\/ankunft\/"},"modified":"2026-04-28T18:14:31","modified_gmt":"2026-04-28T17:14:31","slug":"ankunft","status":"publish","type":"page","link":"https:\/\/www.casasusa.nl\/de\/ankunft\/","title":{"rendered":"Ankunft"},"content":{"rendered":"\t\t<div data-elementor-type=\"wp-page\" data-elementor-id=\"4357\" class=\"elementor elementor-4357 elementor-3054\">\n\t\t\t\t\t\t<section class=\"elementor-section elementor-top-section elementor-element elementor-element-3bf63ee9 elementor-section-content-middle elementor-section-full_width elementor-section-height-default elementor-section-height-default\" data-id=\"3bf63ee9\" data-element_type=\"section\" data-e-type=\"section\" data-settings=\"{&quot;background_background&quot;:&quot;classic&quot;}\">\n\t\t\t\t\t\t<div class=\"elementor-container elementor-column-gap-no\">\n\t\t\t\t\t<div class=\"elementor-column elementor-col-50 elementor-top-column elementor-element elementor-element-490ab9\" data-id=\"490ab9\" data-element_type=\"column\" data-e-type=\"column\" data-settings=\"{&quot;background_background&quot;:&quot;classic&quot;}\">\n\t\t\t<div class=\"elementor-widget-wrap elementor-element-populated\">\n\t\t\t\t\t\t<div class=\"elementor-element elementor-element-25fa4654 elementor-widget elementor-widget-spacer\" data-id=\"25fa4654\" data-element_type=\"widget\" data-e-type=\"widget\" data-widget_type=\"spacer.default\">\n\t\t\t\t<div class=\"elementor-widget-container\">\n\t\t\t\t\t\t\t<div class=\"elementor-spacer\">\n\t\t\t<div class=\"elementor-spacer-inner\"><\/div>\n\t\t<\/div>\n\t\t\t\t\t\t<\/div>\n\t\t\t\t<\/div>\n\t\t\t\t\t<\/div>\n\t\t<\/div>\n\t\t\t\t<div class=\"elementor-column elementor-col-50 elementor-top-column elementor-element elementor-element-5f2bb7e9\" data-id=\"5f2bb7e9\" data-element_type=\"column\" data-e-type=\"column\">\n\t\t\t<div class=\"elementor-widget-wrap elementor-element-populated\">\n\t\t\t\t\t\t<div class=\"elementor-element elementor-element-35a8779 elementor-widget elementor-widget-cs_title\" data-id=\"35a8779\" data-element_type=\"widget\" data-e-type=\"widget\" data-widget_type=\"cs_title.default\">\n\t\t\t\t<div class=\"elementor-widget-container\">\n\t\t\t\t\t\n        <div class=\"cs-title-wrap text-center-mobile\">\t            <h6 class=\"cs-title\">\n\t                Ankunft im Ferienhaus\t            <\/h6>\t            <div class=\"cs-title-text\">\n\t                <h5 data-start=\"149\" data-end=\"287\">Willkommen in Silves! Wir freuen uns darauf, Sie begr\u00fc\u00dfen zu d\u00fcrfen.<br data-start=\"210\" data-end=\"213\">Nachfolgend finden Sie einige praktische Informationen f\u00fcr eine angenehme Ankunft. <br><br><\/h5><h5 data-start=\"289\" data-end=\"328\">Zugang mit Nuki (Keyless Entry)<\/h5><ul data-start=\"329\" data-end=\"565\"><li data-start=\"329\" data-end=\"385\"><h5 data-start=\"331\" data-end=\"385\">Die Haust\u00fcr ist mit einem <strong data-start=\"363\" data-end=\"382\">Nuki Smart Lock<\/strong> ausgestattet.<\/h5><\/li><li data-start=\"386\" data-end=\"492\"><h5 data-start=\"388\" data-end=\"492\">Am Ankunftstag erhalten Sie <strong data-start=\"428\" data-end=\"448\">digitalen Zugang<\/strong> (\u00fcber die Nuki-App oder einen pers\u00f6nlichen Code).<\/h5><\/li><li data-start=\"493\" data-end=\"565\"><h5 data-start=\"495\" data-end=\"565\">Die T\u00fcr kann ganz einfach <strong data-start=\"517\" data-end=\"535\">schl\u00fcssellos<\/strong> ge\u00f6ffnet und verschlossen werden.<\/h5><\/li><\/ul><h5 data-start=\"567\" data-end=\"588\">Intelligente T\u00fcrklingel<\/h5><ul data-start=\"589\" data-end=\"739\"><li data-start=\"589\" data-end=\"658\"><h5 data-start=\"591\" data-end=\"658\">An der Haust\u00fcr befindet sich eine <strong data-start=\"617\" data-end=\"635\">intelligente T\u00fcrklingel<\/strong> f\u00fcr zus\u00e4tzliche Sicherheit.<\/h5><\/li><li data-start=\"659\" data-end=\"739\"><h5 data-start=\"661\" data-end=\"739\">Bei der Ankunft k\u00f6nnen Sie einfach klingeln oder die T\u00fcr direkt \u00fcber Nuki \u00f6ffnen.<\/h5><\/li><\/ul><h5 data-start=\"741\" data-end=\"756\">Parken<\/h5><ul data-start=\"757\" data-end=\"882\"><li data-start=\"757\" data-end=\"854\"><h5 data-start=\"759\" data-end=\"854\"><strong data-start=\"759\" data-end=\"794\">Kostenlose \u00f6ffentliche Parkpl\u00e4tze<\/strong> stehen <strong data-start=\"812\" data-end=\"853\">in der Umgebung sowie direkt vor der T\u00fcr<\/strong> zur Verf\u00fcgung.<\/h5><\/li><li data-start=\"855\" data-end=\"882\"><h5 data-start=\"857\" data-end=\"882\">Eine Reservierung ist nicht erforderlich.<\/h5><\/li><\/ul><h5 data-start=\"884\" data-end=\"906\">Internet &amp; WLAN<\/h5><ul data-start=\"907\" data-end=\"965\"><li data-start=\"907\" data-end=\"965\"><h5 data-start=\"909\" data-end=\"965\">Im Haus stehen <strong data-start=\"925\" data-end=\"952\">Internet und kostenloses WLAN<\/strong> zur Verf\u00fcgung.<\/h5><\/li><\/ul><h5 data-start=\"967\" data-end=\"982\">Informationsmappe<\/h5><ul data-start=\"983\" data-end=\"1103\"><li data-start=\"983\" data-end=\"1103\"><h5 data-start=\"985\" data-end=\"1103\">Im Haus liegt eine <strong data-start=\"1007\" data-end=\"1019\">Informationsmappe<\/strong> mit weiteren Details zur Unterkunft, zum WLAN, den Hausregeln und tollen Tipps f\u00fcr die Umgebung bereit.<\/h5><\/li><\/ul><h5 data-start=\"1105\" data-end=\"1119\">Check-in<\/h5><ul data-start=\"1120\" data-end=\"1236\"><li data-start=\"1120\" data-end=\"1167\"><h5 data-start=\"1122\" data-end=\"1167\">Der Check-in ist ab dem vereinbarten Zeitpunkt m\u00f6glich.<\/h5><\/li><li data-start=\"1168\" data-end=\"1236\"><h5 data-start=\"1170\" data-end=\"1236\">Erwarten Sie eine sp\u00e4tere Ankunft? Bitte lassen Sie es uns kurz wissen. <\/h5><\/li><\/ul><h5 data-start=\"1238\" data-end=\"1252\">Fragen?<\/h5><h5 data-start=\"1253\" data-end=\"1365\">Sollte bei der Ankunft etwas nicht klappen oder falls Sie Fragen haben, k\u00f6nnen Sie uns gerne kontaktieren. Wir helfen Ihnen gerne weiter! <\/h5><h5 data-start=\"1367\" data-end=\"1438\"><br>Wir w\u00fcnschen Ihnen einen <strong data-start=\"1388\" data-end=\"1423\">herrlichen und entspannten Aufenthalt<\/strong> in Silves.<\/h5>\t            <\/div>        <\/div>\t\t\t\t<\/div>\n\t\t\t\t<\/div>\n\t\t\t\t\t<\/div>\n\t\t<\/div>\n\t\t\t\t\t<\/div>\n\t\t<\/section>\n\t\t\t\t<\/div>\n\t\t","protected":false},"excerpt":{"rendered":"<p>Ankunft im Ferienhaus Willkommen in Silves! Wir freuen uns darauf, Sie begr\u00fc\u00dfen zu d\u00fcrfen.Nachfolgend finden Sie einige praktische Informationen f\u00fcr eine angenehme Ankunft. Zugang mit Nuki (Keyless Entry) Die Haust\u00fcr ist mit einem Nuki Smart Lock ausgestattet. Am Ankunftstag erhalten Sie digitalen Zugang (\u00fcber die Nuki-App oder einen pers\u00f6nlichen Code). Die T\u00fcr kann ganz einfach &#8230;<\/p>\n","protected":false},"author":1,"featured_media":0,"parent":0,"menu_order":0,"comment_status":"closed","ping_status":"closed","template":"elementor_header_footer","meta":{"cozystay_single_page_hide_site_header":"","cozystay_single_page_site_header_source":"","cozystay_single_page_custom_site_header":"0","cozystay_single_page_custom_sticky_site_header":"0","cozystay_single_page_hide_page_title":"","cozystay_single_page_header_section_size":"","cozystay_single_page_header_background_color":"","cozystay_single_page_header_background_position_x":"center","cozystay_single_page_header_background_position_y":"center","cozystay_single_page_header_background_size":"cover","cozystay_single_page_header_background_repeat":"off","cozystay_single_page_header_background_scroll":"on","cozystay_single_page_header_text_color":"","cozystay_single_page_header_show_breadcrumb":"","cozystay_single_page_site_footer_hide_main":"","cozystay_single_custom_site_footer_main_source":"","cozystay_single_custom_site_footer_main":"0","cozystay_single_page_site_footer_hide_above":"","cozystay_single_custom_site_footer_above_source":"","cozystay_single_custom_site_footer_above":"0","cozystay_single_page_site_footer_hide_instagram":"","cozystay_single_page_site_footer_hide_bottom":"","cozystay_single_custom_mobile_menu_source":"","cozystay_single_custom_mobile_menu":"0","cozystay_single_custom_mobile_menu_animation":"","cozystay_single_custom_mobile_menu_width":"","cozystay_single_custom_mobile_menu_custom_width":375,"footnotes":""},"class_list":["post-4357","page","type-page","status-publish","hentry"],"yoast_head":"<!-- This site is optimized with the Yoast SEO plugin v27.5 - https:\/\/yoast.com\/product\/yoast-seo-wordpress\/ -->\n<title>Ankunft - CasaSusa<\/title>\n<meta name=\"description\" content=\"Willkommen in Silves! Wir freuen uns darauf, Sie begr\u00fc\u00dfen zu d\u00fcrfen. Nachfolgend finden Sie einige praktische Informationen f\u00fcr eine angenehme Ankunft.\" \/>\n<meta name=\"robots\" content=\"index, follow, max-snippet:-1, max-image-preview:large, max-video-preview:-1\" \/>\n<link rel=\"canonical\" href=\"https:\/\/www.casasusa.nl\/de\/ankunft\/\" \/>\n<meta property=\"og:locale\" content=\"de_DE\" \/>\n<meta property=\"og:type\" content=\"article\" \/>\n<meta property=\"og:title\" content=\"Ankunft - CasaSusa\" \/>\n<meta property=\"og:description\" content=\"Willkommen in Silves! Wir freuen uns darauf, Sie begr\u00fc\u00dfen zu d\u00fcrfen. Nachfolgend finden Sie einige praktische Informationen f\u00fcr eine angenehme Ankunft.\" \/>\n<meta property=\"og:url\" content=\"https:\/\/www.casasusa.nl\/de\/ankunft\/\" \/>\n<meta property=\"og:site_name\" content=\"CasaSusa\" \/>\n<meta property=\"article:publisher\" content=\"https:\/\/www.facebook.com\/people\/Casa-Susa\/61575870086034\/\" \/>\n<meta property=\"article:modified_time\" content=\"2026-04-28T17:14:31+00:00\" \/>\n<meta name=\"twitter:card\" content=\"summary_large_image\" \/>\n<meta name=\"twitter:label1\" content=\"Gesch\u00e4tzte Lesezeit\" \/>\n\t<meta name=\"twitter:data1\" content=\"1\u00a0Minute\" \/>\n<script type=\"application\/ld+json\" class=\"yoast-schema-graph\">{\"@context\":\"https:\\\/\\\/schema.org\",\"@graph\":[{\"@type\":\"WebPage\",\"@id\":\"https:\\\/\\\/www.casasusa.nl\\\/de\\\/ankunft\\\/\",\"url\":\"https:\\\/\\\/www.casasusa.nl\\\/de\\\/ankunft\\\/\",\"name\":\"Ankunft - CasaSusa\",\"isPartOf\":{\"@id\":\"https:\\\/\\\/www.casasusa.nl\\\/de\\\/#website\"},\"datePublished\":\"2026-01-20T17:08:13+00:00\",\"dateModified\":\"2026-04-28T17:14:31+00:00\",\"description\":\"Willkommen in Silves! Wir freuen uns darauf, Sie begr\u00fc\u00dfen zu d\u00fcrfen. Nachfolgend finden Sie einige praktische Informationen f\u00fcr eine angenehme Ankunft.\",\"breadcrumb\":{\"@id\":\"https:\\\/\\\/www.casasusa.nl\\\/de\\\/ankunft\\\/#breadcrumb\"},\"inLanguage\":\"de\",\"potentialAction\":[{\"@type\":\"ReadAction\",\"target\":[\"https:\\\/\\\/www.casasusa.nl\\\/de\\\/ankunft\\\/\"]}]},{\"@type\":\"BreadcrumbList\",\"@id\":\"https:\\\/\\\/www.casasusa.nl\\\/de\\\/ankunft\\\/#breadcrumb\",\"itemListElement\":[{\"@type\":\"ListItem\",\"position\":1,\"name\":\"Home\",\"item\":\"https:\\\/\\\/www.casasusa.nl\\\/de\\\/home\\\/\"},{\"@type\":\"ListItem\",\"position\":2,\"name\":\"Ankunft\"}]},{\"@type\":\"WebSite\",\"@id\":\"https:\\\/\\\/www.casasusa.nl\\\/de\\\/#website\",\"url\":\"https:\\\/\\\/www.casasusa.nl\\\/de\\\/\",\"name\":\"Welkom bij CasaSusa\",\"description\":\"Schitterende woning in het centrum van historisch Silves\",\"potentialAction\":[{\"@type\":\"SearchAction\",\"target\":{\"@type\":\"EntryPoint\",\"urlTemplate\":\"https:\\\/\\\/www.casasusa.nl\\\/de\\\/?s={search_term_string}\"},\"query-input\":{\"@type\":\"PropertyValueSpecification\",\"valueRequired\":true,\"valueName\":\"search_term_string\"}}],\"inLanguage\":\"de\"}]}<\/script>\n<!-- \/ Yoast SEO plugin. -->","yoast_head_json":{"title":"Ankunft - CasaSusa","description":"Willkommen in Silves! Wir freuen uns darauf, Sie begr\u00fc\u00dfen zu d\u00fcrfen. Nachfolgend finden Sie einige praktische Informationen f\u00fcr eine angenehme Ankunft.","robots":{"index":"index","follow":"follow","max-snippet":"max-snippet:-1","max-image-preview":"max-image-preview:large","max-video-preview":"max-video-preview:-1"},"canonical":"https:\/\/www.casasusa.nl\/de\/ankunft\/","og_locale":"de_DE","og_type":"article","og_title":"Ankunft - CasaSusa","og_description":"Willkommen in Silves! Wir freuen uns darauf, Sie begr\u00fc\u00dfen zu d\u00fcrfen. Nachfolgend finden Sie einige praktische Informationen f\u00fcr eine angenehme Ankunft.","og_url":"https:\/\/www.casasusa.nl\/de\/ankunft\/","og_site_name":"CasaSusa","article_publisher":"https:\/\/www.facebook.com\/people\/Casa-Susa\/61575870086034\/","article_modified_time":"2026-04-28T17:14:31+00:00","twitter_card":"summary_large_image","twitter_misc":{"Gesch\u00e4tzte Lesezeit":"1\u00a0Minute"},"schema":{"@context":"https:\/\/schema.org","@graph":[{"@type":"WebPage","@id":"https:\/\/www.casasusa.nl\/de\/ankunft\/","url":"https:\/\/www.casasusa.nl\/de\/ankunft\/","name":"Ankunft - CasaSusa","isPartOf":{"@id":"https:\/\/www.casasusa.nl\/de\/#website"},"datePublished":"2026-01-20T17:08:13+00:00","dateModified":"2026-04-28T17:14:31+00:00","description":"Willkommen in Silves! Wir freuen uns darauf, Sie begr\u00fc\u00dfen zu d\u00fcrfen. Nachfolgend finden Sie einige praktische Informationen f\u00fcr eine angenehme Ankunft.","breadcrumb":{"@id":"https:\/\/www.casasusa.nl\/de\/ankunft\/#breadcrumb"},"inLanguage":"de","potentialAction":[{"@type":"ReadAction","target":["https:\/\/www.casasusa.nl\/de\/ankunft\/"]}]},{"@type":"BreadcrumbList","@id":"https:\/\/www.casasusa.nl\/de\/ankunft\/#breadcrumb","itemListElement":[{"@type":"ListItem","position":1,"name":"Home","item":"https:\/\/www.casasusa.nl\/de\/home\/"},{"@type":"ListItem","position":2,"name":"Ankunft"}]},{"@type":"WebSite","@id":"https:\/\/www.casasusa.nl\/de\/#website","url":"https:\/\/www.casasusa.nl\/de\/","name":"Welkom bij CasaSusa","description":"Schitterende woning in het centrum van historisch Silves","potentialAction":[{"@type":"SearchAction","target":{"@type":"EntryPoint","urlTemplate":"https:\/\/www.casasusa.nl\/de\/?s={search_term_string}"},"query-input":{"@type":"PropertyValueSpecification","valueRequired":true,"valueName":"search_term_string"}}],"inLanguage":"de"}]}},"_links":{"self":[{"href":"https:\/\/www.casasusa.nl\/de\/wp-json\/wp\/v2\/pages\/4357","targetHints":{"allow":["GET"]}}],"collection":[{"href":"https:\/\/www.casasusa.nl\/de\/wp-json\/wp\/v2\/pages"}],"about":[{"href":"https:\/\/www.casasusa.nl\/de\/wp-json\/wp\/v2\/types\/page"}],"author":[{"embeddable":true,"href":"https:\/\/www.casasusa.nl\/de\/wp-json\/wp\/v2\/users\/1"}],"replies":[{"embeddable":true,"href":"https:\/\/www.casasusa.nl\/de\/wp-json\/wp\/v2\/comments?post=4357"}],"version-history":[{"count":1,"href":"https:\/\/www.casasusa.nl\/de\/wp-json\/wp\/v2\/pages\/4357\/revisions"}],"predecessor-version":[{"id":4362,"href":"https:\/\/www.casasusa.nl\/de\/wp-json\/wp\/v2\/pages\/4357\/revisions\/4362"}],"wp:attachment":[{"href":"https:\/\/www.casasusa.nl\/de\/wp-json\/wp\/v2\/media?parent=4357"}],"curies":[{"name":"wp","href":"https:\/\/api.w.org\/{rel}","templated":true}]}}