{"id":4351,"date":"2026-01-20T17:18:16","date_gmt":"2026-01-20T16:18:16","guid":{"rendered":"https:\/\/www.casasusa.nl\/hausordnung\/"},"modified":"2026-04-28T18:05:57","modified_gmt":"2026-04-28T17:05:57","slug":"hausordnung","status":"publish","type":"page","link":"https:\/\/www.casasusa.nl\/de\/hausordnung\/","title":{"rendered":"Hausordnung"},"content":{"rendered":"\t\t<div data-elementor-type=\"wp-page\" data-elementor-id=\"4351\" class=\"elementor elementor-4351 elementor-3042\">\n\t\t\t\t\t\t<section class=\"elementor-section elementor-top-section elementor-element elementor-element-275f475 elementor-section-content-middle elementor-section-full_width elementor-section-height-default elementor-section-height-default\" data-id=\"275f475\" data-element_type=\"section\" data-e-type=\"section\" data-settings=\"{&quot;background_background&quot;:&quot;classic&quot;}\">\n\t\t\t\t\t\t<div class=\"elementor-container elementor-column-gap-no\">\n\t\t\t\t\t<div class=\"elementor-column elementor-col-50 elementor-top-column elementor-element elementor-element-d91761\" data-id=\"d91761\" data-element_type=\"column\" data-e-type=\"column\" data-settings=\"{&quot;background_background&quot;:&quot;classic&quot;}\">\n\t\t\t<div class=\"elementor-widget-wrap elementor-element-populated\">\n\t\t\t\t\t\t<div class=\"elementor-element elementor-element-689d94de elementor-widget elementor-widget-spacer\" data-id=\"689d94de\" data-element_type=\"widget\" data-e-type=\"widget\" data-widget_type=\"spacer.default\">\n\t\t\t\t<div class=\"elementor-widget-container\">\n\t\t\t\t\t\t\t<div class=\"elementor-spacer\">\n\t\t\t<div class=\"elementor-spacer-inner\"><\/div>\n\t\t<\/div>\n\t\t\t\t\t\t<\/div>\n\t\t\t\t<\/div>\n\t\t\t\t\t<\/div>\n\t\t<\/div>\n\t\t\t\t<div class=\"elementor-column elementor-col-50 elementor-top-column elementor-element elementor-element-6847c8d0\" data-id=\"6847c8d0\" data-element_type=\"column\" data-e-type=\"column\">\n\t\t\t<div class=\"elementor-widget-wrap elementor-element-populated\">\n\t\t\t\t\t\t<div class=\"elementor-element elementor-element-6513c0c6 elementor-widget elementor-widget-cs_title\" data-id=\"6513c0c6\" data-element_type=\"widget\" data-e-type=\"widget\" data-widget_type=\"cs_title.default\">\n\t\t\t\t<div class=\"elementor-widget-container\">\n\t\t\t\t\t\n        <div class=\"cs-title-wrap text-center-mobile\">\t            <h6 class=\"cs-title\">\n\t                Willkommen &amp; Hausregeln\t            <\/h6>\t            <div class=\"cs-title-text\">\n\t                <p>Sch\u00f6n, dass Sie bei uns zu Gast sind! Um den Aufenthalt f\u00fcr alle angenehm und komfortabel zu gestalten, haben wir ein paar einfache Hausregeln zusammengestellt: <\/p><ul data-start=\"242\" data-end=\"1055\"><li data-start=\"242\" data-end=\"378\"><h5><strong data-start=\"244\" data-end=\"256\">Die goldene Regel.<br><\/strong><span class=\"HwtZe\" lang=\"nl\"><span class=\"jCAhz ChMk0b\"><span class=\"ryNqvb\">Behandeln Sie dieses Haus so, als w\u00e4re es Ihr eigenes. Nehmen Sie R\u00fccksicht auf die R\u00e4umlichkeiten, die Nachbarn und die Einrichtung.<\/span><\/span><\/span><\/h5><\/li><li><h5><strong data-start=\"244\" data-end=\"256\">Alter.<br><\/strong>Das Mindestalter f\u00fcr die Buchung der Unterkunft betr\u00e4gt <strong>21 Jahre<\/strong>. Der Hauptbuchende muss w\u00e4hrend des gesamten Aufenthalts anwesend sein. <\/h5><\/li><li data-start=\"380\" data-end=\"502\"><h5 data-start=\"382\" data-end=\"502\"><strong data-start=\"382\" data-end=\"396\">Haustiere.<\/strong><br data-start=\"396\" data-end=\"399\">Wir lieben Tiere, aber <strong data-start=\"429\" data-end=\"488\">Hunde und andere Haustiere <\/strong>sind in der Unterkunft leider<strong data-start=\"429\" data-end=\"488\"> nicht gestattet<\/strong>.<\/h5><\/li><li data-start=\"504\" data-end=\"640\"><h5 data-start=\"506\" data-end=\"640\"><strong data-start=\"506\" data-end=\"515\">Nichtrauchen.<\/strong><br data-start=\"515\" data-end=\"518\"><span class=\"HwtZe\" lang=\"nl\"><span class=\"jCAhz ChMk0b\"><span class=\"ryNqvb\">Dies ist eine strikte Nichtraucherunterkunft.<\/span><\/span> <span class=\"jCAhz ChMk0b\"><span class=\"ryNqvb\">Bitte rauchen oder vapen Sie nicht in diesem Haus. Wenn Sie drau\u00dfen rauchen, entsorgen Sie Ihre Zigarettenstummel bitte auf sichere und ordentliche Weise.<\/span><\/span><\/span><\/h5><\/li><li data-start=\"504\" data-end=\"640\"><h5 align=\"left\"><b>Ruhezeiten<\/b>. <br><span class=\"HwtZe\" lang=\"nl\"><span class=\"jCAhz ChMk0b\"><span class=\"ryNqvb\">Aus R\u00fccksicht auf unsere Nachbarn gilt eine Ruhezeit zwischen<strong> 22:00 Uhr und 08:00 Uhr.<\/strong><\/span><\/span> <span class=\"jCAhz ChMk0b\"><span class=\"ryNqvb\">Bitte halten Sie Musik und Stimmen w\u00e4hrend dieser Zeit auf einer angemessenen Lautst\u00e4rke.<\/span><\/span><\/span><\/h5><\/li><li data-start=\"642\" data-end=\"813\"><h5 data-start=\"644\" data-end=\"813\"><strong data-start=\"644\" data-end=\"672\">K<span class=\"HwtZe\" lang=\"nl\"><span class=\"jCAhz ChMk0b\"><span class=\"ryNqvb\">eine Partys oder Veranstaltungen<\/span><\/span><\/span>.<\/strong><br data-start=\"672\" data-end=\"675\"><span class=\"HwtZe\" lang=\"nl\"><span class=\"jCAhz ChMk0b\"><span class=\"ryNqvb\">Unser Haus ist ein Ort der Entspannung.<\/span><\/span> <span class=\"jCAhz ChMk0b\"><span class=\"ryNqvb\">Partys, gro\u00dfe Versammlungen und nicht registrierte G\u00e4ste (die maximale Belegung betr\u00e4gt 6 Personen) sind strengstens untersagt.<\/span><\/span><\/span><\/h5><\/li><li data-start=\"815\" data-end=\"910\"><h5 data-start=\"817\" data-end=\"910\"><strong data-start=\"817\" data-end=\"827\">Sch\u00e4den.<\/strong><br data-start=\"827\" data-end=\"830\">Sollte etwas kaputtgehen, lassen Sie es uns bitte wissen. So etwas kann immer vorkommen. <\/h5><\/li><li data-start=\"912\" data-end=\"1055\"><h5 data-start=\"914\" data-end=\"1055\"><strong data-start=\"914\" data-end=\"934\">Bei Nichteinhaltung.<\/strong><br data-start=\"934\" data-end=\"937\">Bei Nichteinhaltung der Hausregeln sehen wir uns unter Umst\u00e4nden gezwungen, den Aufenthalt ohne R\u00fcckerstattung zu beenden.<\/h5><\/li><\/ul><h5 data-start=\"1057\" data-end=\"1139\">Vielen Dank f\u00fcr Ihr Verst\u00e4ndnis und Ihre Mitarbeit \u2013 wir w\u00fcnschen Ihnen einen wunderbaren Aufenthalt!<\/h5>\t            <\/div>        <\/div>\t\t\t\t<\/div>\n\t\t\t\t<\/div>\n\t\t\t\t\t<\/div>\n\t\t<\/div>\n\t\t\t\t\t<\/div>\n\t\t<\/section>\n\t\t\t\t<\/div>\n\t\t","protected":false},"excerpt":{"rendered":"<p>Willkommen &amp; Hausregeln Sch\u00f6n, dass Sie bei uns zu Gast sind! Um den Aufenthalt f\u00fcr alle angenehm und komfortabel zu gestalten, haben wir ein paar einfache Hausregeln zusammengestellt: Die goldene Regel.Behandeln Sie dieses Haus so, als w\u00e4re es Ihr eigenes. Nehmen Sie R\u00fccksicht auf die R\u00e4umlichkeiten, die Nachbarn und die Einrichtung. Alter.Das Mindestalter f\u00fcr die &#8230;<\/p>\n","protected":false},"author":1,"featured_media":0,"parent":0,"menu_order":0,"comment_status":"closed","ping_status":"closed","template":"elementor_header_footer","meta":{"cozystay_single_page_hide_site_header":"","cozystay_single_page_site_header_source":"","cozystay_single_page_custom_site_header":"0","cozystay_single_page_custom_sticky_site_header":"0","cozystay_single_page_hide_page_title":"","cozystay_single_page_header_section_size":"","cozystay_single_page_header_background_color":"","cozystay_single_page_header_background_position_x":"center","cozystay_single_page_header_background_position_y":"center","cozystay_single_page_header_background_size":"cover","cozystay_single_page_header_background_repeat":"off","cozystay_single_page_header_background_scroll":"on","cozystay_single_page_header_text_color":"","cozystay_single_page_header_show_breadcrumb":"","cozystay_single_page_site_footer_hide_main":"","cozystay_single_custom_site_footer_main_source":"","cozystay_single_custom_site_footer_main":"0","cozystay_single_page_site_footer_hide_above":"","cozystay_single_custom_site_footer_above_source":"","cozystay_single_custom_site_footer_above":"0","cozystay_single_page_site_footer_hide_instagram":"","cozystay_single_page_site_footer_hide_bottom":"","cozystay_single_custom_mobile_menu_source":"","cozystay_single_custom_mobile_menu":"0","cozystay_single_custom_mobile_menu_animation":"","cozystay_single_custom_mobile_menu_width":"","cozystay_single_custom_mobile_menu_custom_width":375,"footnotes":""},"class_list":["post-4351","page","type-page","status-publish","hentry"],"yoast_head":"<!-- This site is optimized with the Yoast SEO plugin v27.5 - https:\/\/yoast.com\/product\/yoast-seo-wordpress\/ -->\n<title>Hausordnung - CasaSusa<\/title>\n<meta name=\"description\" content=\"Sch\u00f6n, dass Sie bei uns zu Gast sind! Um den Aufenthalt f\u00fcr alle angenehm und komfortabel zu gestalten, haben wir ein paar einfache Hausregeln zusammengestellt:\" \/>\n<meta name=\"robots\" content=\"index, follow, max-snippet:-1, max-image-preview:large, max-video-preview:-1\" \/>\n<link rel=\"canonical\" href=\"https:\/\/www.casasusa.nl\/de\/hausordnung\/\" \/>\n<meta property=\"og:locale\" content=\"de_DE\" \/>\n<meta property=\"og:type\" content=\"article\" \/>\n<meta property=\"og:title\" content=\"Hausordnung - CasaSusa\" \/>\n<meta property=\"og:description\" content=\"Sch\u00f6n, dass Sie bei uns zu Gast sind! Um den Aufenthalt f\u00fcr alle angenehm und komfortabel zu gestalten, haben wir ein paar einfache Hausregeln zusammengestellt:\" \/>\n<meta property=\"og:url\" content=\"https:\/\/www.casasusa.nl\/de\/hausordnung\/\" \/>\n<meta property=\"og:site_name\" content=\"CasaSusa\" \/>\n<meta property=\"article:publisher\" content=\"https:\/\/www.facebook.com\/people\/Casa-Susa\/61575870086034\/\" \/>\n<meta property=\"article:modified_time\" content=\"2026-04-28T17:05:57+00:00\" \/>\n<meta name=\"twitter:card\" content=\"summary_large_image\" \/>\n<meta name=\"twitter:label1\" content=\"Gesch\u00e4tzte Lesezeit\" \/>\n\t<meta name=\"twitter:data1\" content=\"1\u00a0Minute\" \/>\n<script type=\"application\/ld+json\" class=\"yoast-schema-graph\">{\"@context\":\"https:\\\/\\\/schema.org\",\"@graph\":[{\"@type\":\"WebPage\",\"@id\":\"https:\\\/\\\/www.casasusa.nl\\\/de\\\/hausordnung\\\/\",\"url\":\"https:\\\/\\\/www.casasusa.nl\\\/de\\\/hausordnung\\\/\",\"name\":\"Hausordnung - CasaSusa\",\"isPartOf\":{\"@id\":\"https:\\\/\\\/www.casasusa.nl\\\/de\\\/#website\"},\"datePublished\":\"2026-01-20T16:18:16+00:00\",\"dateModified\":\"2026-04-28T17:05:57+00:00\",\"description\":\"Sch\u00f6n, dass Sie bei uns zu Gast sind! Um den Aufenthalt f\u00fcr alle angenehm und komfortabel zu gestalten, haben wir ein paar einfache Hausregeln zusammengestellt:\",\"breadcrumb\":{\"@id\":\"https:\\\/\\\/www.casasusa.nl\\\/de\\\/hausordnung\\\/#breadcrumb\"},\"inLanguage\":\"de\",\"potentialAction\":[{\"@type\":\"ReadAction\",\"target\":[\"https:\\\/\\\/www.casasusa.nl\\\/de\\\/hausordnung\\\/\"]}]},{\"@type\":\"BreadcrumbList\",\"@id\":\"https:\\\/\\\/www.casasusa.nl\\\/de\\\/hausordnung\\\/#breadcrumb\",\"itemListElement\":[{\"@type\":\"ListItem\",\"position\":1,\"name\":\"Home\",\"item\":\"https:\\\/\\\/www.casasusa.nl\\\/de\\\/home\\\/\"},{\"@type\":\"ListItem\",\"position\":2,\"name\":\"Hausordnung\"}]},{\"@type\":\"WebSite\",\"@id\":\"https:\\\/\\\/www.casasusa.nl\\\/de\\\/#website\",\"url\":\"https:\\\/\\\/www.casasusa.nl\\\/de\\\/\",\"name\":\"Welkom bij CasaSusa\",\"description\":\"Schitterende woning in het centrum van historisch Silves\",\"potentialAction\":[{\"@type\":\"SearchAction\",\"target\":{\"@type\":\"EntryPoint\",\"urlTemplate\":\"https:\\\/\\\/www.casasusa.nl\\\/de\\\/?s={search_term_string}\"},\"query-input\":{\"@type\":\"PropertyValueSpecification\",\"valueRequired\":true,\"valueName\":\"search_term_string\"}}],\"inLanguage\":\"de\"}]}<\/script>\n<!-- \/ Yoast SEO plugin. -->","yoast_head_json":{"title":"Hausordnung - CasaSusa","description":"Sch\u00f6n, dass Sie bei uns zu Gast sind! Um den Aufenthalt f\u00fcr alle angenehm und komfortabel zu gestalten, haben wir ein paar einfache Hausregeln zusammengestellt:","robots":{"index":"index","follow":"follow","max-snippet":"max-snippet:-1","max-image-preview":"max-image-preview:large","max-video-preview":"max-video-preview:-1"},"canonical":"https:\/\/www.casasusa.nl\/de\/hausordnung\/","og_locale":"de_DE","og_type":"article","og_title":"Hausordnung - CasaSusa","og_description":"Sch\u00f6n, dass Sie bei uns zu Gast sind! Um den Aufenthalt f\u00fcr alle angenehm und komfortabel zu gestalten, haben wir ein paar einfache Hausregeln zusammengestellt:","og_url":"https:\/\/www.casasusa.nl\/de\/hausordnung\/","og_site_name":"CasaSusa","article_publisher":"https:\/\/www.facebook.com\/people\/Casa-Susa\/61575870086034\/","article_modified_time":"2026-04-28T17:05:57+00:00","twitter_card":"summary_large_image","twitter_misc":{"Gesch\u00e4tzte Lesezeit":"1\u00a0Minute"},"schema":{"@context":"https:\/\/schema.org","@graph":[{"@type":"WebPage","@id":"https:\/\/www.casasusa.nl\/de\/hausordnung\/","url":"https:\/\/www.casasusa.nl\/de\/hausordnung\/","name":"Hausordnung - CasaSusa","isPartOf":{"@id":"https:\/\/www.casasusa.nl\/de\/#website"},"datePublished":"2026-01-20T16:18:16+00:00","dateModified":"2026-04-28T17:05:57+00:00","description":"Sch\u00f6n, dass Sie bei uns zu Gast sind! Um den Aufenthalt f\u00fcr alle angenehm und komfortabel zu gestalten, haben wir ein paar einfache Hausregeln zusammengestellt:","breadcrumb":{"@id":"https:\/\/www.casasusa.nl\/de\/hausordnung\/#breadcrumb"},"inLanguage":"de","potentialAction":[{"@type":"ReadAction","target":["https:\/\/www.casasusa.nl\/de\/hausordnung\/"]}]},{"@type":"BreadcrumbList","@id":"https:\/\/www.casasusa.nl\/de\/hausordnung\/#breadcrumb","itemListElement":[{"@type":"ListItem","position":1,"name":"Home","item":"https:\/\/www.casasusa.nl\/de\/home\/"},{"@type":"ListItem","position":2,"name":"Hausordnung"}]},{"@type":"WebSite","@id":"https:\/\/www.casasusa.nl\/de\/#website","url":"https:\/\/www.casasusa.nl\/de\/","name":"Welkom bij CasaSusa","description":"Schitterende woning in het centrum van historisch Silves","potentialAction":[{"@type":"SearchAction","target":{"@type":"EntryPoint","urlTemplate":"https:\/\/www.casasusa.nl\/de\/?s={search_term_string}"},"query-input":{"@type":"PropertyValueSpecification","valueRequired":true,"valueName":"search_term_string"}}],"inLanguage":"de"}]}},"_links":{"self":[{"href":"https:\/\/www.casasusa.nl\/de\/wp-json\/wp\/v2\/pages\/4351","targetHints":{"allow":["GET"]}}],"collection":[{"href":"https:\/\/www.casasusa.nl\/de\/wp-json\/wp\/v2\/pages"}],"about":[{"href":"https:\/\/www.casasusa.nl\/de\/wp-json\/wp\/v2\/types\/page"}],"author":[{"embeddable":true,"href":"https:\/\/www.casasusa.nl\/de\/wp-json\/wp\/v2\/users\/1"}],"replies":[{"embeddable":true,"href":"https:\/\/www.casasusa.nl\/de\/wp-json\/wp\/v2\/comments?post=4351"}],"version-history":[{"count":1,"href":"https:\/\/www.casasusa.nl\/de\/wp-json\/wp\/v2\/pages\/4351\/revisions"}],"predecessor-version":[{"id":4356,"href":"https:\/\/www.casasusa.nl\/de\/wp-json\/wp\/v2\/pages\/4351\/revisions\/4356"}],"wp:attachment":[{"href":"https:\/\/www.casasusa.nl\/de\/wp-json\/wp\/v2\/media?parent=4351"}],"curies":[{"name":"wp","href":"https:\/\/api.w.org\/{rel}","templated":true}]}}