{"id":4345,"date":"2026-01-20T18:38:33","date_gmt":"2026-01-20T17:38:33","guid":{"rendered":"https:\/\/www.casasusa.nl\/nutzungsbedingungen\/"},"modified":"2026-04-28T18:05:57","modified_gmt":"2026-04-28T17:05:57","slug":"nutzungsbedingungen","status":"publish","type":"page","link":"https:\/\/www.casasusa.nl\/de\/nutzungsbedingungen\/","title":{"rendered":"Nutzungsbedingungen"},"content":{"rendered":"\t\t<div data-elementor-type=\"wp-page\" data-elementor-id=\"4345\" class=\"elementor elementor-4345 elementor-3063\">\n\t\t\t\t\t\t<section class=\"elementor-section elementor-top-section elementor-element elementor-element-13460a6d elementor-section-content-middle elementor-section-full_width elementor-section-height-default elementor-section-height-default\" data-id=\"13460a6d\" data-element_type=\"section\" data-e-type=\"section\" data-settings=\"{&quot;background_background&quot;:&quot;classic&quot;}\">\n\t\t\t\t\t\t<div class=\"elementor-container elementor-column-gap-no\">\n\t\t\t\t\t<div class=\"elementor-column elementor-col-50 elementor-top-column elementor-element elementor-element-3de612c\" data-id=\"3de612c\" data-element_type=\"column\" data-e-type=\"column\" data-settings=\"{&quot;background_background&quot;:&quot;classic&quot;}\">\n\t\t\t<div class=\"elementor-widget-wrap elementor-element-populated\">\n\t\t\t\t\t\t<div class=\"elementor-element elementor-element-73768c05 elementor-widget elementor-widget-spacer\" data-id=\"73768c05\" data-element_type=\"widget\" data-e-type=\"widget\" data-widget_type=\"spacer.default\">\n\t\t\t\t<div class=\"elementor-widget-container\">\n\t\t\t\t\t\t\t<div class=\"elementor-spacer\">\n\t\t\t<div class=\"elementor-spacer-inner\"><\/div>\n\t\t<\/div>\n\t\t\t\t\t\t<\/div>\n\t\t\t\t<\/div>\n\t\t\t\t\t<\/div>\n\t\t<\/div>\n\t\t\t\t<div class=\"elementor-column elementor-col-50 elementor-top-column elementor-element elementor-element-6decf0c0\" data-id=\"6decf0c0\" data-element_type=\"column\" data-e-type=\"column\">\n\t\t\t<div class=\"elementor-widget-wrap elementor-element-populated\">\n\t\t\t\t\t\t<div class=\"elementor-element elementor-element-5c5a4d1a elementor-widget elementor-widget-cs_title\" data-id=\"5c5a4d1a\" data-element_type=\"widget\" data-e-type=\"widget\" data-widget_type=\"cs_title.default\">\n\t\t\t\t<div class=\"elementor-widget-container\">\n\t\t\t\t\t\n        <div class=\"cs-title-wrap text-center-mobile\">\t            <h6 class=\"cs-title\">\n\t                Allgemeine Gesch\u00e4ftsbedingungen &amp; Hausordnung\t            <\/h6>\t            <div class=\"cs-title-text\">\n\t                <h5 data-start=\"379\" data-end=\"409\">1. Reservierung und Zahlung<\/h5><ul data-start=\"410\" data-end=\"651\"><li data-start=\"410\" data-end=\"474\"><h5 data-start=\"412\" data-end=\"474\">Eine Reservierung ist nach Best\u00e4tigung und (An-)Zahlung verbindlich.<\/h5><\/li><li data-start=\"410\" data-end=\"474\"><h5 data-start=\"412\" data-end=\"474\">Der gesamte Mietpreis muss vor der Ankunft bezahlt worden sein, sofern nicht anders vereinbart.<\/h5><\/li><li data-start=\"562\" data-end=\"651\"><h5 data-start=\"564\" data-end=\"651\">Eventuelle zus\u00e4tzliche Kosten (wie Kaution oder Reinigung) werden vorab deutlich angegeben.<\/h5><\/li><\/ul><h5 data-start=\"653\" data-end=\"677\">2. Mindestalter<\/h5><ul data-start=\"678\" data-end=\"810\"><li data-start=\"678\" data-end=\"739\"><h5 data-start=\"680\" data-end=\"739\">Das <strong data-start=\"683\" data-end=\"738\">Mindestalter f\u00fcr die Buchung der Unterkunft betr\u00e4gt 21 Jahre<\/strong>.<\/h5><\/li><li data-start=\"740\" data-end=\"810\"><h5 data-start=\"742\" data-end=\"810\">Der Hauptbuchende muss w\u00e4hrend des gesamten Aufenthalts anwesend sein.<\/h5><\/li><\/ul><h5 data-start=\"812\" data-end=\"838\">3. Ankunft und Abreise<\/h5><ul data-start=\"839\" data-end=\"1014\"><li data-start=\"839\" data-end=\"893\"><h5 data-start=\"841\" data-end=\"893\">Der Check-in ist ab dem vereinbarten Zeitpunkt m\u00f6glich.<\/h5><\/li><li data-start=\"894\" data-end=\"967\"><h5 data-start=\"896\" data-end=\"967\">Der Check-out muss sp\u00e4testens zum vereinbarten Zeitpunkt erfolgen.<\/h5><\/li><li data-start=\"968\" data-end=\"1014\"><h5 data-start=\"970\" data-end=\"1014\">Abweichungen sind nur nach Absprache m\u00f6glich.<\/h5><\/li><\/ul><h5 data-start=\"1016\" data-end=\"1044\">4. Nutzung der Unterkunft<\/h5><ul data-start=\"1045\" data-end=\"1270\"><li data-start=\"1045\" data-end=\"1146\"><h5 data-start=\"1047\" data-end=\"1146\">Die Unterkunft darf ausschlie\u00dflich von der bei der Buchung angegebenen Personenanzahl genutzt werden.<\/h5><\/li><li data-start=\"1147\" data-end=\"1219\"><h5 data-start=\"1149\" data-end=\"1219\">Partys, Veranstaltungen und gewerbliche Aktivit\u00e4ten sind nicht gestattet.<\/h5><\/li><li data-start=\"1220\" data-end=\"1270\"><h5 data-start=\"1222\" data-end=\"1270\">Gehen Sie sorgf\u00e4ltig mit der Unterkunft und dem Inventar um.<\/h5><\/li><\/ul><h5 data-start=\"1272\" data-end=\"1289\">5. Haustiere<\/h5><ul data-start=\"1290\" data-end=\"1358\"><li data-start=\"1290\" data-end=\"1358\"><h5 data-start=\"1292\" data-end=\"1358\"><strong data-start=\"1292\" data-end=\"1344\">Hunde und andere Haustiere sind in der Unterkunft nicht gestattet<\/strong>.<\/h5><\/li><\/ul><h5 data-start=\"1360\" data-end=\"1372\">6. Rauchen<\/h5><ul data-start=\"1373\" data-end=\"1510\"><li data-start=\"1373\" data-end=\"1441\"><h5 data-start=\"1375\" data-end=\"1441\"><strong data-start=\"1375\" data-end=\"1416\">Rauchen ist in der Unterkunft nicht gestattet<\/strong>, einschlie\u00dflich E-Zigaretten.<\/h5><\/li><li data-start=\"1442\" data-end=\"1510\"><h5 data-start=\"1444\" data-end=\"1510\">Rauchen im Freien ist erlaubt, sofern Fenster und T\u00fcren geschlossen bleiben.<\/h5><\/li><\/ul><h5 data-start=\"1512\" data-end=\"1535\">7. Ruhe und Umgebung<\/h5><ul data-start=\"1536\" data-end=\"1628\"><li data-start=\"1536\" data-end=\"1567\"><h5 data-start=\"1538\" data-end=\"1567\">Nehmen Sie R\u00fccksicht auf die Anwohner.<\/h5><\/li><li data-start=\"1568\" data-end=\"1628\"><h5 data-start=\"1570\" data-end=\"1628\">Bel\u00e4stigungen durch L\u00e4rm, Musik oder unangemessenes Verhalten sind nicht gestattet.<\/h5><\/li><\/ul><h5 data-start=\"1630\" data-end=\"1651\">8. Sch\u00e4den und Kaution<\/h5><ul data-start=\"1652\" data-end=\"1781\"><li data-start=\"1652\" data-end=\"1701\"><h5 data-start=\"1654\" data-end=\"1701\">Eventuelle Sch\u00e4den m\u00fcssen sofort gemeldet werden.<\/h5><\/li><li data-start=\"1702\" data-end=\"1781\"><h5 data-start=\"1704\" data-end=\"1781\">Falls zutreffend, werden Sch\u00e4den oder zus\u00e4tzliche Reinigungskosten mit der Kaution verrechnet.<\/h5><\/li><\/ul><h5 data-start=\"1783\" data-end=\"1807\">9. Haftung<\/h5><ul data-start=\"1808\" data-end=\"2005\"><li data-start=\"1808\" data-end=\"1933\"><h5 data-start=\"1810\" data-end=\"1933\">Der Vermieter haftet nicht f\u00fcr Verlust, Diebstahl, Sch\u00e4den oder Verletzungen von Personen oder Eigentum w\u00e4hrend des Aufenthalts.<\/h5><\/li><li data-start=\"1934\" data-end=\"2005\"><h5 data-start=\"1936\" data-end=\"2005\">Der Aufenthalt und die Nutzung der Unterkunft sowie der Einrichtungen erfolgen auf eigene Gefahr.<\/h5><\/li><\/ul><h5 data-start=\"2007\" data-end=\"2038\">10. Stornierung durch den Mieter<\/h5><ul data-start=\"2039\" data-end=\"2227\"><li data-start=\"2039\" data-end=\"2083\"><h5 data-start=\"2041\" data-end=\"2083\">Stornierungen m\u00fcssen schriftlich erfolgen.<\/h5><\/li><li data-start=\"2084\" data-end=\"2160\"><h5 data-start=\"2086\" data-end=\"2160\">Eventuelle Stornierungskosten h\u00e4ngen vom Zeitpunkt der Stornierung ab.<\/h5><\/li><li data-start=\"2161\" data-end=\"2227\"><h5 data-start=\"2163\" data-end=\"2227\">Wir empfehlen den Abschluss einer Reise- und Reiser\u00fccktrittsversicherung.<\/h5><\/li><\/ul><h5 data-start=\"2229\" data-end=\"2263\">11. Stornierung durch den Vermieter<\/h5><ul data-start=\"2264\" data-end=\"2460\"><li data-start=\"2264\" data-end=\"2353\"><h5 data-start=\"2266\" data-end=\"2353\">Bei h\u00f6herer Gewalt oder unvorhersehbaren Umst\u00e4nden kann der Vermieter die Reservierung stornieren.<\/h5><\/li><li data-start=\"2354\" data-end=\"2460\"><h5 data-start=\"2356\" data-end=\"2460\">In diesem Fall wird der bereits gezahlte Betrag vollst\u00e4ndig zur\u00fcckerstattet. Weitere Anspr\u00fcche sind ausgeschlossen. <\/h5><\/li><\/ul><h5 data-start=\"2462\" data-end=\"2478\">12. Reklamationen<\/h5><ul data-start=\"2479\" data-end=\"2595\"><li data-start=\"2479\" data-end=\"2595\"><h5 data-start=\"2481\" data-end=\"2595\">Bitte melden Sie eventuelle Reklamationen so schnell wie m\u00f6glich w\u00e4hrend des Aufenthalts, damit wir versuchen k\u00f6nnen, diese zu l\u00f6sen.<\/h5><\/li><\/ul><h5 data-start=\"2597\" data-end=\"2618\">13. Nichteinhaltung<\/h5><ul data-start=\"2619\" data-end=\"2769\"><li data-start=\"2619\" data-end=\"2769\"><h5 data-start=\"2621\" data-end=\"2769\">Bei Nichteinhaltung dieser Bedingungen und der Hausordnung behalten wir uns das Recht vor, den Aufenthalt vorzeitig <strong data-start=\"2747\" data-end=\"2768\">ohne R\u00fcckerstattung<\/strong> zu beenden.<\/h5><\/li><\/ul><h5 data-start=\"2771\" data-end=\"2797\">14. Anwendbares Recht<\/h5><ul data-start=\"2798\" data-end=\"2897\"><li data-start=\"2798\" data-end=\"2897\"><h5 data-start=\"2800\" data-end=\"2897\">Auf diese Bedingungen findet das Recht des Landes Anwendung, in dem sich das Ferienhaus befindet.<\/h5><\/li><\/ul><hr data-start=\"2899\" data-end=\"2902\"><h5 data-start=\"2904\" data-end=\"2996\">Vielen Dank, dass Sie unser Haus respektieren. Wir w\u00fcnschen Ihnen einen sehr angenehmen Aufenthalt! <\/h5>\t            <\/div>        <\/div>\t\t\t\t<\/div>\n\t\t\t\t<\/div>\n\t\t\t\t\t<\/div>\n\t\t<\/div>\n\t\t\t\t\t<\/div>\n\t\t<\/section>\n\t\t\t\t<\/div>\n\t\t","protected":false},"excerpt":{"rendered":"<p>Allgemeine Gesch\u00e4ftsbedingungen &amp; Hausordnung 1. Reservierung und Zahlung Eine Reservierung ist nach Best\u00e4tigung und (An-)Zahlung verbindlich. Der gesamte Mietpreis muss vor der Ankunft bezahlt worden sein, sofern nicht anders vereinbart. Eventuelle zus\u00e4tzliche Kosten (wie Kaution oder Reinigung) werden vorab deutlich angegeben. 2. Mindestalter Das Mindestalter f\u00fcr die Buchung der Unterkunft betr\u00e4gt 21 Jahre. Der Hauptbuchende &#8230;<\/p>\n","protected":false},"author":1,"featured_media":0,"parent":0,"menu_order":0,"comment_status":"closed","ping_status":"closed","template":"elementor_header_footer","meta":{"cozystay_single_page_hide_site_header":"","cozystay_single_page_site_header_source":"","cozystay_single_page_custom_site_header":"0","cozystay_single_page_custom_sticky_site_header":"0","cozystay_single_page_hide_page_title":"","cozystay_single_page_header_section_size":"","cozystay_single_page_header_background_color":"","cozystay_single_page_header_background_position_x":"center","cozystay_single_page_header_background_position_y":"center","cozystay_single_page_header_background_size":"cover","cozystay_single_page_header_background_repeat":"off","cozystay_single_page_header_background_scroll":"on","cozystay_single_page_header_text_color":"","cozystay_single_page_header_show_breadcrumb":"","cozystay_single_page_site_footer_hide_main":"","cozystay_single_custom_site_footer_main_source":"","cozystay_single_custom_site_footer_main":"0","cozystay_single_page_site_footer_hide_above":"","cozystay_single_custom_site_footer_above_source":"","cozystay_single_custom_site_footer_above":"0","cozystay_single_page_site_footer_hide_instagram":"","cozystay_single_page_site_footer_hide_bottom":"","cozystay_single_custom_mobile_menu_source":"","cozystay_single_custom_mobile_menu":"0","cozystay_single_custom_mobile_menu_animation":"","cozystay_single_custom_mobile_menu_width":"","cozystay_single_custom_mobile_menu_custom_width":375,"footnotes":""},"class_list":["post-4345","page","type-page","status-publish","hentry"],"yoast_head":"<!-- This site is optimized with the Yoast SEO plugin v27.5 - https:\/\/yoast.com\/product\/yoast-seo-wordpress\/ -->\n<title>Nutzungsbedingungen - CasaSusa<\/title>\n<meta name=\"description\" content=\"Allgemeine Gesch\u00e4ftsbedingungen &amp; Hausordnung f\u00fcr das Ferienhaus, g\u00fcltig f\u00fcr jede Reservierung und jeden Aufenthalt in unserem Ferienhaus.\" \/>\n<meta name=\"robots\" content=\"index, follow, max-snippet:-1, max-image-preview:large, max-video-preview:-1\" \/>\n<link rel=\"canonical\" href=\"https:\/\/www.casasusa.nl\/de\/nutzungsbedingungen\/\" \/>\n<meta property=\"og:locale\" content=\"de_DE\" \/>\n<meta property=\"og:type\" content=\"article\" \/>\n<meta property=\"og:title\" content=\"Nutzungsbedingungen - CasaSusa\" \/>\n<meta property=\"og:description\" content=\"Allgemeine Gesch\u00e4ftsbedingungen &amp; Hausordnung f\u00fcr das Ferienhaus, g\u00fcltig f\u00fcr jede Reservierung und jeden Aufenthalt in unserem Ferienhaus.\" \/>\n<meta property=\"og:url\" content=\"https:\/\/www.casasusa.nl\/de\/nutzungsbedingungen\/\" \/>\n<meta property=\"og:site_name\" content=\"CasaSusa\" \/>\n<meta property=\"article:publisher\" content=\"https:\/\/www.facebook.com\/people\/Casa-Susa\/61575870086034\/\" \/>\n<meta property=\"article:modified_time\" content=\"2026-04-28T17:05:57+00:00\" \/>\n<meta name=\"twitter:card\" content=\"summary_large_image\" \/>\n<meta name=\"twitter:label1\" content=\"Gesch\u00e4tzte Lesezeit\" \/>\n\t<meta name=\"twitter:data1\" content=\"2\u00a0Minuten\" \/>\n<script type=\"application\/ld+json\" class=\"yoast-schema-graph\">{\"@context\":\"https:\\\/\\\/schema.org\",\"@graph\":[{\"@type\":\"WebPage\",\"@id\":\"https:\\\/\\\/www.casasusa.nl\\\/de\\\/nutzungsbedingungen\\\/\",\"url\":\"https:\\\/\\\/www.casasusa.nl\\\/de\\\/nutzungsbedingungen\\\/\",\"name\":\"Nutzungsbedingungen - CasaSusa\",\"isPartOf\":{\"@id\":\"https:\\\/\\\/www.casasusa.nl\\\/de\\\/#website\"},\"datePublished\":\"2026-01-20T17:38:33+00:00\",\"dateModified\":\"2026-04-28T17:05:57+00:00\",\"description\":\"Allgemeine Gesch\u00e4ftsbedingungen & Hausordnung f\u00fcr das Ferienhaus, g\u00fcltig f\u00fcr jede Reservierung und jeden Aufenthalt in unserem Ferienhaus.\",\"breadcrumb\":{\"@id\":\"https:\\\/\\\/www.casasusa.nl\\\/de\\\/nutzungsbedingungen\\\/#breadcrumb\"},\"inLanguage\":\"de\",\"potentialAction\":[{\"@type\":\"ReadAction\",\"target\":[\"https:\\\/\\\/www.casasusa.nl\\\/de\\\/nutzungsbedingungen\\\/\"]}]},{\"@type\":\"BreadcrumbList\",\"@id\":\"https:\\\/\\\/www.casasusa.nl\\\/de\\\/nutzungsbedingungen\\\/#breadcrumb\",\"itemListElement\":[{\"@type\":\"ListItem\",\"position\":1,\"name\":\"Home\",\"item\":\"https:\\\/\\\/www.casasusa.nl\\\/de\\\/home\\\/\"},{\"@type\":\"ListItem\",\"position\":2,\"name\":\"Nutzungsbedingungen\"}]},{\"@type\":\"WebSite\",\"@id\":\"https:\\\/\\\/www.casasusa.nl\\\/de\\\/#website\",\"url\":\"https:\\\/\\\/www.casasusa.nl\\\/de\\\/\",\"name\":\"Welkom bij CasaSusa\",\"description\":\"Schitterende woning in het centrum van historisch Silves\",\"potentialAction\":[{\"@type\":\"SearchAction\",\"target\":{\"@type\":\"EntryPoint\",\"urlTemplate\":\"https:\\\/\\\/www.casasusa.nl\\\/de\\\/?s={search_term_string}\"},\"query-input\":{\"@type\":\"PropertyValueSpecification\",\"valueRequired\":true,\"valueName\":\"search_term_string\"}}],\"inLanguage\":\"de\"}]}<\/script>\n<!-- \/ Yoast SEO plugin. -->","yoast_head_json":{"title":"Nutzungsbedingungen - CasaSusa","description":"Allgemeine Gesch\u00e4ftsbedingungen & Hausordnung f\u00fcr das Ferienhaus, g\u00fcltig f\u00fcr jede Reservierung und jeden Aufenthalt in unserem Ferienhaus.","robots":{"index":"index","follow":"follow","max-snippet":"max-snippet:-1","max-image-preview":"max-image-preview:large","max-video-preview":"max-video-preview:-1"},"canonical":"https:\/\/www.casasusa.nl\/de\/nutzungsbedingungen\/","og_locale":"de_DE","og_type":"article","og_title":"Nutzungsbedingungen - CasaSusa","og_description":"Allgemeine Gesch\u00e4ftsbedingungen & Hausordnung f\u00fcr das Ferienhaus, g\u00fcltig f\u00fcr jede Reservierung und jeden Aufenthalt in unserem Ferienhaus.","og_url":"https:\/\/www.casasusa.nl\/de\/nutzungsbedingungen\/","og_site_name":"CasaSusa","article_publisher":"https:\/\/www.facebook.com\/people\/Casa-Susa\/61575870086034\/","article_modified_time":"2026-04-28T17:05:57+00:00","twitter_card":"summary_large_image","twitter_misc":{"Gesch\u00e4tzte Lesezeit":"2\u00a0Minuten"},"schema":{"@context":"https:\/\/schema.org","@graph":[{"@type":"WebPage","@id":"https:\/\/www.casasusa.nl\/de\/nutzungsbedingungen\/","url":"https:\/\/www.casasusa.nl\/de\/nutzungsbedingungen\/","name":"Nutzungsbedingungen - CasaSusa","isPartOf":{"@id":"https:\/\/www.casasusa.nl\/de\/#website"},"datePublished":"2026-01-20T17:38:33+00:00","dateModified":"2026-04-28T17:05:57+00:00","description":"Allgemeine Gesch\u00e4ftsbedingungen & Hausordnung f\u00fcr das Ferienhaus, g\u00fcltig f\u00fcr jede Reservierung und jeden Aufenthalt in unserem Ferienhaus.","breadcrumb":{"@id":"https:\/\/www.casasusa.nl\/de\/nutzungsbedingungen\/#breadcrumb"},"inLanguage":"de","potentialAction":[{"@type":"ReadAction","target":["https:\/\/www.casasusa.nl\/de\/nutzungsbedingungen\/"]}]},{"@type":"BreadcrumbList","@id":"https:\/\/www.casasusa.nl\/de\/nutzungsbedingungen\/#breadcrumb","itemListElement":[{"@type":"ListItem","position":1,"name":"Home","item":"https:\/\/www.casasusa.nl\/de\/home\/"},{"@type":"ListItem","position":2,"name":"Nutzungsbedingungen"}]},{"@type":"WebSite","@id":"https:\/\/www.casasusa.nl\/de\/#website","url":"https:\/\/www.casasusa.nl\/de\/","name":"Welkom bij CasaSusa","description":"Schitterende woning in het centrum van historisch Silves","potentialAction":[{"@type":"SearchAction","target":{"@type":"EntryPoint","urlTemplate":"https:\/\/www.casasusa.nl\/de\/?s={search_term_string}"},"query-input":{"@type":"PropertyValueSpecification","valueRequired":true,"valueName":"search_term_string"}}],"inLanguage":"de"}]}},"_links":{"self":[{"href":"https:\/\/www.casasusa.nl\/de\/wp-json\/wp\/v2\/pages\/4345","targetHints":{"allow":["GET"]}}],"collection":[{"href":"https:\/\/www.casasusa.nl\/de\/wp-json\/wp\/v2\/pages"}],"about":[{"href":"https:\/\/www.casasusa.nl\/de\/wp-json\/wp\/v2\/types\/page"}],"author":[{"embeddable":true,"href":"https:\/\/www.casasusa.nl\/de\/wp-json\/wp\/v2\/users\/1"}],"replies":[{"embeddable":true,"href":"https:\/\/www.casasusa.nl\/de\/wp-json\/wp\/v2\/comments?post=4345"}],"version-history":[{"count":1,"href":"https:\/\/www.casasusa.nl\/de\/wp-json\/wp\/v2\/pages\/4345\/revisions"}],"predecessor-version":[{"id":4350,"href":"https:\/\/www.casasusa.nl\/de\/wp-json\/wp\/v2\/pages\/4345\/revisions\/4350"}],"wp:attachment":[{"href":"https:\/\/www.casasusa.nl\/de\/wp-json\/wp\/v2\/media?parent=4345"}],"curies":[{"name":"wp","href":"https:\/\/api.w.org\/{rel}","templated":true}]}}