{"id":4338,"date":"2026-01-20T19:35:54","date_gmt":"2026-01-20T18:35:54","guid":{"rendered":"https:\/\/www.casasusa.nl\/sicherheit-und-datenschutz\/"},"modified":"2026-04-28T18:05:57","modified_gmt":"2026-04-28T17:05:57","slug":"sicherheit-und-datenschutz","status":"publish","type":"page","link":"https:\/\/www.casasusa.nl\/de\/sicherheit-und-datenschutz\/","title":{"rendered":"Sicherheit und Datenschutz"},"content":{"rendered":"\t\t<div data-elementor-type=\"wp-page\" data-elementor-id=\"4338\" class=\"elementor elementor-4338 elementor-3094\">\n\t\t\t\t\t\t<section class=\"elementor-section elementor-top-section elementor-element elementor-element-683ab55 elementor-section-content-middle elementor-section-full_width elementor-section-height-default elementor-section-height-default\" data-id=\"683ab55\" data-element_type=\"section\" data-e-type=\"section\" data-settings=\"{&quot;background_background&quot;:&quot;classic&quot;}\">\n\t\t\t\t\t\t<div class=\"elementor-container elementor-column-gap-no\">\n\t\t\t\t\t<div class=\"elementor-column elementor-col-50 elementor-top-column elementor-element elementor-element-3e63cd63\" data-id=\"3e63cd63\" data-element_type=\"column\" data-e-type=\"column\" data-settings=\"{&quot;background_background&quot;:&quot;classic&quot;}\">\n\t\t\t<div class=\"elementor-widget-wrap elementor-element-populated\">\n\t\t\t\t\t\t<div class=\"elementor-element elementor-element-6b3b7a9b elementor-widget elementor-widget-spacer\" data-id=\"6b3b7a9b\" data-element_type=\"widget\" data-e-type=\"widget\" data-widget_type=\"spacer.default\">\n\t\t\t\t<div class=\"elementor-widget-container\">\n\t\t\t\t\t\t\t<div class=\"elementor-spacer\">\n\t\t\t<div class=\"elementor-spacer-inner\"><\/div>\n\t\t<\/div>\n\t\t\t\t\t\t<\/div>\n\t\t\t\t<\/div>\n\t\t\t\t\t<\/div>\n\t\t<\/div>\n\t\t\t\t<div class=\"elementor-column elementor-col-50 elementor-top-column elementor-element elementor-element-43177026\" data-id=\"43177026\" data-element_type=\"column\" data-e-type=\"column\">\n\t\t\t<div class=\"elementor-widget-wrap elementor-element-populated\">\n\t\t\t\t\t\t<div class=\"elementor-element elementor-element-2bb8a7a3 elementor-widget elementor-widget-cs_title\" data-id=\"2bb8a7a3\" data-element_type=\"widget\" data-e-type=\"widget\" data-widget_type=\"cs_title.default\">\n\t\t\t\t<div class=\"elementor-widget-container\">\n\t\t\t\t\t\n        <div class=\"cs-title-wrap text-center-mobile\">\t            <h6 class=\"cs-title\">\n\t                Datenschutz &amp; Sicherheit\t            <\/h6>\t            <div class=\"cs-title-text\">\n\t                <h5 data-start=\"288\" data-end=\"492\">Wir legen gro\u00dfen Wert auf Ihre Privatsph\u00e4re und Sicherheit. Im Folgenden erl\u00e4utern wir transparent, welche Sicherheitsmittel in und um das Ferienhaus eingesetzt werden und wie wir mit personenbezogenen Daten umgehen. <\/h5><h5 data-start=\"494\" data-end=\"515\">Intelligente T\u00fcrklingel<\/h5><ul data-start=\"516\" data-end=\"837\"><li data-start=\"516\" data-end=\"585\"><h5 data-start=\"518\" data-end=\"585\">An der Haust\u00fcr ist eine intelligente T\u00fcrklingel mit Kamera installiert.<\/h5><\/li><li data-start=\"586\" data-end=\"661\"><h5 data-start=\"588\" data-end=\"661\">Diese wird ausschlie\u00dflich zur Sicherheit und Zutrittskontrolle verwendet.<\/h5><\/li><li data-start=\"662\" data-end=\"737\"><h5 data-start=\"664\" data-end=\"737\">Die intelligente T\u00fcrklingel ist auf die Haust\u00fcr gerichtet und nicht auf Innenr\u00e4ume.<\/h5><\/li><li data-start=\"738\" data-end=\"837\"><h5 data-start=\"740\" data-end=\"837\">Bilder werden <strong data-start=\"755\" data-end=\"782\">nicht <\/strong>kontinuierlich \u00fcberwacht und nur bei Vorf\u00e4llen oder Sicherheitsfragen gesichtet.<\/h5><\/li><\/ul><h5 data-start=\"839\" data-end=\"874\">\u00dcberwachungskamera Dachterrasse<\/h5><ul data-start=\"875\" data-end=\"1114\"><li data-start=\"875\" data-end=\"938\"><h5 data-start=\"877\" data-end=\"938\">Auf der Dachterrasse ist eine <strong>\u00dcberwachungskamera<\/strong> installiert.<\/h5><\/li><li data-start=\"939\" data-end=\"1037\"><h5 data-start=\"941\" data-end=\"1037\">Die Kamera ist ausschlie\u00dflich auf das <strong data-start=\"981\" data-end=\"998\">Au\u00dfengel\u00e4nde<\/strong> gerichtet und erfasst <strong data-start=\"1014\" data-end=\"1036\">keine Innenr\u00e4ume<\/strong>.<\/h5><\/li><li data-start=\"1038\" data-end=\"1114\"><h5 data-start=\"1040\" data-end=\"1114\">Die Kamera dient dem Schutz der G\u00e4ste, des Eigentums und der Unterkunft.<\/h5><\/li><\/ul><h5 data-start=\"1116\" data-end=\"1138\">Brandschutz<\/h5><ul data-start=\"1139\" data-end=\"1311\"><li data-start=\"1139\" data-end=\"1199\"><h5 data-start=\"1141\" data-end=\"1199\">Die Wohnung ist mit einem <strong data-start=\"1171\" data-end=\"1198\">Rauchmelder <\/strong>(Brandalarm) ausgestattet.<\/h5><\/li><li data-start=\"1200\" data-end=\"1256\"><h5 data-start=\"1202\" data-end=\"1256\">F\u00fcr Notf\u00e4lle ist ein <strong data-start=\"1212\" data-end=\"1228\">Feuerl\u00f6scher<\/strong> vorhanden.<\/h5><\/li><li data-start=\"1257\" data-end=\"1311\"><h5 data-start=\"1259\" data-end=\"1311\">Diese Ger\u00e4te erfassen <strong data-start=\"1285\" data-end=\"1310\">keine personenbezogenen Daten<\/strong>.<\/h5><\/li><\/ul><h5 data-start=\"1313\" data-end=\"1355\">Speicherung und Verwendung von Kamerabildern<\/h5><ul data-start=\"1356\" data-end=\"1638\"><li data-start=\"1356\" data-end=\"1467\"><h5 data-start=\"1358\" data-end=\"1467\">Kamerabilder werden <strong data-start=\"1379\" data-end=\"1400\">sicher gespeichert<\/strong> und <strong data-start=\"1404\" data-end=\"1431\">nicht <\/strong>an Dritte weitergegeben, es sei denn, dies ist gesetzlich vorgeschrieben.<\/h5><\/li><li data-start=\"1468\" data-end=\"1567\"><h5 data-start=\"1470\" data-end=\"1567\">Bilder werden <strong data-start=\"1485\" data-end=\"1525\">nicht<\/strong> l\u00e4nger aufbewahrt, als es f\u00fcr den Zweck, f\u00fcr den sie aufgenommen wurden, erforderlich ist.<\/h5><\/li><li data-start=\"1568\" data-end=\"1638\"><h5 data-start=\"1570\" data-end=\"1638\">Kamerabilder werden <strong data-start=\"1591\" data-end=\"1637\">niemals <\/strong>f\u00fcr kommerzielle Zwecke verwendet.<\/h5><\/li><\/ul><h5 data-start=\"1640\" data-end=\"1667\">Rechtsgrundlage<\/h5><ul data-start=\"1668\" data-end=\"1888\"><li data-start=\"1668\" data-end=\"1805\"><h5 data-start=\"1670\" data-end=\"1805\">Die Verwendung von Kameras basiert auf dem <strong data-start=\"1715\" data-end=\"1741\">berechtigten Interesse<\/strong> an Sicherheit und dem Schutz von Eigentum (DSGVO Art. 6 Abs. 1f).<\/h5><\/li><li data-start=\"1806\" data-end=\"1888\"><h5 data-start=\"1808\" data-end=\"1888\">Mit dem Betreten des Gel\u00e4ndes erkl\u00e4ren Sie sich mit diesen Sicherheitsma\u00dfnahmen einverstanden.<\/h5><\/li><\/ul><h5 data-start=\"1890\" data-end=\"1906\">Wichtig<\/h5><ul data-start=\"1907\" data-end=\"2077\"><li data-start=\"1907\" data-end=\"1997\"><h5 data-start=\"1909\" data-end=\"1997\">Das Deaktivieren, Abdecken oder Manipulieren von Sicherheitsger\u00e4ten ist nicht gestattet.<\/h5><\/li><li data-start=\"1998\" data-end=\"2077\"><h5 data-start=\"2000\" data-end=\"2077\">Bei Fragen zum Datenschutz oder zur Einsicht in Daten k\u00f6nnen Sie uns gerne kontaktieren.<\/h5><\/li><\/ul><hr data-start=\"2079\" data-end=\"2082\"><h5 data-start=\"2084\" data-end=\"2210\">Diese Informationen entsprechen den Richtlinien der DSGVO\/GDPR und dienen der vollst\u00e4ndigen Transparenz gegen\u00fcber unseren G\u00e4sten.<\/h5>\t            <\/div>        <\/div>\t\t\t\t<\/div>\n\t\t\t\t<\/div>\n\t\t\t\t\t<\/div>\n\t\t<\/div>\n\t\t\t\t\t<\/div>\n\t\t<\/section>\n\t\t\t\t<\/div>\n\t\t","protected":false},"excerpt":{"rendered":"<p>Datenschutz &amp; Sicherheit Wir legen gro\u00dfen Wert auf Ihre Privatsph\u00e4re und Sicherheit. Im Folgenden erl\u00e4utern wir transparent, welche Sicherheitsmittel in und um das Ferienhaus eingesetzt werden und wie wir mit personenbezogenen Daten umgehen. Intelligente T\u00fcrklingel An der Haust\u00fcr ist eine intelligente T\u00fcrklingel mit Kamera installiert. Diese wird ausschlie\u00dflich zur Sicherheit und Zutrittskontrolle verwendet. Die intelligente &#8230;<\/p>\n","protected":false},"author":1,"featured_media":0,"parent":0,"menu_order":0,"comment_status":"closed","ping_status":"closed","template":"elementor_header_footer","meta":{"cozystay_single_page_hide_site_header":"","cozystay_single_page_site_header_source":"","cozystay_single_page_custom_site_header":"0","cozystay_single_page_custom_sticky_site_header":"0","cozystay_single_page_hide_page_title":"","cozystay_single_page_header_section_size":"","cozystay_single_page_header_background_color":"","cozystay_single_page_header_background_position_x":"center","cozystay_single_page_header_background_position_y":"center","cozystay_single_page_header_background_size":"cover","cozystay_single_page_header_background_repeat":"off","cozystay_single_page_header_background_scroll":"on","cozystay_single_page_header_text_color":"","cozystay_single_page_header_show_breadcrumb":"","cozystay_single_page_site_footer_hide_main":"","cozystay_single_custom_site_footer_main_source":"","cozystay_single_custom_site_footer_main":"0","cozystay_single_page_site_footer_hide_above":"","cozystay_single_custom_site_footer_above_source":"","cozystay_single_custom_site_footer_above":"0","cozystay_single_page_site_footer_hide_instagram":"","cozystay_single_page_site_footer_hide_bottom":"","cozystay_single_custom_mobile_menu_source":"","cozystay_single_custom_mobile_menu":"0","cozystay_single_custom_mobile_menu_animation":"","cozystay_single_custom_mobile_menu_width":"","cozystay_single_custom_mobile_menu_custom_width":375,"footnotes":""},"class_list":["post-4338","page","type-page","status-publish","hentry"],"yoast_head":"<!-- This site is optimized with the Yoast SEO plugin v27.5 - https:\/\/yoast.com\/product\/yoast-seo-wordpress\/ -->\n<title>Sicherheit und Datenschutz - CasaSusa<\/title>\n<meta name=\"description\" content=\"Wir legen gro\u00dfen Wert auf Ihre Privatsph\u00e4re und Sicherheit. Im Folgenden erl\u00e4utern wir transparent, welche Sicherheitsmittel eingesetzt werden.\" \/>\n<meta name=\"robots\" content=\"index, follow, max-snippet:-1, max-image-preview:large, max-video-preview:-1\" \/>\n<link rel=\"canonical\" href=\"https:\/\/www.casasusa.nl\/de\/sicherheit-und-datenschutz\/\" \/>\n<meta property=\"og:locale\" content=\"de_DE\" \/>\n<meta property=\"og:type\" content=\"article\" \/>\n<meta property=\"og:title\" content=\"Sicherheit und Datenschutz - CasaSusa\" \/>\n<meta property=\"og:description\" content=\"Wir legen gro\u00dfen Wert auf Ihre Privatsph\u00e4re und Sicherheit. Im Folgenden erl\u00e4utern wir transparent, welche Sicherheitsmittel eingesetzt werden.\" \/>\n<meta property=\"og:url\" content=\"https:\/\/www.casasusa.nl\/de\/sicherheit-und-datenschutz\/\" \/>\n<meta property=\"og:site_name\" content=\"CasaSusa\" \/>\n<meta property=\"article:publisher\" content=\"https:\/\/www.facebook.com\/people\/Casa-Susa\/61575870086034\/\" \/>\n<meta property=\"article:modified_time\" content=\"2026-04-28T17:05:57+00:00\" \/>\n<meta name=\"twitter:card\" content=\"summary_large_image\" \/>\n<meta name=\"twitter:label1\" content=\"Gesch\u00e4tzte Lesezeit\" \/>\n\t<meta name=\"twitter:data1\" content=\"1\u00a0Minute\" \/>\n<script type=\"application\/ld+json\" class=\"yoast-schema-graph\">{\"@context\":\"https:\\\/\\\/schema.org\",\"@graph\":[{\"@type\":\"WebPage\",\"@id\":\"https:\\\/\\\/www.casasusa.nl\\\/de\\\/sicherheit-und-datenschutz\\\/\",\"url\":\"https:\\\/\\\/www.casasusa.nl\\\/de\\\/sicherheit-und-datenschutz\\\/\",\"name\":\"Sicherheit und Datenschutz - CasaSusa\",\"isPartOf\":{\"@id\":\"https:\\\/\\\/www.casasusa.nl\\\/de\\\/#website\"},\"datePublished\":\"2026-01-20T18:35:54+00:00\",\"dateModified\":\"2026-04-28T17:05:57+00:00\",\"description\":\"Wir legen gro\u00dfen Wert auf Ihre Privatsph\u00e4re und Sicherheit. Im Folgenden erl\u00e4utern wir transparent, welche Sicherheitsmittel eingesetzt werden.\",\"breadcrumb\":{\"@id\":\"https:\\\/\\\/www.casasusa.nl\\\/de\\\/sicherheit-und-datenschutz\\\/#breadcrumb\"},\"inLanguage\":\"de\",\"potentialAction\":[{\"@type\":\"ReadAction\",\"target\":[\"https:\\\/\\\/www.casasusa.nl\\\/de\\\/sicherheit-und-datenschutz\\\/\"]}]},{\"@type\":\"BreadcrumbList\",\"@id\":\"https:\\\/\\\/www.casasusa.nl\\\/de\\\/sicherheit-und-datenschutz\\\/#breadcrumb\",\"itemListElement\":[{\"@type\":\"ListItem\",\"position\":1,\"name\":\"Home\",\"item\":\"https:\\\/\\\/www.casasusa.nl\\\/de\\\/home\\\/\"},{\"@type\":\"ListItem\",\"position\":2,\"name\":\"Sicherheit und Datenschutz\"}]},{\"@type\":\"WebSite\",\"@id\":\"https:\\\/\\\/www.casasusa.nl\\\/de\\\/#website\",\"url\":\"https:\\\/\\\/www.casasusa.nl\\\/de\\\/\",\"name\":\"Welkom bij CasaSusa\",\"description\":\"Schitterende woning in het centrum van historisch Silves\",\"potentialAction\":[{\"@type\":\"SearchAction\",\"target\":{\"@type\":\"EntryPoint\",\"urlTemplate\":\"https:\\\/\\\/www.casasusa.nl\\\/de\\\/?s={search_term_string}\"},\"query-input\":{\"@type\":\"PropertyValueSpecification\",\"valueRequired\":true,\"valueName\":\"search_term_string\"}}],\"inLanguage\":\"de\"}]}<\/script>\n<!-- \/ Yoast SEO plugin. -->","yoast_head_json":{"title":"Sicherheit und Datenschutz - CasaSusa","description":"Wir legen gro\u00dfen Wert auf Ihre Privatsph\u00e4re und Sicherheit. Im Folgenden erl\u00e4utern wir transparent, welche Sicherheitsmittel eingesetzt werden.","robots":{"index":"index","follow":"follow","max-snippet":"max-snippet:-1","max-image-preview":"max-image-preview:large","max-video-preview":"max-video-preview:-1"},"canonical":"https:\/\/www.casasusa.nl\/de\/sicherheit-und-datenschutz\/","og_locale":"de_DE","og_type":"article","og_title":"Sicherheit und Datenschutz - CasaSusa","og_description":"Wir legen gro\u00dfen Wert auf Ihre Privatsph\u00e4re und Sicherheit. Im Folgenden erl\u00e4utern wir transparent, welche Sicherheitsmittel eingesetzt werden.","og_url":"https:\/\/www.casasusa.nl\/de\/sicherheit-und-datenschutz\/","og_site_name":"CasaSusa","article_publisher":"https:\/\/www.facebook.com\/people\/Casa-Susa\/61575870086034\/","article_modified_time":"2026-04-28T17:05:57+00:00","twitter_card":"summary_large_image","twitter_misc":{"Gesch\u00e4tzte Lesezeit":"1\u00a0Minute"},"schema":{"@context":"https:\/\/schema.org","@graph":[{"@type":"WebPage","@id":"https:\/\/www.casasusa.nl\/de\/sicherheit-und-datenschutz\/","url":"https:\/\/www.casasusa.nl\/de\/sicherheit-und-datenschutz\/","name":"Sicherheit und Datenschutz - CasaSusa","isPartOf":{"@id":"https:\/\/www.casasusa.nl\/de\/#website"},"datePublished":"2026-01-20T18:35:54+00:00","dateModified":"2026-04-28T17:05:57+00:00","description":"Wir legen gro\u00dfen Wert auf Ihre Privatsph\u00e4re und Sicherheit. Im Folgenden erl\u00e4utern wir transparent, welche Sicherheitsmittel eingesetzt werden.","breadcrumb":{"@id":"https:\/\/www.casasusa.nl\/de\/sicherheit-und-datenschutz\/#breadcrumb"},"inLanguage":"de","potentialAction":[{"@type":"ReadAction","target":["https:\/\/www.casasusa.nl\/de\/sicherheit-und-datenschutz\/"]}]},{"@type":"BreadcrumbList","@id":"https:\/\/www.casasusa.nl\/de\/sicherheit-und-datenschutz\/#breadcrumb","itemListElement":[{"@type":"ListItem","position":1,"name":"Home","item":"https:\/\/www.casasusa.nl\/de\/home\/"},{"@type":"ListItem","position":2,"name":"Sicherheit und Datenschutz"}]},{"@type":"WebSite","@id":"https:\/\/www.casasusa.nl\/de\/#website","url":"https:\/\/www.casasusa.nl\/de\/","name":"Welkom bij CasaSusa","description":"Schitterende woning in het centrum van historisch Silves","potentialAction":[{"@type":"SearchAction","target":{"@type":"EntryPoint","urlTemplate":"https:\/\/www.casasusa.nl\/de\/?s={search_term_string}"},"query-input":{"@type":"PropertyValueSpecification","valueRequired":true,"valueName":"search_term_string"}}],"inLanguage":"de"}]}},"_links":{"self":[{"href":"https:\/\/www.casasusa.nl\/de\/wp-json\/wp\/v2\/pages\/4338","targetHints":{"allow":["GET"]}}],"collection":[{"href":"https:\/\/www.casasusa.nl\/de\/wp-json\/wp\/v2\/pages"}],"about":[{"href":"https:\/\/www.casasusa.nl\/de\/wp-json\/wp\/v2\/types\/page"}],"author":[{"embeddable":true,"href":"https:\/\/www.casasusa.nl\/de\/wp-json\/wp\/v2\/users\/1"}],"replies":[{"embeddable":true,"href":"https:\/\/www.casasusa.nl\/de\/wp-json\/wp\/v2\/comments?post=4338"}],"version-history":[{"count":1,"href":"https:\/\/www.casasusa.nl\/de\/wp-json\/wp\/v2\/pages\/4338\/revisions"}],"predecessor-version":[{"id":4344,"href":"https:\/\/www.casasusa.nl\/de\/wp-json\/wp\/v2\/pages\/4338\/revisions\/4344"}],"wp:attachment":[{"href":"https:\/\/www.casasusa.nl\/de\/wp-json\/wp\/v2\/media?parent=4338"}],"curies":[{"name":"wp","href":"https:\/\/api.w.org\/{rel}","templated":true}]}}