{"id":4324,"date":"2026-01-19T12:04:49","date_gmt":"2026-01-19T11:04:49","guid":{"rendered":"https:\/\/www.casasusa.nl\/silves-aktivitaeten\/"},"modified":"2026-04-28T16:48:15","modified_gmt":"2026-04-28T15:48:15","slug":"silves-aktivitaeten","status":"publish","type":"page","link":"https:\/\/www.casasusa.nl\/de\/silves-aktivitaeten\/","title":{"rendered":"Silves Aktivit\u00e4ten"},"content":{"rendered":"\t\t<div data-elementor-type=\"wp-page\" data-elementor-id=\"4324\" class=\"elementor elementor-4324 elementor-2831\">\n\t\t\t\t\t\t<section class=\"elementor-section elementor-top-section elementor-element elementor-element-273a13e5 elementor-section-boxed elementor-section-height-default elementor-section-height-default\" data-id=\"273a13e5\" data-element_type=\"section\" data-e-type=\"section\" data-settings=\"{&quot;background_background&quot;:&quot;classic&quot;}\">\n\t\t\t\t\t\t<div class=\"elementor-container elementor-column-gap-no\">\n\t\t\t\t\t<div class=\"elementor-column elementor-col-50 elementor-top-column elementor-element elementor-element-3957e8c2\" data-id=\"3957e8c2\" data-element_type=\"column\" data-e-type=\"column\">\n\t\t\t<div class=\"elementor-widget-wrap elementor-element-populated\">\n\t\t\t\t\t\t<div class=\"elementor-element elementor-element-46dd54d1 elementor-widget elementor-widget-image\" data-id=\"46dd54d1\" data-element_type=\"widget\" data-e-type=\"widget\" data-widget_type=\"image.default\">\n\t\t\t\t<div class=\"elementor-widget-container\">\n\t\t\t\t\t\t\t\t\t\t\t\t<figure class=\"wp-caption\">\n\t\t\t\t\t\t\t\t\t\t<img fetchpriority=\"high\" decoding=\"async\" width=\"1006\" height=\"670\" src=\"https:\/\/www.casasusa.nl\/wp-content\/uploads\/2026\/01\/Pestana-Silves-Golf-Club.jpg\" class=\"attachment-large size-large wp-image-2856\" alt=\"Pestana Silves golf Silves\" srcset=\"https:\/\/www.casasusa.nl\/wp-content\/uploads\/2026\/01\/Pestana-Silves-Golf-Club.jpg 1006w, https:\/\/www.casasusa.nl\/wp-content\/uploads\/2026\/01\/Pestana-Silves-Golf-Club-300x200.jpg 300w, https:\/\/www.casasusa.nl\/wp-content\/uploads\/2026\/01\/Pestana-Silves-Golf-Club-768x511.jpg 768w, https:\/\/www.casasusa.nl\/wp-content\/uploads\/2026\/01\/Pestana-Silves-Golf-Club-780x519.jpg 780w, https:\/\/www.casasusa.nl\/wp-content\/uploads\/2026\/01\/Pestana-Silves-Golf-Club-600x400.jpg 600w, https:\/\/www.casasusa.nl\/wp-content\/uploads\/2026\/01\/Pestana-Silves-Golf-Club-550x366.jpg 550w, https:\/\/www.casasusa.nl\/wp-content\/uploads\/2026\/01\/Pestana-Silves-Golf-Club-370x246.jpg 370w, https:\/\/www.casasusa.nl\/wp-content\/uploads\/2026\/01\/Pestana-Silves-Golf-Club-255x170.jpg 255w, https:\/\/www.casasusa.nl\/wp-content\/uploads\/2026\/01\/Pestana-Silves-Golf-Club-150x100.jpg 150w\" sizes=\"(max-width: 1006px) 100vw, 1006px\" \/>\t\t\t\t\t\t\t\t\t\t\t<figcaption class=\"widget-image-caption wp-caption-text\">Pestana Golf Club Silves<\/figcaption>\n\t\t\t\t\t\t\t\t\t\t<\/figure>\n\t\t\t\t\t\t\t\t\t<\/div>\n\t\t\t\t<\/div>\n\t\t\t\t\t<\/div>\n\t\t<\/div>\n\t\t\t\t<div class=\"elementor-column elementor-col-50 elementor-top-column elementor-element elementor-element-3cbc4b9b\" data-id=\"3cbc4b9b\" data-element_type=\"column\" data-e-type=\"column\">\n\t\t\t<div class=\"elementor-widget-wrap elementor-element-populated\">\n\t\t\t\t\t\t<div class=\"elementor-element elementor-element-366d1487 elementor-widget elementor-widget-cs_title\" data-id=\"366d1487\" data-element_type=\"widget\" data-e-type=\"widget\" data-widget_type=\"cs_title.default\">\n\t\t\t\t<div class=\"elementor-widget-container\">\n\t\t\t\t\t\n        <div class=\"cs-title-wrap\">\t            <div class=\"cs-subtitle-wrap\"><span class=\"cs-subtitle\">Aktivit\u00e4ten in Silves<\/span><\/div>\t            <h3 class=\"cs-title\">\n\t                Lokale Aktivit\u00e4ten\t            <\/h3>\t            <div class=\"cs-title-text\">\n\t                <p>Entdecken Sie den Charme von Silves mit einem vielf\u00e4ltigen Angebot an lokalen Aktivit\u00e4ten f\u00fcr Jung und Alt. Von kulturellen Veranstaltungen und Kunsthandwerksm\u00e4rkten bis hin zu Spazierg\u00e4ngen durch die historische Altstadt und Workshops mit lokalen Kunsthandwerkern \u2013 es gibt immer etwas zu erleben. Lassen Sie sich von der reichen Geschichte \u00fcberraschen, probieren Sie regionale Spezialit\u00e4ten und genie\u00dfen Sie Musik, Kunst und Traditionen in einer entspannten Atmosph\u00e4re. Lokale Aktivit\u00e4ten in Silves bringen Bewohner und Besucher zusammen und lassen Sie die Stadt auf authentische Weise erleben.   <\/p>\t            <\/div>                <div class=\"cs-title-btn\">\n                    <a class=\"button cs-btn-color-secondary\" role=\"button\">\n                        <span class=\"cs-btn-text\">Alle Aktivit\u00e4ten ansehen<\/span>                    <\/a>\n                <\/div>\n                    <\/div>\t\t\t\t<\/div>\n\t\t\t\t<\/div>\n\t\t\t\t\t<\/div>\n\t\t<\/div>\n\t\t\t\t\t<\/div>\n\t\t<\/section>\n\t\t\t\t<section class=\"elementor-section elementor-top-section elementor-element elementor-element-48e217ef elementor-section-boxed elementor-section-height-default elementor-section-height-default\" data-id=\"48e217ef\" data-element_type=\"section\" data-e-type=\"section\">\n\t\t\t\t\t\t<div class=\"elementor-container elementor-column-gap-no\">\n\t\t\t\t\t<div class=\"elementor-column elementor-col-33 elementor-top-column elementor-element elementor-element-aa5d244\" data-id=\"aa5d244\" data-element_type=\"column\" data-e-type=\"column\">\n\t\t\t<div class=\"elementor-widget-wrap elementor-element-populated\">\n\t\t\t\t\t\t<div class=\"elementor-element elementor-element-25e9bffb elementor-widget elementor-widget-cs_call_to_action\" data-id=\"25e9bffb\" data-element_type=\"widget\" data-e-type=\"widget\" data-widget_type=\"cs_call_to_action.default\">\n\t\t\t\t<div class=\"elementor-widget-container\">\n\t\t\t\t\t\n\t\t<div class=\"cs-cta cta-layout-text-normal img-offset-border text-center cta-hover-img-zoom\">\n            <div class=\"cs-cta-wrap\">\t\t                <div class=\"cs-cta-img-wrap\">\n\t\t\t\t\t        <div class=\"cs-cta-img\">\n\t\t\t\t\t            <img decoding=\"async\" width=\"600\" height=\"451\" src=\"https:\/\/www.casasusa.nl\/wp-content\/uploads\/2026\/01\/wijnproeverij-1-600x451.jpg\" class=\"attachment-cozystay_600x9999 size-cozystay_600x9999 wp-image-2848\" alt=\"wijnproeverij Silves\" srcset=\"https:\/\/www.casasusa.nl\/wp-content\/uploads\/2026\/01\/wijnproeverij-1-600x451.jpg 600w, https:\/\/www.casasusa.nl\/wp-content\/uploads\/2026\/01\/wijnproeverij-1-300x225.jpg 300w, https:\/\/www.casasusa.nl\/wp-content\/uploads\/2026\/01\/wijnproeverij-1-550x413.jpg 550w, https:\/\/www.casasusa.nl\/wp-content\/uploads\/2026\/01\/wijnproeverij-1-370x278.jpg 370w, https:\/\/www.casasusa.nl\/wp-content\/uploads\/2026\/01\/wijnproeverij-1-255x192.jpg 255w, https:\/\/www.casasusa.nl\/wp-content\/uploads\/2026\/01\/wijnproeverij-1-150x113.jpg 150w, https:\/\/www.casasusa.nl\/wp-content\/uploads\/2026\/01\/wijnproeverij-1.jpg 607w\" sizes=\"(max-width: 600px) 100vw, 600px\" \/>\t\t\t\t\t        <\/div>\n\t\t\t\t\t        <div class=\"cs-offset-border\"><\/div>\n\t\t\t\t\t\t<\/div>                <div class=\"cs-cta-overlay\"><\/div>\n                <div class=\"cs-cta-content\">\t\t            <h6 class=\"cs-cta-title cs-title\">\n\t\t                Weinberge\t\t            <\/h6>\t\t            <div class=\"cs-cta-text\">\n\t\t                <p>Rund um das historische St\u00e4dtchen <strong data-start=\"269\" data-end=\"279\">Silves<\/strong>, im Herzen der Algarve, liegen weitl\u00e4ufige Weinberge, die von einem einzigartigen Zusammenspiel aus Sonne, Meer und Landschaft profitieren. Schon seit der maurischen Zeit wird hier Wein angebaut, und diese jahrhundertealte Tradition lebt heute in modernen, charaktervollen Weinen weiter. <\/p>\t\t            <\/div>\t                <div class=\"cs-cta-btn\">\n\t                    <a class=\"button cs-btn-underline\" role=\"button\" href=\"#\">\n\t                        <span class=\"cs-btn-text\">Mehr Infos<\/span>\t                    <\/a>\n\t                <\/div>\t\t\t<\/div>                <a class=\"cs-cta-link\" href=\"#\" aria-label=\"Call to Action Link\"><\/a>            <\/div>\n        <\/div>\t\t\t\t<\/div>\n\t\t\t\t<\/div>\n\t\t\t\t\t<\/div>\n\t\t<\/div>\n\t\t\t\t<div class=\"elementor-column elementor-col-33 elementor-top-column elementor-element elementor-element-7845e252\" data-id=\"7845e252\" data-element_type=\"column\" data-e-type=\"column\">\n\t\t\t<div class=\"elementor-widget-wrap elementor-element-populated\">\n\t\t\t\t\t\t<div class=\"elementor-element elementor-element-5f1c876b elementor-widget elementor-widget-cs_call_to_action\" data-id=\"5f1c876b\" data-element_type=\"widget\" data-e-type=\"widget\" data-widget_type=\"cs_call_to_action.default\">\n\t\t\t\t<div class=\"elementor-widget-container\">\n\t\t\t\t\t\n\t\t<div class=\"cs-cta cta-layout-text-normal img-offset-border text-center cta-hover-img-zoom\">\n            <div class=\"cs-cta-wrap\">\t\t                <div class=\"cs-cta-img-wrap\">\n\t\t\t\t\t        <div class=\"cs-cta-img\">\n\t\t\t\t\t            <img decoding=\"async\" width=\"600\" height=\"450\" src=\"https:\/\/www.casasusa.nl\/wp-content\/uploads\/2026\/01\/Kasteel-2-600x450.jpg\" class=\"attachment-cozystay_600x9999 size-cozystay_600x9999 wp-image-2527\" alt=\"Kasteel Silves\" srcset=\"https:\/\/www.casasusa.nl\/wp-content\/uploads\/2026\/01\/Kasteel-2-600x450.jpg 600w, https:\/\/www.casasusa.nl\/wp-content\/uploads\/2026\/01\/Kasteel-2-300x225.jpg 300w, https:\/\/www.casasusa.nl\/wp-content\/uploads\/2026\/01\/Kasteel-2-1024x767.jpg 1024w, https:\/\/www.casasusa.nl\/wp-content\/uploads\/2026\/01\/Kasteel-2-768x575.jpg 768w, https:\/\/www.casasusa.nl\/wp-content\/uploads\/2026\/01\/Kasteel-2-780x584.jpg 780w, https:\/\/www.casasusa.nl\/wp-content\/uploads\/2026\/01\/Kasteel-2-550x412.jpg 550w, https:\/\/www.casasusa.nl\/wp-content\/uploads\/2026\/01\/Kasteel-2-370x277.jpg 370w, https:\/\/www.casasusa.nl\/wp-content\/uploads\/2026\/01\/Kasteel-2-255x191.jpg 255w, https:\/\/www.casasusa.nl\/wp-content\/uploads\/2026\/01\/Kasteel-2-150x112.jpg 150w, https:\/\/www.casasusa.nl\/wp-content\/uploads\/2026\/01\/Kasteel-2.jpg 1200w\" sizes=\"(max-width: 600px) 100vw, 600px\" \/>\t\t\t\t\t        <\/div>\n\t\t\t\t\t        <div class=\"cs-offset-border\"><\/div>\n\t\t\t\t\t\t<\/div>                <div class=\"cs-cta-overlay\"><\/div>\n                <div class=\"cs-cta-content\">\t\t            <h6 class=\"cs-cta-title cs-title\">\n\t\t                Burg Silves\t\t            <\/h6>\t\t            <div class=\"cs-cta-text\">\n\t\t                <p>Die maurische Burg von Silves vereint Geschichte, Kultur und eine herrliche Aussicht in einem Besuch. Ob Sie sich f\u00fcr Kultur oder Fotografie interessieren oder einfach nur einen besonderen Ort entdecken m\u00f6chten: Diese Burg darf auf Ihrer Reiseroute durch die Algarve nicht fehlen. <\/p>\t\t            <\/div>\t                <div class=\"cs-cta-btn\">\n\t                    <a class=\"button cs-btn-underline\" role=\"button\" href=\"https:\/\/www.cm-silves.pt\/pt\/menu\/106\/castelo-de-silves.aspx\">\n\t                        <span class=\"cs-btn-text\">Weitere Informationen<\/span>\t                    <\/a>\n\t                <\/div>\t\t\t<\/div>                <a class=\"cs-cta-link\" href=\"https:\/\/www.cm-silves.pt\/pt\/menu\/106\/castelo-de-silves.aspx\" aria-label=\"Call to Action Link\"><\/a>            <\/div>\n        <\/div>\t\t\t\t<\/div>\n\t\t\t\t<\/div>\n\t\t\t\t\t<\/div>\n\t\t<\/div>\n\t\t\t\t<div class=\"elementor-column elementor-col-33 elementor-top-column elementor-element elementor-element-562a4d6d\" data-id=\"562a4d6d\" data-element_type=\"column\" data-e-type=\"column\">\n\t\t\t<div class=\"elementor-widget-wrap elementor-element-populated\">\n\t\t\t\t\t\t<div class=\"elementor-element elementor-element-561bd156 elementor-widget elementor-widget-cs_call_to_action\" data-id=\"561bd156\" data-element_type=\"widget\" data-e-type=\"widget\" data-widget_type=\"cs_call_to_action.default\">\n\t\t\t\t<div class=\"elementor-widget-container\">\n\t\t\t\t\t\n\t\t<div class=\"cs-cta cta-layout-text-normal img-offset-border text-center cta-hover-img-zoom\">\n            <div class=\"cs-cta-wrap\">\t\t                <div class=\"cs-cta-img-wrap\">\n\t\t\t\t\t        <div class=\"cs-cta-img\">\n\t\t\t\t\t            <img loading=\"lazy\" decoding=\"async\" width=\"600\" height=\"450\" src=\"https:\/\/www.casasusa.nl\/wp-content\/uploads\/2026\/01\/Emotions-Tours-Buggy-Tour-Silves-600x450.jpg\" class=\"attachment-cozystay_600x9999 size-cozystay_600x9999 wp-image-2451\" alt=\"Silves buggy tour\" srcset=\"https:\/\/www.casasusa.nl\/wp-content\/uploads\/2026\/01\/Emotions-Tours-Buggy-Tour-Silves-600x450.jpg 600w, https:\/\/www.casasusa.nl\/wp-content\/uploads\/2026\/01\/Emotions-Tours-Buggy-Tour-Silves-300x225.jpg 300w, https:\/\/www.casasusa.nl\/wp-content\/uploads\/2026\/01\/Emotions-Tours-Buggy-Tour-Silves-1024x768.jpg 1024w, https:\/\/www.casasusa.nl\/wp-content\/uploads\/2026\/01\/Emotions-Tours-Buggy-Tour-Silves-768x576.jpg 768w, https:\/\/www.casasusa.nl\/wp-content\/uploads\/2026\/01\/Emotions-Tours-Buggy-Tour-Silves-1536x1151.jpg 1536w, https:\/\/www.casasusa.nl\/wp-content\/uploads\/2026\/01\/Emotions-Tours-Buggy-Tour-Silves-1920x1439.jpg 1920w, https:\/\/www.casasusa.nl\/wp-content\/uploads\/2026\/01\/Emotions-Tours-Buggy-Tour-Silves-1440x1079.jpg 1440w, https:\/\/www.casasusa.nl\/wp-content\/uploads\/2026\/01\/Emotions-Tours-Buggy-Tour-Silves-1200x899.jpg 1200w, https:\/\/www.casasusa.nl\/wp-content\/uploads\/2026\/01\/Emotions-Tours-Buggy-Tour-Silves-780x585.jpg 780w, https:\/\/www.casasusa.nl\/wp-content\/uploads\/2026\/01\/Emotions-Tours-Buggy-Tour-Silves-550x412.jpg 550w, https:\/\/www.casasusa.nl\/wp-content\/uploads\/2026\/01\/Emotions-Tours-Buggy-Tour-Silves-370x277.jpg 370w, https:\/\/www.casasusa.nl\/wp-content\/uploads\/2026\/01\/Emotions-Tours-Buggy-Tour-Silves-255x191.jpg 255w, https:\/\/www.casasusa.nl\/wp-content\/uploads\/2026\/01\/Emotions-Tours-Buggy-Tour-Silves-1320x989.jpg 1320w, https:\/\/www.casasusa.nl\/wp-content\/uploads\/2026\/01\/Emotions-Tours-Buggy-Tour-Silves-150x112.jpg 150w, https:\/\/www.casasusa.nl\/wp-content\/uploads\/2026\/01\/Emotions-Tours-Buggy-Tour-Silves.jpg 2048w\" sizes=\"(max-width: 600px) 100vw, 600px\" \/>\t\t\t\t\t        <\/div>\n\t\t\t\t\t        <div class=\"cs-offset-border\"><\/div>\n\t\t\t\t\t\t<\/div>                <div class=\"cs-cta-overlay\"><\/div>\n                <div class=\"cs-cta-content\">\t\t            <h6 class=\"cs-cta-title cs-title\">\n\t\t                Buggy-Tour Silves\t\t            <\/h6>\t\t            <div class=\"cs-cta-text\">\n\t\t                <p data-start=\"317\" data-end=\"612\">Buggy-Tour durch Silves \u2013 Ein unvergessliches Abenteuer an der Algarve!<br>Stellen Sie sich vor: endlose, goldene Landschaften, das Br\u00fcllen Ihres Buggys und der atemberaubende Ausblick auf das historische St\u00e4dtchen Silves.<\/p>\t\t            <\/div>\t                <div class=\"cs-cta-btn\">\n\t                    <a class=\"button cs-btn-underline\" role=\"button\" href=\"https:\/\/www.emotions-tours.com\/tour-item\/buggy-silves-tour\/\">\n\t                        <span class=\"cs-btn-text\">Mehr Infos<\/span>\t                    <\/a>\n\t                <\/div>\t\t\t<\/div>                <a class=\"cs-cta-link\" href=\"https:\/\/www.emotions-tours.com\/tour-item\/buggy-silves-tour\/\" aria-label=\"Call to Action Link\"><\/a>            <\/div>\n        <\/div>\t\t\t\t<\/div>\n\t\t\t\t<\/div>\n\t\t\t\t\t<\/div>\n\t\t<\/div>\n\t\t\t\t\t<\/div>\n\t\t<\/section>\n\t\t\t\t<\/div>\n\t\t","protected":false},"excerpt":{"rendered":"<p>Pestana Golf Club Silves Aktivit\u00e4ten in Silves Lokale Aktivit\u00e4ten Entdecken Sie den Charme von Silves mit einem vielf\u00e4ltigen Angebot an lokalen Aktivit\u00e4ten f\u00fcr Jung und Alt. Von kulturellen Veranstaltungen und Kunsthandwerksm\u00e4rkten bis hin zu Spazierg\u00e4ngen durch die historische Altstadt und Workshops mit lokalen Kunsthandwerkern \u2013 es gibt immer etwas zu erleben. Lassen Sie sich von &#8230;<\/p>\n","protected":false},"author":1,"featured_media":0,"parent":0,"menu_order":0,"comment_status":"closed","ping_status":"closed","template":"elementor_header_footer","meta":{"cozystay_single_page_hide_site_header":"","cozystay_single_page_site_header_source":"","cozystay_single_page_custom_site_header":"0","cozystay_single_page_custom_sticky_site_header":"0","cozystay_single_page_hide_page_title":"","cozystay_single_page_header_section_size":"","cozystay_single_page_header_background_color":"","cozystay_single_page_header_background_position_x":"center","cozystay_single_page_header_background_position_y":"center","cozystay_single_page_header_background_size":"cover","cozystay_single_page_header_background_repeat":"off","cozystay_single_page_header_background_scroll":"on","cozystay_single_page_header_text_color":"","cozystay_single_page_header_show_breadcrumb":"","cozystay_single_page_site_footer_hide_main":"","cozystay_single_custom_site_footer_main_source":"","cozystay_single_custom_site_footer_main":"0","cozystay_single_page_site_footer_hide_above":"","cozystay_single_custom_site_footer_above_source":"","cozystay_single_custom_site_footer_above":"0","cozystay_single_page_site_footer_hide_instagram":"","cozystay_single_page_site_footer_hide_bottom":"","cozystay_single_custom_mobile_menu_source":"","cozystay_single_custom_mobile_menu":"0","cozystay_single_custom_mobile_menu_animation":"","cozystay_single_custom_mobile_menu_width":"","cozystay_single_custom_mobile_menu_custom_width":375,"footnotes":""},"class_list":["post-4324","page","type-page","status-publish","hentry"],"yoast_head":"<!-- This site is optimized with the Yoast SEO plugin v27.5 - https:\/\/yoast.com\/product\/yoast-seo-wordpress\/ -->\n<title>Silves Aktivit\u00e4ten - CasaSusa<\/title>\n<meta name=\"description\" content=\"Entdecken Sie den Charme von Silves mit einem vielf\u00e4ltigen Angebot an lokalen Aktivit\u00e4ten f\u00fcr Jung und Alt. Es gibt immer etwas zu erleben.\" \/>\n<meta name=\"robots\" content=\"index, follow, max-snippet:-1, max-image-preview:large, max-video-preview:-1\" \/>\n<link rel=\"canonical\" href=\"https:\/\/www.casasusa.nl\/de\/silves-aktivitaeten\/\" \/>\n<meta property=\"og:locale\" content=\"de_DE\" \/>\n<meta property=\"og:type\" content=\"article\" \/>\n<meta property=\"og:title\" content=\"Silves Aktivit\u00e4ten - CasaSusa\" \/>\n<meta property=\"og:description\" content=\"Entdecken Sie den Charme von Silves mit einem vielf\u00e4ltigen Angebot an lokalen Aktivit\u00e4ten f\u00fcr Jung und Alt. Es gibt immer etwas zu erleben.\" \/>\n<meta property=\"og:url\" content=\"https:\/\/www.casasusa.nl\/de\/silves-aktivitaeten\/\" \/>\n<meta property=\"og:site_name\" content=\"CasaSusa\" \/>\n<meta property=\"article:publisher\" content=\"https:\/\/www.facebook.com\/people\/Casa-Susa\/61575870086034\/\" \/>\n<meta property=\"article:modified_time\" content=\"2026-04-28T15:48:15+00:00\" \/>\n<meta property=\"og:image\" content=\"https:\/\/www.casasusa.nl\/wp-content\/uploads\/2026\/01\/Pestana-Silves-Golf-Club.jpg\" \/>\n\t<meta property=\"og:image:width\" content=\"1006\" \/>\n\t<meta property=\"og:image:height\" content=\"670\" \/>\n\t<meta property=\"og:image:type\" content=\"image\/jpeg\" \/>\n<meta name=\"twitter:card\" content=\"summary_large_image\" \/>\n<meta name=\"twitter:label1\" content=\"Gesch\u00e4tzte Lesezeit\" \/>\n\t<meta name=\"twitter:data1\" content=\"1\u00a0Minute\" \/>\n<script type=\"application\/ld+json\" class=\"yoast-schema-graph\">{\"@context\":\"https:\\\/\\\/schema.org\",\"@graph\":[{\"@type\":\"WebPage\",\"@id\":\"https:\\\/\\\/www.casasusa.nl\\\/de\\\/silves-aktivitaeten\\\/\",\"url\":\"https:\\\/\\\/www.casasusa.nl\\\/de\\\/silves-aktivitaeten\\\/\",\"name\":\"Silves Aktivit\u00e4ten - CasaSusa\",\"isPartOf\":{\"@id\":\"https:\\\/\\\/www.casasusa.nl\\\/de\\\/#website\"},\"primaryImageOfPage\":{\"@id\":\"https:\\\/\\\/www.casasusa.nl\\\/de\\\/silves-aktivitaeten\\\/#primaryimage\"},\"image\":{\"@id\":\"https:\\\/\\\/www.casasusa.nl\\\/de\\\/silves-aktivitaeten\\\/#primaryimage\"},\"thumbnailUrl\":\"https:\\\/\\\/www.casasusa.nl\\\/wp-content\\\/uploads\\\/2026\\\/01\\\/Pestana-Silves-Golf-Club.jpg\",\"datePublished\":\"2026-01-19T11:04:49+00:00\",\"dateModified\":\"2026-04-28T15:48:15+00:00\",\"description\":\"Entdecken Sie den Charme von Silves mit einem vielf\u00e4ltigen Angebot an lokalen Aktivit\u00e4ten f\u00fcr Jung und Alt. Es gibt immer etwas zu erleben.\",\"breadcrumb\":{\"@id\":\"https:\\\/\\\/www.casasusa.nl\\\/de\\\/silves-aktivitaeten\\\/#breadcrumb\"},\"inLanguage\":\"de\",\"potentialAction\":[{\"@type\":\"ReadAction\",\"target\":[\"https:\\\/\\\/www.casasusa.nl\\\/de\\\/silves-aktivitaeten\\\/\"]}]},{\"@type\":\"ImageObject\",\"inLanguage\":\"de\",\"@id\":\"https:\\\/\\\/www.casasusa.nl\\\/de\\\/silves-aktivitaeten\\\/#primaryimage\",\"url\":\"https:\\\/\\\/www.casasusa.nl\\\/wp-content\\\/uploads\\\/2026\\\/01\\\/Pestana-Silves-Golf-Club.jpg\",\"contentUrl\":\"https:\\\/\\\/www.casasusa.nl\\\/wp-content\\\/uploads\\\/2026\\\/01\\\/Pestana-Silves-Golf-Club.jpg\"},{\"@type\":\"BreadcrumbList\",\"@id\":\"https:\\\/\\\/www.casasusa.nl\\\/de\\\/silves-aktivitaeten\\\/#breadcrumb\",\"itemListElement\":[{\"@type\":\"ListItem\",\"position\":1,\"name\":\"Home\",\"item\":\"https:\\\/\\\/www.casasusa.nl\\\/de\\\/home\\\/\"},{\"@type\":\"ListItem\",\"position\":2,\"name\":\"Silves Aktivit\u00e4ten\"}]},{\"@type\":\"WebSite\",\"@id\":\"https:\\\/\\\/www.casasusa.nl\\\/de\\\/#website\",\"url\":\"https:\\\/\\\/www.casasusa.nl\\\/de\\\/\",\"name\":\"Welkom bij CasaSusa\",\"description\":\"Schitterende woning in het centrum van historisch Silves\",\"potentialAction\":[{\"@type\":\"SearchAction\",\"target\":{\"@type\":\"EntryPoint\",\"urlTemplate\":\"https:\\\/\\\/www.casasusa.nl\\\/de\\\/?s={search_term_string}\"},\"query-input\":{\"@type\":\"PropertyValueSpecification\",\"valueRequired\":true,\"valueName\":\"search_term_string\"}}],\"inLanguage\":\"de\"}]}<\/script>\n<!-- \/ Yoast SEO plugin. -->","yoast_head_json":{"title":"Silves Aktivit\u00e4ten - CasaSusa","description":"Entdecken Sie den Charme von Silves mit einem vielf\u00e4ltigen Angebot an lokalen Aktivit\u00e4ten f\u00fcr Jung und Alt. Es gibt immer etwas zu erleben.","robots":{"index":"index","follow":"follow","max-snippet":"max-snippet:-1","max-image-preview":"max-image-preview:large","max-video-preview":"max-video-preview:-1"},"canonical":"https:\/\/www.casasusa.nl\/de\/silves-aktivitaeten\/","og_locale":"de_DE","og_type":"article","og_title":"Silves Aktivit\u00e4ten - CasaSusa","og_description":"Entdecken Sie den Charme von Silves mit einem vielf\u00e4ltigen Angebot an lokalen Aktivit\u00e4ten f\u00fcr Jung und Alt. Es gibt immer etwas zu erleben.","og_url":"https:\/\/www.casasusa.nl\/de\/silves-aktivitaeten\/","og_site_name":"CasaSusa","article_publisher":"https:\/\/www.facebook.com\/people\/Casa-Susa\/61575870086034\/","article_modified_time":"2026-04-28T15:48:15+00:00","og_image":[{"width":1006,"height":670,"url":"https:\/\/www.casasusa.nl\/wp-content\/uploads\/2026\/01\/Pestana-Silves-Golf-Club.jpg","type":"image\/jpeg"}],"twitter_card":"summary_large_image","twitter_misc":{"Gesch\u00e4tzte Lesezeit":"1\u00a0Minute"},"schema":{"@context":"https:\/\/schema.org","@graph":[{"@type":"WebPage","@id":"https:\/\/www.casasusa.nl\/de\/silves-aktivitaeten\/","url":"https:\/\/www.casasusa.nl\/de\/silves-aktivitaeten\/","name":"Silves Aktivit\u00e4ten - CasaSusa","isPartOf":{"@id":"https:\/\/www.casasusa.nl\/de\/#website"},"primaryImageOfPage":{"@id":"https:\/\/www.casasusa.nl\/de\/silves-aktivitaeten\/#primaryimage"},"image":{"@id":"https:\/\/www.casasusa.nl\/de\/silves-aktivitaeten\/#primaryimage"},"thumbnailUrl":"https:\/\/www.casasusa.nl\/wp-content\/uploads\/2026\/01\/Pestana-Silves-Golf-Club.jpg","datePublished":"2026-01-19T11:04:49+00:00","dateModified":"2026-04-28T15:48:15+00:00","description":"Entdecken Sie den Charme von Silves mit einem vielf\u00e4ltigen Angebot an lokalen Aktivit\u00e4ten f\u00fcr Jung und Alt. Es gibt immer etwas zu erleben.","breadcrumb":{"@id":"https:\/\/www.casasusa.nl\/de\/silves-aktivitaeten\/#breadcrumb"},"inLanguage":"de","potentialAction":[{"@type":"ReadAction","target":["https:\/\/www.casasusa.nl\/de\/silves-aktivitaeten\/"]}]},{"@type":"ImageObject","inLanguage":"de","@id":"https:\/\/www.casasusa.nl\/de\/silves-aktivitaeten\/#primaryimage","url":"https:\/\/www.casasusa.nl\/wp-content\/uploads\/2026\/01\/Pestana-Silves-Golf-Club.jpg","contentUrl":"https:\/\/www.casasusa.nl\/wp-content\/uploads\/2026\/01\/Pestana-Silves-Golf-Club.jpg"},{"@type":"BreadcrumbList","@id":"https:\/\/www.casasusa.nl\/de\/silves-aktivitaeten\/#breadcrumb","itemListElement":[{"@type":"ListItem","position":1,"name":"Home","item":"https:\/\/www.casasusa.nl\/de\/home\/"},{"@type":"ListItem","position":2,"name":"Silves Aktivit\u00e4ten"}]},{"@type":"WebSite","@id":"https:\/\/www.casasusa.nl\/de\/#website","url":"https:\/\/www.casasusa.nl\/de\/","name":"Welkom bij CasaSusa","description":"Schitterende woning in het centrum van historisch Silves","potentialAction":[{"@type":"SearchAction","target":{"@type":"EntryPoint","urlTemplate":"https:\/\/www.casasusa.nl\/de\/?s={search_term_string}"},"query-input":{"@type":"PropertyValueSpecification","valueRequired":true,"valueName":"search_term_string"}}],"inLanguage":"de"}]}},"_links":{"self":[{"href":"https:\/\/www.casasusa.nl\/de\/wp-json\/wp\/v2\/pages\/4324","targetHints":{"allow":["GET"]}}],"collection":[{"href":"https:\/\/www.casasusa.nl\/de\/wp-json\/wp\/v2\/pages"}],"about":[{"href":"https:\/\/www.casasusa.nl\/de\/wp-json\/wp\/v2\/types\/page"}],"author":[{"embeddable":true,"href":"https:\/\/www.casasusa.nl\/de\/wp-json\/wp\/v2\/users\/1"}],"replies":[{"embeddable":true,"href":"https:\/\/www.casasusa.nl\/de\/wp-json\/wp\/v2\/comments?post=4324"}],"version-history":[{"count":1,"href":"https:\/\/www.casasusa.nl\/de\/wp-json\/wp\/v2\/pages\/4324\/revisions"}],"predecessor-version":[{"id":4330,"href":"https:\/\/www.casasusa.nl\/de\/wp-json\/wp\/v2\/pages\/4324\/revisions\/4330"}],"wp:attachment":[{"href":"https:\/\/www.casasusa.nl\/de\/wp-json\/wp\/v2\/media?parent=4324"}],"curies":[{"name":"wp","href":"https:\/\/api.w.org\/{rel}","templated":true}]}}