{"id":4132,"date":"2026-01-19T17:59:06","date_gmt":"2026-01-19T16:59:06","guid":{"rendered":"https:\/\/www.casasusa.nl\/umgebung-von-silves\/"},"modified":"2026-04-23T17:33:02","modified_gmt":"2026-04-23T16:33:02","slug":"umgebung-von-silves","status":"publish","type":"page","link":"https:\/\/www.casasusa.nl\/de\/umgebung-von-silves\/","title":{"rendered":"Umgebung von Silves"},"content":{"rendered":"\t\t<div data-elementor-type=\"wp-page\" data-elementor-id=\"4132\" class=\"elementor elementor-4132 elementor-2894\">\n\t\t\t\t\t\t<section class=\"elementor-section elementor-top-section elementor-element elementor-element-abf4bca elementor-section-boxed elementor-section-height-default elementor-section-height-default\" data-id=\"abf4bca\" data-element_type=\"section\" data-e-type=\"section\" data-settings=\"{&quot;background_background&quot;:&quot;classic&quot;}\">\n\t\t\t\t\t\t<div class=\"elementor-container elementor-column-gap-no\">\n\t\t\t\t\t<div class=\"elementor-column elementor-col-50 elementor-top-column elementor-element elementor-element-2b9e6c1e\" data-id=\"2b9e6c1e\" data-element_type=\"column\" data-e-type=\"column\">\n\t\t\t<div class=\"elementor-widget-wrap elementor-element-populated\">\n\t\t\t\t\t\t<div class=\"elementor-element elementor-element-78cbd5df elementor-widget elementor-widget-image\" data-id=\"78cbd5df\" data-element_type=\"widget\" data-e-type=\"widget\" data-widget_type=\"image.default\">\n\t\t\t\t<div class=\"elementor-widget-container\">\n\t\t\t\t\t\t\t\t\t\t\t\t\t\t\t<img fetchpriority=\"high\" decoding=\"async\" width=\"800\" height=\"600\" src=\"https:\/\/www.casasusa.nl\/wp-content\/uploads\/2026\/01\/Silves_centrum-1.jpg\" class=\"attachment-large size-large wp-image-2529\" alt=\"gezellige restaurants, winkels en bars in het centrum van Silves\" srcset=\"https:\/\/www.casasusa.nl\/wp-content\/uploads\/2026\/01\/Silves_centrum-1.jpg 800w, https:\/\/www.casasusa.nl\/wp-content\/uploads\/2026\/01\/Silves_centrum-1-300x225.jpg 300w, https:\/\/www.casasusa.nl\/wp-content\/uploads\/2026\/01\/Silves_centrum-1-768x576.jpg 768w, https:\/\/www.casasusa.nl\/wp-content\/uploads\/2026\/01\/Silves_centrum-1-780x585.jpg 780w, https:\/\/www.casasusa.nl\/wp-content\/uploads\/2026\/01\/Silves_centrum-1-600x450.jpg 600w, https:\/\/www.casasusa.nl\/wp-content\/uploads\/2026\/01\/Silves_centrum-1-550x413.jpg 550w, https:\/\/www.casasusa.nl\/wp-content\/uploads\/2026\/01\/Silves_centrum-1-370x278.jpg 370w, https:\/\/www.casasusa.nl\/wp-content\/uploads\/2026\/01\/Silves_centrum-1-255x191.jpg 255w, https:\/\/www.casasusa.nl\/wp-content\/uploads\/2026\/01\/Silves_centrum-1-150x113.jpg 150w\" sizes=\"(max-width: 800px) 100vw, 800px\" \/>\t\t\t\t\t\t\t\t\t\t\t\t\t\t\t<\/div>\n\t\t\t\t<\/div>\n\t\t\t\t\t<\/div>\n\t\t<\/div>\n\t\t\t\t<div class=\"elementor-column elementor-col-50 elementor-top-column elementor-element elementor-element-7a463df7\" data-id=\"7a463df7\" data-element_type=\"column\" data-e-type=\"column\">\n\t\t\t<div class=\"elementor-widget-wrap elementor-element-populated\">\n\t\t\t\t\t\t<div class=\"elementor-element elementor-element-2c12ebe3 elementor-widget elementor-widget-cs_title\" data-id=\"2c12ebe3\" data-element_type=\"widget\" data-e-type=\"widget\" data-widget_type=\"cs_title.default\">\n\t\t\t\t<div class=\"elementor-widget-container\">\n\t\t\t\t\t\n        <div class=\"cs-title-wrap\">\t            <h3 class=\"cs-title\">\n\t                Entdecken Sie Silves\t            <\/h3>\t            <div class=\"cs-title-text\">\n\t                <p data-start=\"128\" data-end=\"315\">Mitten in der historischen Kleinstadt <strong data-start=\"161\" data-end=\"171\">Silves<\/strong>, in Gehweite der ikonischen Burg, finden Sie Gesch\u00e4fte, Restaurants und Bars. Ein Ort, an dem Kultur, Genuss und Entspannung zusammenkommen. <\/p><p data-start=\"317\" data-end=\"612\">Bummeln Sie durch die Gesch\u00e4fte mit lokalen Produkten und einzigartigen Souvenirs, genie\u00dfen Sie k\u00f6stliche Gerichte, die von der portugiesischen K\u00fcche inspiriert sind, und lassen Sie den Tag bei einem Getr\u00e4nk in einer der gem\u00fctlichen Bars ausklingen. Vom Kaffee am Morgen bis hin zu portugiesischen Weinen bei Sonnenuntergang \u2013 hier schmecken Sie die Atmosph\u00e4re von Silves. <\/p><p data-start=\"614\" data-end=\"671\"><strong data-start=\"614\" data-end=\"671\">Kommen Sie vorbei, nehmen Sie sich Zeit und erleben Sie Silves von seiner besten Seite.<\/strong><\/p>\t            <\/div>        <\/div>\t\t\t\t<\/div>\n\t\t\t\t<\/div>\n\t\t\t\t\t<\/div>\n\t\t<\/div>\n\t\t\t\t\t<\/div>\n\t\t<\/section>\n\t\t\t\t<section class=\"elementor-section elementor-top-section elementor-element elementor-element-777ca572 elementor-section-boxed elementor-section-height-default elementor-section-height-default\" data-id=\"777ca572\" data-element_type=\"section\" data-e-type=\"section\">\n\t\t\t\t\t\t<div class=\"elementor-container elementor-column-gap-no\">\n\t\t\t\t\t<div class=\"elementor-column elementor-col-33 elementor-top-column elementor-element elementor-element-216bff6e\" data-id=\"216bff6e\" data-element_type=\"column\" data-e-type=\"column\">\n\t\t\t<div class=\"elementor-widget-wrap elementor-element-populated\">\n\t\t\t\t\t\t<div class=\"elementor-element elementor-element-66ba029b elementor-widget elementor-widget-cs_call_to_action\" data-id=\"66ba029b\" data-element_type=\"widget\" data-e-type=\"widget\" data-widget_type=\"cs_call_to_action.default\">\n\t\t\t\t<div class=\"elementor-widget-container\">\n\t\t\t\t\t\n\t\t<div class=\"cs-cta cta-layout-text-normal img-offset-border text-center cta-hover-img-zoom\">\n            <div class=\"cs-cta-wrap\">\t\t                <div class=\"cs-cta-img-wrap\">\n\t\t\t\t\t        <div class=\"cs-cta-img\">\n\t\t\t\t\t            <img decoding=\"async\" width=\"600\" height=\"445\" src=\"https:\/\/www.casasusa.nl\/wp-content\/uploads\/2026\/01\/silves-kathedraal-600x445.jpg\" class=\"attachment-cozystay_600x9999 size-cozystay_600x9999 wp-image-2936\" alt=\"Kathedraal silves\" srcset=\"https:\/\/www.casasusa.nl\/wp-content\/uploads\/2026\/01\/silves-kathedraal-600x445.jpg 600w, https:\/\/www.casasusa.nl\/wp-content\/uploads\/2026\/01\/silves-kathedraal-300x222.jpg 300w, https:\/\/www.casasusa.nl\/wp-content\/uploads\/2026\/01\/silves-kathedraal-1024x759.jpg 1024w, https:\/\/www.casasusa.nl\/wp-content\/uploads\/2026\/01\/silves-kathedraal-768x569.jpg 768w, https:\/\/www.casasusa.nl\/wp-content\/uploads\/2026\/01\/silves-kathedraal-1536x1139.jpg 1536w, https:\/\/www.casasusa.nl\/wp-content\/uploads\/2026\/01\/silves-kathedraal-1440x1067.jpg 1440w, https:\/\/www.casasusa.nl\/wp-content\/uploads\/2026\/01\/silves-kathedraal-1200x890.jpg 1200w, https:\/\/www.casasusa.nl\/wp-content\/uploads\/2026\/01\/silves-kathedraal-780x578.jpg 780w, https:\/\/www.casasusa.nl\/wp-content\/uploads\/2026\/01\/silves-kathedraal-550x408.jpg 550w, https:\/\/www.casasusa.nl\/wp-content\/uploads\/2026\/01\/silves-kathedraal-370x274.jpg 370w, https:\/\/www.casasusa.nl\/wp-content\/uploads\/2026\/01\/silves-kathedraal-255x189.jpg 255w, https:\/\/www.casasusa.nl\/wp-content\/uploads\/2026\/01\/silves-kathedraal-1320x978.jpg 1320w, https:\/\/www.casasusa.nl\/wp-content\/uploads\/2026\/01\/silves-kathedraal-150x111.jpg 150w, https:\/\/www.casasusa.nl\/wp-content\/uploads\/2026\/01\/silves-kathedraal.jpg 1600w\" sizes=\"(max-width: 600px) 100vw, 600px\" \/>\t\t\t\t\t        <\/div>\n\t\t\t\t\t        <div class=\"cs-offset-border\"><\/div>\n\t\t\t\t\t\t<\/div>                <div class=\"cs-cta-overlay\"><\/div>\n                <div class=\"cs-cta-content\">\t\t            <h6 class=\"cs-cta-title cs-title\">\n\t\t                Kathedrale von Silves\t\t            <\/h6>\t\t            <div class=\"cs-cta-text\">\n\t\t                <p>Die Kathedrale wurde <strong data-start=\"321\" data-end=\"347\">im 13. Jahrhundert<\/strong> nach der christlichen R\u00fcckeroberung von Silves erbaut und blieb \u00fcber Jahrhunderte das Zentrum des Bistums Algarve, bevor der Bischofssitz im 16. Jahrhundert nach Faro verlegt wurde. <br><span class=\"HwtZe\" lang=\"nl\"><span class=\"jCAhz ChMk0b\"><span class=\"ryNqvb\">Eintritt 2,00 \u20ac.<\/span><\/span> <span class=\"jCAhz ChMk0b\"><span class=\"ryNqvb\">Ge\u00f6ffnet an Wochentagen von 10:00\u201313:00 Uhr und von 14:00\u201318:00 Uhr.<\/span><\/span><\/span><\/p>\t\t            <\/div>\t\t\t<\/div>            <\/div>\n        <\/div>\t\t\t\t<\/div>\n\t\t\t\t<\/div>\n\t\t\t\t\t<\/div>\n\t\t<\/div>\n\t\t\t\t<div class=\"elementor-column elementor-col-33 elementor-top-column elementor-element elementor-element-7ace5256\" data-id=\"7ace5256\" data-element_type=\"column\" data-e-type=\"column\">\n\t\t\t<div class=\"elementor-widget-wrap elementor-element-populated\">\n\t\t\t\t\t\t<div class=\"elementor-element elementor-element-346645e8 elementor-widget elementor-widget-cs_call_to_action\" data-id=\"346645e8\" data-element_type=\"widget\" data-e-type=\"widget\" data-widget_type=\"cs_call_to_action.default\">\n\t\t\t\t<div class=\"elementor-widget-container\">\n\t\t\t\t\t\n\t\t<div class=\"cs-cta cta-layout-text-normal img-offset-border text-center cta-hover-img-zoom\">\n            <div class=\"cs-cta-wrap\">\t\t                <div class=\"cs-cta-img-wrap\">\n\t\t\t\t\t        <div class=\"cs-cta-img\">\n\t\t\t\t\t            <img decoding=\"async\" width=\"600\" height=\"386\" src=\"https:\/\/www.casasusa.nl\/wp-content\/uploads\/2026\/01\/Silves-cafes-600x386.jpg\" class=\"attachment-cozystay_600x9999 size-cozystay_600x9999 wp-image-2557\" alt=\"gezellige caf\u00e9s in Silves\" srcset=\"https:\/\/www.casasusa.nl\/wp-content\/uploads\/2026\/01\/Silves-cafes-600x386.jpg 600w, https:\/\/www.casasusa.nl\/wp-content\/uploads\/2026\/01\/Silves-cafes-300x193.jpg 300w, https:\/\/www.casasusa.nl\/wp-content\/uploads\/2026\/01\/Silves-cafes-768x494.jpg 768w, https:\/\/www.casasusa.nl\/wp-content\/uploads\/2026\/01\/Silves-cafes-780x501.jpg 780w, https:\/\/www.casasusa.nl\/wp-content\/uploads\/2026\/01\/Silves-cafes-550x353.jpg 550w, https:\/\/www.casasusa.nl\/wp-content\/uploads\/2026\/01\/Silves-cafes-370x238.jpg 370w, https:\/\/www.casasusa.nl\/wp-content\/uploads\/2026\/01\/Silves-cafes-255x164.jpg 255w, https:\/\/www.casasusa.nl\/wp-content\/uploads\/2026\/01\/Silves-cafes-150x96.jpg 150w, https:\/\/www.casasusa.nl\/wp-content\/uploads\/2026\/01\/Silves-cafes.jpg 1024w\" sizes=\"(max-width: 600px) 100vw, 600px\" \/>\t\t\t\t\t        <\/div>\n\t\t\t\t\t        <div class=\"cs-offset-border\"><\/div>\n\t\t\t\t\t\t<\/div>                <div class=\"cs-cta-overlay\"><\/div>\n                <div class=\"cs-cta-content\">\t\t            <h6 class=\"cs-cta-title cs-title\">\n\t\t                Restaurants &amp; Bars\t\t            <\/h6>\t\t            <div class=\"cs-cta-text\">\n\t\t                <p>Im historischen Zentrum von Silves finden Sie viele gem\u00fctliche Restaurants und Bars. In den schmalen Gassen und auf den alten Pl\u00e4tzen k\u00f6nnen Sie lokale Gerichte, frischen Fisch und portugiesische Weine genie\u00dfen. Die stimmungsvollen Terrassen machen Silves zu einem lebendigen Ort, an dem Kultur und Gastronomie aufeinandertreffen.  <\/p>\t\t            <\/div>\t                <div class=\"cs-cta-btn\">\n\t                    <a class=\"button cs-btn-underline\" role=\"button\" href=\"https:\/\/www.casasusa.nl\/restaurants\/\">\n\t                        <span class=\"cs-btn-text\">Mehr Infos<\/span>\t                    <\/a>\n\t                <\/div>\t\t\t<\/div>                <a class=\"cs-cta-link\" href=\"https:\/\/www.casasusa.nl\/restaurants\/\" aria-label=\"Call to Action Link\"><\/a>            <\/div>\n        <\/div>\t\t\t\t<\/div>\n\t\t\t\t<\/div>\n\t\t\t\t\t<\/div>\n\t\t<\/div>\n\t\t\t\t<div class=\"elementor-column elementor-col-33 elementor-top-column elementor-element elementor-element-295223da\" data-id=\"295223da\" data-element_type=\"column\" data-e-type=\"column\">\n\t\t\t<div class=\"elementor-widget-wrap elementor-element-populated\">\n\t\t\t\t\t\t<div class=\"elementor-element elementor-element-772fd61f elementor-widget elementor-widget-cs_call_to_action\" data-id=\"772fd61f\" data-element_type=\"widget\" data-e-type=\"widget\" data-widget_type=\"cs_call_to_action.default\">\n\t\t\t\t<div class=\"elementor-widget-container\">\n\t\t\t\t\t\n\t\t<div class=\"cs-cta cta-layout-text-normal img-offset-border text-center cta-hover-img-zoom\">\n            <div class=\"cs-cta-wrap\">\t\t                <div class=\"cs-cta-img-wrap\">\n\t\t\t\t\t        <div class=\"cs-cta-img\">\n\t\t\t\t\t            <img loading=\"lazy\" decoding=\"async\" width=\"600\" height=\"450\" src=\"https:\/\/www.casasusa.nl\/wp-content\/uploads\/2026\/01\/Ooievaars-Silves-600x450.jpg\" class=\"attachment-cozystay_600x9999 size-cozystay_600x9999 wp-image-2941\" alt=\"Ooievaars silves\" srcset=\"https:\/\/www.casasusa.nl\/wp-content\/uploads\/2026\/01\/Ooievaars-Silves-600x450.jpg 600w, https:\/\/www.casasusa.nl\/wp-content\/uploads\/2026\/01\/Ooievaars-Silves-300x225.jpg 300w, https:\/\/www.casasusa.nl\/wp-content\/uploads\/2026\/01\/Ooievaars-Silves-1024x768.jpg 1024w, https:\/\/www.casasusa.nl\/wp-content\/uploads\/2026\/01\/Ooievaars-Silves-768x576.jpg 768w, https:\/\/www.casasusa.nl\/wp-content\/uploads\/2026\/01\/Ooievaars-Silves-780x585.jpg 780w, https:\/\/www.casasusa.nl\/wp-content\/uploads\/2026\/01\/Ooievaars-Silves-550x413.jpg 550w, https:\/\/www.casasusa.nl\/wp-content\/uploads\/2026\/01\/Ooievaars-Silves-370x278.jpg 370w, https:\/\/www.casasusa.nl\/wp-content\/uploads\/2026\/01\/Ooievaars-Silves-255x191.jpg 255w, https:\/\/www.casasusa.nl\/wp-content\/uploads\/2026\/01\/Ooievaars-Silves-150x113.jpg 150w, https:\/\/www.casasusa.nl\/wp-content\/uploads\/2026\/01\/Ooievaars-Silves.jpg 1080w\" sizes=\"(max-width: 600px) 100vw, 600px\" \/>\t\t\t\t\t        <\/div>\n\t\t\t\t\t        <div class=\"cs-offset-border\"><\/div>\n\t\t\t\t\t\t<\/div>                <div class=\"cs-cta-overlay\"><\/div>\n                <div class=\"cs-cta-content\">\t\t            <h6 class=\"cs-cta-title cs-title\">\n\t\t                St\u00f6rche\t\t            <\/h6>\t\t            <div class=\"cs-cta-text\">\n\t\t                <p>In Silves sind St\u00f6rche ein vertrauter und auff\u00e4lliger Anblick. Auf D\u00e4chern, Kircht\u00fcrmen und alten Stadtmauern bauen sie ihre gro\u00dfen Nester, die dem historischen Stadtbild zus\u00e4tzlichen Charakter verleihen. Die St\u00f6rche kehren jedes Jahr zur\u00fcck und werden als Symbol f\u00fcr Gl\u00fcck, Natur und Best\u00e4ndigkeit angesehen.   <\/p>\t\t            <\/div>\t\t\t<\/div>            <\/div>\n        <\/div>\t\t\t\t<\/div>\n\t\t\t\t<\/div>\n\t\t\t\t\t<\/div>\n\t\t<\/div>\n\t\t\t\t\t<\/div>\n\t\t<\/section>\n\t\t\t\t<\/div>\n\t\t","protected":false},"excerpt":{"rendered":"<p>Entdecken Sie Silves Mitten in der historischen Kleinstadt Silves, in Gehweite der ikonischen Burg, finden Sie Gesch\u00e4fte, Restaurants und Bars. Ein Ort, an dem Kultur, Genuss und Entspannung zusammenkommen. Bummeln Sie durch die Gesch\u00e4fte mit lokalen Produkten und einzigartigen Souvenirs, genie\u00dfen Sie k\u00f6stliche Gerichte, die von der portugiesischen K\u00fcche inspiriert sind, und lassen Sie den &#8230;<\/p>\n","protected":false},"author":1,"featured_media":0,"parent":0,"menu_order":0,"comment_status":"closed","ping_status":"closed","template":"elementor_header_footer","meta":{"cozystay_single_page_hide_site_header":"","cozystay_single_page_site_header_source":"","cozystay_single_page_custom_site_header":"0","cozystay_single_page_custom_sticky_site_header":"0","cozystay_single_page_hide_page_title":"","cozystay_single_page_header_section_size":"","cozystay_single_page_header_background_color":"","cozystay_single_page_header_background_position_x":"center","cozystay_single_page_header_background_position_y":"center","cozystay_single_page_header_background_size":"cover","cozystay_single_page_header_background_repeat":"off","cozystay_single_page_header_background_scroll":"on","cozystay_single_page_header_text_color":"","cozystay_single_page_header_show_breadcrumb":"","cozystay_single_page_site_footer_hide_main":"","cozystay_single_custom_site_footer_main_source":"","cozystay_single_custom_site_footer_main":"0","cozystay_single_page_site_footer_hide_above":"","cozystay_single_custom_site_footer_above_source":"","cozystay_single_custom_site_footer_above":"0","cozystay_single_page_site_footer_hide_instagram":"","cozystay_single_page_site_footer_hide_bottom":"","cozystay_single_custom_mobile_menu_source":"","cozystay_single_custom_mobile_menu":"0","cozystay_single_custom_mobile_menu_animation":"","cozystay_single_custom_mobile_menu_width":"","cozystay_single_custom_mobile_menu_custom_width":375,"footnotes":""},"class_list":["post-4132","page","type-page","status-publish","hentry"],"yoast_head":"<!-- This site is optimized with the Yoast SEO plugin v27.4 - https:\/\/yoast.com\/product\/yoast-seo-wordpress\/ -->\n<title>Umgebung von Silves - CasaSusa<\/title>\n<meta name=\"description\" content=\"In der Kleinstadt Silves, in Gehweite der Burg, finden Sie Gesch\u00e4fte, Restaurants und Bars. Ein Ort, an dem Kultur und Entspannung zusammenkommen.\" \/>\n<meta name=\"robots\" content=\"index, follow, max-snippet:-1, max-image-preview:large, max-video-preview:-1\" \/>\n<link rel=\"canonical\" href=\"https:\/\/www.casasusa.nl\/de\/umgebung-von-silves\/\" \/>\n<meta property=\"og:locale\" content=\"de_DE\" \/>\n<meta property=\"og:type\" content=\"article\" \/>\n<meta property=\"og:title\" content=\"Umgebung von Silves - CasaSusa\" \/>\n<meta property=\"og:description\" content=\"In der Kleinstadt Silves, in Gehweite der Burg, finden Sie Gesch\u00e4fte, Restaurants und Bars. Ein Ort, an dem Kultur und Entspannung zusammenkommen.\" \/>\n<meta property=\"og:url\" content=\"https:\/\/www.casasusa.nl\/de\/umgebung-von-silves\/\" \/>\n<meta property=\"og:site_name\" content=\"CasaSusa\" \/>\n<meta property=\"article:publisher\" content=\"https:\/\/www.facebook.com\/people\/Casa-Susa\/61575870086034\/\" \/>\n<meta property=\"article:modified_time\" content=\"2026-04-23T16:33:02+00:00\" \/>\n<meta property=\"og:image\" content=\"https:\/\/www.casasusa.nl\/wp-content\/uploads\/2026\/01\/Silves_centrum-1.jpg\" \/>\n\t<meta property=\"og:image:width\" content=\"800\" \/>\n\t<meta property=\"og:image:height\" content=\"600\" \/>\n\t<meta property=\"og:image:type\" content=\"image\/jpeg\" \/>\n<meta name=\"twitter:card\" content=\"summary_large_image\" \/>\n<meta name=\"twitter:label1\" content=\"Gesch\u00e4tzte Lesezeit\" \/>\n\t<meta name=\"twitter:data1\" content=\"1\u00a0Minute\" \/>\n<script type=\"application\/ld+json\" class=\"yoast-schema-graph\">{\"@context\":\"https:\\\/\\\/schema.org\",\"@graph\":[{\"@type\":\"WebPage\",\"@id\":\"https:\\\/\\\/www.casasusa.nl\\\/de\\\/umgebung-von-silves\\\/\",\"url\":\"https:\\\/\\\/www.casasusa.nl\\\/de\\\/umgebung-von-silves\\\/\",\"name\":\"Umgebung von Silves - CasaSusa\",\"isPartOf\":{\"@id\":\"https:\\\/\\\/www.casasusa.nl\\\/de\\\/#website\"},\"primaryImageOfPage\":{\"@id\":\"https:\\\/\\\/www.casasusa.nl\\\/de\\\/umgebung-von-silves\\\/#primaryimage\"},\"image\":{\"@id\":\"https:\\\/\\\/www.casasusa.nl\\\/de\\\/umgebung-von-silves\\\/#primaryimage\"},\"thumbnailUrl\":\"https:\\\/\\\/www.casasusa.nl\\\/wp-content\\\/uploads\\\/2026\\\/01\\\/Silves_centrum-1.jpg\",\"datePublished\":\"2026-01-19T16:59:06+00:00\",\"dateModified\":\"2026-04-23T16:33:02+00:00\",\"description\":\"In der Kleinstadt Silves, in Gehweite der Burg, finden Sie Gesch\u00e4fte, Restaurants und Bars. Ein Ort, an dem Kultur und Entspannung zusammenkommen.\",\"breadcrumb\":{\"@id\":\"https:\\\/\\\/www.casasusa.nl\\\/de\\\/umgebung-von-silves\\\/#breadcrumb\"},\"inLanguage\":\"de\",\"potentialAction\":[{\"@type\":\"ReadAction\",\"target\":[\"https:\\\/\\\/www.casasusa.nl\\\/de\\\/umgebung-von-silves\\\/\"]}]},{\"@type\":\"ImageObject\",\"inLanguage\":\"de\",\"@id\":\"https:\\\/\\\/www.casasusa.nl\\\/de\\\/umgebung-von-silves\\\/#primaryimage\",\"url\":\"https:\\\/\\\/www.casasusa.nl\\\/wp-content\\\/uploads\\\/2026\\\/01\\\/Silves_centrum-1.jpg\",\"contentUrl\":\"https:\\\/\\\/www.casasusa.nl\\\/wp-content\\\/uploads\\\/2026\\\/01\\\/Silves_centrum-1.jpg\"},{\"@type\":\"BreadcrumbList\",\"@id\":\"https:\\\/\\\/www.casasusa.nl\\\/de\\\/umgebung-von-silves\\\/#breadcrumb\",\"itemListElement\":[{\"@type\":\"ListItem\",\"position\":1,\"name\":\"Home\",\"item\":\"https:\\\/\\\/www.casasusa.nl\\\/de\\\/home\\\/\"},{\"@type\":\"ListItem\",\"position\":2,\"name\":\"Umgebung von Silves\"}]},{\"@type\":\"WebSite\",\"@id\":\"https:\\\/\\\/www.casasusa.nl\\\/de\\\/#website\",\"url\":\"https:\\\/\\\/www.casasusa.nl\\\/de\\\/\",\"name\":\"Welkom bij CasaSusa\",\"description\":\"Schitterende woning in het centrum van historisch Silves\",\"potentialAction\":[{\"@type\":\"SearchAction\",\"target\":{\"@type\":\"EntryPoint\",\"urlTemplate\":\"https:\\\/\\\/www.casasusa.nl\\\/de\\\/?s={search_term_string}\"},\"query-input\":{\"@type\":\"PropertyValueSpecification\",\"valueRequired\":true,\"valueName\":\"search_term_string\"}}],\"inLanguage\":\"de\"}]}<\/script>\n<!-- \/ Yoast SEO plugin. -->","yoast_head_json":{"title":"Umgebung von Silves - CasaSusa","description":"In der Kleinstadt Silves, in Gehweite der Burg, finden Sie Gesch\u00e4fte, Restaurants und Bars. Ein Ort, an dem Kultur und Entspannung zusammenkommen.","robots":{"index":"index","follow":"follow","max-snippet":"max-snippet:-1","max-image-preview":"max-image-preview:large","max-video-preview":"max-video-preview:-1"},"canonical":"https:\/\/www.casasusa.nl\/de\/umgebung-von-silves\/","og_locale":"de_DE","og_type":"article","og_title":"Umgebung von Silves - CasaSusa","og_description":"In der Kleinstadt Silves, in Gehweite der Burg, finden Sie Gesch\u00e4fte, Restaurants und Bars. Ein Ort, an dem Kultur und Entspannung zusammenkommen.","og_url":"https:\/\/www.casasusa.nl\/de\/umgebung-von-silves\/","og_site_name":"CasaSusa","article_publisher":"https:\/\/www.facebook.com\/people\/Casa-Susa\/61575870086034\/","article_modified_time":"2026-04-23T16:33:02+00:00","og_image":[{"width":800,"height":600,"url":"https:\/\/www.casasusa.nl\/wp-content\/uploads\/2026\/01\/Silves_centrum-1.jpg","type":"image\/jpeg"}],"twitter_card":"summary_large_image","twitter_misc":{"Gesch\u00e4tzte Lesezeit":"1\u00a0Minute"},"schema":{"@context":"https:\/\/schema.org","@graph":[{"@type":"WebPage","@id":"https:\/\/www.casasusa.nl\/de\/umgebung-von-silves\/","url":"https:\/\/www.casasusa.nl\/de\/umgebung-von-silves\/","name":"Umgebung von Silves - CasaSusa","isPartOf":{"@id":"https:\/\/www.casasusa.nl\/de\/#website"},"primaryImageOfPage":{"@id":"https:\/\/www.casasusa.nl\/de\/umgebung-von-silves\/#primaryimage"},"image":{"@id":"https:\/\/www.casasusa.nl\/de\/umgebung-von-silves\/#primaryimage"},"thumbnailUrl":"https:\/\/www.casasusa.nl\/wp-content\/uploads\/2026\/01\/Silves_centrum-1.jpg","datePublished":"2026-01-19T16:59:06+00:00","dateModified":"2026-04-23T16:33:02+00:00","description":"In der Kleinstadt Silves, in Gehweite der Burg, finden Sie Gesch\u00e4fte, Restaurants und Bars. Ein Ort, an dem Kultur und Entspannung zusammenkommen.","breadcrumb":{"@id":"https:\/\/www.casasusa.nl\/de\/umgebung-von-silves\/#breadcrumb"},"inLanguage":"de","potentialAction":[{"@type":"ReadAction","target":["https:\/\/www.casasusa.nl\/de\/umgebung-von-silves\/"]}]},{"@type":"ImageObject","inLanguage":"de","@id":"https:\/\/www.casasusa.nl\/de\/umgebung-von-silves\/#primaryimage","url":"https:\/\/www.casasusa.nl\/wp-content\/uploads\/2026\/01\/Silves_centrum-1.jpg","contentUrl":"https:\/\/www.casasusa.nl\/wp-content\/uploads\/2026\/01\/Silves_centrum-1.jpg"},{"@type":"BreadcrumbList","@id":"https:\/\/www.casasusa.nl\/de\/umgebung-von-silves\/#breadcrumb","itemListElement":[{"@type":"ListItem","position":1,"name":"Home","item":"https:\/\/www.casasusa.nl\/de\/home\/"},{"@type":"ListItem","position":2,"name":"Umgebung von Silves"}]},{"@type":"WebSite","@id":"https:\/\/www.casasusa.nl\/de\/#website","url":"https:\/\/www.casasusa.nl\/de\/","name":"Welkom bij CasaSusa","description":"Schitterende woning in het centrum van historisch Silves","potentialAction":[{"@type":"SearchAction","target":{"@type":"EntryPoint","urlTemplate":"https:\/\/www.casasusa.nl\/de\/?s={search_term_string}"},"query-input":{"@type":"PropertyValueSpecification","valueRequired":true,"valueName":"search_term_string"}}],"inLanguage":"de"}]}},"_links":{"self":[{"href":"https:\/\/www.casasusa.nl\/de\/wp-json\/wp\/v2\/pages\/4132","targetHints":{"allow":["GET"]}}],"collection":[{"href":"https:\/\/www.casasusa.nl\/de\/wp-json\/wp\/v2\/pages"}],"about":[{"href":"https:\/\/www.casasusa.nl\/de\/wp-json\/wp\/v2\/types\/page"}],"author":[{"embeddable":true,"href":"https:\/\/www.casasusa.nl\/de\/wp-json\/wp\/v2\/users\/1"}],"replies":[{"embeddable":true,"href":"https:\/\/www.casasusa.nl\/de\/wp-json\/wp\/v2\/comments?post=4132"}],"version-history":[{"count":1,"href":"https:\/\/www.casasusa.nl\/de\/wp-json\/wp\/v2\/pages\/4132\/revisions"}],"predecessor-version":[{"id":4138,"href":"https:\/\/www.casasusa.nl\/de\/wp-json\/wp\/v2\/pages\/4132\/revisions\/4138"}],"wp:attachment":[{"href":"https:\/\/www.casasusa.nl\/de\/wp-json\/wp\/v2\/media?parent=4132"}],"curies":[{"name":"wp","href":"https:\/\/api.w.org\/{rel}","templated":true}]}}