{"id":4068,"date":"2026-01-18T06:54:08","date_gmt":"2026-01-18T05:54:08","guid":{"rendered":"https:\/\/www.casasusa.nl\/maurische-burg-von-silves\/"},"modified":"2026-04-23T17:29:30","modified_gmt":"2026-04-23T16:29:30","slug":"maurische-burg-von-silves","status":"publish","type":"page","link":"https:\/\/www.casasusa.nl\/de\/maurische-burg-von-silves\/","title":{"rendered":"Maurische Burg von Silves"},"content":{"rendered":"\t\t<div data-elementor-type=\"wp-page\" data-elementor-id=\"4068\" class=\"elementor elementor-4068 elementor-69\">\n\t\t\t\t\t\t<section class=\"elementor-section elementor-top-section elementor-element elementor-element-2b1b5e9c elementor-section-full_width elementor-section-height-default elementor-section-height-default\" data-id=\"2b1b5e9c\" data-element_type=\"section\" data-e-type=\"section\" data-settings=\"{&quot;background_background&quot;:&quot;classic&quot;}\">\n\t\t\t\t\t\t<div class=\"elementor-container elementor-column-gap-no\">\n\t\t\t\t\t<div class=\"elementor-column elementor-col-50 elementor-top-column elementor-element elementor-element-20a302cb\" data-id=\"20a302cb\" data-element_type=\"column\" data-e-type=\"column\" data-settings=\"{&quot;background_background&quot;:&quot;slideshow&quot;,&quot;background_slideshow_gallery&quot;:[{&quot;id&quot;:2750,&quot;url&quot;:&quot;https:\\\/\\\/www.casasusa.nl\\\/wp-content\\\/uploads\\\/2026\\\/01\\\/Kasteel-4-1.jpg&quot;},{&quot;id&quot;:2751,&quot;url&quot;:&quot;https:\\\/\\\/www.casasusa.nl\\\/wp-content\\\/uploads\\\/2026\\\/01\\\/Kasteel-3.jpg&quot;},{&quot;id&quot;:2527,&quot;url&quot;:&quot;https:\\\/\\\/www.casasusa.nl\\\/wp-content\\\/uploads\\\/2026\\\/01\\\/Kasteel-2.jpg&quot;}],&quot;background_slideshow_ken_burns&quot;:&quot;yes&quot;,&quot;background_slideshow_loop&quot;:&quot;yes&quot;,&quot;background_slideshow_slide_duration&quot;:5000,&quot;background_slideshow_slide_transition&quot;:&quot;fade&quot;,&quot;background_slideshow_transition_duration&quot;:500,&quot;background_slideshow_ken_burns_zoom_direction&quot;:&quot;in&quot;}\">\n\t\t\t<div class=\"elementor-widget-wrap elementor-element-populated\">\n\t\t\t\t\t\t<div class=\"elementor-element elementor-element-6130f4d5 elementor-widget elementor-widget-spacer\" data-id=\"6130f4d5\" data-element_type=\"widget\" data-e-type=\"widget\" data-widget_type=\"spacer.default\">\n\t\t\t\t<div class=\"elementor-widget-container\">\n\t\t\t\t\t\t\t<div class=\"elementor-spacer\">\n\t\t\t<div class=\"elementor-spacer-inner\"><\/div>\n\t\t<\/div>\n\t\t\t\t\t\t<\/div>\n\t\t\t\t<\/div>\n\t\t\t\t\t<\/div>\n\t\t<\/div>\n\t\t\t\t<div class=\"elementor-column elementor-col-50 elementor-top-column elementor-element elementor-element-1f8e550a dark-color\" data-id=\"1f8e550a\" data-element_type=\"column\" data-e-type=\"column\">\n\t\t\t<div class=\"elementor-widget-wrap elementor-element-populated\">\n\t\t\t\t\t\t<div class=\"elementor-element elementor-element-244c4143 elementor-widget elementor-widget-cs_title\" data-id=\"244c4143\" data-element_type=\"widget\" data-e-type=\"widget\" data-widget_type=\"cs_title.default\">\n\t\t\t\t<div class=\"elementor-widget-container\">\n\t\t\t\t\t\n        <div class=\"cs-title-wrap\">\t            <div class=\"cs-subtitle-wrap\"><span class=\"cs-subtitle color-white\">Castelo dos Mouros<\/span><\/div>\t            <h4 class=\"cs-title\">\n\t                Maurische Burg in Silves\t            <\/h4>\t            <div class=\"cs-title-text\">\n\t                <h5 data-start=\"118\" data-end=\"174\">Die maurische Burg von Silves \u2013 eine Reise durch die Zeit<\/h5><p data-start=\"176\" data-end=\"472\">Hoch \u00fcber der charmanten Stadt Silves thront die beeindruckende maurische Burg, eine der sch\u00f6nsten und am besten erhaltenen Burgen der Algarve. Mit ihren r\u00f6tlichen Mauern, markanten T\u00fcrmen und atemberaubenden Ausblicken ist dieses historische Denkmal ein absolutes Muss bei Ihrem Besuch in S\u00fcdportugal.<\/p><p data-start=\"474\" data-end=\"824\">Die Burg wurde von den Mauren zwischen dem 8. und 13. Jahrhundert erbaut, in einer Zeit, in der Silves \u2013 damals <em data-start=\"572\" data-end=\"578\">Xelb<\/em> genannt \u2013 eine bl\u00fchende und wohlhabende Stadt war. Dank der strategischen Lage bot die Festung Schutz vor Angriffen und Kontrolle \u00fcber die Umgebung. Die robusten Mauern aus rotem Sandstein verleihen der Burg ihr einzigartiges und unverkennbares Aussehen.<\/p><p data-start=\"826\" data-end=\"1180\">Heutzutage k\u00f6nnen Sie frei auf den Festungsmauern umherwandern, die T\u00fcrme erklimmen und ein wundersch\u00f6nes Panorama \u00fcber die Stadt, den Fluss Arade und das gr\u00fcne Hinterland der Algarve genie\u00dfen. Innerhalb der Mauern entdecken Sie alte Wasserreservoirs, arch\u00e4ologische \u00dcberreste und ruhige Innenh\u00f6fe, die ein lebendiges Bild des Lebens in maurischer Zeit vermitteln.<\/p><p data-start=\"1182\" data-end=\"1436\">Die maurische Burg von Silves vereint Geschichte, Kultur und eine herrliche Aussicht in einem Besuch. Ob Sie sich f\u00fcr Kultur oder Fotografie interessieren oder einfach nur einen besonderen Ort entdecken m\u00f6chten: Diese Burg darf auf Ihrer Reiseroute durch die Algarve nicht fehlen.<\/p>\t            <\/div>        <\/div>\t\t\t\t<\/div>\n\t\t\t\t<\/div>\n\t\t\t\t\t<\/div>\n\t\t<\/div>\n\t\t\t\t\t<\/div>\n\t\t<\/section>\n\t\t\t\t<\/div>\n\t\t","protected":false},"excerpt":{"rendered":"<p>Castelo dos Mouros Maurische Burg in Silves Die maurische Burg von Silves \u2013 eine Reise durch die Zeit Hoch \u00fcber der charmanten Stadt Silves thront die beeindruckende maurische Burg, eine der sch\u00f6nsten und am besten erhaltenen Burgen der Algarve. Mit ihren r\u00f6tlichen Mauern, markanten T\u00fcrmen und atemberaubenden Ausblicken ist dieses historische Denkmal ein absolutes Muss &#8230;<\/p>\n","protected":false},"author":1,"featured_media":0,"parent":0,"menu_order":0,"comment_status":"closed","ping_status":"closed","template":"template-wide-content.php","meta":{"cozystay_single_page_hide_site_header":"","cozystay_single_page_site_header_source":"","cozystay_single_page_custom_site_header":"0","cozystay_single_page_custom_sticky_site_header":"0","cozystay_single_page_hide_page_title":"","cozystay_single_page_header_section_size":"","cozystay_single_page_header_background_color":"","cozystay_single_page_header_background_position_x":"center","cozystay_single_page_header_background_position_y":"center","cozystay_single_page_header_background_size":"cover","cozystay_single_page_header_background_repeat":"off","cozystay_single_page_header_background_scroll":"on","cozystay_single_page_header_text_color":"","cozystay_single_page_header_show_breadcrumb":"","cozystay_single_page_site_footer_hide_main":"","cozystay_single_custom_site_footer_main_source":"","cozystay_single_custom_site_footer_main":"0","cozystay_single_page_site_footer_hide_above":"","cozystay_single_custom_site_footer_above_source":"","cozystay_single_custom_site_footer_above":"0","cozystay_single_page_site_footer_hide_instagram":"","cozystay_single_page_site_footer_hide_bottom":"","cozystay_single_custom_mobile_menu_source":"","cozystay_single_custom_mobile_menu":"0","cozystay_single_custom_mobile_menu_animation":"","cozystay_single_custom_mobile_menu_width":"","cozystay_single_custom_mobile_menu_custom_width":375,"footnotes":""},"class_list":["post-4068","page","type-page","status-publish","hentry"],"yoast_head":"<!-- This site is optimized with the Yoast SEO plugin v27.4 - https:\/\/yoast.com\/product\/yoast-seo-wordpress\/ -->\n<title>Maurische Burg von Silves - CasaSusa<\/title>\n<meta name=\"description\" content=\"Charmantes mittelalterliches St\u00e4dtchen Silves mit traditionellen H\u00e4usern und authentischer Atmosph\u00e4re. Die beeindruckende rote Burg von Silves ist ein absolutes Muss\" \/>\n<meta name=\"robots\" content=\"index, follow, max-snippet:-1, max-image-preview:large, max-video-preview:-1\" \/>\n<link rel=\"canonical\" href=\"https:\/\/www.casasusa.nl\/de\/maurische-burg-von-silves\/\" \/>\n<meta property=\"og:locale\" content=\"de_DE\" \/>\n<meta property=\"og:type\" content=\"article\" \/>\n<meta property=\"og:title\" content=\"Maurische Burg von Silves - CasaSusa\" \/>\n<meta property=\"og:description\" content=\"Charmantes mittelalterliches St\u00e4dtchen Silves mit traditionellen H\u00e4usern und authentischer Atmosph\u00e4re. Die beeindruckende rote Burg von Silves ist ein absolutes Muss\" \/>\n<meta property=\"og:url\" content=\"https:\/\/www.casasusa.nl\/de\/maurische-burg-von-silves\/\" \/>\n<meta property=\"og:site_name\" content=\"CasaSusa\" \/>\n<meta property=\"article:publisher\" content=\"https:\/\/www.facebook.com\/people\/Casa-Susa\/61575870086034\/\" \/>\n<meta property=\"article:modified_time\" content=\"2026-04-23T16:29:30+00:00\" \/>\n<meta name=\"twitter:card\" content=\"summary_large_image\" \/>\n<meta name=\"twitter:label1\" content=\"Gesch\u00e4tzte Lesezeit\" \/>\n\t<meta name=\"twitter:data1\" content=\"1\u00a0Minute\" \/>\n<script type=\"application\/ld+json\" class=\"yoast-schema-graph\">{\"@context\":\"https:\\\/\\\/schema.org\",\"@graph\":[{\"@type\":\"WebPage\",\"@id\":\"https:\\\/\\\/www.casasusa.nl\\\/de\\\/maurische-burg-von-silves\\\/\",\"url\":\"https:\\\/\\\/www.casasusa.nl\\\/de\\\/maurische-burg-von-silves\\\/\",\"name\":\"Maurische Burg von Silves - CasaSusa\",\"isPartOf\":{\"@id\":\"https:\\\/\\\/www.casasusa.nl\\\/de\\\/#website\"},\"datePublished\":\"2026-01-18T05:54:08+00:00\",\"dateModified\":\"2026-04-23T16:29:30+00:00\",\"description\":\"Charmantes mittelalterliches St\u00e4dtchen Silves mit traditionellen H\u00e4usern und authentischer Atmosph\u00e4re. Die beeindruckende rote Burg von Silves ist ein absolutes Muss\",\"breadcrumb\":{\"@id\":\"https:\\\/\\\/www.casasusa.nl\\\/de\\\/maurische-burg-von-silves\\\/#breadcrumb\"},\"inLanguage\":\"de\",\"potentialAction\":[{\"@type\":\"ReadAction\",\"target\":[\"https:\\\/\\\/www.casasusa.nl\\\/de\\\/maurische-burg-von-silves\\\/\"]}]},{\"@type\":\"BreadcrumbList\",\"@id\":\"https:\\\/\\\/www.casasusa.nl\\\/de\\\/maurische-burg-von-silves\\\/#breadcrumb\",\"itemListElement\":[{\"@type\":\"ListItem\",\"position\":1,\"name\":\"Home\",\"item\":\"https:\\\/\\\/www.casasusa.nl\\\/de\\\/home\\\/\"},{\"@type\":\"ListItem\",\"position\":2,\"name\":\"Maurische Burg von Silves\"}]},{\"@type\":\"WebSite\",\"@id\":\"https:\\\/\\\/www.casasusa.nl\\\/de\\\/#website\",\"url\":\"https:\\\/\\\/www.casasusa.nl\\\/de\\\/\",\"name\":\"Welkom bij CasaSusa\",\"description\":\"Schitterende woning in het centrum van historisch Silves\",\"potentialAction\":[{\"@type\":\"SearchAction\",\"target\":{\"@type\":\"EntryPoint\",\"urlTemplate\":\"https:\\\/\\\/www.casasusa.nl\\\/de\\\/?s={search_term_string}\"},\"query-input\":{\"@type\":\"PropertyValueSpecification\",\"valueRequired\":true,\"valueName\":\"search_term_string\"}}],\"inLanguage\":\"de\"}]}<\/script>\n<!-- \/ Yoast SEO plugin. -->","yoast_head_json":{"title":"Maurische Burg von Silves - CasaSusa","description":"Charmantes mittelalterliches St\u00e4dtchen Silves mit traditionellen H\u00e4usern und authentischer Atmosph\u00e4re. Die beeindruckende rote Burg von Silves ist ein absolutes Muss","robots":{"index":"index","follow":"follow","max-snippet":"max-snippet:-1","max-image-preview":"max-image-preview:large","max-video-preview":"max-video-preview:-1"},"canonical":"https:\/\/www.casasusa.nl\/de\/maurische-burg-von-silves\/","og_locale":"de_DE","og_type":"article","og_title":"Maurische Burg von Silves - CasaSusa","og_description":"Charmantes mittelalterliches St\u00e4dtchen Silves mit traditionellen H\u00e4usern und authentischer Atmosph\u00e4re. Die beeindruckende rote Burg von Silves ist ein absolutes Muss","og_url":"https:\/\/www.casasusa.nl\/de\/maurische-burg-von-silves\/","og_site_name":"CasaSusa","article_publisher":"https:\/\/www.facebook.com\/people\/Casa-Susa\/61575870086034\/","article_modified_time":"2026-04-23T16:29:30+00:00","twitter_card":"summary_large_image","twitter_misc":{"Gesch\u00e4tzte Lesezeit":"1\u00a0Minute"},"schema":{"@context":"https:\/\/schema.org","@graph":[{"@type":"WebPage","@id":"https:\/\/www.casasusa.nl\/de\/maurische-burg-von-silves\/","url":"https:\/\/www.casasusa.nl\/de\/maurische-burg-von-silves\/","name":"Maurische Burg von Silves - CasaSusa","isPartOf":{"@id":"https:\/\/www.casasusa.nl\/de\/#website"},"datePublished":"2026-01-18T05:54:08+00:00","dateModified":"2026-04-23T16:29:30+00:00","description":"Charmantes mittelalterliches St\u00e4dtchen Silves mit traditionellen H\u00e4usern und authentischer Atmosph\u00e4re. Die beeindruckende rote Burg von Silves ist ein absolutes Muss","breadcrumb":{"@id":"https:\/\/www.casasusa.nl\/de\/maurische-burg-von-silves\/#breadcrumb"},"inLanguage":"de","potentialAction":[{"@type":"ReadAction","target":["https:\/\/www.casasusa.nl\/de\/maurische-burg-von-silves\/"]}]},{"@type":"BreadcrumbList","@id":"https:\/\/www.casasusa.nl\/de\/maurische-burg-von-silves\/#breadcrumb","itemListElement":[{"@type":"ListItem","position":1,"name":"Home","item":"https:\/\/www.casasusa.nl\/de\/home\/"},{"@type":"ListItem","position":2,"name":"Maurische Burg von Silves"}]},{"@type":"WebSite","@id":"https:\/\/www.casasusa.nl\/de\/#website","url":"https:\/\/www.casasusa.nl\/de\/","name":"Welkom bij CasaSusa","description":"Schitterende woning in het centrum van historisch Silves","potentialAction":[{"@type":"SearchAction","target":{"@type":"EntryPoint","urlTemplate":"https:\/\/www.casasusa.nl\/de\/?s={search_term_string}"},"query-input":{"@type":"PropertyValueSpecification","valueRequired":true,"valueName":"search_term_string"}}],"inLanguage":"de"}]}},"_links":{"self":[{"href":"https:\/\/www.casasusa.nl\/de\/wp-json\/wp\/v2\/pages\/4068","targetHints":{"allow":["GET"]}}],"collection":[{"href":"https:\/\/www.casasusa.nl\/de\/wp-json\/wp\/v2\/pages"}],"about":[{"href":"https:\/\/www.casasusa.nl\/de\/wp-json\/wp\/v2\/types\/page"}],"author":[{"embeddable":true,"href":"https:\/\/www.casasusa.nl\/de\/wp-json\/wp\/v2\/users\/1"}],"replies":[{"embeddable":true,"href":"https:\/\/www.casasusa.nl\/de\/wp-json\/wp\/v2\/comments?post=4068"}],"version-history":[{"count":1,"href":"https:\/\/www.casasusa.nl\/de\/wp-json\/wp\/v2\/pages\/4068\/revisions"}],"predecessor-version":[{"id":4085,"href":"https:\/\/www.casasusa.nl\/de\/wp-json\/wp\/v2\/pages\/4068\/revisions\/4085"}],"wp:attachment":[{"href":"https:\/\/www.casasusa.nl\/de\/wp-json\/wp\/v2\/media?parent=4068"}],"curies":[{"name":"wp","href":"https:\/\/api.w.org\/{rel}","templated":true}]}}